{"id":233,"date":"2018-02-18T15:27:44","date_gmt":"2018-02-18T14:27:44","guid":{"rendered":"http:\/\/sithok.splet.arnes.si\/?page_id=233"},"modified":"2023-11-06T19:44:56","modified_gmt":"2023-11-06T18:44:56","slug":"dejavnosti","status":"publish","type":"page","link":"https:\/\/web.fs.uni-lj.si\/sithok\/dejavnosti\/","title":{"rendered":"Dejavnosti"},"content":{"rendered":"<p>[et_pb_section fb_built=&#8221;1&#8243; _builder_version=&#8221;4.23&#8243; _module_preset=&#8221;default&#8221; global_colors_info=&#8221;{}&#8221;][et_pb_row _builder_version=&#8221;4.23&#8243; _module_preset=&#8221;default&#8221; global_colors_info=&#8221;{}&#8221;][et_pb_column type=&#8221;4_4&#8243; _builder_version=&#8221;4.23&#8243; _module_preset=&#8221;default&#8221; global_colors_info=&#8221;{}&#8221;][et_pb_text _builder_version=&#8221;4.23&#8243; _module_preset=&#8221;default&#8221; hover_enabled=&#8221;0&#8243; global_colors_info=&#8221;{}&#8221; sticky_enabled=&#8221;0&#8243;]<\/p>\n<p>Slovensko dru\u0161tvo in\u017eenirjev za tehnologije hlajenja, ogrevanja in klimatizacije, skraj\u0161ano dru\u0161tvo SITHOK, (v nadaljnem besedilu dru\u0161tvo), je dru\u0161tvena organizacija, v katero se prostovoljno zdru\u017eujejo strokovnjaki, ki delujejo na podro\u010dju hlajenja, ogrevanja, klimatizacije in smotrne rabe energije.<\/p>\n<p>&nbsp;<\/p>\n<p>Dru\u0161tvo je ustanovljeno z izklju\u010dnim namenom sodelovanja pri razvijanju znanosti na podro\u010dju tehnologij hlajenja, ogrevanja, klimatizacije, prezra\u010devanja, racionalne rabe energije in njim sorodnih znanosti. Pri tem naj bi dru\u0161tvo tudi prou\u010devalo vpliv, ki ga imajo te tehnologije na \u010dlovekovo okolje in prirodna bogastva in na ta na\u010din varovalo blagostanje potomstva.<\/p>\n<p>&nbsp;<\/p>\n<p>Da bi dru\u0161tvo SITHOK doseglo svoje cilje in namene:<\/p>\n<p>\u00b7organizira kongrese in seminarje za \u010dlane, ter okrogle mize za \u0161ir\u0161o javnost,<\/p>\n<p>\u00b7skrbi za informiranje \u010dlanov in znanstveno in tehni\u010dno povezovanje s sorodnimi zdru\u017eenji doma in po svetu,<\/p>\n<p>\u00b7sodeluje pri izdelavi predpisov s podro\u010dja hlajenja, ogrevanja, klimatizacije in racionalne rabe energije,<\/p>\n<p>\u00b7predstavlja dejavnost dru\u0161tva v mednarodnih dru\u0161tvih s sorodno tematiko,<\/p>\n<p>\u00b7zalaga in izdaja dru\u0161tvene publikacije s podro\u010dja svoje dejavnosti v skladu z veljavnimi predpisi.<\/p>\n<p>&nbsp;<\/p>\n<p>&nbsp;<\/p>\n<p>[\/et_pb_text][\/et_pb_column][\/et_pb_row][\/et_pb_section][et_pb_section fb_built=&#8221;1&#8243; _builder_version=&#8221;4.23&#8243; _module_preset=&#8221;default&#8221; global_colors_info=&#8221;{}&#8221;][\/et_pb_section]<\/p>\n","protected":false},"excerpt":{"rendered":"<p>Slovensko dru\u0161tvo in\u017eenirjev za tehnologije hlajenja, ogrevanja in klimatizacije, skraj\u0161ano dru\u0161tvo SITHOK, (v nadaljnem besedilu dru\u0161tvo), je dru\u0161tvena organizacija, v katero se prostovoljno zdru\u017eujejo strokovnjaki, ki delujejo na podro\u010dju hlajenja, ogrevanja, klimatizacije in smotrne rabe energije. &nbsp; Dru\u0161tvo je ustanovljeno z izklju\u010dnim namenom sodelovanja pri razvijanju znanosti na podro\u010dju tehnologij hlajenja, ogrevanja, klimatizacije, prezra\u010devanja, racionalne [&hellip;]<\/p>\n","protected":false},"author":1,"featured_media":0,"parent":0,"menu_order":0,"comment_status":"closed","ping_status":"closed","template":"","meta":{"_et_pb_use_builder":"on","_et_pb_old_content":"","_et_gb_content_width":"","footnotes":""},"class_list":["post-233","page","type-page","status-publish","hentry"],"_links":{"self":[{"href":"https:\/\/web.fs.uni-lj.si\/sithok\/wp-json\/wp\/v2\/pages\/233","targetHints":{"allow":["GET"]}}],"collection":[{"href":"https:\/\/web.fs.uni-lj.si\/sithok\/wp-json\/wp\/v2\/pages"}],"about":[{"href":"https:\/\/web.fs.uni-lj.si\/sithok\/wp-json\/wp\/v2\/types\/page"}],"author":[{"embeddable":true,"href":"https:\/\/web.fs.uni-lj.si\/sithok\/wp-json\/wp\/v2\/users\/1"}],"replies":[{"embeddable":true,"href":"https:\/\/web.fs.uni-lj.si\/sithok\/wp-json\/wp\/v2\/comments?post=233"}],"version-history":[{"count":5,"href":"https:\/\/web.fs.uni-lj.si\/sithok\/wp-json\/wp\/v2\/pages\/233\/revisions"}],"predecessor-version":[{"id":530,"href":"https:\/\/web.fs.uni-lj.si\/sithok\/wp-json\/wp\/v2\/pages\/233\/revisions\/530"}],"wp:attachment":[{"href":"https:\/\/web.fs.uni-lj.si\/sithok\/wp-json\/wp\/v2\/media?parent=233"}],"curies":[{"name":"wp","href":"https:\/\/api.w.org\/{rel}","templated":true}]}}