{"id":791,"date":"2019-01-15T14:00:12","date_gmt":"2019-01-15T13:00:12","guid":{"rendered":"https:\/\/web.fs.uni-lj.si\/LOSK\/?page_id=791"},"modified":"2019-01-16T09:39:31","modified_gmt":"2019-01-16T08:39:31","slug":"cenik-in-prijava","status":"publish","type":"page","link":"https:\/\/web.fs.uni-lj.si\/losk\/cenik-in-prijava\/","title":{"rendered":"Cenik in Prijava"},"content":{"rendered":"\n<p class=\"has-large-font-size\"><strong><em>Cena izpita<\/em><\/strong><\/p>\n\n\n\n<p class=\"has-normal-font-size\"><strong>Za\nuspe\u0161no prijavo<\/strong> na preskus znanja se \u0161teje, \u010de prijavitelj <strong>najkasneje 10 dni <\/strong>pred\nposameznim terminom preskusa znanja pla\u010da in UL FS prejme pla\u010dilo stro\u0161kov\npreskusa znanja na transakcijski ra\u010dun UL FS, z oznako \u00bbPreskus znanja KS\n\u0161tevilka \u2026.\u00ab navedeno na ra\u010dunu. Ra\u010dun bo poslan kandidatu na njegov naslov v\nroku 5 dni po prejemu pla\u010dila.<\/p>\n\n\n\n<p class=\"has-normal-font-size\">Cena izpita zna\u0161a 320,00 \u20ac + 22 % DDV = 390,40 \u20ac<\/p>\n\n\n\n<p class=\"has-large-font-size\"><strong><em>Cena usposabljanja<\/em><\/strong><\/p>\n\n\n\n<p class=\"has-normal-font-size\"><strong>Za uspe\u0161no prijavo<\/strong>\nna usposabljanje se \u0161teje, \u010de prijavitelj usposabljanja <strong>najkasneje 15 dni <\/strong>pred\nposameznim terminom usposabljanja pla\u010da in UL FS prejme pla\u010dilo stro\u0161kov\nusposabljanja na transakcijski ra\u010dun UL FS, z oznako \u00bbUsposabljanje KS \u0161tevilka\n\u2026.\u00ab navedeno na ra\u010dunu. Transakcijski ra\u010dun UL FS je podan v Prijavnem obrazci (<em>priloga P1<\/em>) in bo naveden\nna poslanem ra\u010dunu prijavitelju usposabljanja. V kolikor pla\u010dilo ne bo\nizvedeno, bo prijava neveljavna in rezervacija brisana iz evidence.<\/p>\n\n\n\n<p class=\"has-normal-font-size\">Cena usposabljanja zna\u0161a 570,00 \u20ac + 22 % DDV = 695,40\n\u20ac<\/p>\n\n\n\n<p class=\"has-large-font-size\"><strong><em>Prijava na usposabljanje:<\/em><\/strong><\/p>\n\n\n\n<p><strong><code>[pirate_forms]<\/code><\/strong><\/p>\n","protected":false},"excerpt":{"rendered":"<p>Cena izpita Za uspe\u0161no prijavo na preskus znanja se \u0161teje, \u010de prijavitelj najkasneje 10 dni pred posameznim terminom preskusa znanja pla\u010da in UL FS prejme pla\u010dilo stro\u0161kov preskusa znanja na transakcijski ra\u010dun UL FS, z oznako \u00bbPreskus znanja KS \u0161tevilka \u2026.\u00ab navedeno na ra\u010dunu. Ra\u010dun bo poslan kandidatu na njegov naslov v roku 5 dni po prejemu pla\u010dila. Cena izpita<\/p>\n<p><a class=\"more-link\" href=\"https:\/\/web.fs.uni-lj.si\/losk\/cenik-in-prijava\/\">Read More<\/a><\/p>\n","protected":false},"author":1,"featured_media":0,"parent":0,"menu_order":0,"comment_status":"closed","ping_status":"closed","template":"","meta":{"footnotes":""},"class_list":["post-791","page","type-page","status-publish","hentry"],"_links":{"self":[{"href":"https:\/\/web.fs.uni-lj.si\/losk\/wp-json\/wp\/v2\/pages\/791","targetHints":{"allow":["GET"]}}],"collection":[{"href":"https:\/\/web.fs.uni-lj.si\/losk\/wp-json\/wp\/v2\/pages"}],"about":[{"href":"https:\/\/web.fs.uni-lj.si\/losk\/wp-json\/wp\/v2\/types\/page"}],"author":[{"embeddable":true,"href":"https:\/\/web.fs.uni-lj.si\/losk\/wp-json\/wp\/v2\/users\/1"}],"replies":[{"embeddable":true,"href":"https:\/\/web.fs.uni-lj.si\/losk\/wp-json\/wp\/v2\/comments?post=791"}],"version-history":[{"count":5,"href":"https:\/\/web.fs.uni-lj.si\/losk\/wp-json\/wp\/v2\/pages\/791\/revisions"}],"predecessor-version":[{"id":839,"href":"https:\/\/web.fs.uni-lj.si\/losk\/wp-json\/wp\/v2\/pages\/791\/revisions\/839"}],"wp:attachment":[{"href":"https:\/\/web.fs.uni-lj.si\/losk\/wp-json\/wp\/v2\/media?parent=791"}],"curies":[{"name":"wp","href":"https:\/\/api.w.org\/{rel}","templated":true}]}}