{"id":788,"date":"2019-01-15T14:00:11","date_gmt":"2019-01-15T13:00:11","guid":{"rendered":"https:\/\/web.fs.uni-lj.si\/LOSK\/?page_id=788"},"modified":"2019-01-16T09:15:38","modified_gmt":"2019-01-16T08:15:38","slug":"izvajalec-in-lokacija","status":"publish","type":"page","link":"https:\/\/web.fs.uni-lj.si\/losk\/izvajalec-in-lokacija\/","title":{"rendered":"Izvajalec in lokacija"},"content":{"rendered":"\n<h4><p align=\"center\">Naziv:<br> <strong>Univerza v Ljubljani,<\/strong><br><strong> Fakulteta za strojni\u0161tvo<\/strong><br><strong> Laboratorij za ogrevalno, sanitarno in solarno tehniko ter klimatizacijo (LOSK)<\/strong><br><strong> A\u0161ker\u010deva cesta 6, 1000 Ljubljana<\/strong><\/p><\/h4>\n\n\n\n<h5><p align=\"center\">Telefon: (01) 4771 200\/421<br> Dav\u010dna \u0161tevilka: SI 28118081<br> Mati\u010dna \u0161tevilka: 1627031000<\/p><\/h5>\n\n\n\n<figure><p align=\"center\"><iframe src=\"https:\/\/www.google.com\/maps\/embed?pb=!1m18!1m12!1m3!1d2769.189791009659!2d14.496801615902543!3d46.04731250236492!2m3!1f0!2f0!3f0!3m2!1i1024!2i768!4f13.1!3m3!1m2!1s0x47652d6656048931%3A0x516209616d5c4ec9!2sA%C5%A1ker%C4%8Deva+cesta+6%2C+1000+Ljubljana!5e0!3m2!1ssl!2ssi!4v1518536595869\" allowfullscreen=\"allowfullscreen\" width=\"600\" height=\"350\"><\/iframe><\/p><\/figure>\n\n\n\n<p> <\/p>\n","protected":false},"excerpt":{"rendered":"<p>Naziv: Univerza v Ljubljani, Fakulteta za strojni\u0161tvo Laboratorij za ogrevalno, sanitarno in solarno tehniko ter klimatizacijo (LOSK) A\u0161ker\u010deva cesta 6, 1000 Ljubljana Telefon: (01) 4771 200\/421 Dav\u010dna \u0161tevilka: SI 28118081 Mati\u010dna \u0161tevilka: 1627031000<\/p>\n","protected":false},"author":1,"featured_media":0,"parent":0,"menu_order":0,"comment_status":"closed","ping_status":"closed","template":"","meta":{"footnotes":""},"class_list":["post-788","page","type-page","status-publish","hentry"],"_links":{"self":[{"href":"https:\/\/web.fs.uni-lj.si\/losk\/wp-json\/wp\/v2\/pages\/788","targetHints":{"allow":["GET"]}}],"collection":[{"href":"https:\/\/web.fs.uni-lj.si\/losk\/wp-json\/wp\/v2\/pages"}],"about":[{"href":"https:\/\/web.fs.uni-lj.si\/losk\/wp-json\/wp\/v2\/types\/page"}],"author":[{"embeddable":true,"href":"https:\/\/web.fs.uni-lj.si\/losk\/wp-json\/wp\/v2\/users\/1"}],"replies":[{"embeddable":true,"href":"https:\/\/web.fs.uni-lj.si\/losk\/wp-json\/wp\/v2\/comments?post=788"}],"version-history":[{"count":3,"href":"https:\/\/web.fs.uni-lj.si\/losk\/wp-json\/wp\/v2\/pages\/788\/revisions"}],"predecessor-version":[{"id":828,"href":"https:\/\/web.fs.uni-lj.si\/losk\/wp-json\/wp\/v2\/pages\/788\/revisions\/828"}],"wp:attachment":[{"href":"https:\/\/web.fs.uni-lj.si\/losk\/wp-json\/wp\/v2\/media?parent=788"}],"curies":[{"name":"wp","href":"https:\/\/api.w.org\/{rel}","templated":true}]}}