{"id":784,"date":"2019-01-15T13:57:02","date_gmt":"2019-01-15T12:57:02","guid":{"rendered":"https:\/\/web.fs.uni-lj.si\/LOSK\/?page_id=784"},"modified":"2019-01-15T14:33:43","modified_gmt":"2019-01-15T13:33:43","slug":"pogosta-vprasanja","status":"publish","type":"page","link":"https:\/\/web.fs.uni-lj.si\/losk\/pregledi-ks\/pogosta-vprasanja\/","title":{"rendered":"Pogosta vpra\u0161anja"},"content":{"rendered":"\n<p class=\"has-normal-font-size\"><strong><em>Kaj je klimatski sistem?<\/em><\/strong><\/p>\n\n\n\n<p style=\"font-size:14px\">Klimatski sistem je kombinacija elementov, ki\nzagotavljajo obdelavo zraka, pri kateri je temperatura zraka regulirana in se\njo lahko zni\u017ea, lahko tudi v kombinaciji z regulacijo prezra\u010devanja, vla\u017enosti\nin \u010distosti zraka. Klimatski sistem vklju\u010duje tudi hladilni sistem, ki je\nkombinacija elementov, ki zagotavljajo odvod toplote iz stavbe.<\/p>\n\n\n\n<p class=\"has-normal-font-size\"><strong><em>Kaj je nazivna izhodna mo\u010d?<\/em><\/strong><\/p>\n\n\n\n<p style=\"font-size:14px\">To je najve\u010dja toplotna mo\u010d, katero proizvajalec\nnavede in zagotavlja, da jo je mogo\u010de dosegati ob podani u\u010dinkovitosti pri\nneprekinjenem delovanju.<\/p>\n\n\n\n<p class=\"has-normal-font-size\"><strong><em>Kdo mora zagotoviti redni pregled klimatskega sistema?<\/em><\/strong><\/p>\n\n\n\n<p style=\"font-size:14px\">Zavezanec je lastnik stavbe ali dela stavbe, v kateri\nje vgrajen klimatski sistem z nazivno izhodno mo\u010djo nad 12 kW.<\/p>\n\n\n\n<p class=\"has-normal-font-size\"><strong><em>Kaj so obveznosti zavezanca?<\/em><\/strong><\/p>\n\n\n\n<p style=\"font-size:14px\">Zavezanec mora:<\/p>\n\n\n\n<ul class=\"wp-block-list\"><li>hraniti dokumentacijo o izvedenih pregledih\nklimatskega sistema najmanj 10 let;<\/li><li>hraniti dokumentacijo o servisiranju in vzdr\u017eevanju\nnajmanj 5 let;<\/li><li>za izvedbo pregleda klimatskega sistema zagotoviti\ndostop do klimatskega sistema in z njim povezanih klimatiziranih prostorov;<\/li><li>v primeru spremembe lastni\u0161tva klimatskega sistema\nizro\u010diti dokumentacijo novemu zavezancu.<\/li><\/ul>\n\n\n\n<p class=\"has-normal-font-size\"><strong><em>Kdaj pregled ni potreben?<\/em><\/strong><\/p>\n\n\n\n<p style=\"font-size:14px\">Pravilnik o rednih pregledih klimatskih sistemov\nopredeljuje nekaj izjem, za katere pregled ni obvezen. Tako se pravilnik ne\nuporablja za klimatske sisteme:<\/p>\n\n\n\n<ul class=\"wp-block-list\"><li>v industrijskih stavbah, o v nestanovanjskih\nkmetijskih stavbah,<\/li><li>v stavbah za opravljanje verskih obredov, o v za\u010dasnih\nstavbah s predvidenim \u010dasom uporabe dveh let ali manj,<\/li><li>v stanovanjskih stavbah, namenjenih za uporabo, kraj\u0161o\nod \u0161tirih mesecev na leto,<\/li><li>ki obratujejo manj kot 150 ur na leto.<\/li><\/ul>\n\n\n\n<p class=\"has-normal-font-size\"><strong><em>Kako pogosti so pregledi klimatskih sistemov?<\/em><\/strong><\/p>\n\n\n\n<p style=\"font-size:14px\">Klimatski sistemi morajo biti pregledani najmanj vsakih\npet let. Pregled se izvede posebej za vsak klimatski sistem, vgrajen v isti\nstavbi.<\/p>\n\n\n\n<p class=\"has-normal-font-size\"><strong><em>Ali je pogostost pregleda lahko razli\u010dna?<\/em><\/strong><\/p>\n\n\n\n<p style=\"font-size:14px\">Neodvisni strokovnjak lahko na osnovi ocenjenih\nmo\u017enosti za pove\u010danje energijske u\u010dinkovitosti klimatskega sistema in\nizbolj\u0161ave kakovosti zraka v klimatiziranih prostorih predlaga lastniku stavbe\nkraj\u0161i interval do naslednjega pregleda klimatskega sistema. Po drugi strani\nprenovljena evropska direktiva med drugim omogo\u010da manj stroge pogoje, \u010de je\nvpeljan sistem merjenja: \u00bbDr\u017eave \u010dlanice lahko zni\u017eajo pogostost tak\u0161nih\npregledov ali jih po potrebi omilijo, \u010de obstaja elektronski sistem za\nspremljanje in nadzor\u00ab.<\/p>\n\n\n\n<p class=\"has-normal-font-size\"><strong><em>Kdo izvaja redne preglede klimatskih sistemov?<\/em><\/strong><\/p>\n\n\n\n<p style=\"font-size:14px\">Preglede klimatskih sistemov izvajajo neodvisni\nstrokovnjaki, ki pridobijo licenco skladno s 341. \u010dlenom Energetskega zakona.<\/p>\n\n\n\n<p class=\"has-normal-font-size\"><strong><em>Kaj obsega pregled klimatskega sistema?<\/em><\/strong><\/p>\n\n\n\n<p style=\"font-size:14px\">Pregled klimatskega sistema obsega:<\/p>\n\n\n\n<ul class=\"wp-block-list\"><li>popis in pregled dokumentacije,<\/li><li>vizualni in funkcionalni pregled klimatskega sistema\nin klimatiziranih prostorov,<\/li><li>pripravo predlogov izbolj\u0161av ter o izdelavo poro\u010dila o\npregledu.<\/li><\/ul>\n\n\n\n<p style=\"font-size:14px\">Pregled vklju\u010duje tudi oceno u\u010dinkovitosti klimatskih\nsistemov in njihove primernosti glede na uporabo stavbe. Na podlagi pregleda\nneodvisni strokovnjak uporabnikom svetuje tehni\u010dno mogo\u010de in stro\u0161kovno\nu\u010dinkovite izbolj\u0161ave ali zamenjavo klimatskega sistema in alternativne\nre\u0161itve.<\/p>\n\n\n\n<p class=\"has-normal-font-size\"><strong><em>Kaj obsega vizualni in funkcionalni pregled?<\/em><\/strong><\/p>\n\n\n\n<p style=\"font-size:14px\">Vizualni in funkcionalni pregled klimatskega sistema\nobsega:<\/p>\n\n\n\n<ul class=\"wp-block-list\"><li>primerjavo podatkov o vgrajenih elementih klimatskega\nsistema s podatki iz dokumentacije,<\/li><li>ugotavljanje stanja klimatskega sistema kot celote in\nnjegovih elementov ter naprav,<\/li><li>ugotavljanje stanja glede nastavitve regulacije,<\/li><li>ugotavljanje \u010distosti elementov klimatskega sistema,<\/li><li>izvedbo meritev temperature in vla\u017enosti zraka v enem\nali ve\u010d izbranih klimatiziranih prostorih.<\/li><\/ul>\n","protected":false},"excerpt":{"rendered":"<p>Kaj je klimatski sistem? Klimatski sistem je kombinacija elementov, ki zagotavljajo obdelavo zraka, pri kateri je temperatura zraka regulirana in se jo lahko zni\u017ea, lahko tudi v kombinaciji z regulacijo prezra\u010devanja, vla\u017enosti in \u010distosti zraka. Klimatski sistem vklju\u010duje tudi hladilni sistem, ki je kombinacija elementov, ki zagotavljajo odvod toplote iz stavbe. Kaj je nazivna izhodna mo\u010d? To je najve\u010dja toplotna<\/p>\n<p><a class=\"more-link\" href=\"https:\/\/web.fs.uni-lj.si\/losk\/pregledi-ks\/pogosta-vprasanja\/\">Read More<\/a><\/p>\n","protected":false},"author":1,"featured_media":0,"parent":590,"menu_order":0,"comment_status":"closed","ping_status":"closed","template":"","meta":{"footnotes":""},"class_list":["post-784","page","type-page","status-publish","hentry"],"_links":{"self":[{"href":"https:\/\/web.fs.uni-lj.si\/losk\/wp-json\/wp\/v2\/pages\/784","targetHints":{"allow":["GET"]}}],"collection":[{"href":"https:\/\/web.fs.uni-lj.si\/losk\/wp-json\/wp\/v2\/pages"}],"about":[{"href":"https:\/\/web.fs.uni-lj.si\/losk\/wp-json\/wp\/v2\/types\/page"}],"author":[{"embeddable":true,"href":"https:\/\/web.fs.uni-lj.si\/losk\/wp-json\/wp\/v2\/users\/1"}],"replies":[{"embeddable":true,"href":"https:\/\/web.fs.uni-lj.si\/losk\/wp-json\/wp\/v2\/comments?post=784"}],"version-history":[{"count":4,"href":"https:\/\/web.fs.uni-lj.si\/losk\/wp-json\/wp\/v2\/pages\/784\/revisions"}],"predecessor-version":[{"id":810,"href":"https:\/\/web.fs.uni-lj.si\/losk\/wp-json\/wp\/v2\/pages\/784\/revisions\/810"}],"up":[{"embeddable":true,"href":"https:\/\/web.fs.uni-lj.si\/losk\/wp-json\/wp\/v2\/pages\/590"}],"wp:attachment":[{"href":"https:\/\/web.fs.uni-lj.si\/losk\/wp-json\/wp\/v2\/media?parent=784"}],"curies":[{"name":"wp","href":"https:\/\/api.w.org\/{rel}","templated":true}]}}