{"id":75,"date":"2012-10-10T11:55:08","date_gmt":"2012-10-10T11:55:08","guid":{"rendered":"https:\/\/web.fs.uni-lj.si\/LOSK\/toWP\/teme-diplomskih-nalog\/"},"modified":"2024-03-22T13:55:24","modified_gmt":"2024-03-22T12:55:24","slug":"teme-diplomskih-nalog","status":"publish","type":"page","link":"https:\/\/web.fs.uni-lj.si\/losk\/teme-diplomskih-nalog\/","title":{"rendered":"Teme diplomskih nalog"},"content":{"rendered":"<h1><em><strong>Okvirni naslovi tem zaklju\u010dnih nalog<\/strong><\/em><\/h1>\n<h4><strong>I. Stopnja RR (Zaklju\u010dne naloge)<\/strong><\/h4>\n<ul>\n<li>Pregled indikatorjev notranjega toplotnega okolja<\/li>\n<li>Transport vodne pare skozi ve\u010dplastno gradbeno konstrukcijo<\/li>\n<li>Dolo\u010ditev pretoka zraka s sledilnim plinom<\/li>\n<li>Eksperimentalna dolo\u010ditev u\u010dinkovitosti prezra\u010devanja<\/li>\n<li>Toplotna stabilnost gradbene konstrukcije<\/li>\n<li>Eksergijska analiza nestacionarnega prenosa toplote skozi gradbeno konstrukcijo<\/li>\n<\/ul>\n<h4><strong>I. Stopnja PAP (Diplomske naloge)<\/strong><\/h4>\n<ul>\n<li>Izkoristek in u\u010dinkovitost rekuperatorja toplote<\/li>\n<li>U\u010dinkovitost sistemov za pripravo tople sanitarne vode<\/li>\n<li>Vpliv spremembe toplotnih lastnosti ovoja stavbe na porazdelitev toplotnih tokov<\/li>\n<li>Regulacijski ventil v cevni mre\u017ei<\/li>\n<li>Notranja avtoriteta ventila<\/li>\n<li>Vpliv neenakomernosti pretoka vode na toplotno oddajo dvorednega plo\u0161\u010datega radiatorja<\/li>\n<\/ul>\n<h4><strong>II. Stopnja RR (Magistrske naloge)<\/strong><\/h4>\n<ul>\n<li>Faktor pretvorbe primarne energije<\/li>\n<li>Nizkoenergijska ali nizkoeksergijska stavba<\/li>\n<li>U\u010dinkovitost rekuperatorja toplote<\/li>\n<li>Klimatizacija prostorov s hlapilnim hlajenjem<\/li>\n<li>Dinami\u010dni toplotni odziv gradbene konstrukcije<\/li>\n<li>Obratovalni pogoji ogrevalnega sistema pri prenovi toplotnega ovoja stavbe<\/li>\n<li><\/li>\n<\/ul>\n<h3>Naslov aktualne teme:<\/h3>\n<h3>Analiza tla\u010dnega padca razli\u010dnih filtrirnih materialov in geometrij filtra<\/h3>\n<p>Diplomska naloga se osredoto\u010da na izbolj\u0161anje filtracijskih sistemov za ventilacijo z analizo klju\u010dnih dejavnikov, ki vplivajo na njihovo u\u010dinkovitost in \u017eivljenjsko dobo. S postavitvijo merilnikov tla\u010dnega padca in pretoka v klimatsko napravo bomo natan\u010dno spremljali delovanje sistema v realnih pogojih. Opravili bomo meritve razli\u010dnih filtrirnih materialov, da dolo\u010dimo njihovo u\u010dinkovitost in \u017eivljenjsko dobo ter identificiramo najbolj\u0161e mo\u017enosti za filtracijo zraka. Poleg tega bomo preu\u010dili vpliv razli\u010dnih geometrij filtrov na njihovo delovanje, kar bo prispevalo k optimizaciji oblikovanja filtrov za najbolj\u0161e rezultate. S temi raziskavami si prizadevamo prispevati k razvoju naprednej\u0161ih in bolj u\u010dinkovitih sistemov za \u010distej\u0161i in bolj zdrav \u017eivljenjski prostor.<\/p>\n<p>Klju\u010dne to\u010dke:<\/p>\n<ol>\n<li>Pregled obstoje\u010de literature o filtriranju zraka, vklju\u010dno s teorijo in metodologijo merjenja u\u010dinkovitosti filtracije.<\/li>\n<li>Na\u010drtovanje in izvedba eksperimentov za merjenje tla\u010dnega padca, pretoka in u\u010dinkovitosti filtracije razli\u010dnih filtrirnih materialov.<\/li>\n<li>Analiza rezultatov eksperimentov in primerjava razli\u010dnih filtrirnih materialov ter njihovih lastnosti.<\/li>\n<li>Na\u010drtovanje in izvedba eksperimentov za preu\u010devanje vpliva geometrije filtrov na u\u010dinkovitost in \u017eivljenjsko dobo.<\/li>\n<li>Interpretacija rezultatov in zaklju\u010dki, vklju\u010dno z mo\u017enimi priporo\u010dili za izbolj\u0161anje na\u010drtovanja in delovanja filtrirnih sistemov za ventilacijo.<\/li>\n<\/ol>\n<p>Za dodatne informacije kontaktirajte; <a href=\"mailto:&lt;a href=\">uros.stritih@fs.uni-lj.si<\/a> ali <a href=\"mailto:&lt;a href=\">lucija.gruden<\/a><a href=\"mailto:&lt;a href=\">@<\/a><a href=\"mailto:&lt;a href=\">fs.uni-lj.si<\/a> osebno.<\/p>\n<h2><\/h2>\n<h2><strong>Zaklju\u010dne naloge (Podjetja)<\/strong><\/h2>\n<h4 class=\"izd-h1\"><strong>Danfoss Trata d.o.o.<\/strong><\/h4>\n<ul>\n<li class=\"izd-h1\">Popis karakteristike fan coila (hladilna\/toplotna mo\u010d v odvisnosti od odprtosti ventila in hitrosti ventilatorja)<\/li>\n<li class=\"izd-h1\">Analiza primerjave kontrole sobne temperature z LIN karakteristiko in LOG karakteristiko ventila pri ogrevanju ali segrevanju (sprememba set temperature, sprememba toplotnih\/hladilnih potreb)<\/li>\n<li class=\"izd-h1\">Analiza on\/off krmiljenja in zveznega krmiljenja za regulacijo sobne temperature glede na udobje (doseganje dejanske temperature v primerjavi z nastavljeno temperaturo) in dT v sistemu.<\/li>\n<li class=\"izd-h1\">Kontrolna strategija ventilatorja: stalna srednja hitrost ventilatorja in modulacijski signal na pogonu vs modulacijski signal na ventilatorju, signal ventilatorja sledi krmilnemu signalu na pogonu (hlajenje\/ogrevanje)<\/li>\n<li class=\"izd-h1\">Zvezno krmiljenje ventilatorja in pogona z LOG funkcijo vs. Linear power control na NovoConu (hlajenje\/ogrevanje).<\/li>\n<\/ul>\n<p>Za dodatne informacije kontaktirajte; <a href=\"mailto:&lt;a href=\">uros.stritih@fs.uni-lj.si<\/a> ali osebno.<\/p>\n","protected":false},"excerpt":{"rendered":"<p>Okvirni naslovi tem zaklju\u010dnih nalog I. Stopnja RR (Zaklju\u010dne naloge) Pregled indikatorjev notranjega toplotnega okolja Transport vodne pare skozi ve\u010dplastno gradbeno konstrukcijo Dolo\u010ditev pretoka zraka s sledilnim plinom Eksperimentalna dolo\u010ditev u\u010dinkovitosti prezra\u010devanja Toplotna stabilnost gradbene konstrukcije Eksergijska analiza nestacionarnega prenosa toplote skozi gradbeno konstrukcijo I. Stopnja PAP (Diplomske naloge) Izkoristek in u\u010dinkovitost rekuperatorja toplote U\u010dinkovitost sistemov za pripravo tople sanitarne<\/p>\n<p><a class=\"more-link\" href=\"https:\/\/web.fs.uni-lj.si\/losk\/teme-diplomskih-nalog\/\">Read More<\/a><\/p>\n","protected":false},"author":1,"featured_media":0,"parent":0,"menu_order":1,"comment_status":"closed","ping_status":"closed","template":"page-templates\/full-width.php","meta":{"footnotes":""},"class_list":["post-75","page","type-page","status-publish","hentry"],"_links":{"self":[{"href":"https:\/\/web.fs.uni-lj.si\/losk\/wp-json\/wp\/v2\/pages\/75","targetHints":{"allow":["GET"]}}],"collection":[{"href":"https:\/\/web.fs.uni-lj.si\/losk\/wp-json\/wp\/v2\/pages"}],"about":[{"href":"https:\/\/web.fs.uni-lj.si\/losk\/wp-json\/wp\/v2\/types\/page"}],"author":[{"embeddable":true,"href":"https:\/\/web.fs.uni-lj.si\/losk\/wp-json\/wp\/v2\/users\/1"}],"replies":[{"embeddable":true,"href":"https:\/\/web.fs.uni-lj.si\/losk\/wp-json\/wp\/v2\/comments?post=75"}],"version-history":[{"count":4,"href":"https:\/\/web.fs.uni-lj.si\/losk\/wp-json\/wp\/v2\/pages\/75\/revisions"}],"predecessor-version":[{"id":970,"href":"https:\/\/web.fs.uni-lj.si\/losk\/wp-json\/wp\/v2\/pages\/75\/revisions\/970"}],"wp:attachment":[{"href":"https:\/\/web.fs.uni-lj.si\/losk\/wp-json\/wp\/v2\/media?parent=75"}],"curies":[{"name":"wp","href":"https:\/\/api.w.org\/{rel}","templated":true}]}}