{"id":679,"date":"2019-01-15T11:25:57","date_gmt":"2019-01-15T10:25:57","guid":{"rendered":"https:\/\/web.fs.uni-lj.si\/LOSK\/?page_id=679"},"modified":"2019-01-15T11:27:20","modified_gmt":"2019-01-15T10:27:20","slug":"pogoji","status":"publish","type":"page","link":"https:\/\/web.fs.uni-lj.si\/losk\/pregledi-ks\/pogoji\/","title":{"rendered":"Pogoji"},"content":{"rendered":"\n<h3 class=\"wp-block-heading\"><strong>POGOJI ZA PRIDOBITEV LICENCE NEODVISNEGA STROKOVNAKA ZA IZVAJANJE REDNIH PREGLEDOV KLIMATSKIH SISTEMOV<\/strong><\/h3>\n\n\n\n<p style=\"font-size:14px\">Energetski zakon (EZ-1) dolo\u010da v 341. \u010dlenu licenco neodvisnega strokovnjaka: Licenco neodvisnega strokovnjaka za preglede klimatskih sistemov lahko dobi posameznik, ki izpolnjuje naslednje pogoje: <\/p>\n\n\n\n<ul><li><p style=\"font-size:13px\">ima <strong>najmanj visoko strokovno izobrazbo ali izobrazbo po \u0161tudijskem programu prve stopnje s \u0161tudijskih podro\u010dij, ki spadajo v o\u017eje podro\u010dje Tehnika (razen v podrobno podro\u010dje Kemijska tehnologija in procesno in\u017eenirstvo ali v Motorna vozila, ladje in letala)<\/strong>, skladno s predpisi o visokem \u0161olstvu,<\/li><\/ul><\/p>\n\n\n\n<ul><li><p style=\"font-size:13px\">ima <strong>najmanj dve leti ustreznih delovnih izku\u0161enj<\/strong> od pridobitve izobrazbe iz prej\u0161nje alineje na strokovnem podro\u010dju klimatskih sistemov,<\/li><\/ul><\/p>\n\n\n\n<ul><li><p style=\"font-size:13px\">je <strong>v zadnjih petih letih pred vlo\u017eitvijo zahteve za izdajo licence uspe\u0161no opravil usposabljanje po programu usposabljanja za neodvisne strokovnjake<\/strong> za pregled klimatskih sistemov.<\/li><\/ul><\/p>\n\n\n\n<hr class=\"wp-block-separator\"\/>\n\n\n\n<p style=\"font-size:14px\">Tolma\u010denje te dolo\u010dbe pomeni, da je <strong>najmanj visoka strokovna izobrazba ali izobrazba po \u0161tudijskem programu prve stopnje<\/strong>:<\/p>\n\n\n\n<figure class=\"wp-block-image\"><img decoding=\"async\" width=\"679\" height=\"228\" src=\"https:\/\/web.fs.uni-lj.si\/LOSK\/wp-content\/uploads\/2019\/01\/Ravni-izobrazbe.jpg\" alt=\"\" class=\"wp-image-682\" srcset=\"https:\/\/web.fs.uni-lj.si\/losk\/wp-content\/uploads\/2019\/01\/Ravni-izobrazbe.jpg 679w, https:\/\/web.fs.uni-lj.si\/losk\/wp-content\/uploads\/2019\/01\/Ravni-izobrazbe-300x101.jpg 300w\" sizes=\"(max-width: 679px) 100vw, 679px\" \/><\/figure>\n\n\n\n<p style=\"font-size:10px\">(<a rel=\"noreferrer noopener\" aria-label=\" (opens in a new tab)\" href=\"http:\/\/www.arhiv.mvzt.gov.si\/indexe600.html?id=11789\" target=\"_blank\">Vir: Ministrstvo za visoko \u0161olstvo, znanost in tehnologijo, Ravni visoko\u0161olske izobrazbe<\/a>)<\/p>\n\n\n\n<p style=\"font-size:14px\"><strong><em>IN<\/em><\/strong>  <strong>izobrazba \u0161tudijskih podro\u010dij, ki spadajo v o\u017eje podro\u010dje Tehnika<\/strong>: <\/p>\n\n\n\n<table class=\"wp-block-table is-style-stripes\"><tbody><tr><td>\n  52\n  <\/td><td>\n  TEHNIKA\n  <\/td><\/tr><tr><td>\n  520\n  <\/td><td>\n  Tehnika (podrobneje neopredeljeno)\n  <\/td><\/tr><tr><td>\n  5200\n  <\/td><td>\n  Tehnika (podrobneje neopredeljeno)\n  <\/td><\/tr><tr><td>\n  521\n  <\/td><td>\n  Strojni\u0161tvo in obdelava kovin\n  <\/td><\/tr><tr><td>\n  5210\n  <\/td><td>\n  Strojni\u0161tvo in obdelava kovin (podrobneje\n  neopredeljeno)\n  <\/td><\/tr><tr><td>\n  5211\n  <\/td><td>\n  Strojni\u0161tvo\n  <\/td><\/tr><tr><td>\n  5212\n  <\/td><td>\n  Orodjarstvo\n  <\/td><\/tr><tr><td>\n  5213\n  <\/td><td>\n  Varilstvo\n  <\/td><\/tr><tr><td>\n  5214\n  <\/td><td>\n  Metalurgija\n  <\/td><\/tr><tr><td>\n  5215\n  <\/td><td>\n  \u017delezarstvo, jeklarstvo, livarstvo\n  <\/td><\/tr><tr><td>\n  5216\n  <\/td><td>\n  Klju\u010davni\u010darstvo\n  <\/td><\/tr><tr><td>\n  5217\n  <\/td><td>\n  Finomehanika, urarstvo, pu\u0161karstvo\n  <\/td><\/tr><tr><td>\n  5219\n  <\/td><td>\n  Strojni\u0161tvo in obdelava kovin (drugo)\n  <\/td><\/tr><tr><td>\n  522\n  <\/td><td>\n  Elektrotehnika in energetika\n  <\/td><\/tr><tr><td>\n  5220\n  <\/td><td>\n  Elektrotehnika in energetika (podrobneje\n  neopredeljeno)\n  <\/td><\/tr><tr><td>\n  5221\n  <\/td><td>\n  Elektrotehnika\n  <\/td><\/tr><tr><td>\n  5222\n  <\/td><td>\n  Elektroenergetika\n  <\/td><\/tr><tr><td>\n  5223\n  <\/td><td>\n  Nuklearna energija\n  <\/td><\/tr><tr><td>\n  5224\n  <\/td><td>\n  Distribucija plina\n  <\/td><\/tr><tr><td>\n  5225\n  <\/td><td>\n  Klimatiziranje in hladilni sistemi\n  <\/td><\/tr><tr><td>\n  5226\n  <\/td><td>\n  Alternativni energetski viri (sonce, veter,\u2026)\n  <\/td><\/tr><tr><td>\n  5229\n  <\/td><td>\n  Elektrotehnika in energetika (drugo)\n  <\/td><\/tr><tr><td>\n  523\n  <\/td><td>\n  Elektronika in avtomatizacija\n  <\/td><\/tr><tr><td>\n  5230\n  <\/td><td>\n  Elektronika in avtomatizacija (podrobneje\n  neopredeljeno)\n  <\/td><\/tr><tr><td>\n  5231\n  <\/td><td>\n  Elektronika\n  <\/td><\/tr><tr><td>\n  5232\n  <\/td><td>\n  Avtomatizacija\n  <\/td><\/tr><tr><td>\n  5233\n  <\/td><td>\n  Telekomunikacije\n  <\/td><\/tr><tr><td>\n  5234\n  <\/td><td>\n  Tehnologija za obdelavo in procesiranje podatkov\n  <\/td><\/tr><tr><td>\n  5235\n  <\/td><td>\n  Robotika\n  <\/td><\/tr><tr><td>\n  5236\n  <\/td><td>\n  Projektiranje, izdelava in servisiranje ra\u010dunalnikov\n  <\/td><\/tr><tr><td>\n  5239\n  <\/td><td>\n  Elektronika in avtomatizacija (drugo)\n  <\/td><\/tr><\/tbody><\/table>\n\n\n\n<p style=\"font-size:10px\">(<a href=\"https:\/\/www.stat.si\/klasje\/tabela.aspx?cvn=3968\">Vir: Statisti\u010dni urad republike Slovenije, KLASIUS-P &#8211; Klasifikacije podro\u010dij izobra\u017eevalnih aktivnosti\/izidov, V1<\/a>)<\/p>\n\n\n\n<p><\/p>\n","protected":false},"excerpt":{"rendered":"<p>POGOJI ZA PRIDOBITEV LICENCE NEODVISNEGA STROKOVNAKA ZA IZVAJANJE REDNIH PREGLEDOV KLIMATSKIH SISTEMOV Energetski zakon (EZ-1) dolo\u010da v 341. \u010dlenu licenco neodvisnega strokovnjaka: Licenco neodvisnega strokovnjaka za preglede klimatskih sistemov lahko dobi posameznik, ki izpolnjuje naslednje pogoje: ima najmanj visoko strokovno izobrazbo ali izobrazbo po \u0161tudijskem programu prve stopnje s \u0161tudijskih podro\u010dij, ki spadajo v o\u017eje podro\u010dje Tehnika (razen v podrobno<\/p>\n<p><a class=\"more-link\" href=\"https:\/\/web.fs.uni-lj.si\/losk\/pregledi-ks\/pogoji\/\">Read More<\/a><\/p>\n","protected":false},"author":1,"featured_media":0,"parent":590,"menu_order":0,"comment_status":"closed","ping_status":"closed","template":"","meta":{"footnotes":""},"class_list":["post-679","page","type-page","status-publish","hentry"],"_links":{"self":[{"href":"https:\/\/web.fs.uni-lj.si\/losk\/wp-json\/wp\/v2\/pages\/679","targetHints":{"allow":["GET"]}}],"collection":[{"href":"https:\/\/web.fs.uni-lj.si\/losk\/wp-json\/wp\/v2\/pages"}],"about":[{"href":"https:\/\/web.fs.uni-lj.si\/losk\/wp-json\/wp\/v2\/types\/page"}],"author":[{"embeddable":true,"href":"https:\/\/web.fs.uni-lj.si\/losk\/wp-json\/wp\/v2\/users\/1"}],"replies":[{"embeddable":true,"href":"https:\/\/web.fs.uni-lj.si\/losk\/wp-json\/wp\/v2\/comments?post=679"}],"version-history":[{"count":5,"href":"https:\/\/web.fs.uni-lj.si\/losk\/wp-json\/wp\/v2\/pages\/679\/revisions"}],"predecessor-version":[{"id":782,"href":"https:\/\/web.fs.uni-lj.si\/losk\/wp-json\/wp\/v2\/pages\/679\/revisions\/782"}],"up":[{"embeddable":true,"href":"https:\/\/web.fs.uni-lj.si\/losk\/wp-json\/wp\/v2\/pages\/590"}],"wp:attachment":[{"href":"https:\/\/web.fs.uni-lj.si\/losk\/wp-json\/wp\/v2\/media?parent=679"}],"curies":[{"name":"wp","href":"https:\/\/api.w.org\/{rel}","templated":true}]}}