{"id":674,"date":"2019-01-15T10:19:49","date_gmt":"2019-01-15T09:19:49","guid":{"rendered":"https:\/\/web.fs.uni-lj.si\/LOSK\/?page_id=674"},"modified":"2019-01-15T10:20:29","modified_gmt":"2019-01-15T09:20:29","slug":"usposabljanje","status":"publish","type":"page","link":"https:\/\/web.fs.uni-lj.si\/losk\/usposabljanje\/","title":{"rendered":"Usposabljanje"},"content":{"rendered":"\n<p style=\"font-size:14px\">Program usposabljanja za neodvisne strokovnjake za redne preglede klimatskih sistemov je predviden za nadgradnjo znanj in usposobitev kandidatov z osnovnim nivojem znanja po zahtevi 341. \u010dlena Energetskega zakona (EZ-1).<\/p>\n\n\n\n<p><strong><em>UDELE\u017dBA NA PREDAVANJIH<\/em><\/strong><\/p>\n\n\n\n<p style=\"font-size:14px\">Usposabljanje za pridobitev licence neodvisnega\nstrokovnjaka za redne preglede klimatskih sistemov je sestavljeno iz <strong>teoreti\u010dnega<\/strong>\nin <strong>prakti\u010dnega<\/strong> dela.<\/p>\n\n\n\n<p style=\"font-size:14px\">Teoreti\u010dni del usposabljanja pokriva to\u010dke od 1 do vklju\u010dno 4,skladno s 4. \u010dlenom Pravilnika o usposabljanju, licencah in registru licenc neodvisnih strokovnjakov za redne preglede klimatskih sistemov (Uradni list RS, \u0161t. 6\/2010, <a href=\"http:\/\/www.uradni-list.si\/files\/RS_-2010-006-00205-OB~P001-0000.PDF\">Priloga 1<\/a>).<\/p>\n\n\n\n<p><strong><em>PRAKTI\u010cNA IZVEDBA PREGLEDOV KLIMATSKIH SISTEMOV<\/em><\/strong><\/p>\n\n\n\n<p style=\"font-size:14px\">Vsak udele\u017eenec usposabljanja izvede najmanj tri preglede klimatskih sistemov pod mentorstvom strokovnjaka izvajalca usposabljanja. Pregledani sistemi se razlikujejo po velikosti in kompleksnosti. Ocenjeni \u010das posameznega pregleda je od 2 do 4 ure. Kandidat izdela poro\u010dila po navodilih in metodologiji, obravnavani na teoreti\u010dnem delu usposabljanja.  Prakti\u010dna izvedba pregledov KS poteka v naslednjih 12 dnevih  (predvideno, sicer po dogovoru z udele\u017eenci) po kon\u010danju teoreti\u010dnega  usposabljanja to\u010dk 1 do vklju\u010dno 4. Udele\u017eenci usposabljanja so za  izvedbo 5. to\u010dke razvr\u0161\u010deni v manj\u0161e skupine, optimalno 5, sicer od 5 do  10 udele\u017eencev\/skupino oziroma po dogovoru s kandidati. <\/p>\n\n\n\n<p style=\"font-size:14px\">Vsak udele\u017eenec usposabljanja iste\nskupine izvede preglede KS istih klimatskih sistemov, vendar ob razli\u010dnem \u010dasu,\nkar omogo\u010da medsebojno primerjanje uspe\u0161nosti pregleda posameznega udele\u017eenca\nusposabljanja na skupni predstavitvi skupine.<\/p>\n\n\n\n<p><em><strong>PREDSTAVITEV PREGLEDOV KLIMATSKIH SISTEMOV<\/strong><\/em><\/p>\n\n\n\n<p style=\"font-size:14px\">Predstavitev in analiza poro\u010dil o\nizvedenih pregledih KS, predvsem pa svetovanje za energijsko izbolj\u0161anje KS, se\nizvaja po skupinah dolo\u010denih za individualne izvedbe pregledov KS.<\/p>\n\n\n\n<p style=\"font-size:14px\">Predstavitev se izvede v roku 14 dni po zaklju\u010dku teoreti\u010dnega dela usposabljanja, predvidoma v petek ob 14,00 uri oziroma v soboto ob 9,00. uri po pravo\u010dasno sporo\u010denem \u010dasovnem razporedu in predavalnici, oziroma po dogovoru. Udele\u017eenci usposabljanja iste skupine predstavijo vsem \u010dlanom skupine svoje poro\u010dilo in analizo \u2013 svetovalne ukrepe skladno z zahtevami Pravilnika o rednih pregledih KS, vse pod mentorstvom strokovnjaka izvajalca usposabljanja. Vsak udele\u017eenec v pribli\u017eno 15 minutah predstavi svoje poro\u010dilo in analizo v pogledu svetovanja potrebnih ukrepov za izbolj\u0161anje energijske u\u010dinkovitosti KS in ugodja uporabnikov v klimatiziranih prostorih, kar skupaj z razpravo trajalo povpre\u010dno 20 do 30 minut na udele\u017eenca usposabljanja. <\/p>\n","protected":false},"excerpt":{"rendered":"<p>Program usposabljanja za neodvisne strokovnjake za redne preglede klimatskih sistemov je predviden za nadgradnjo znanj in usposobitev kandidatov z osnovnim nivojem znanja po zahtevi 341. \u010dlena Energetskega zakona (EZ-1). UDELE\u017dBA NA PREDAVANJIH Usposabljanje za pridobitev licence neodvisnega strokovnjaka za redne preglede klimatskih sistemov je sestavljeno iz teoreti\u010dnega in prakti\u010dnega dela. Teoreti\u010dni del usposabljanja pokriva to\u010dke od 1 do vklju\u010dno 4,skladno<\/p>\n<p><a class=\"more-link\" href=\"https:\/\/web.fs.uni-lj.si\/losk\/usposabljanje\/\">Read More<\/a><\/p>\n","protected":false},"author":1,"featured_media":0,"parent":0,"menu_order":0,"comment_status":"closed","ping_status":"closed","template":"","meta":{"footnotes":""},"class_list":["post-674","page","type-page","status-publish","hentry"],"_links":{"self":[{"href":"https:\/\/web.fs.uni-lj.si\/losk\/wp-json\/wp\/v2\/pages\/674","targetHints":{"allow":["GET"]}}],"collection":[{"href":"https:\/\/web.fs.uni-lj.si\/losk\/wp-json\/wp\/v2\/pages"}],"about":[{"href":"https:\/\/web.fs.uni-lj.si\/losk\/wp-json\/wp\/v2\/types\/page"}],"author":[{"embeddable":true,"href":"https:\/\/web.fs.uni-lj.si\/losk\/wp-json\/wp\/v2\/users\/1"}],"replies":[{"embeddable":true,"href":"https:\/\/web.fs.uni-lj.si\/losk\/wp-json\/wp\/v2\/comments?post=674"}],"version-history":[{"count":4,"href":"https:\/\/web.fs.uni-lj.si\/losk\/wp-json\/wp\/v2\/pages\/674\/revisions"}],"predecessor-version":[{"id":678,"href":"https:\/\/web.fs.uni-lj.si\/losk\/wp-json\/wp\/v2\/pages\/674\/revisions\/678"}],"wp:attachment":[{"href":"https:\/\/web.fs.uni-lj.si\/losk\/wp-json\/wp\/v2\/media?parent=674"}],"curies":[{"name":"wp","href":"https:\/\/api.w.org\/{rel}","templated":true}]}}