{"id":590,"date":"2019-01-09T16:42:57","date_gmt":"2019-01-09T15:42:57","guid":{"rendered":"https:\/\/web.fs.uni-lj.si\/LOSK\/?page_id=590"},"modified":"2019-01-16T09:47:51","modified_gmt":"2019-01-16T08:47:51","slug":"pregledi-ks","status":"publish","type":"page","link":"https:\/\/web.fs.uni-lj.si\/losk\/pregledi-ks\/","title":{"rendered":"Redni pregledi KS"},"content":{"rendered":"\n<div class=\"wp-block-image\"><figure class=\"aligncenter is-resized\"><img decoding=\"async\" src=\"https:\/\/web.fs.uni-lj.si\/LOSK\/wp-content\/uploads\/2019\/01\/KS-pregledi.jpg\" alt=\"\" class=\"wp-image-672\" width=\"124\" height=\"78\"\/><\/figure><\/div>\n\n\n\n<p style=\"font-size:14px\">Zmanj\u0161anje rabe energije in odprava izgube energije sodita med glavne cilje Evropske unije (EU). Podpora EU za izbolj\u0161anje energijske u\u010dinkovitosti je odlo\u010dilnega pomena za konkuren\u010dnost, varnost oskrbe z energijo in za izpolnjevanje zavez glede podnebnih sprememb v sklopu Kjotskega protokola. Obstaja precej\u0161en potencial za zmanj\u0161anje rabe, predvsem v energetsko intenzivnih sektorjih, kot so stavbe, proizvodnja, pretvorba energije in promet.<\/p>\n\n\n\n<p style=\"font-size:14px\">V dr\u017eavah EU predstavljajo potrebe po energiji v stavbnem sektorju pribli\u017eno 40 % celotne rabe energije. V Sloveniji je bil prete\u017eni del te energije namenjen ogrevanju. Pri\u010dakujemo, da se bo s podobnim trendom kot v ostalem svetu, pove\u010deval tudi dele\u017e energije za hlajenje in prezra\u010devanje. Toplej\u0161a poletja in \u0161tevilni drugi vzroki povzro\u010dajo ve\u010djo rabo energije za klimatizacijo stavb. Za zni\u017eevanje trenda rabe energije zaradi klimatizacije se uveljavljajo inovativne tehnologije in izbolj\u0161anje energijske u\u010dinkovitosti obstoje\u010dih klimatskih sistemov.<\/p>\n\n\n\n<p style=\"font-size:14px\">V sklopu aktivnosti za zagotavljanje energijske u\u010dinkovitosti so zahtevani tudi <strong><em>redni pregledi klimatskih sistemov.<\/em><\/strong> Osnovo predstavlja evropska direktiva o energetski u\u010dinkovitosti stavb oz. njena prenova (31\/2010\/EU), ki v 15. \u010dlenu dolo\u010da:<\/p>\n\n\n\n<p style=\"font-size:14px\">Dr\u017eave \u010dlanice predpi\u0161ejo potrebne ukrepe za uvedbo rednih pregledov dostopnih delov klimatskih sistemov z nazivno izhodno mo\u010djo nad 12 kW. Pregledi vklju\u010dujejo oceno u\u010dinkovitosti klimatskih naprav in njihove velikosti v primerjavi s hladilnimi zahtevami stavbe. Ocene velikosti ni treba ponovno izvesti, \u010de se klimatski sistem ali hladilne zahteve stavbe v tem \u010dasu niso spremenile.<\/p>\n\n\n\n<p style=\"font-size:14px\">Ta zahteva je vklju\u010dena v na\u0161o zakonodajo preko:<\/p>\n\n\n\n<h4><ul><li>Energetskega zakona (<a rel=\"noreferrer noopener\" aria-label=\" (opens in a new tab)\" href=\"http:\/\/www.uradni-list.si\/1\/objava.jsp?urlurid=2014538\" target=\"_blank\">Ur. l. RS, \u0161t. 17\/2014<\/a>)<\/li><li>Pravilnika o rednih pregledih klimatskih sistemov (<a rel=\"noreferrer noopener\" aria-label=\" (opens in a new tab)\" href=\"http:\/\/www.uradni-list.si\/1\/content?id=85487\" target=\"_blank\">Ur. l. RS, \u0161t. 26\/08<\/a>) in<\/li><li>Pravilnika o usposabljanju, licencah in registru licenc neodvisnih strokovnjakov za redne preglede klimatskih sistemov (<a rel=\"noreferrer noopener\" aria-label=\" (opens in a new tab)\" href=\"http:\/\/www.uradni-list.si\/1\/content?id=125575\" target=\"_blank\">Ur. L. \u0161t. 18\/2016<\/a>).<\/li><\/ul><\/h4>\n\n\n\n<p style=\"font-size:14px\">Pravilnik o rednih pregledih klimatskih\nsistemov dolo\u010da vsebino, na\u010din izvedbe in roke rednih pregledov klimatskih\nsistemov z nazivno izhodno mo\u010djo nad 12 kW, ki so vgrajeni v stavbah.<\/p>\n\n\n\n<p style=\"font-size:14px\">Namen rednega pregleda klimatskih\nsistemov je priprava predlogov za pove\u010danje energijske u\u010dinkovitosti sistema\nali njegovo zamenjavo. Pregled klimatskega sistema mora obsegati: popis in\npregled dokumentacije, vizualni in funkcionalni pregled klimatskega sistema in\nklimatiziranih prostorov, pripravo predlogov izbolj\u0161av ter izdelavo poro\u010dila o\npregledu.<\/p>\n\n\n\n<p style=\"font-size:14px\">Redni pregledi klimatskih sistemov v kombinaciji s\nsistemom avtomatizacije, nadzora in merjenjem rabe energije omogo\u010dajo\nuporabnikom \u0161tevilne prednosti:<\/p>\n\n\n\n<h4><ul><li>doseganje in zagotavljanje ugodnih\nbivalnih in delovnih pogojev,<\/li><li>optimalno delovanje naprav,<\/li><li>prihranek energije,<\/li><li>ponovljivo in predvidljivo vodenje\nprocesov,<\/li><li>la\u017eje odkrivanje in odpravo napak,<\/li><li>u\u010dinkovitej\u0161e vzdr\u017eevanje.<\/li><\/ul><\/h4>\n","protected":false},"excerpt":{"rendered":"<p>Zmanj\u0161anje rabe energije in odprava izgube energije sodita med glavne cilje Evropske unije (EU). Podpora EU za izbolj\u0161anje energijske u\u010dinkovitosti je odlo\u010dilnega pomena za konkuren\u010dnost, varnost oskrbe z energijo in za izpolnjevanje zavez glede podnebnih sprememb v sklopu Kjotskega protokola. Obstaja precej\u0161en potencial za zmanj\u0161anje rabe, predvsem v energetsko intenzivnih sektorjih, kot so stavbe, proizvodnja, pretvorba energije in promet. V<\/p>\n<p><a class=\"more-link\" href=\"https:\/\/web.fs.uni-lj.si\/losk\/pregledi-ks\/\">Read More<\/a><\/p>\n","protected":false},"author":1,"featured_media":0,"parent":0,"menu_order":0,"comment_status":"closed","ping_status":"closed","template":"","meta":{"footnotes":""},"class_list":["post-590","page","type-page","status-publish","hentry"],"_links":{"self":[{"href":"https:\/\/web.fs.uni-lj.si\/losk\/wp-json\/wp\/v2\/pages\/590","targetHints":{"allow":["GET"]}}],"collection":[{"href":"https:\/\/web.fs.uni-lj.si\/losk\/wp-json\/wp\/v2\/pages"}],"about":[{"href":"https:\/\/web.fs.uni-lj.si\/losk\/wp-json\/wp\/v2\/types\/page"}],"author":[{"embeddable":true,"href":"https:\/\/web.fs.uni-lj.si\/losk\/wp-json\/wp\/v2\/users\/1"}],"replies":[{"embeddable":true,"href":"https:\/\/web.fs.uni-lj.si\/losk\/wp-json\/wp\/v2\/comments?post=590"}],"version-history":[{"count":5,"href":"https:\/\/web.fs.uni-lj.si\/losk\/wp-json\/wp\/v2\/pages\/590\/revisions"}],"predecessor-version":[{"id":834,"href":"https:\/\/web.fs.uni-lj.si\/losk\/wp-json\/wp\/v2\/pages\/590\/revisions\/834"}],"wp:attachment":[{"href":"https:\/\/web.fs.uni-lj.si\/losk\/wp-json\/wp\/v2\/media?parent=590"}],"curies":[{"name":"wp","href":"https:\/\/api.w.org\/{rel}","templated":true}]}}