{"id":485,"date":"2018-03-13T15:33:22","date_gmt":"2018-03-13T14:33:22","guid":{"rendered":"https:\/\/web.fs.uni-lj.si\/LOSK\/toWP\/?page_id=485"},"modified":"2018-04-16T15:04:21","modified_gmt":"2018-04-16T14:04:21","slug":"projekti","status":"publish","type":"page","link":"https:\/\/web.fs.uni-lj.si\/losk\/projekti\/","title":{"rendered":"Projekti"},"content":{"rendered":"<h1 style=\"color: #fe6663;\"><strong>Mednarodni projekti<\/strong><\/h1>\n<p><a href=\"https:\/\/web.fs.uni-lj.si\/LOSK\/raziskovalna-dejavnost\/aktualni-projekti\/\"><strong><span style=\"color: #3366ff;\"><span class=\"button\" style=\"font-size: 12pt;\">HEART (EU HORIZON 2020)<\/span><\/span><\/strong><\/a><\/p>\n<div align=\"justify\">\n<p><a href=\"https:\/\/web.fs.uni-lj.si\/LOSK\/raziskovalna-dejavnost\/zakljuceni-projekti\/\"><strong><span style=\"color: #3366ff;\"><span class=\"button\" style=\"font-size: 12pt;\">OPET mre\u017ea<\/span><\/span><\/strong><\/a><\/p>\n<div align=\"justify\">\n<p><a href=\"https:\/\/web.fs.uni-lj.si\/LOSK\/raziskovalna-dejavnost\/zakljuceni-projekti\/\"><strong><span style=\"color: #3366ff;\"><span class=\"button\" style=\"font-size: 12pt;\">Thermal energy storage (Bilateral project: TUR &#8211; SLO)<\/span><\/span><\/strong><\/a><\/p>\n<div align=\"justify\">\n<h1 style=\"text-align: left;\"><span style=\"color: #fe6663;\"><strong>Slovenski<\/strong><\/span><\/h1>\n<p><a href=\"https:\/\/web.fs.uni-lj.si\/LOSK\/raziskovalna-dejavnost\/aktualni-projekti\/\"><strong><span style=\"color: #3366ff;\"><span class=\"button\" style=\"font-size: 12pt;\">Napredni materiali za shranjevanje toplote za celostne re\u0161itve skladi\u0161\u010denja (ARRS)<\/span><\/span><\/strong><\/a><\/p>\n<div align=\"justify\">\u00a0<img decoding=\"async\" class=\"wp-image-443 size-medium alignleft\" src=\"https:\/\/web.fs.uni-lj.si\/LOSK\/wp-content\/uploads\/2018\/03\/network-1987209_1920-300x200.jpg\" alt=\"\" width=\"300\" height=\"200\" \/><\/div>\n<\/div>\n<\/div>\n<\/div>\n","protected":false},"excerpt":{"rendered":"<p>Mednarodni projekti HEART (EU HORIZON 2020) OPET mre\u017ea Thermal energy storage (Bilateral project: TUR &#8211; SLO) Slovenski Napredni materiali za shranjevanje toplote za celostne re\u0161itve skladi\u0161\u010denja (ARRS) \u00a0<\/p>\n","protected":false},"author":1,"featured_media":0,"parent":0,"menu_order":0,"comment_status":"closed","ping_status":"closed","template":"page-templates\/full-width.php","meta":{"footnotes":""},"class_list":["post-485","page","type-page","status-publish","hentry"],"_links":{"self":[{"href":"https:\/\/web.fs.uni-lj.si\/losk\/wp-json\/wp\/v2\/pages\/485","targetHints":{"allow":["GET"]}}],"collection":[{"href":"https:\/\/web.fs.uni-lj.si\/losk\/wp-json\/wp\/v2\/pages"}],"about":[{"href":"https:\/\/web.fs.uni-lj.si\/losk\/wp-json\/wp\/v2\/types\/page"}],"author":[{"embeddable":true,"href":"https:\/\/web.fs.uni-lj.si\/losk\/wp-json\/wp\/v2\/users\/1"}],"replies":[{"embeddable":true,"href":"https:\/\/web.fs.uni-lj.si\/losk\/wp-json\/wp\/v2\/comments?post=485"}],"version-history":[{"count":4,"href":"https:\/\/web.fs.uni-lj.si\/losk\/wp-json\/wp\/v2\/pages\/485\/revisions"}],"predecessor-version":[{"id":570,"href":"https:\/\/web.fs.uni-lj.si\/losk\/wp-json\/wp\/v2\/pages\/485\/revisions\/570"}],"wp:attachment":[{"href":"https:\/\/web.fs.uni-lj.si\/losk\/wp-json\/wp\/v2\/media?parent=485"}],"curies":[{"name":"wp","href":"https:\/\/api.w.org\/{rel}","templated":true}]}}