{"id":456,"date":"2018-03-13T13:04:22","date_gmt":"2018-03-13T12:04:22","guid":{"rendered":"https:\/\/web.fs.uni-lj.si\/LOSK\/toWP\/?page_id=456"},"modified":"2018-03-15T17:04:15","modified_gmt":"2018-03-15T16:04:15","slug":"clanki","status":"publish","type":"page","link":"https:\/\/web.fs.uni-lj.si\/losk\/publikacije-reference\/clanki\/","title":{"rendered":"\u010clanki"},"content":{"rendered":"<div>\n<p><strong><span style=\"color: #3366ff;\"><span class=\"button\" style=\"font-size: 12pt;\">2018<\/span><\/span><\/strong><\/p>\n<div align=\"justify\">\n<h5><a name=\"1\"><\/a><b>1. <\/b> KRESE, Gorazd, KO\u017dELJ, Rok, BUTALA, Vincenc, STRITIH, Uro\u0161. Thermochemical seasonal solar energy storage for heating and cooling of buildings. <i>Energy and buildings<\/i>, ISSN 0378-7788. [Print ed.], 2018, [v tisku, 35 str.], ilustr. <a class=\"red\" href=\"http:\/\/www.sciencedirect.com\/science\/article\/pii\/S0378778817301469\"> http:\/\/www.sciencedirect.com\/science\/article\/pii\/S0378778817301469<\/a>, doi: <a class=\"red\" href=\"https:\/\/doi.org\/10.1016\/j.enbuild.2017.12.057\" target=\"doi\">10.1016\/j.enbuild.2017.12.057<\/a>. [COBISS.SI-ID <a class=\"red\" href=\"https:\/\/plus.si.cobiss.net\/opac7\/bib\/15839515?lang=sl\" target=\"_blank\" rel=\"noopener\">15839515<\/a>]<\/h5>\n<p><strong><span style=\"color: #3366ff;\"><span class=\"button\" style=\"font-size: 12pt;\">2017<\/span><\/span><\/strong><\/p>\n<h5><a name=\"2\"><\/a><b> 2. <\/b> STRITIH, Uro\u0161, KO\u017dELJ, Rok. Analysis of adsorption thermal storage device for solar energy storage. <i>International journal of green technology<\/i>, ISSN 2414-2077, 2017, vol. 3, str. 23-34, ilustr. <a class=\"red\" href=\"https:\/\/ijgtech.com\/ijgtv3a3\/\"> https:\/\/ijgtech.com\/ijgtv3a3\/<\/a>. [COBISS.SI-ID <a class=\"red\" href=\"https:\/\/plus.si.cobiss.net\/opac7\/bib\/15757339?lang=sl\" target=\"_blank\" rel=\"noopener\">15757339<\/a>]<\/h5>\n<h5><a name=\"3\"><\/a><b> 3. <\/b> STRITIH, Uro\u0161, KO\u017dELJ, Rok. Materials and numerical analysis of thermochemical seasonal solar energy storage for building thermal comfort applications : a review. <i>Research journal of environmental sciences<\/i>, ISSN 1819-3412, 2017, vol. 11, no. 4, str. 177-191, ilustr. <a class=\"red\" href=\"http:\/\/scialert.net\/qredirect.php?doi=rjes.2017.177.191&amp;linkid=pdf\"> http:\/\/scialert.net\/qredirect.php?doi=rjes.2017.177.191&amp;linkid=pdf<\/a>, doi: <a class=\"red\" href=\"https:\/\/doi.org\/10.3923\/rjes.2017.177.191\" target=\"doi\">10.3923\/rjes.2017.177.191<\/a>. [COBISS.SI-ID <a class=\"red\" href=\"https:\/\/plus.si.cobiss.net\/opac7\/bib\/15720219?lang=sl\" target=\"_blank\" rel=\"noopener\">15720219<\/a>]<\/h5>\n<h5><a name=\"4\"><\/a><b> 4. <\/b> STRITIH, Uro\u0161, CHARV\u00c1T, Pavel, KO\u017dELJ, Rok, KLIME\u0160, Lubom\u00edr, OSTERMAN, Eneja, OSTR\u00dd, Milan, BUTALA, Vincenc. PCM thermal energy storage in solar heating of ventilation air : experimental and numerical investigations. <i>Sustainable cities and society<\/i>, ISSN 2210-6715. [Spletna izd.], 2017, vol. , [sprejeto v objavo, 23 str.], ilustr. <a class=\"red\" href=\"http:\/\/www.sciencedirect.com\/science\/article\/pii\/S2210670717309605?via%3Dihub\"> http:\/\/www.sciencedirect.com\/science\/article\/pii\/S2210670717309605?via%3Dihub<\/a>, doi: <a class=\"red\" href=\"https:\/\/doi.org\/10.1016\/j.scs.2017.10.018\" target=\"doi\">10.1016\/j.scs.2017.10.018<\/a>. [COBISS.SI-ID <a class=\"red\" href=\"https:\/\/plus.si.cobiss.net\/opac7\/bib\/15795739?lang=sl\" target=\"_blank\" rel=\"noopener\">15795739<\/a>]<\/h5>\n<p><strong><span style=\"color: #3366ff;\"><span class=\"button\" style=\"font-size: 12pt;\">2016<\/span><\/span><\/strong><\/p>\n<h5><a name=\"5\"><\/a><b> 5. <\/b> STROPNIK, Rok, STRITIH, Uro\u0161. Increasing the efficiency of PV panel with the use of PCM. <i>Renewable energy<\/i>, ISSN 0960-1481. [Print ed.], Nov. 2016, vol. 97, str. 671-679, ilustr. <a class=\"red\" href=\"http:\/\/www.sciencedirect.com\/science\/article\/pii\/S0960148116305237\"> http:\/\/www.sciencedirect.com\/science\/article\/pii\/S0960148116305237<\/a>, doi: <a class=\"red\" href=\"https:\/\/doi.org\/10.1016\/j.renene.2016.06.011\" target=\"doi\">10.1016\/j.renene.2016.06.011<\/a>. [COBISS.SI-ID <a class=\"red\" href=\"https:\/\/plus.si.cobiss.net\/opac7\/bib\/14692891?lang=sl\" target=\"_blank\" rel=\"noopener\">14692891<\/a>]<\/h5>\n<p><strong><span style=\"color: #3366ff;\"><span class=\"button\" style=\"font-size: 12pt;\">2015<\/span><\/span><\/strong><\/p>\n<h5><a name=\"6\"><\/a><b> 6. <\/b> OSTERMAN, Eneja, HAGEL, K., RATHGEBER, C., BUTALA, Vincenc, STRITIH, Uro\u0161. Parametrical analysis of latent heat and cold storage for heating and cooling of rooms. <i>Applied thermal engineering<\/i>, ISSN 1359-4311. [Print ed.], Jun. 2015, vol. 84, str. 138-149, ilustr., doi: <a class=\"red\" href=\"https:\/\/doi.org\/10.1016\/j.applthermaleng.2015.02.081\" target=\"doi\">10.1016\/j.applthermaleng.2015.02.081<\/a>. [COBISS.SI-ID <a class=\"red\" href=\"https:\/\/plus.si.cobiss.net\/opac7\/bib\/13978139?lang=sl\" target=\"_blank\" rel=\"noopener\">13978139<\/a>]v<\/p>\n<h5><a name=\"7\"><\/a><b> 7. <\/b> OSTERMAN, Eneja, BUTALA, Vincenc, STRITIH, Uro\u0161. PCM thermal storage system for free heating and cooling of buildings. <i>Energy and buildings<\/i>, ISSN 0378-7788. [Print ed.], Nov. 2015, vol. 106, str. 125-133, ilustr., doi: <a class=\"red\" href=\"https:\/\/doi.org\/10.1016\/j.enbuild.2015.04.012\" target=\"doi\">10.1016\/j.enbuild.2015.04.012<\/a>. [COBISS.SI-ID <a class=\"red\" href=\"https:\/\/plus.si.cobiss.net\/opac7\/bib\/14117659?lang=sl\" target=\"_blank\" rel=\"noopener\">14117659<\/a>]v<\/p>\n<h5><a name=\"8\"><\/a><b> 8. <\/b> STRITIH, Uro\u0161, PAKSOY, Halime, TURGUT, Bekir, OSTERMAN, Eneja, EVLIYA, Hunay, BUTALA, Vincenc. Sustainable energy management : solar energy and thermal storage technologies in two Mediterranean countries. <i>Management of environmental quality<\/i>, ISSN 1477-7835, 2015, vol. 26, iss. 5, str. 764-790, ilustr., doi: <a class=\"red\" href=\"https:\/\/doi.org\/10.1108\/MEQ-06-2013-0063\" target=\"doi\">10.1108\/MEQ-06-2013-0063<\/a>. [COBISS.SI-ID <a class=\"red\" href=\"https:\/\/plus.si.cobiss.net\/opac7\/bib\/14117915?lang=sl\" target=\"_blank\" rel=\"noopener\">14117915<\/a>]<\/h5>\n<p><strong><span style=\"color: #3366ff;\"><span class=\"button\" style=\"font-size: 12pt;\">2014<\/span><\/span><\/strong><\/p>\n<h5><a name=\"9\"><\/a><b> 9. <\/b> STRITIH, Uro\u0161, BOMBA\u010c, Andrej. Description and analysis of adsorption heat storage device. <i>Strojni\u0161ki vestnik<\/i>, ISSN 0039-2480, Oct. 2014, vol. 60, no. 10, str. 619-628, SI 117, ilustr., doi: <a class=\"red\" href=\"https:\/\/doi.org\/10.5545\/sv-jme.2014.1814\" target=\"doi\">10.5545\/sv-jme.2014.1814<\/a>. [COBISS.SI-ID <a class=\"red\" href=\"https:\/\/plus.si.cobiss.net\/opac7\/bib\/13716507?lang=sl\" target=\"_blank\" rel=\"noopener\">13716507<\/a>]<\/h5>\n<p><strong><span style=\"color: #3366ff;\"><span class=\"button\" style=\"font-size: 12pt;\">2013<\/span><\/span><\/strong><\/p>\n<h5><a name=\"10\"><\/a><b> 10. <\/b> STRITIH, Uro\u0161, OSTERMAN, Eneja, EVLIYA, Hunay, BUTALA, Vincenc, PAKSOY, Halime. Exploiting solar energy potential through thermal energy storage in Slovenia and Turkey. <i>Renewable &amp; sustainable energy reviews : an international journal<\/i>, ISSN 1364-0321. [Print ed.], Sep. 2013, vol. 25, str. 442-461, ilustr., doi: <a class=\"red\" href=\"https:\/\/doi.org\/10.1016\/j.rser.2013.04.020\" target=\"doi\">10.1016\/j.rser.2013.04.020<\/a>. [COBISS.SI-ID <a class=\"red\" href=\"https:\/\/plus.si.cobiss.net\/opac7\/bib\/12942619?lang=sl\" target=\"_blank\" rel=\"noopener\">12942619<\/a>]<\/h5>\n<\/div>\n<\/div>\n","protected":false},"excerpt":{"rendered":"<p>2018 1. KRESE, Gorazd, KO\u017dELJ, Rok, BUTALA, Vincenc, STRITIH, Uro\u0161. Thermochemical seasonal solar energy storage for heating and cooling of buildings. Energy and buildings, ISSN 0378-7788. [Print ed.], 2018, [v tisku, 35 str.], ilustr. http:\/\/www.sciencedirect.com\/science\/article\/pii\/S0378778817301469, doi: 10.1016\/j.enbuild.2017.12.057. [COBISS.SI-ID 15839515] 2017 2. STRITIH, Uro\u0161, KO\u017dELJ, Rok. Analysis of adsorption thermal storage device for solar energy storage. International journal of green technology,<\/p>\n<p><a class=\"more-link\" href=\"https:\/\/web.fs.uni-lj.si\/losk\/publikacije-reference\/clanki\/\">Read More<\/a><\/p>\n","protected":false},"author":1,"featured_media":0,"parent":441,"menu_order":0,"comment_status":"closed","ping_status":"closed","template":"page-templates\/full-width.php","meta":{"footnotes":""},"class_list":["post-456","page","type-page","status-publish","hentry"],"_links":{"self":[{"href":"https:\/\/web.fs.uni-lj.si\/losk\/wp-json\/wp\/v2\/pages\/456","targetHints":{"allow":["GET"]}}],"collection":[{"href":"https:\/\/web.fs.uni-lj.si\/losk\/wp-json\/wp\/v2\/pages"}],"about":[{"href":"https:\/\/web.fs.uni-lj.si\/losk\/wp-json\/wp\/v2\/types\/page"}],"author":[{"embeddable":true,"href":"https:\/\/web.fs.uni-lj.si\/losk\/wp-json\/wp\/v2\/users\/1"}],"replies":[{"embeddable":true,"href":"https:\/\/web.fs.uni-lj.si\/losk\/wp-json\/wp\/v2\/comments?post=456"}],"version-history":[{"count":0,"href":"https:\/\/web.fs.uni-lj.si\/losk\/wp-json\/wp\/v2\/pages\/456\/revisions"}],"up":[{"embeddable":true,"href":"https:\/\/web.fs.uni-lj.si\/losk\/wp-json\/wp\/v2\/pages\/441"}],"wp:attachment":[{"href":"https:\/\/web.fs.uni-lj.si\/losk\/wp-json\/wp\/v2\/media?parent=456"}],"curies":[{"name":"wp","href":"https:\/\/api.w.org\/{rel}","templated":true}]}}