{"id":450,"date":"2018-03-13T12:36:54","date_gmt":"2018-03-13T11:36:54","guid":{"rendered":"https:\/\/web.fs.uni-lj.si\/LOSK\/toWP\/?page_id=450"},"modified":"2018-04-16T15:08:37","modified_gmt":"2018-04-16T14:08:37","slug":"zakljuceni-projekti","status":"publish","type":"page","link":"https:\/\/web.fs.uni-lj.si\/losk\/raziskovalna-dejavnost\/zakljuceni-projekti\/","title":{"rendered":"Zaklju\u010deni projekti"},"content":{"rendered":"<h1 style=\"text-align: left;\"><span style=\"color: #fe6663;\"><strong>Mednarodni projekti<\/strong><\/span><\/h1>\n<p><strong><span style=\"color: #3366ff;\"><span class=\"button\" style=\"font-size: 12pt;\">OPET mre\u017ea<\/span><\/span><\/strong><\/p>\n<div align=\"justify\">\n<p>Opis projekta:<\/p>\n<h4>Projekti OPET (Organizacija za promocijo energetskih tehnologij) se izvajajo v okviru 5. okvirnega programa EU in v okviru programa ENERGIE. Sodelovanje dveh programov naj bi zagotovilo visok tehnolo\u0161ki nivo ob hkratnem poudarku na inovacijah, prenosu tehnologij, u\u010dinkovitem izkori\u0161\u010danju rezultatov in tesnem sodelovanju s trgom.<br \/>\nUL-FS CEET je \u010dlan mre\u017ee OPET. Mre\u017ea OPET obstaja \u017ee od leta 1992 in zdru\u017euje 45 organizacij iz EU, dr\u017eav Srednje in vzhodne Evrope ter nekaterih neevropskih dr\u017eav. \u010clanstvo v mre\u017ei sorodnih organizacij omogo\u010da mo\u017enost hitrega in kakovostnega dostopa do znanj in tehnologij na podro\u010dju u\u010dinkovitih energetskih tehnologij ter omogo\u010da hitrej\u0161i prenos novih spoznanj v prakso. Hkrati se z vklju\u010devanjem v izvajanje mednarodnih aktivnosti v okviru programov ponujajo tudi nove mo\u017enosti za sodelovanje na mednarodni ravni.<\/h4>\n<h5 style=\"text-align: left;\"><a href=\"http:\/\/lab.fs.uni-lj.si\/opet\/si\/index.htm\"><span style=\"color: #fe6663;\"><strong>Ve\u010d &gt;&gt;<\/strong><\/span><\/a><\/h5>\n<\/div>\n<div align=\"justify\">\n<p><strong><span style=\"color: #3366ff;\"><span class=\"button\" style=\"font-size: 12pt;\">Thermal energy storage (Bilateral project: TUR &#8211; SLO)<\/span><\/span><\/strong><\/p>\n<div align=\"justify\">\n<p>Opis projekta (EN):<\/p>\n<h4>This project aims to realize an intensive cooperation between Slovenia and Turkey to introduce thermal energy storage for efficient use of solar energy in Slovenia and Turkey. The objectives of this project will be to carry out research, development and deployment of activities to define energy and TES requirements for solar heating and cooling applications in different climates and by different users. Material problems and solutions associated with TES solar applications will be identified. New materials for TES in solar heating and cooling systems will be developed. The guidelines for standard methods of evaluating and designing TES systems will be adapted. Using the results of the project, a cost-effective and efficient solar heating and cooling plant for \u00c7ukurova University Faculty of Arts and Sciences will be designed. Through exchange activities young researchers in this field will be educated which will increase awareness and the number of experts in this field. Information will be disseminated to a larger group from different sectors through the workshops to be organized. Such dissemination activities will emphasize environmental benefits of reduced fossil fuel consumption and the mutually beneficial combination of solar energy and TES.<\/h4>\n<h5 style=\"text-align: left;\"><a href=\"http:\/\/lab.fs.uni-lj.si\/los\/index.html\"><span style=\"color: #fe6663;\"><strong>Ve\u010d &gt;&gt;<\/strong><\/span><\/a><\/h5>\n<\/div>\n<h1 style=\"text-align: left;\"><span style=\"color: #fe6663;\"><strong>Slovenski<\/strong><\/span><\/h1>\n<p><strong><span style=\"color: #3366ff;\"><span class=\"button\" style=\"font-size: 12pt;\">Prihaja&#8230;<\/span><\/span><\/strong><\/p>\n<div align=\"justify\">\n<p>Opis projekta:<\/p>\n<h4>V izdelavi&#8230;<\/h4>\n<\/div>\n<\/div>\n","protected":false},"excerpt":{"rendered":"<p>Mednarodni projekti OPET mre\u017ea Opis projekta: Projekti OPET (Organizacija za promocijo energetskih tehnologij) se izvajajo v okviru 5. okvirnega programa EU in v okviru programa ENERGIE. Sodelovanje dveh programov naj bi zagotovilo visok tehnolo\u0161ki nivo ob hkratnem poudarku na inovacijah, prenosu tehnologij, u\u010dinkovitem izkori\u0161\u010danju rezultatov in tesnem sodelovanju s trgom. UL-FS CEET je \u010dlan mre\u017ee OPET. Mre\u017ea OPET obstaja \u017ee<\/p>\n<p><a class=\"more-link\" href=\"https:\/\/web.fs.uni-lj.si\/losk\/raziskovalna-dejavnost\/zakljuceni-projekti\/\">Read More<\/a><\/p>\n","protected":false},"author":1,"featured_media":0,"parent":147,"menu_order":0,"comment_status":"closed","ping_status":"closed","template":"page-templates\/full-width.php","meta":{"footnotes":""},"class_list":["post-450","page","type-page","status-publish","hentry"],"_links":{"self":[{"href":"https:\/\/web.fs.uni-lj.si\/losk\/wp-json\/wp\/v2\/pages\/450","targetHints":{"allow":["GET"]}}],"collection":[{"href":"https:\/\/web.fs.uni-lj.si\/losk\/wp-json\/wp\/v2\/pages"}],"about":[{"href":"https:\/\/web.fs.uni-lj.si\/losk\/wp-json\/wp\/v2\/types\/page"}],"author":[{"embeddable":true,"href":"https:\/\/web.fs.uni-lj.si\/losk\/wp-json\/wp\/v2\/users\/1"}],"replies":[{"embeddable":true,"href":"https:\/\/web.fs.uni-lj.si\/losk\/wp-json\/wp\/v2\/comments?post=450"}],"version-history":[{"count":4,"href":"https:\/\/web.fs.uni-lj.si\/losk\/wp-json\/wp\/v2\/pages\/450\/revisions"}],"predecessor-version":[{"id":577,"href":"https:\/\/web.fs.uni-lj.si\/losk\/wp-json\/wp\/v2\/pages\/450\/revisions\/577"}],"up":[{"embeddable":true,"href":"https:\/\/web.fs.uni-lj.si\/losk\/wp-json\/wp\/v2\/pages\/147"}],"wp:attachment":[{"href":"https:\/\/web.fs.uni-lj.si\/losk\/wp-json\/wp\/v2\/media?parent=450"}],"curies":[{"name":"wp","href":"https:\/\/api.w.org\/{rel}","templated":true}]}}