{"id":381,"date":"2018-02-28T13:03:56","date_gmt":"2018-02-28T12:03:56","guid":{"rendered":"https:\/\/web.fs.uni-lj.si\/LOSK\/toWP\/?page_id=381"},"modified":"2018-04-16T14:56:13","modified_gmt":"2018-04-16T13:56:13","slug":"i-stopnja","status":"publish","type":"page","link":"https:\/\/web.fs.uni-lj.si\/losk\/pedagoska-dejavnost\/i-stopnja\/","title":{"rendered":"I. Stopnja"},"content":{"rendered":"<h1 style=\"text-align: left;\"><span style=\"color: #fe6663;\"><strong>RR<\/strong><\/span><\/h1>\n<p><a href=\"https:\/\/web.fs.uni-lj.si\/LOSK\/?page_id=39\"><strong><span style=\"color: #3366ff;\"><span class=\"button\" style=\"font-size: 12pt;\">Notranje okolje<\/span><\/span><\/strong><\/a><\/p>\n<div align=\"justify\">\n<p>Opis predmeta:<\/p>\n<h4>Notranje okolje predstavlja osnovni strokovni predmet poznavanja zakonitosti delovnega in bivalnega okolja v zgradbah. \u0160tudent spozna vplivne parametre in kriterije notranjega okolja (toplotno okolje, kakovost zraka, \u2026), ki dinami\u010dno vplivajo na ugodje in tudi lahko predstavljajo tveganje za \u010dlovekovo zdravje. Podani bodo vzroki za nastanek \u010dloveku \u0161kodljivega notranjega okolja in ukrepi in modeli za njegovo izbolj\u0161anje. Podane bodo osnove za sintezo in poznavanje obravnavanega okolja z u\u010dinkovitim prezra\u010devanjem in odstranitvijo \u0161kodljivih primesi ter analizo starosti zraka.<\/h4>\n<\/div>\n<h1 style=\"text-align: left;\"><span style=\"color: #fe6663;\"><strong>PAP<br \/>\n<\/strong><\/span><\/h1>\n<p><a href=\"https:\/\/web.fs.uni-lj.si\/LOSK\/?page_id=41\"><strong><span style=\"color: #3366ff;\"><span class=\"button\" style=\"font-size: 12pt;\">Raba energije<\/span><\/span><\/strong><\/a><\/p>\n<div align=\"justify\">\n<p>Opis predmeta:<\/p>\n<h4>Vsebina predmeta podaja tematiko vezano na u\u010dinkovito rabo energije v vseh sektorjih njene rabe, tako stavbnem kakor industrijskem. Podane so metode za evalvacijo u\u010dinkovite rabe energije, metode energetskega gospodarstva (managementa), uporaba energetskega knjigovodstva ter postopki za energijski pregled stavb in industrijskih procesov. Podani so kriterije rabe energije in energetska izkaznica. Za doseganje u\u010dinkovite rabe energije so podani ukrepi in metode za njeno pove\u010danje, ki so ekonomsko ovrednotene. Predstavljen je model osnovnega ekonomskega vrednotenja energijskih investicijskih projektov. Podan je model energijskih tokov v stavbah in industriji, ter model za napoved rabe energije. Podane so zahteve \u2013 ukrepi za dvig energijske u\u010dinkovitosti na lupini stavbe, napravah in sistemih ogrevanja, prezra\u010devanja, hlajenja, klimatizacije, priprave tople vode, tehnolo\u0161kih procesih, itd. Posebej je izpostavljena raba energije v stavbnem sektorju in v industriji. Pojem industrijske proizvodnje se vedno nana\u0161a na rabo energije in energentov. Predstavljeni so sistemi, ki to omogo\u010dajo. Poleg elektri\u010dne energije so proizvodnji \u0161e naslednji nosilci energij: goriva, vro\u010da voda in para, ter vro\u010di in komprimirani zrak. Ti nosilci energije se v tehnolo\u0161kih procesih porabljajo neposredno ali posredno. Obravnavana je \u0161e tehnolo\u0161ka voda, priprava, uporaba in predpisi o izpustih v okolje. Pomembno poglavje so energetski pregledi, kjer so predstavljeni principi u\u010dinkovite rabe energije, postopki za povi\u0161evanje energijskih izkoristkov in temeljna na\u010dela izkori\u0161\u010danja odpadnih toplot iz procesov. Podani so totalni energetski sistemi in njihova energijska u\u010dinkovitost z mo\u017enostjo energijske samooskrbe stavb. Specifi\u010dnemu industrijskemu prezra\u010devanju, ki je obi\u010dajno energijsko potratno, je posve\u010dena zaklju\u010dna vsebina predmeta.<\/h4>\n<\/div>\n<p><a href=\"https:\/\/web.fs.uni-lj.si\/LOSK\/?page_id=45\"><strong><span style=\"color: #3366ff;\"><span class=\"button\" style=\"font-size: 12pt;\">Ogrevanje, hlajenje, klimatizacija<\/span><\/span><\/strong><\/a><\/p>\n<div align=\"justify\">\n<p>Opis predmeta:<\/p>\n<h4>V izdelavi&#8230;<\/h4>\n<\/div>\n<p><a href=\"https:\/\/web.fs.uni-lj.si\/LOSK\/?page_id=52\"><strong><span style=\"color: #3366ff;\"><span class=\"button\" style=\"font-size: 12pt;\">Stavbna tehnika<\/span><\/span><\/strong><\/a><\/p>\n<div align=\"justify\">\n<p>Opis predmeta:<\/p>\n<h4>V izdelavi&#8230;<\/h4>\n<\/div>\n","protected":false},"excerpt":{"rendered":"<p>RR Notranje okolje Opis predmeta: Notranje okolje predstavlja osnovni strokovni predmet poznavanja zakonitosti delovnega in bivalnega okolja v zgradbah. \u0160tudent spozna vplivne parametre in kriterije notranjega okolja (toplotno okolje, kakovost zraka, \u2026), ki dinami\u010dno vplivajo na ugodje in tudi lahko predstavljajo tveganje za \u010dlovekovo zdravje. Podani bodo vzroki za nastanek \u010dloveku \u0161kodljivega notranjega okolja in ukrepi in modeli za njegovo<\/p>\n<p><a class=\"more-link\" href=\"https:\/\/web.fs.uni-lj.si\/losk\/pedagoska-dejavnost\/i-stopnja\/\">Read More<\/a><\/p>\n","protected":false},"author":1,"featured_media":0,"parent":133,"menu_order":0,"comment_status":"closed","ping_status":"closed","template":"page-templates\/full-width.php","meta":{"footnotes":""},"class_list":["post-381","page","type-page","status-publish","hentry"],"_links":{"self":[{"href":"https:\/\/web.fs.uni-lj.si\/losk\/wp-json\/wp\/v2\/pages\/381","targetHints":{"allow":["GET"]}}],"collection":[{"href":"https:\/\/web.fs.uni-lj.si\/losk\/wp-json\/wp\/v2\/pages"}],"about":[{"href":"https:\/\/web.fs.uni-lj.si\/losk\/wp-json\/wp\/v2\/types\/page"}],"author":[{"embeddable":true,"href":"https:\/\/web.fs.uni-lj.si\/losk\/wp-json\/wp\/v2\/users\/1"}],"replies":[{"embeddable":true,"href":"https:\/\/web.fs.uni-lj.si\/losk\/wp-json\/wp\/v2\/comments?post=381"}],"version-history":[{"count":2,"href":"https:\/\/web.fs.uni-lj.si\/losk\/wp-json\/wp\/v2\/pages\/381\/revisions"}],"predecessor-version":[{"id":563,"href":"https:\/\/web.fs.uni-lj.si\/losk\/wp-json\/wp\/v2\/pages\/381\/revisions\/563"}],"up":[{"embeddable":true,"href":"https:\/\/web.fs.uni-lj.si\/losk\/wp-json\/wp\/v2\/pages\/133"}],"wp:attachment":[{"href":"https:\/\/web.fs.uni-lj.si\/losk\/wp-json\/wp\/v2\/media?parent=381"}],"curies":[{"name":"wp","href":"https:\/\/api.w.org\/{rel}","templated":true}]}}