{"id":3,"date":"2018-02-13T14:54:21","date_gmt":"2018-02-13T14:54:21","guid":{"rendered":"https:\/\/web.fs.uni-lj.si\/LOSK\/toWP\/?page_id=3"},"modified":"2018-03-15T17:04:15","modified_gmt":"2018-03-15T16:04:15","slug":"predstavitev","status":"publish","type":"page","link":"https:\/\/web.fs.uni-lj.si\/losk\/o-nas\/predstavitev\/","title":{"rendered":"Predstavitev laboratorija"},"content":{"rendered":"<h3 align=\"justify\">Slovenski laboratorij za podro\u010dja: energija, za\u0161\u010dita okolja, ogrevanje, prezra\u010devanje, klimatizacija, sanitarna tehnika, obnovljivi viri energije ter notranje okolje, ki je bil ustanovljen leta 1970.<\/h3>\n<h3><!--more--><\/h3>\n<h3 align=\"justify\">Osnovne dejavnosti so pedago\u0161ko in znanstveno-raziskovalno delo, aplikativno in razvojno delo ter certificiranje in presku\u0161anje izdelkov ter izdelava ekspertiz in strokovnih mnenj ter poro\u010dil.<\/h3>\n<h3 align=\"justify\">Laboratorij deluje na podro\u010djih novih tehnologij zgorevanja, ogrevalnih sistemov, prezra\u010devalnih in klimatskih naprav ter sistemov, notranjega okolja (toplotno okolje, kakovost zraka, osvetljenost), elementov in sistemov obnovljivih virov energije (solarni sistemi, biomasa, soproizvodnja toplote in elektri\u010dne energije s pomo\u010djo OVE,&#8230;), sanitarnih armatur, tehnike in cevovodov, gospodinjskih aparatov.<\/h3>\n","protected":false},"excerpt":{"rendered":"<p>Slovenski laboratorij za podro\u010dja: energija, za\u0161\u010dita okolja, ogrevanje, prezra\u010devanje, klimatizacija, sanitarna tehnika, obnovljivi viri energije ter notranje okolje, ki je bil ustanovljen leta 1970.<\/p>\n","protected":false},"author":1,"featured_media":96,"parent":155,"menu_order":8,"comment_status":"closed","ping_status":"closed","template":"page-templates\/full-width.php","meta":{"footnotes":""},"class_list":["post-3","page","type-page","status-publish","has-post-thumbnail","hentry"],"_links":{"self":[{"href":"https:\/\/web.fs.uni-lj.si\/losk\/wp-json\/wp\/v2\/pages\/3","targetHints":{"allow":["GET"]}}],"collection":[{"href":"https:\/\/web.fs.uni-lj.si\/losk\/wp-json\/wp\/v2\/pages"}],"about":[{"href":"https:\/\/web.fs.uni-lj.si\/losk\/wp-json\/wp\/v2\/types\/page"}],"author":[{"embeddable":true,"href":"https:\/\/web.fs.uni-lj.si\/losk\/wp-json\/wp\/v2\/users\/1"}],"replies":[{"embeddable":true,"href":"https:\/\/web.fs.uni-lj.si\/losk\/wp-json\/wp\/v2\/comments?post=3"}],"version-history":[{"count":1,"href":"https:\/\/web.fs.uni-lj.si\/losk\/wp-json\/wp\/v2\/pages\/3\/revisions"}],"predecessor-version":[{"id":629,"href":"https:\/\/web.fs.uni-lj.si\/losk\/wp-json\/wp\/v2\/pages\/3\/revisions\/629"}],"up":[{"embeddable":true,"href":"https:\/\/web.fs.uni-lj.si\/losk\/wp-json\/wp\/v2\/pages\/155"}],"wp:featuredmedia":[{"embeddable":true,"href":"https:\/\/web.fs.uni-lj.si\/losk\/wp-json\/wp\/v2\/media\/96"}],"wp:attachment":[{"href":"https:\/\/web.fs.uni-lj.si\/losk\/wp-json\/wp\/v2\/media?parent=3"}],"curies":[{"name":"wp","href":"https:\/\/api.w.org\/{rel}","templated":true}]}}