{"id":21,"date":"2011-11-21T10:21:27","date_gmt":"2011-11-21T10:21:27","guid":{"rendered":"https:\/\/web.fs.uni-lj.si\/LOSK\/toWP\/podroja\/"},"modified":"2018-03-15T17:36:58","modified_gmt":"2018-03-15T16:36:58","slug":"podroja","status":"publish","type":"page","link":"https:\/\/web.fs.uni-lj.si\/losk\/podroja\/","title":{"rendered":"Podro\u010dja"},"content":{"rendered":"<h1 style=\"text-align: left;\"><span style=\"color: #fe6663;\"><strong>Podro\u010dja osnovnih raziskav<\/strong><\/span><\/h1>\n<ul>\n<li>prenos toplote in snovi v stavbah in napravah,<\/li>\n<li>u\u010dinkovita raba energije in energijske analize,<\/li>\n<li>varstvo okolja-tehnolo\u0161ki aspekti,<\/li>\n<li>u\u010dinkovito prezra\u010devanje,<\/li>\n<li>nadzor kakovosti,<\/li>\n<li>standardizacija in predpisi,<\/li>\n<li>programska in strojna podpora,<\/li>\n<li>merilna tehnika.<\/li>\n<\/ul>\n<h1 style=\"text-align: left;\"><span style=\"color: #fe6663;\"><strong>Aplikacije<\/strong><\/span><\/h1>\n<ul>\n<li>upravljanje z energijo,<\/li>\n<li>energetski management,<\/li>\n<li>energijski pregledi stavb in naprav,<\/li>\n<li>energijske zasnove mest in naselij,<\/li>\n<li>ra\u010dunalni\u0161ko modeliranje in simulacije oson\u010denja, naravne in umetne osvetlitve,<\/li>\n<li>prenosa toplote in snovi v stavbah in napravah z numeri\u010dnimi modeli,<\/li>\n<li>ra\u010dunalni\u0161ko konstruiranje energijsko u\u010dinkovitih in nizko emisijskih kurilnih naprav,<\/li>\n<li>var\u010dna poraba vode.<\/li>\n<\/ul>\n<h1 style=\"text-align: left;\"><span style=\"color: #fe6663;\"><strong>Razvoj in raziskave<\/strong><\/span><\/h1>\n<ul>\n<li>novih tehnologij zgorevanja,<\/li>\n<li>ogrevalnih sistemov,<\/li>\n<li>prezra\u010devalnih in klimatizacijskih naprav ter sistemov,<\/li>\n<li>novih tehnologij prezra\u010devanja,<\/li>\n<li>notranjega okolja (toplotno okolje, kakovost zraka, osvetljenost),<\/li>\n<li>elementov in sistemov OVE (solarni sistemi, biomasa, SPTE),<\/li>\n<li>sanitarnih armatur in cevovodov,<\/li>\n<li>gospodinjskih aparatov.<\/li>\n<\/ul>\n<h1 style=\"text-align: left;\"><span style=\"color: #fe6663;\"><strong>Preizsku\u0161anje<\/strong><\/span><\/h1>\n<ul>\n<li>plinskih elementov in naprav, kataliti\u010dnih pe\u010di na plinasta goriva,<\/li>\n<li>kurilnih naprav,<\/li>\n<li>ogreval,<\/li>\n<li>sprejemnikov son\u010dne energije (SSE),<\/li>\n<li>hranilnikov toplote,<\/li>\n<li>sanitarnih armatur,<\/li>\n<li>prezra\u010devalnih\/klimatizacijskih sistemov,<\/li>\n<li>Preizkusi notranjega okolja v stavbah in kurilnih naprav na terenu.<\/li>\n<\/ul>\n<p><span id=\"_marker\"> <\/span><span id=\"_marker\"> <\/span><span id=\"_marker\"> <\/span><span id=\"_marker\"> <\/span><br \/>\n<span id=\"_marker\"> <\/span><\/p>\n","protected":false},"excerpt":{"rendered":"<p>Podro\u010dja osnovnih raziskav prenos toplote in snovi v stavbah in napravah, u\u010dinkovita raba energije in energijske analize, varstvo okolja-tehnolo\u0161ki aspekti, u\u010dinkovito prezra\u010devanje, nadzor kakovosti, standardizacija in predpisi, programska in strojna podpora, merilna tehnika. Aplikacije upravljanje z energijo, energetski management, energijski pregledi stavb in naprav, energijske zasnove mest in naselij, ra\u010dunalni\u0161ko modeliranje in simulacije oson\u010denja, naravne in umetne osvetlitve, prenosa toplote<\/p>\n<p><a class=\"more-link\" href=\"https:\/\/web.fs.uni-lj.si\/losk\/podroja\/\">Read More<\/a><\/p>\n","protected":false},"author":1,"featured_media":0,"parent":0,"menu_order":1,"comment_status":"closed","ping_status":"closed","template":"page-templates\/full-width.php","meta":{"footnotes":""},"class_list":["post-21","page","type-page","status-publish","hentry"],"_links":{"self":[{"href":"https:\/\/web.fs.uni-lj.si\/losk\/wp-json\/wp\/v2\/pages\/21","targetHints":{"allow":["GET"]}}],"collection":[{"href":"https:\/\/web.fs.uni-lj.si\/losk\/wp-json\/wp\/v2\/pages"}],"about":[{"href":"https:\/\/web.fs.uni-lj.si\/losk\/wp-json\/wp\/v2\/types\/page"}],"author":[{"embeddable":true,"href":"https:\/\/web.fs.uni-lj.si\/losk\/wp-json\/wp\/v2\/users\/1"}],"replies":[{"embeddable":true,"href":"https:\/\/web.fs.uni-lj.si\/losk\/wp-json\/wp\/v2\/comments?post=21"}],"version-history":[{"count":0,"href":"https:\/\/web.fs.uni-lj.si\/losk\/wp-json\/wp\/v2\/pages\/21\/revisions"}],"wp:attachment":[{"href":"https:\/\/web.fs.uni-lj.si\/losk\/wp-json\/wp\/v2\/media?parent=21"}],"curies":[{"name":"wp","href":"https:\/\/api.w.org\/{rel}","templated":true}]}}