{"id":18,"date":"2011-11-19T22:06:14","date_gmt":"2011-11-19T22:06:14","guid":{"rendered":"https:\/\/web.fs.uni-lj.si\/LOSK\/toWP\/kje-smo\/"},"modified":"2018-04-24T07:05:00","modified_gmt":"2018-04-24T06:05:00","slug":"kje-smo","status":"publish","type":"page","link":"https:\/\/web.fs.uni-lj.si\/losk\/kje-smo\/","title":{"rendered":"Kontakt"},"content":{"rendered":"<h4 style=\"text-align: center;\"><span style=\"color: #fe6663;\">Naziv:<\/span><br \/>\n<span style=\"color: #fe6663;\"> <strong>Univerza v Ljubljani,<\/strong><\/span><br \/>\n<span style=\"color: #fe6663;\"><strong> Fakulteta za strojni\u0161tvo<\/strong><\/span><br \/>\n<span style=\"color: #fe6663;\"><strong> Laboratorij za ogrevalno, sanitarno in solarno tehniko ter klimatizacijo (LOSK)<\/strong><\/span><br \/>\n<span style=\"color: #fe6663;\"><strong> A\u0161ker\u010deva cesta 6, 1000 Ljubljana<\/strong><\/span><\/h4>\n<h5 style=\"text-align: center;\"><span style=\"color: #fe6663;\">Telefon: (01) 4771 200\/421<\/span><br \/>\n<span style=\"color: #fe6663;\"> Dav\u010dna \u0161tevilka: SI 28118081<\/span><br \/>\n<span style=\"color: #fe6663;\"> Mati\u010dna \u0161tevilka: 1627031000<\/span><\/h5>\n<p style=\"text-align: center;\"><iframe style=\"border: 0px none;\" src=\"https:\/\/www.google.com\/maps\/embed?pb=!1m18!1m12!1m3!1d2769.189791009659!2d14.496801615902543!3d46.04731250236492!2m3!1f0!2f0!3f0!3m2!1i1024!2i768!4f13.1!3m3!1m2!1s0x47652d6656048931%3A0x516209616d5c4ec9!2sA%C5%A1ker%C4%8Deva+cesta+6%2C+1000+Ljubljana!5e0!3m2!1ssl!2ssi!4v1518536595869\" width=\"600\" height=\"350\" frameborder=\"0\" allowfullscreen=\"allowfullscreen\"><span style=\"display: inline-block; width: 0px; overflow: hidden; line-height: 0;\" data-mce-type=\"bookmark\" class=\"mce_SELRES_start\">\ufeff<\/span><span style=\"display: inline-block; width: 0px; overflow: hidden; line-height: 0;\" data-mce-type=\"bookmark\" class=\"mce_SELRES_start\">\ufeff<\/span><span style=\"display: inline-block; width: 0px; overflow: hidden; line-height: 0;\" data-mce-type=\"bookmark\" class=\"mce_SELRES_start\">\ufeff<\/span><\/iframe><\/p>\n<div align=\"center\">[contact-form-7 id=&#8221;288&#8243; title=&#8221;Contact form 1&#8243;]<\/div>\n","protected":false},"excerpt":{"rendered":"<p>Naziv: Univerza v Ljubljani, Fakulteta za strojni\u0161tvo Laboratorij za ogrevalno, sanitarno in solarno tehniko ter klimatizacijo (LOSK) A\u0161ker\u010deva cesta 6, 1000 Ljubljana Telefon: (01) 4771 200\/421 Dav\u010dna \u0161tevilka: SI 28118081 Mati\u010dna \u0161tevilka: 1627031000 \ufeff\ufeff\ufeff [contact-form-7 id=&#8221;288&#8243; title=&#8221;Contact form 1&#8243;]<\/p>\n","protected":false},"author":1,"featured_media":0,"parent":0,"menu_order":1,"comment_status":"closed","ping_status":"closed","template":"page-templates\/full-width.php","meta":{"footnotes":""},"class_list":["post-18","page","type-page","status-publish","hentry"],"_links":{"self":[{"href":"https:\/\/web.fs.uni-lj.si\/losk\/wp-json\/wp\/v2\/pages\/18","targetHints":{"allow":["GET"]}}],"collection":[{"href":"https:\/\/web.fs.uni-lj.si\/losk\/wp-json\/wp\/v2\/pages"}],"about":[{"href":"https:\/\/web.fs.uni-lj.si\/losk\/wp-json\/wp\/v2\/types\/page"}],"author":[{"embeddable":true,"href":"https:\/\/web.fs.uni-lj.si\/losk\/wp-json\/wp\/v2\/users\/1"}],"replies":[{"embeddable":true,"href":"https:\/\/web.fs.uni-lj.si\/losk\/wp-json\/wp\/v2\/comments?post=18"}],"version-history":[{"count":1,"href":"https:\/\/web.fs.uni-lj.si\/losk\/wp-json\/wp\/v2\/pages\/18\/revisions"}],"predecessor-version":[{"id":584,"href":"https:\/\/web.fs.uni-lj.si\/losk\/wp-json\/wp\/v2\/pages\/18\/revisions\/584"}],"wp:attachment":[{"href":"https:\/\/web.fs.uni-lj.si\/losk\/wp-json\/wp\/v2\/media?parent=18"}],"curies":[{"name":"wp","href":"https:\/\/api.w.org\/{rel}","templated":true}]}}