{"id":15,"date":"2011-11-15T09:21:21","date_gmt":"2011-11-15T09:21:21","guid":{"rendered":"https:\/\/web.fs.uni-lj.si\/LOSK\/toWP\/kdo-smo\/"},"modified":"2024-06-07T10:36:21","modified_gmt":"2024-06-07T09:36:21","slug":"kdo-smo","status":"publish","type":"page","link":"https:\/\/web.fs.uni-lj.si\/losk\/o-nas\/kdo-smo\/","title":{"rendered":"\u010clani Laboratorija"},"content":{"rendered":"\n<div style=\"font-family: Arial\">\n<div class=\"container\">\n<div class=\"row\">\n<div class=\"heading-title text-center\">\n<h1><em><strong>\u010clani Laboratorija<\/strong><\/em><\/h1>\n<h3>Vodja laboratorija: <strong>izr. prof. dr. Uro\u0161 Stritih<\/strong><br>Tajni\u0161tvo: Darja Jelo\u010dnik<br><strong>Raziskovalna podro\u010dja<\/strong>: prenos toplote in snovi v stavbah in stavbnih napravah, notranje okolje, prezra\u010devanje, klimatizacija, u\u010dinkovita raba energije, za\u0161\u010dita okolja (zrak), sanitarno in\u017eenirstvo, alternativni sistemi, modeliranje.<\/h3>\n<\/div>\n<div class=\"col-md-4 col-sm-4\">\n<div class=\"team-member\">\n<figure><a href=\"https:\/\/web.fs.uni-lj.si\/LOSK\/toWP\/wp-content\/uploads\/2018\/02\/prek-fs.jpg\"><img decoding=\"async\" class=\" alignnone\" src=\"https:\/\/web.fs.uni-lj.si\/LOSK\/wp-content\/uploads\/2018\/02\/uros-stritih.jpg\" alt=\"team member\" width=\"150\" height=\"150\"><\/a><\/figure><div class=\"team-img\"><figure><\/figure><\/div>\n<div class=\"team-hover\">\n<div class=\"desk\">\n<h4><a href=\"https:\/\/www.fs.uni-lj.si\/fakulteta_za_strojnistvo\/zaposleni\/po_abecedi\/2005020314311772\/\">izr. prof. dr. Uro\u0161 Stritih, u.d.i.s.<\/a><\/h4>\n<p>Vodja laboratorija LOSK<\/p>\n<\/div>\n<h3 class=\"s-link\">[fac_icon icon=&#8221;briefcase&#8221; color=&#8221;#000000&#8243; color_hover=&#8221;#dd9933&#8243; font_size=&#8221;20&#8243;] Soba: 312<br>[fac_icon icon=&#8221;phone&#8221; color=&#8221;#000000&#8243; color_hover=&#8221;#dd9933&#8243; font_size=&#8221;20&#8243;] (+386) 1 4771 312<br>[fac_icon icon=&#8221;at&#8221; color=&#8221;#000000&#8243; color_hover=&#8221;#dd9933&#8243; font_size=&#8221;20&#8243;] uros.stritih@fs.uni-lj.si<\/h3>\n<\/div>\n<\/div>\n<div class=\"team-title\"><a href=\"http:\/\/izumbib.izum.si\/bibliografije\/Y20180313155226-15163.html\">Bibliografija<\/a><\/div>\n<\/div>\n<div class=\"col-md-4 col-sm-4\">\n<div class=\"team-member\">\n\n\n<\/div>\n<\/div>\n<\/div>\n<\/div>\n\n\n\n<div style=\"font-family: Arial\">\n<div class=\"container\">\n<div class=\"row\">\n<div class=\"heading-title text-center\"><hr><\/div>\n<div class=\"col-md-4 col-sm-4\">\n<div class=\"team-member\">\n\n<\/div>\n<div class=\"col-md-4 col-sm-4\">\n<div class=\"team-member\">\n<div class=\"team-img\"><figure><img decoding=\"async\" class=\"\" src=\"https:\/\/web.fs.uni-lj.si\/LOSK\/wp-content\/uploads\/2018\/02\/Slika.jpg\" alt=\"team member\" width=\"150\" height=\"150\"><\/figure><\/div>\n<div class=\"team-hover\">\n<div class=\"desk\">\n<h4>Ur\u0161ka Mlakar<\/h4>\n<p>Mladi raziskovalec (MR)<\/p>\n<\/div>\n<h3 class=\"s-link\">[fac_icon icon=&#8221;briefcase&#8221; color=&#8221;#000000&#8243; color_hover=&#8221;#dd9933&#8243; font_size=&#8221;20&#8243;] Soba:408 <br>[fac_icon icon=&#8221;phone&#8221; color=&#8221;#000000&#8243; color_hover=&#8221;#dd9933&#8243; font_size=&#8221;20&#8243;] (+386) 1 4771 408<br>[fac_icon icon=&#8221;at&#8221; color=&#8221;#000000&#8243; color_hover=&#8221;#dd9933&#8243; font_size=&#8221;20&#8243;] urska.mlakar@fs.uni-lj.si<\/h3>\n<\/div>\n<\/div>\n<div class=\"team-title\"><a href=\"http:\/\/izumbib.izum.si\/bibliografije\/Y20180222124916-15163.html\">Bibliografija<\/a><\/div>\n<\/div>\n<\/div>\n<\/div>\n<div class=\"container\">\n<div class=\"row\">\n<div class=\"heading-title text-center\"><hr><\/div>\n<div class=\"col-md-4 col-sm-4\">\n<div class=\"team-member\">\n<div class=\"team-img\"><figure><a href=\"https:\/\/web.fs.uni-lj.si\/LOSK\/toWP\/wp-content\/uploads\/Osebje\/us3-e1519048672697.jpg\"><img decoding=\"async\" class=\" alignnone\" src=\"https:\/\/web.fs.uni-lj.si\/LOSK\/wp-content\/uploads\/2018\/02\/Rok_Kozel.jpg\" alt=\"team member\" width=\"145\" height=\"145\"><\/a><\/figure><\/div>\n<div class=\"team-hover\">\n<div class=\"desk\">\n<h4><a href=\"https:\/\/www.fs.uni-lj.si\/fakulteta_za_strojnistvo\/zaposleni\/po_abecedi\/2017090412045835\/\">Lucija Gruden<\/a><\/h4>\n<p>Asistent<\/p>\n<\/div>\n<h3 class=\"s-link\">[fac_icon icon=&#8221;briefcase&#8221; color=&#8221;#000000&#8243; color_hover=&#8221;#dd9933&#8243; font_size=&#8221;20&#8243;] Soba: 408 <br>[fac_icon icon=&#8221;phone&#8221; color=&#8221;#000000&#8243; color_hover=&#8221;#dd9933&#8243; font_size=&#8221;20&#8243;] (+386) 1 4771 408<br>[fac_icon icon=&#8221;at&#8221; color=&#8221;#000000&#8243; color_hover=&#8221;#dd9933&#8243; font_size=&#8221;20&#8243;] lucija.gruden@fs.uni-lj.si<\/h3>\n<\/div>\n<\/div>\n<div class=\"team-title\"><a href=\"http:\/\/izumbib.izum.si\/bibliografije\/Y20180222124916-15163.html\">Bibliografija<\/a><\/div>\n<\/div>\n<div class=\"heading-title text-center\"><hr><\/div>\n\n<div class=\"col-md-4 col-sm-4\">\n<div class=\"team-member\">\n<div class=\"team-img\"><figure><img decoding=\"async\" class=\"\" src=\"https:\/\/web.fs.uni-lj.si\/LOSK\/wp-content\/uploads\/2018\/02\/Eneja.jpg\" alt=\"team member\" width=\"150\" height=\"150\"><\/figure><\/div>\n<div class=\"team-hover\">\n<div class=\"desk\">\n<h4>dr. Eneja Osterman, u.d.i.s.<\/h4>\n<p>Raziskovalka<\/p>\n<\/div>\n<h3 class=\"s-link\">[fac_icon icon=&#8221;briefcase&#8221; color=&#8221;#000000&#8243; color_hover=&#8221;#dd9933&#8243; font_size=&#8221;20&#8243;] Soba: &#8211;<br>[fac_icon icon=&#8221;phone&#8221; color=&#8221;#000000&#8243; color_hover=&#8221;#dd9933&#8243; font_size=&#8221;20&#8243;] &#8211;<br>[fac_icon icon=&#8221;at&#8221; color=&#8221;#000000&#8243; color_hover=&#8221;#dd9933&#8243; font_size=&#8221;20&#8243;] eneja.osterman@fs.uni-lj.si<\/h3>\n<\/div>\n<\/div>\n<div class=\"team-title\"><a href=\"http:\/\/izumbib.izum.si\/bibliografije\/Y20180222124916-15163.html\">Bibliografija<\/a><\/div>\n<\/div>\n<\/div>\n<\/div>\n<\/div>\n\n\n","protected":false},"excerpt":{"rendered":"<p>\u010clani Laboratorija Vodja laboratorija: izr. prof. dr. Uro\u0161 StritihTajni\u0161tvo: Darja Jelo\u010dnikRaziskovalna podro\u010dja: prenos toplote in snovi v stavbah in stavbnih napravah, notranje okolje, prezra\u010devanje, klimatizacija, u\u010dinkovita raba energije, za\u0161\u010dita okolja (zrak), sanitarno in\u017eenirstvo, alternativni sistemi, modeliranje. izr. prof. dr. Uro\u0161 Stritih, u.d.i.s. Vodja laboratorija LOSK [fac_icon icon=&#8221;briefcase&#8221; color=&#8221;#000000&#8243; color_hover=&#8221;#dd9933&#8243; font_size=&#8221;20&#8243;] Soba: 312[fac_icon icon=&#8221;phone&#8221; color=&#8221;#000000&#8243; color_hover=&#8221;#dd9933&#8243; font_size=&#8221;20&#8243;] (+386) 1 4771 312[fac_icon<\/p>\n<p><a class=\"more-link\" href=\"https:\/\/web.fs.uni-lj.si\/losk\/o-nas\/kdo-smo\/\">Read More<\/a><\/p>\n","protected":false},"author":1,"featured_media":0,"parent":155,"menu_order":2,"comment_status":"closed","ping_status":"closed","template":"","meta":{"footnotes":""},"class_list":["post-15","page","type-page","status-publish","hentry"],"_links":{"self":[{"href":"https:\/\/web.fs.uni-lj.si\/losk\/wp-json\/wp\/v2\/pages\/15","targetHints":{"allow":["GET"]}}],"collection":[{"href":"https:\/\/web.fs.uni-lj.si\/losk\/wp-json\/wp\/v2\/pages"}],"about":[{"href":"https:\/\/web.fs.uni-lj.si\/losk\/wp-json\/wp\/v2\/types\/page"}],"author":[{"embeddable":true,"href":"https:\/\/web.fs.uni-lj.si\/losk\/wp-json\/wp\/v2\/users\/1"}],"replies":[{"embeddable":true,"href":"https:\/\/web.fs.uni-lj.si\/losk\/wp-json\/wp\/v2\/comments?post=15"}],"version-history":[{"count":5,"href":"https:\/\/web.fs.uni-lj.si\/losk\/wp-json\/wp\/v2\/pages\/15\/revisions"}],"predecessor-version":[{"id":972,"href":"https:\/\/web.fs.uni-lj.si\/losk\/wp-json\/wp\/v2\/pages\/15\/revisions\/972"}],"up":[{"embeddable":true,"href":"https:\/\/web.fs.uni-lj.si\/losk\/wp-json\/wp\/v2\/pages\/155"}],"wp:attachment":[{"href":"https:\/\/web.fs.uni-lj.si\/losk\/wp-json\/wp\/v2\/media?parent=15"}],"curies":[{"name":"wp","href":"https:\/\/api.w.org\/{rel}","templated":true}]}}