{"id":147,"date":"2018-02-13T14:53:20","date_gmt":"2018-02-13T14:53:20","guid":{"rendered":"https:\/\/web.fs.uni-lj.si\/LOSK\/toWP\/?page_id=147"},"modified":"2018-03-23T10:38:25","modified_gmt":"2018-03-23T09:38:25","slug":"raziskovalna-dejavnost","status":"publish","type":"page","link":"https:\/\/web.fs.uni-lj.si\/losk\/raziskovalna-dejavnost\/","title":{"rendered":"Raziskovalna dejavnost"},"content":{"rendered":"<h1 style=\"text-align: justify;\"><span style=\"color: #fe6663;\"><strong>Raziskovalni program<\/strong><\/span><\/h1>\n<ul>\n<li style=\"list-style-type: none;\">\n<ul>Programska skupina v naslednjem raziskovalnem obdobju napoveduje raziskave in razvoj sistemov za energetsko oskrbo in rabo energije za ogrevanje, hlajenje in klimatizacijo ter procesno tehniko. Poseben poudarek dajemo izrabi obnovljivih virov energije in u\u010dinkovite rabe energije. Cilj raziskav je dvig energetske u\u010dinkovitosti in ekonomske uspe\u0161nosti sistemov za oskrbo in rabo energije.<\/ul>\n<\/li>\n<\/ul>\n<h5>V programski skupini se zavedamo, da so nam potrebne temeljne raziskave prenosa toplote in snovi na mikro in makro nivoju. Zato bomo del raziskav posvetili naprednim mehanizmom prenosa in transporta toplote. Raziskali in razvili bomo toplotne diode in toplotna stikala, ki omogo\u010dajo na\u010dine prenosa ali transport toplote tako, da lahko s pomo\u010djo njih manipuliramo smer in intenzivnost toplotnega toka. Nadaljevali bomo raziskave vrenja, ki je eden od najbolj u\u010dinkovitih tehni\u010dno izvedljivih oblik prenosa toplote s fazno spremembo. Preu\u010devali bomo tokovne nestabilnosti v prenosnikih toplote z mikrokanali. Zaradi diverzifikacije energetskih virov in uvedbe obnovljivih virov energije v daljinsko energetiko, bomo nadaljevali z eksergo-ekonomsko optimizacijo omre\u017eij ter sistemov v celotni verigi energetske oskrbe. Nadaljevali bomo v minulem obdobju za\u010dete raziskave in razvoj alternativnih tehnologij hlajenja s poudarkom na magnetokalori\u010dnem in elektrokalori\u010dnem hlajenju v smeri razvoja u\u010dinkovitih naprav za realne aplikacije konvencionalnih tehnologij hlajenja. Poudarek bo na generatorjih elektri\u010dnega in magnetnega polja s toplotnimi diodami in stikali ter inovativnih struktur elektro- in magnetokalori\u010dnih materialov. Za zmanj\u0161anje rabe energije v stavbah se bomo posvetili raziskavam toplotnega odziva mest s selektivnimi in naravnimi gradniki. Raziskave bodo osnova za oblikovanje smernic za na\u010drtovanje predelov mest, ki bodo prilagojeni napovedanim podnebnim spremembam. To bo vklju\u010devalo tudi razvoj tehnologij in metod modeliranja sistemov naravnega ogrevanja in hlajenja stavb s son\u010dno energijo z ve\u010dnamensko integracijo v ovoj stavbe. Poudarek bo tudi na analizi vpliva latentnih in drugih hladilnih obremenitev stavbe na rabo elektri\u010dne energije, in na toplotno ugodje v stavbah. Zaradi nihanja obnovljivih virov energije je potrebna uporaba shranjevalnikov energije. Raziskave na tem podro\u010dju bodo usmerjene v zanesljive in cenovno dostopne tehnologije shranjevanja obnovljivih virov, vklju\u010dno z optimizacijo in avtomatizacijo celotnega sistema za oskrbo stavbe. Zavedamo se, da nam le eksperimentalno delo da prave odgovore na kakovost raziskav. Zato bomo tudi v naslednjem obdobju posve\u010dali veliko pozornost, v minulem obdobju \u017ee za\u010detim raziskavam dinami\u010dnim vgradnim vplivom merilnikov pretoka. Nadgrajen in optimiziran bo merilni sistem za vrednotenje vpliva tokovnih pulzacij na merilno negotovost merilnika pretoka. Del raziskav na podro\u010dju meroslovja bo namenjen tudi izbolj\u0161anju \u017ee akreditiranih meroslovnih zmogljivosti merjenja pretoka plinov s premikajo\u010dim batom.<\/h5>\n<h1 style=\"text-align: left;\"><a href=\"http:\/\/www.sicris.si\/public\/jqm\/grp.aspx?lang=slv&amp;opdescr=search&amp;opt=2&amp;subopt=600&amp;code1=cmn&amp;code2=auto&amp;psize=1&amp;hits=1&amp;page=1&amp;count=&amp;search_term=stritih&amp;id=2009&amp;slng=&amp;order_by\"><span style=\"color: #fe6663;\"><strong>Raziskovalna skupina<\/strong><\/span><\/a><\/h1>\n<p><img decoding=\"async\" class=\"aligncenter size-large wp-image-108\" src=\"https:\/\/web.fs.uni-lj.si\/LOSK\/toWP\/wp-content\/uploads\/machine-mill-industry-steam-675987-1024x684.jpeg\" alt=\"\" width=\"1024\" height=\"684\" srcset=\"https:\/\/web.fs.uni-lj.si\/losk\/wp-content\/uploads\/machine-mill-industry-steam-675987-1024x684.jpeg 1024w, https:\/\/web.fs.uni-lj.si\/losk\/wp-content\/uploads\/machine-mill-industry-steam-675987-300x200.jpeg 300w, https:\/\/web.fs.uni-lj.si\/losk\/wp-content\/uploads\/machine-mill-industry-steam-675987-768x513.jpeg 768w, https:\/\/web.fs.uni-lj.si\/losk\/wp-content\/uploads\/machine-mill-industry-steam-675987-800x534.jpeg 800w\" sizes=\"(max-width: 1024px) 100vw, 1024px\" \/><\/p>\n","protected":false},"excerpt":{"rendered":"<p>Raziskovalni program Programska skupina v naslednjem raziskovalnem obdobju napoveduje raziskave in razvoj sistemov za energetsko oskrbo in rabo energije za ogrevanje, hlajenje in klimatizacijo ter procesno tehniko. Poseben poudarek dajemo izrabi obnovljivih virov energije in u\u010dinkovite rabe energije. Cilj raziskav je dvig energetske u\u010dinkovitosti in ekonomske uspe\u0161nosti sistemov za oskrbo in rabo energije. V programski skupini se zavedamo, da so<\/p>\n<p><a class=\"more-link\" href=\"https:\/\/web.fs.uni-lj.si\/losk\/raziskovalna-dejavnost\/\">Read More<\/a><\/p>\n","protected":false},"author":1,"featured_media":0,"parent":0,"menu_order":0,"comment_status":"closed","ping_status":"closed","template":"page-templates\/full-width.php","meta":{"footnotes":""},"class_list":["post-147","page","type-page","status-publish","hentry"],"_links":{"self":[{"href":"https:\/\/web.fs.uni-lj.si\/losk\/wp-json\/wp\/v2\/pages\/147","targetHints":{"allow":["GET"]}}],"collection":[{"href":"https:\/\/web.fs.uni-lj.si\/losk\/wp-json\/wp\/v2\/pages"}],"about":[{"href":"https:\/\/web.fs.uni-lj.si\/losk\/wp-json\/wp\/v2\/types\/page"}],"author":[{"embeddable":true,"href":"https:\/\/web.fs.uni-lj.si\/losk\/wp-json\/wp\/v2\/users\/1"}],"replies":[{"embeddable":true,"href":"https:\/\/web.fs.uni-lj.si\/losk\/wp-json\/wp\/v2\/comments?post=147"}],"version-history":[{"count":0,"href":"https:\/\/web.fs.uni-lj.si\/losk\/wp-json\/wp\/v2\/pages\/147\/revisions"}],"wp:attachment":[{"href":"https:\/\/web.fs.uni-lj.si\/losk\/wp-json\/wp\/v2\/media?parent=147"}],"curies":[{"name":"wp","href":"https:\/\/api.w.org\/{rel}","templated":true}]}}