{"id":236,"date":"2014-07-09T13:54:49","date_gmt":"2014-07-09T11:54:49","guid":{"rendered":"http:\/\/lab.fs.uni-lj.si\/ltbs\/?page_id=236"},"modified":"2023-04-19T10:54:17","modified_gmt":"2023-04-19T08:54:17","slug":"patents-and-patent-aplications","status":"publish","type":"page","link":"https:\/\/web.fs.uni-lj.si\/licem\/patents-and-patent-aplications\/","title":{"rendered":"<h2>PATENTS AND PATENT APPLICATIONS<\/h2>"},"content":{"rendered":"<h1 style=\"text-align: justify;\"><span style=\"color: #ff0000;\"><strong>2022<\/strong><\/span><\/h1>\n<p>KATRA\u0160NIK, Toma\u017e, ZELI\u010c, Klemen, CHOWDHURY, Amor, PA\u010cNIK, Ivo, MELE, Igor, KRAVOS, Andra\u017e.\u00a0<i>Computer-implemented method and data processing system for modelling and\/or simulating and\/or emulating a battery : United States Patent US 11,480,616 B2, 2022-10-25<\/i>. Alexandria: United States Patent and Trademark Office, 2022. 19 f., [15] f. pril., ilustr.\u00a0<a href=\"https:\/\/worldwide.espacenet.com\/patent\/search\/family\/078008187\/publication\/US11480616B2?q=pn%3DUS11480616B2\" target=\"_blank\" rel=\"noopener noreferrer\">https:\/\/worldwide.espacenet.com\/patent\/search\/family\/078008187\/publication\/US11480616B2?q=pn%3DUS11480616B2<\/a>. [COBISS.SI-ID\u00a0<a href=\"https:\/\/plus.cobiss.net\/cobiss\/si\/en\/bib\/57086211\" target=\"_blank\" rel=\"noopener noreferrer\">57086211<\/a>]<br \/>\npatent family: US2022252672A1, 2022-08-11; EP20199967A, 2020-10-02; LU102115A, 2020-10-03; EP2021077079W, 2021-10-01; WO2022069699A1, 2022-04-07<\/p>\n<h1 style=\"text-align: justify;\"><span style=\"color: #ff0000;\"><strong>2016<\/strong><\/span><\/h1>\n<p style=\"text-align: justify;\">KATRA\u0160NIK, Toma\u017e<i>. Method for simulation of an internal combustion engine : EP2949908 (B1), 2016-07-06<\/i>. M\u00fcnchen: Europ\u00e4isches Patentamt, 2016. 23 f., ilustr. [COBISS.SI-ID <a class=\"red\" href=\"http:\/\/cobiss.izum.si\/scripts\/cobiss?command=DISPLAY&amp;lani=en&amp;base=COBIB&amp;RID=14407707\" target=\"_blank\" rel=\"noopener noreferrer\">14407707<\/a>]<\/p>\n<h1 style=\"text-align: justify;\"><span style=\"color: #ff0000;\"><strong>2011<\/strong><\/span><\/h1>\n<p style=\"text-align: justify;\">KUNAVER, Matja\u017e, JUSIUKAITYTE, Edita, \u010cUK, Nata\u0161a, RODMAN OPRE\u0160NIK, Samuel, KATRA\u0160NIK, Toma\u017e, KOVA\u010c, Frenk<em>. Method of producing fuel by liquefaction of cellulose-containing solid materials : patentna prijava : EP 11003655.5, 2011-05-04<\/em>. [Munich]: European Patent Office, 2011. 1 listina. [COBISS.SI-ID\u00a0<a href=\"http:\/\/cobiss.izum.si\/scripts\/cobiss?command=DISPLAY&amp;lani=en&amp;base=COBIB&amp;RID=35799557\">35799557<\/a>]<\/p>\n<h1 style=\"text-align: justify;\"><span style=\"color: #ff0000;\"><strong>2008<\/strong><\/span><\/h1>\n<p style=\"text-align: justify;\">DOLENC, Anton, KATRA\u0160NIK, Toma\u017e, RODMAN OPRE\u0160NIK, Samuel, TRENC, Ferdinand<em>. Motorgenerator uporaben kot generator elektri\u010dnega toka, primarni pogonski stroj, ter zaganjalnik ali pospe\u0161evalnik motorja z notranjim zgorevanjem : patent \u0161t. 22350 : datum objave 29.02.2008 : \u0161t. prijave P 200600172 : datum vlo\u017eitve prijave 20.07.2006<\/em>. Ljubljana: Urad RS za intelektualno lastnino, 2008. 1 listina, ilustr. [COBISS.SI-ID\u00a0<a href=\"http:\/\/cobiss.izum.si\/scripts\/cobiss?command=DISPLAY&amp;lani=en&amp;base=COBIB&amp;RID=10415131\">10415131<\/a>]<\/p>\n<h1 style=\"text-align: justify;\"><span style=\"color: #ff0000;\"><strong>2007<\/strong><\/span><\/h1>\n<p style=\"text-align: justify;\">DOLENC, Anton, KATRA\u0160NIK, Toma\u017e, RODMAN OPRE\u0160NIK, Samuel, TRENC, Ferdinand<em>. Izpu\u0161ni zbiralnik motorja z notranjim zgorevanjem z lo\u010denimi segmenti, zaprt v hermeti\u010dno zaprto, hlajeno in izolirano ohi\u0161je izpu\u0161nega zbiralnika : patent \u0161t. 22306 : \u0161t. prijave P 200600131 : datum vlo\u017eitve prijave 25.05.2006 : mednarodna \u0161tevilka prijave PCT\/SI2007\/000027 : datum mednarodne prijave 24.05.2007<\/em>. Ljubljana: Urad RS za intelektualno lastnino, 2007. 1 listina, Illustr. [COBISS.SI-ID\u00a0<a href=\"http:\/\/cobiss.izum.si\/scripts\/cobiss?command=DISPLAY&amp;lani=en&amp;base=COBIB&amp;RID=9305883\">9305883<\/a>]<\/p>\n<h1 style=\"text-align: justify;\"><span style=\"color: #ff0000;\"><strong>2006<\/strong><\/span><\/h1>\n<p style=\"text-align: justify;\">KATRA\u0160NIK, Toma\u017e, RODMAN OPRE\u0160NIK, Samuel, TRENC, Ferdinand<em>. Generator-motor used for electric power supply, starting the internal combustion engine and prime mover propulsion : mednarodna \u0161tevilka prijave PCT\/SI2006\/000040 : datum mednarodne prijave 27.12.2006 : \u0161tevilka nacionalne prijave P 200500259 : datum vlo\u017eitve nacionalne prijave 29.12.2005<\/em>. [Geneva: WIPO &#8211; World Intellectual Property Organization], 2006. 1 listina. [COBISS.SI-ID\u00a0<a href=\"http:\/\/cobiss.izum.si\/scripts\/cobiss?command=DISPLAY&amp;lani=en&amp;base=COBIB&amp;RID=8840987\">8840987<\/a>]<\/p>\n<h1 style=\"text-align: justify;\"><span style=\"color: #ff0000;\"><strong>2005<\/strong><\/span><\/h1>\n<p style=\"text-align: justify;\">KATRA\u0160NIK, Toma\u017e, RODMAN OPRE\u0160NIK, Samuel, TRENC, Ferdinand<em>. Motorgenerator uporaben kot generator elektri\u010dnega toka, zaganjalnik motorjev z notranjim zgorevanjem ter primarni pogonski stroj : patent \u0161t. 22189 : datum objave 30.06.2007 : \u0161t. prijave P 200500359 : datum vlo\u017eitve prijave 29.12.2005<\/em>. Ljubljana: Urad RS za intelektualno lastnino, 2007. 1 listina, ilustr. [COBISS.SI-ID\u00a0<a href=\"http:\/\/cobiss.izum.si\/scripts\/cobiss?command=DISPLAY&amp;lani=en&amp;base=COBIB&amp;RID=10061851\">10061851<\/a>]<\/p>\n<h1 style=\"text-align: justify;\"><span style=\"color: #ff0000;\"><strong>1993<\/strong><\/span><\/h1>\n<p style=\"text-align: justify;\">TRENC, Ferdinand<em>. Hlajenje na glavo batnega motorja z notranjim zgorevanjem mejo\u010dega odseka valja motorja &#8211; patent \u0161t. 9300623<\/em>. 1993. $1 str. [COBISS.SI-ID\u00a0<a href=\"http:\/\/cobiss.izum.si\/scripts\/cobiss?command=DISPLAY&amp;lani=en&amp;base=COBIB&amp;RID=1633819\">1633819<\/a>]<\/p>\n<p style=\"margin-top: 0.19in; margin-bottom: 0.19in; line-height: 100%; text-align: justify;\" align=\"center\">TRENC, Ferdinand<em>. Kuehlung eines an einen Verbrennungskolbenmotorkopf angrenzenden Motorzylinderabschnitts, Patentanmeldung, P 10065, Deutsche Patentamt<\/em>. 1993. $4 str. [COBISS.SI-ID\u00a0<a href=\"http:\/\/cobiss.izum.si\/scripts\/cobiss?command=DISPLAY&amp;lani=en&amp;base=COBIB&amp;RID=1634075\">1634075<\/a>]<\/p>\n","protected":false},"excerpt":{"rendered":"<p>2022 KATRA\u0160NIK, Toma\u017e, ZELI\u010c, Klemen, CHOWDHURY, Amor, PA\u010cNIK, Ivo, MELE, Igor, KRAVOS, Andra\u017e.\u00a0Computer-implemented method and data processing system for modelling and\/or simulating and\/or emulating a battery : United States Patent US 11,480,616 B2, 2022-10-25. Alexandria: United States Patent and Trademark Office, 2022. 19 f., [15] f. pril., ilustr.\u00a0https:\/\/worldwide.espacenet.com\/patent\/search\/family\/078008187\/publication\/US11480616B2?q=pn%3DUS11480616B2. [COBISS.SI-ID\u00a057086211] patent[&#8230;]<\/p>\n","protected":false},"author":1,"featured_media":0,"parent":0,"menu_order":0,"comment_status":"closed","ping_status":"closed","template":"template-page-fullwidth.php","meta":{"footnotes":""},"class_list":["post-236","page","type-page","status-publish","hentry"],"_links":{"self":[{"href":"https:\/\/web.fs.uni-lj.si\/licem\/wp-json\/wp\/v2\/pages\/236","targetHints":{"allow":["GET"]}}],"collection":[{"href":"https:\/\/web.fs.uni-lj.si\/licem\/wp-json\/wp\/v2\/pages"}],"about":[{"href":"https:\/\/web.fs.uni-lj.si\/licem\/wp-json\/wp\/v2\/types\/page"}],"author":[{"embeddable":true,"href":"https:\/\/web.fs.uni-lj.si\/licem\/wp-json\/wp\/v2\/users\/1"}],"replies":[{"embeddable":true,"href":"https:\/\/web.fs.uni-lj.si\/licem\/wp-json\/wp\/v2\/comments?post=236"}],"version-history":[{"count":5,"href":"https:\/\/web.fs.uni-lj.si\/licem\/wp-json\/wp\/v2\/pages\/236\/revisions"}],"predecessor-version":[{"id":1514,"href":"https:\/\/web.fs.uni-lj.si\/licem\/wp-json\/wp\/v2\/pages\/236\/revisions\/1514"}],"wp:attachment":[{"href":"https:\/\/web.fs.uni-lj.si\/licem\/wp-json\/wp\/v2\/media?parent=236"}],"curies":[{"name":"wp","href":"https:\/\/api.w.org\/{rel}","templated":true}]}}