{"id":232,"date":"2014-07-09T13:53:20","date_gmt":"2014-07-09T11:53:20","guid":{"rendered":"http:\/\/lab.fs.uni-lj.si\/ltbs\/?page_id=232"},"modified":"2020-09-03T10:11:16","modified_gmt":"2020-09-03T08:11:16","slug":"monographs-and-parts-of-monographs","status":"publish","type":"page","link":"https:\/\/web.fs.uni-lj.si\/licem\/monographs-and-parts-of-monographs\/","title":{"rendered":"<h2>MONOGRAPHS AND PARTS OF MONOGRAPHS<\/h2>"},"content":{"rendered":"<h1 style=\"text-align: justify;\"><span style=\"color: #ff0000;\"><strong>2015<\/strong><\/span><\/h1>\n<p style=\"text-align: justify;\">TRENC, Ferdinand, KATRA\u0160NIK, Toma\u017e<i>. Letalski motorji<\/i>. Ljubljana: Fakulteta za strojni\u0161tvo, 2015. VI, 266 str., ilustr. ISBN 978-961-6536-86-8. [COBISS.SI-ID <a href=\"https:\/\/mail-fs.fs1.uni-lj.si\/owa\/redir.aspx?SURL=1dmS_wQbGnshzkxg38HHNUCFHkdf91iCM-3IGit31LnA2DdVGgPTCGgAdAB0AHAAOgAvAC8AYwBvAGIAaQBzAHMALgBpAHoAdQBtAC4AcwBpAC8AcwBjAHIAaQBwAHQAcwAvAGMAbwBiAGkAcwBzAD8AYwBvAG0AbQBhAG4AZAA9AEQASQBTAFAATABBAFkAJgBiAGEAcwBlAD0AQwBPAEIASQBCACYAUgBJAEQAPQAyADcANwAxADcAMgAyADIANAA.&amp;URL=http%3a%2f%2fcobiss.izum.si%2fscripts%2fcobiss%3fcommand%3dDISPLAY%26base%3dCOBIB%26RID%3d277172224\" target=\"_blank\" rel=\"noopener noreferrer\">277172224<\/a>]<\/p>\n<h1 style=\"text-align: justify;\"><span style=\"color: #ff0000;\"><strong>2009<\/strong><\/span><\/h1>\n<p style=\"text-align: justify;\">KATRA\u0160NIK, Toma\u017e. On the fuel economy of hybrid-electric powertrains. V: RAINES, Gerald B. (ur.).&nbsp;<em>Electric vehicles : technology, research and development<\/em>. New York: Nova Science Publishers, cop. 2009, str. 105-161. [COBISS.SI-ID&nbsp;<a href=\"http:\/\/cobiss.izum.si\/scripts\/cobiss?command=DISPLAY&amp;lani=en&amp;base=COBIB&amp;RID=11235099\">11235099<\/a>]<\/p>\n<h1 style=\"text-align: justify;\"><span style=\"color: #ff0000;\"><strong>2008<\/strong><\/span><\/h1>\n<p style=\"text-align: justify;\">KATRA\u0160NIK, Toma\u017e. Energy conversion efficiency in hybrid-electric powertrains. V: L\u00cdN, Wenzhong (ur.).&nbsp;<em>Energy conversion : new research<\/em>. New York: Nova science publishers, cop. 2008, str. 89-145, ilustr. [COBISS.SI-ID&nbsp;<a href=\"http:\/\/cobiss.izum.si\/scripts\/cobiss?command=DISPLAY&amp;lani=en&amp;base=COBIB&amp;RID=10932251\">10932251<\/a>]<\/p>\n<h1 style=\"text-align: justify;\"><span style=\"color: #ff0000;\"><strong>2000<\/strong><\/span><\/h1>\n<p style=\"text-align: justify;\">PAVLETI\u010c, Radislav<em>. Motorji z notranjim zgorevanjem &#8211; procesi<\/em>. 1. natis. Ljubljana: Fakulteta za strojni\u0161tvo, 2000. XXV, 526 str., ilustr. ISBN 961-6238-41-8. [COBISS.SI-ID&nbsp;<a href=\"http:\/\/cobiss.izum.si\/scripts\/cobiss?command=DISPLAY&amp;lani=en&amp;base=COBIB&amp;RID=107660544\">107660544<\/a>]<\/p>\n<h1 style=\"text-align: justify;\"><span style=\"color: #ff0000;\"><strong>1999<\/strong><\/span><\/h1>\n<p style=\"text-align: justify;\">TRENC, Ferdinand<em>. Trojezi\u010dni slovar avtomobilizma : angle\u0161ko-nem\u0161ko-slovenski<\/em>. 1. izd. Ljubljana: Tehni\u0161ka zalo\u017eba Slovenije, 1999. 338 str. ISBN 86-365-0316-7. [COBISS.SI-ID&nbsp;<a href=\"http:\/\/cobiss.izum.si\/scripts\/cobiss?command=DISPLAY&amp;lani=en&amp;base=COBIB&amp;RID=103993856\">103993856<\/a>]<\/p>\n<h1 style=\"text-align: justify;\"><span style=\"color: #ff0000;\"><strong>1998<\/strong><\/span><\/h1>\n<p style=\"text-align: justify;\">TRENC, Ferdinand, BIZJAN, Fran\u010di\u0161ek. University of Ljubljana. V: WISLER, David C. (ur.).&nbsp;<em>Land, sea &amp; air : 1998 technology report and product directory<\/em>, (Annual report, issue no. 3). Atlanta, Georgia: IGTI, 1998, str. 121. [COBISS.SI-ID&nbsp;<a href=\"http:\/\/cobiss.izum.si\/scripts\/cobiss?command=DISPLAY&amp;lani=en&amp;base=COBIB&amp;RID=2533403\">2533403<\/a>]<\/p>\n<h1 style=\"text-align: justify;\"><span style=\"color: #ff0000;\"><strong>1996<\/strong><\/span><\/h1>\n<p style=\"text-align: justify;\">PAVLETI\u010c, Radislav<em>. Zgorevanje : teoreti\u010dne osnove, goriva, in\u017eenirska uporaba<\/em>. Ljubljana: Fakulteta za strojni\u0161tvo, 1996. IX, 217 str., ilustr., graf. prikazi. ISBN 86-7217-126-8. [COBISS.SI-ID&nbsp;<a href=\"http:\/\/cobiss.izum.si\/scripts\/cobiss?command=DISPLAY&amp;lani=en&amp;base=COBIB&amp;RID=1426459\">1426459<\/a>]<\/p>\n<h1 style=\"text-align: justify;\"><span style=\"color: #ff0000;\"><strong>1994<\/strong><\/span><\/h1>\n<p style=\"text-align: justify;\">PAVLETI\u010c, Radislav, TRENC, Ferdinand. Two-stroke S.I. engine competitive to four-stroke engine in terms of the exhaust emission. V:&nbsp;<em>Two-stroke engine design and emissions<\/em>, (SAE International, Special publication, SP-1049). Warrendale, PA: Society of Automotive Engineers (SAE), 1994, str. 39-45. [COBISS.SI-ID&nbsp;<a href=\"http:\/\/cobiss.izum.si\/scripts\/cobiss?command=DISPLAY&amp;lani=en&amp;base=COBIB&amp;RID=2369819\">2369819<\/a>]<\/p>\n","protected":false},"excerpt":{"rendered":"<p>2015 TRENC, Ferdinand, KATRA\u0160NIK, Toma\u017e. Letalski motorji. Ljubljana: Fakulteta za strojni\u0161tvo, 2015. VI, 266 str., ilustr. ISBN 978-961-6536-86-8. [COBISS.SI-ID 277172224] 2009 KATRA\u0160NIK, Toma\u017e. On the fuel economy of hybrid-electric powertrains. V: RAINES, Gerald B. (ur.).&nbsp;Electric vehicles : technology, research and development. New York: Nova Science Publishers, cop. 2009, str. 105-161.[&#8230;]<\/p>\n","protected":false},"author":1,"featured_media":0,"parent":0,"menu_order":0,"comment_status":"closed","ping_status":"closed","template":"template-page-fullwidth.php","meta":{"footnotes":""},"class_list":["post-232","page","type-page","status-publish","hentry"],"_links":{"self":[{"href":"https:\/\/web.fs.uni-lj.si\/licem\/wp-json\/wp\/v2\/pages\/232","targetHints":{"allow":["GET"]}}],"collection":[{"href":"https:\/\/web.fs.uni-lj.si\/licem\/wp-json\/wp\/v2\/pages"}],"about":[{"href":"https:\/\/web.fs.uni-lj.si\/licem\/wp-json\/wp\/v2\/types\/page"}],"author":[{"embeddable":true,"href":"https:\/\/web.fs.uni-lj.si\/licem\/wp-json\/wp\/v2\/users\/1"}],"replies":[{"embeddable":true,"href":"https:\/\/web.fs.uni-lj.si\/licem\/wp-json\/wp\/v2\/comments?post=232"}],"version-history":[{"count":5,"href":"https:\/\/web.fs.uni-lj.si\/licem\/wp-json\/wp\/v2\/pages\/232\/revisions"}],"predecessor-version":[{"id":1383,"href":"https:\/\/web.fs.uni-lj.si\/licem\/wp-json\/wp\/v2\/pages\/232\/revisions\/1383"}],"wp:attachment":[{"href":"https:\/\/web.fs.uni-lj.si\/licem\/wp-json\/wp\/v2\/media?parent=232"}],"curies":[{"name":"wp","href":"https:\/\/api.w.org\/{rel}","templated":true}]}}