{"id":1468,"date":"2022-05-30T08:13:13","date_gmt":"2022-05-30T06:13:13","guid":{"rendered":"http:\/\/lab.fs.uni-lj.si\/LICeM\/?page_id=1468"},"modified":"2022-05-30T10:26:41","modified_gmt":"2022-05-30T08:26:41","slug":"theses","status":"publish","type":"page","link":"https:\/\/web.fs.uni-lj.si\/licem\/theses\/","title":{"rendered":"<h2>THESES<\/h2>"},"content":{"rendered":"\n<h3 class=\"wp-block-heading\">List of theses<\/h3>\n\n\n\n<ul class=\"wp-block-list\"><li>Prehod na obnovljive vire energije v prometu: analiza izvedljivosti in stro\u0161kovna analiza<\/li><li>Analiza vloge hranilnikov energije in Power-to-X tehnologij pri prehodu na e-mobilnost v RS <\/li><li>Postavitev digital-twin modela, ki vklju\u010duje proizvodnjo elektri\u010dne energije in polnjenje elektri\u010dnih vozil<\/li><li>Modelling of air supply system for PEMFC \/ Modeliranje sistema za dovod zraka PEM gorivne celice <\/li><li>Modelling of hydrogen supply system for PEMFC \/ Modeliranje sistema za dovod vodika PEM gorivne celice<\/li><li>Analysis of optimal purge strategy for dead-anode operation in PEMFC \/ Analiza optimalne prepi\u0161nega delovanja PEM gorivne celice z zaprto anodo<\/li><li>Gas recirculation and treatment strategies for high efficiency operation of PEMFC \/ Obratovalna strategija recirkuliranja in obdelave plinov za doseganje visokih izkoristkov obratovanja PEM gorivne celice<\/li><li>Achieving optimal temperature fields or how operate PEMFC system without external humidification \/ Doseganje optimalnih temperaturnih polj ali kako obratovati PEM gorivno celico brez dodatnega vla\u017eenja<\/li><li>System level modelling of ice formation in PEMFC \/ Modeliranje zmrzovanja vode v PEM gorivnih celicah na sistemski ravni<br>System level simulation of cold start-up of PEMFC at -30 degC \/ Modeliranje hladnega zagona PEM gorivne celice pri -30 stopinjah Celzija<\/li><li>Optimal sizing of BoP components for PEMFC system \/ Optimalna dimenzioniranje BoP komponent PEM gorivnoceli\u010dnega sistema<br>Analysis of optimization algorithms for optimal parameter estimation of the PEMFC model \/ Analiza optimizacijskih algoritmov za optimalno dolo\u010devanje vrednosti parametrov PEM gorivnoceli\u010dnega modela <\/li><li>Modelling analysis of effects of voltage, humidity and gas concentrations on fuel cell catalyst degradation rate \/ Modelska analiza vplivov napetosti, vlage in koncentracije reaktantov na hitrost staranja katalizatorja v gorivni celici <\/li><li>Modeliranje mehanske degradacije protonske izmenjalne membrane gorivnih celic <\/li><li>Influence of battery holder type on Li-ion battery EIS spectrum measurement<\/li><li>Construction of low impedance battery holder for galvanostatic and potenciostatic Li-ion battery characterisation at room temperature<\/li><li>Kvazi-3D elektro-termi\u010dni model baterije  <\/li><li>Vplivi odstranjevanja filtrov delcev \u2013 motivacija in vplivi  <\/li><\/ul>\n","protected":false},"excerpt":{"rendered":"<p>List of theses Prehod na obnovljive vire energije v prometu: analiza izvedljivosti in stro\u0161kovna analiza Analiza vloge hranilnikov energije in Power-to-X tehnologij pri prehodu na e-mobilnost v RS Postavitev digital-twin modela, ki vklju\u010duje proizvodnjo elektri\u010dne energije in polnjenje elektri\u010dnih vozil Modelling of air supply system for PEMFC \/ Modeliranje sistema[&#8230;]<\/p>\n","protected":false},"author":1,"featured_media":0,"parent":0,"menu_order":0,"comment_status":"closed","ping_status":"closed","template":"","meta":{"footnotes":""},"class_list":["post-1468","page","type-page","status-publish","hentry"],"_links":{"self":[{"href":"https:\/\/web.fs.uni-lj.si\/licem\/wp-json\/wp\/v2\/pages\/1468","targetHints":{"allow":["GET"]}}],"collection":[{"href":"https:\/\/web.fs.uni-lj.si\/licem\/wp-json\/wp\/v2\/pages"}],"about":[{"href":"https:\/\/web.fs.uni-lj.si\/licem\/wp-json\/wp\/v2\/types\/page"}],"author":[{"embeddable":true,"href":"https:\/\/web.fs.uni-lj.si\/licem\/wp-json\/wp\/v2\/users\/1"}],"replies":[{"embeddable":true,"href":"https:\/\/web.fs.uni-lj.si\/licem\/wp-json\/wp\/v2\/comments?post=1468"}],"version-history":[{"count":5,"href":"https:\/\/web.fs.uni-lj.si\/licem\/wp-json\/wp\/v2\/pages\/1468\/revisions"}],"predecessor-version":[{"id":1476,"href":"https:\/\/web.fs.uni-lj.si\/licem\/wp-json\/wp\/v2\/pages\/1468\/revisions\/1476"}],"wp:attachment":[{"href":"https:\/\/web.fs.uni-lj.si\/licem\/wp-json\/wp\/v2\/media?parent=1468"}],"curies":[{"name":"wp","href":"https:\/\/api.w.org\/{rel}","templated":true}]}}