{"id":13,"date":"2014-05-13T11:43:20","date_gmt":"2014-05-13T09:43:20","guid":{"rendered":"http:\/\/lab.fs.uni-lj.si\/ltbs\/?page_id=13"},"modified":"2026-01-23T10:35:06","modified_gmt":"2026-01-23T08:35:06","slug":"members","status":"publish","type":"page","link":"https:\/\/web.fs.uni-lj.si\/licem\/members\/","title":{"rendered":"<h2>MEMBERS<\/h2>"},"content":{"rendered":"<h3 style=\"text-align: left;\">Dr. Toma\u017e Katra\u0161nik<\/h3>\n<h5 style=\"text-align: left;\">Professor<\/h5>\n<h5 style=\"text-align: left;\">Head of Laboratory for Internal Combustion Engines and Electromobility<\/h5>\n<p style=\"text-align: left;\">Phone: +386-1-4771-305<\/p>\n<p style=\"text-align: left;\">E-Mail: tomaz.katrasnik(at)fs.uni-lj.si<\/p>\n<h3>Dr. Amer Amor Chowdhury Haque<\/h3>\n<h5>Assistant Professor<\/h5>\n<p>Phone: +386-1-4771-310<\/p>\n<p>E-Mail: amor.chowdhury(at)fs.uni-lj.si<\/p>\n<h3>Dr. Andra\u017e Kravos<\/h3>\n<h5>Assistant Professor<\/h5>\n<p>Phone: +386-1-4771-311<\/p>\n<p>E-Mail: andraz.kravos(at)fs.uni-lj.si<\/p>\n<h3>Dr. Klemen Zeli\u010d<\/h3>\n<h5>Assistant Professor<\/h5>\n<p>Phone: +386-1-4771-795<\/p>\n<p>E-Mail: klemen.zelic(at)fs.uni-lj.si<\/p>\n<h3>Dr. Anton \u017dnidar\u010di\u010d<\/h3>\n<h5>Assistant Professor<\/h5>\n<p>Phone: +386-1-4771-792<\/p>\n<p>E-Mail: anton.znidarcic(at)fs.uni-lj.si<\/p>\n<h3>Dr. Urban \u017dvar Ba\u0161kovi\u010d<\/h3>\n<h5>Assistant Professor<\/h5>\n<p>Phone: +386-1-4771-310<\/p>\n<p>E-Mail: urban.zvar-baskovic(at)fs.uni-lj.si<\/p>\n<h3>Dr. Mitja Drab<\/h3>\n<h5>PhD Assistant<\/h5>\n<p>Phone: +386-1-4771-794<\/p>\n<p>E-Mail: mitja.drab(at)fs.uni-lj.si<\/p>\n<h3>Dr. Ambro\u017e Kregar<\/h3>\n<h5>PhD Assistant<\/h5>\n<p>Phone: +386-1-4771-794<\/p>\n<p>E-Mail: ambroz.kregar(at)fs.uni-lj.si<\/p>\n<h3>Dr. Jo\u017ee Mo\u0161kon<\/h3>\n<h5>PhD Assistant<\/h5>\n<p>Phone: +386-1-4771-431<\/p>\n<p>E-Mail: joze.moskon(at)fs.uni-lj.si<\/p>\n<h3 style=\"text-align: left;\">Dr. Samuel Rodman Opre\u0161nik<\/h3>\n<h5 style=\"text-align: left;\">PhD Assistant<\/h5>\n<p style=\"text-align: left;\">Phone: +386-1-4771-701<\/p>\n<p style=\"text-align: left;\">E-Mail: samuel.rodman(at)fs.uni-lj.si<\/p>\n<h3>Dr. Matej Prijatelj<\/h3>\n<h5>PhD Assistant<\/h5>\n<p>Phone: +386-1-4771-794<\/p>\n<p>E-Mail: matej.prijatelj(at)fs.uni-lj.si<\/p>\n<h3>Dr. Seyedeh Shima Nezamipour Masouleh<\/h3>\n<h5>PhD Assistant<\/h5>\n<p>Phone: +386-1-4771-421<\/p>\n<p>E-Mail: matej.prijatelj(at)fs.uni-lj.si<\/p>\n<h3>Dr. Jan \u0160untajs<\/h3>\n<h5>PhD Assistant<\/h5>\n<p>Phone: +386-1-4771-431<\/p>\n<p>E-Mail: jan.suntajs(at)fs.uni-lj.si<\/p>\n<h3>Dr. Samo Peni\u010d<\/h3>\n<h5>PhD Assistant<\/h5>\n<p>Phone: +386-1-4771-305<\/p>\n<p>E-Mail: samo.penic(at)fs.uni-lj.si<\/p>\n<h3>Dr. Bla\u017e Tratnik<\/h3>\n<h5>PhD Assistant<\/h5>\n<p>Phone: +386-1-4771-431<\/p>\n<p>E-Mail: blaz.tratnik(at)fs.uni-lj.si<\/p>\n<h3>Sayandeep Dutta<\/h3>\n<h5>Researcher<\/h5>\n<p>Phone: +386-1-4771-311<\/p>\n<p>E-Mail: sayandeep.dutta(at)fs.uni-lj.si<\/p>\n<h3>Jan Gimpelj<\/h3>\n<h5>Researcher<\/h5>\n<p>Phone: +386-1-4771-512<\/p>\n<p>E-Mail: jan.gimpelj(at)fs.uni-lj.si<\/p>\n<h3>Jon Hauptman<\/h3>\n<h5>Technical Associate<\/h5>\n<p>Phone: +386-1-4771-701<\/p>\n<p>E-Mail: jon.hauptman(at)fs.uni-lj.si<\/p>\n<h3>Iva Klofutar<\/h3>\n<h5>Researcher<\/h5>\n<p>Phone: +386-1-4771-794<\/p>\n<p>E-Mail: iva.klofutar(at)fs.uni-lj.si<\/p>\n<h3>Ajda Kunavar<\/h3>\n<h5>Researcher<\/h5>\n<p>Phone: +386-1-4771-313<\/p>\n<p>E-Mail: ajda.kunavar(at)fs.uni-lj.si<\/p>\n<h3>Nishan Koirala<\/h3>\n<h5>Researcher<\/h5>\n<p>Phone: +386-1-4771-431<\/p>\n<p>E-Mail: nishan.koirala(at)fs.uni-lj.si<\/p>\n<h3>Jure Korenjak<\/h3>\n<h5>Researcher<\/h5>\n<p>Phone: +386-1-4771-794<\/p>\n<p>E-Mail: jure.korenjak(at)fs.uni-lj.si<\/p>\n<h3>Igor Mele<\/h3>\n<h5>Researcher<\/h5>\n<p>Phone: +386-1-4771-431<\/p>\n<p>E-Mail: igor.mele(at)fs.uni-lj.si<\/p>\n<h3>Jacinta Podbr\u0161\u010dek<\/h3>\n<h5>Project manager<\/h5>\n<p>Phone: +386-1-4771-728<\/p>\n<p>E-Mail: jacinta.podbrscek(at)fs.uni-lj.si<\/p>\n<h3>Lana Regent<\/h3>\n<h5>Researcher<\/h5>\n<p>Phone: +386-1-4771-431<\/p>\n<p>E-Mail: lana.regent(at)fs.uni-lj.si<\/p>\n<h3>Nina Re\u0161\u010di\u010d<\/h3>\n<h5>Researcher<\/h5>\n<p>Phone: +386-1-4771-311<\/p>\n<p>E-Mail: nina.rescic(at)fs.uni-lj.si<\/p>\n<h3>\u017diga Rosec<\/h3>\n<h5>Researcher<\/h5>\n<p>Phone: +386-1-4771-792<\/p>\n<p>E-Mail: ziga.rosec(at)fs.uni-lj.si<\/p>\n<h3>Ariel Marie Stolz<\/h3>\n<h5>Researcher<\/h5>\n<p>Phone: +386-1-4771-792<\/p>\n<p>E-Mail: arielmarie.stolz(at)fs.uni-lj.si<\/p>\n<h3>Valentina \u0160imi\u0107 \u0160kraba<\/h3>\n<h5>Researcher<\/h5>\n<p>Phone: +386-1-4771-311<\/p>\n<p>E-Mail: valentina.simicskraba(at)fs.uni-lj.si<\/p>\n<h3>Jasmina Tabakovi\u0107<\/h3>\n<h5>Researcher<\/h5>\n<p>Phone: +386-1-4771-311<\/p>\n<p>E-Mail: jasmina.tabakovic(at)fs.uni-lj.si<\/p>\n<h3>Tit Voglar<\/h3>\n<h5>Researcher<\/h5>\n<p>Phone: +386-1-4771-421<\/p>\n<p>E-Mail: tit.voglar(at)fs.uni-lj.si<\/p>\n<h3>Vid Zuljan<\/h3>\n<h5>Researcher<\/h5>\n<p>Phone: +386-1-4771-311<\/p>\n<p>E-Mail: vid.zuljan(at)fs.uni-lj.si<\/p>\n","protected":false},"excerpt":{"rendered":"<p>Dr. Toma\u017e Katra\u0161nik Professor Head of Laboratory for Internal Combustion Engines and Electromobility Phone: +386-1-4771-305 E-Mail: tomaz.katrasnik(at)fs.uni-lj.si Dr. Amer Amor Chowdhury Haque Assistant Professor Phone: +386-1-4771-310 E-Mail: amor.chowdhury(at)fs.uni-lj.si Dr. Andra\u017e Kravos Assistant Professor Phone: +386-1-4771-311 E-Mail: andraz.kravos(at)fs.uni-lj.si Dr. Klemen Zeli\u010d Assistant Professor Phone: +386-1-4771-795 E-Mail: klemen.zelic(at)fs.uni-lj.si Dr. Anton \u017dnidar\u010di\u010d Assistant[&#8230;]<\/p>\n","protected":false},"author":1,"featured_media":0,"parent":0,"menu_order":0,"comment_status":"closed","ping_status":"closed","template":"","meta":{"footnotes":""},"class_list":["post-13","page","type-page","status-publish","hentry"],"_links":{"self":[{"href":"https:\/\/web.fs.uni-lj.si\/licem\/wp-json\/wp\/v2\/pages\/13","targetHints":{"allow":["GET"]}}],"collection":[{"href":"https:\/\/web.fs.uni-lj.si\/licem\/wp-json\/wp\/v2\/pages"}],"about":[{"href":"https:\/\/web.fs.uni-lj.si\/licem\/wp-json\/wp\/v2\/types\/page"}],"author":[{"embeddable":true,"href":"https:\/\/web.fs.uni-lj.si\/licem\/wp-json\/wp\/v2\/users\/1"}],"replies":[{"embeddable":true,"href":"https:\/\/web.fs.uni-lj.si\/licem\/wp-json\/wp\/v2\/comments?post=13"}],"version-history":[{"count":8,"href":"https:\/\/web.fs.uni-lj.si\/licem\/wp-json\/wp\/v2\/pages\/13\/revisions"}],"predecessor-version":[{"id":1573,"href":"https:\/\/web.fs.uni-lj.si\/licem\/wp-json\/wp\/v2\/pages\/13\/revisions\/1573"}],"wp:attachment":[{"href":"https:\/\/web.fs.uni-lj.si\/licem\/wp-json\/wp\/v2\/media?parent=13"}],"curies":[{"name":"wp","href":"https:\/\/api.w.org\/{rel}","templated":true}]}}