{"id":618,"date":"2024-11-03T23:10:54","date_gmt":"2024-11-03T22:10:54","guid":{"rendered":"https:\/\/web.fs.uni-lj.si\/lat\/?page_id=618"},"modified":"2025-12-10T13:27:00","modified_gmt":"2025-12-10T12:27:00","slug":"zakljucna-dela","status":"publish","type":"page","link":"https:\/\/web.fs.uni-lj.si\/lat\/sl\/zakljucna-dela\/","title":{"rendered":"Zaklju\u010dna dela"},"content":{"rendered":"<p>[et_pb_section fb_built=&#8221;1&#8243; _builder_version=&#8221;4.27.2&#8243; _module_preset=&#8221;default&#8221; global_colors_info=&#8221;{}&#8221;][et_pb_row _builder_version=&#8221;4.27.2&#8243; _module_preset=&#8221;default&#8221; global_colors_info=&#8221;{}&#8221;][et_pb_column type=&#8221;4_4&#8243; _builder_version=&#8221;4.27.2&#8243; _module_preset=&#8221;default&#8221; global_colors_info=&#8221;{}&#8221;][et_pb_heading title=&#8221;Zaklju\u010dna dela&#8221; _builder_version=&#8221;4.27.2&#8243; _module_preset=&#8221;default&#8221; global_colors_info=&#8221;{}&#8221;][\/et_pb_heading][et_pb_heading title=&#8221;Tema&#8221; _builder_version=&#8221;4.27.2&#8243; _module_preset=&#8221;default&#8221; global_colors_info=&#8221;{}&#8221;][\/et_pb_heading][et_pb_text _builder_version=&#8221;4.27.4&#8243; _module_preset=&#8221;default&#8221; global_colors_info=&#8221;{}&#8221;]<\/p>\n<p>Po\u0161ljite povpra\u0161evanje na e-naslov:\u00a0 <img decoding=\"async\" src=\"https:\/\/web.fs.uni-lj.si\/lat\/wp-content\/uploads\/2025\/02\/email_jv.png\" width=\"90\" \/>. Pri tem predstavite svoje dosedanje delo in izku\u0161nje, navedite podro\u010dje dela, ki vas zanima, in okvirni termin zaklju\u010dka naloge. Ne pozabite napisati, za katero zaklju\u010dno delo gre (diploma PAP, zaklju\u010dna naloga RRP, magistrska naloga).<\/p>\n<p>[\/et_pb_text][et_pb_heading title=&#8221;Navodila za pisanje&#8221; _builder_version=&#8221;4.27.2&#8243; _module_preset=&#8221;default&#8221; global_colors_info=&#8221;{}&#8221;][\/et_pb_heading][et_pb_text _builder_version=&#8221;4.27.2&#8243; _module_preset=&#8221;default&#8221; global_colors_info=&#8221;{}&#8221;]<\/p>\n<p>Pi\u0161ite v prvi osebi mno\u017eine.<\/p>\n<p>Ohranite naslove glavnih poglavij v predlogi.<\/p>\n<p>Pazite, da pi\u0161ete v knji\u017enem jeziku in se izogibate besedam, ki se pogovorno pogosto uporabljajo, npr. <strong>nam<\/strong> (nam prikazuje -&gt; prikazuje), <strong>samem<\/strong> (na samem stroju -&gt; na stroju), <strong>vidimo<\/strong> (na sliki vidimo -&gt; slika prikazuje), <strong>po navadi<\/strong> (-&gt; obi\u010dajno, pogosto, v splo\u0161nem). <strong>Pa<\/strong> in <strong>lahko <\/strong>uporabljajte le v izjemnih primerih. Ne uporabljajte treh pik (<strong>&#8230;<\/strong> -&gt; itd. ali itn.). Pred <em>itd. <\/em>oziroma<em> itn. <\/em>ni vejice<em>.<\/em> Ne pi\u0161ite <strong>pritisk<\/strong> ko govorite o tlaku.<em> <\/em>Ne pi\u0161emo npr. Taguchi metoda ampak metoda Taguchi &#8211; sledi pravilu, da pi\u0161emo <strong>teta Ana<\/strong> in ne Ana teta. Ko zapisujete priredne stavke, jih praviloma najprej lo\u010dite z &#8220;in&#8221; nato \u0161ele s &#8220;ter&#8221;. Nikoli ni v povedi samo &#8220;ter&#8221; brez &#8220;in&#8221;.<em><br \/><\/em><\/p>\n<p>Uporabljajte <strong>decimalne vejice<\/strong> in ne pike: 3,14 in ne 3.14. Med vrednostjo in enoto je vedno <strong>presledek<\/strong>, izjema so le kotne stopinje: 3 mm, 5 %, 3 \u00b0C, 5\u00b0. Vse <strong>spremenljivke<\/strong> pi\u0161emo <em>po\u0161evno<\/em> (<em>italic)<\/em>, njihove indekse pa pokon\u010dno, \u010de niso spremenljivke (primer: <em>F<\/em><sub><span style=\"font-size: xx-small;\">min<\/span><\/sub>).<\/p>\n<p>Vse mora biti zapisano <strong>v slovenskem jeziku<\/strong>, tudi na slikah in v preglednicah. Izogibajte se slikam in preglednicam narejenih s \\\\&#8221;<strong><em>printscreen<\/em><\/strong>\\\\&#8221;. \u010ce je to potrebno za opis uporabe ra\u010dunalni\u0161kega programa, je treba vse izraze prevesti v sloven\u0161\u010dino in to zapisati v tekstu ali podpisu slike. \u010ce ste v sku\u0161njavi, da uporabite ustaljen <strong>tuj izraz<\/strong>, potem poi\u0161\u010dite po literaturi ali spletu, kako drugi prevejajo ta izraz v sloven\u0161\u010dino, navedite slovenski izraz in v oklepaju in po\u0161evno (<em>italic<\/em>) zapi\u0161ite tuj izraz. Primer: iztiskavanje materiala (angl. <em>material extrusion<\/em> &#8211; MEX).<\/p>\n<p><strong>Oznake na slikah<\/strong> (\u010drke, \u0161tevilke) naj bodo pribli\u017eno enake velikosti kot \u010drke v tekstu.<\/p>\n<p>Na slikah, kjer ni dobro razvidna velikost prikazanega objekta, podajte <strong>merilo<\/strong>.<\/p>\n<p><strong>Podpis<\/strong> pod sliko ali <strong>nadpis<\/strong> nad preglednico naj se kon\u010da s piko samo, \u010de je zapisan kot poved, torej vsebuje glagol. Podpis oz. nadpis se za\u010dneta s &#8220;Slika&#8221; oz. &#8220;Preglednica&#8221;, zato ne pi\u0161ite v tekstu podpisa\/nadpisa besed kot so graf, slika, tabela, podatki ipd.<\/p>\n<p>Preden podate sliko ali preglednico, se nanjo <strong>sklicujte<\/strong> v tekstu. Sledite pravilom pisanja velikih \u010drk in pravilno sklanjaje <em>slika<\/em> in <em>preglednica. <\/em>Ena od mo\u017enosti: napis &#8220;Slika&#8221;, ki je del navzkri\u017enega sklicevanja skrije\u0161 (ozna\u010di\u0161 tekst, desna tipka, font, hidden) in napi\u0161e\u0161 pravilno. Torej najprej napovemo sliko v tekstu, potem sledi slika &#8211; ne nujno takoj za odstavkom, kjer je slika napovedana; lahko tudi \u0161ele na eni od naslednjih strani. To omogo\u010da, da vsako stran popolnoma zapolnite s slikami in besedilom. Ne pu\u0161\u010dajte <strong>praznih prostorov<\/strong> na dnu strani, izjema je le prazen prostor pred novim glavnim poglavjem.<\/p>\n<p>Za vsako <strong>kratico<\/strong> ali <strong>simbol<\/strong> napi\u0161ite v tekstu, kaj ozna\u010duje. Seveda jih navedete tudi v kazalu kratic in simbolov.<\/p>\n<p>Takoj po naslovu ne za\u010dnite z <strong>na\u0161tevanjem<\/strong> v alinejah. Najprej naj bo uvodni stavek ali odstavek, ki napove, kaj bo na\u0161tevano. Ko na\u0161tevate, uporabljajte <strong>lo\u010dila<\/strong> kot da alinej ne bi bilo.<\/p>\n<p><strong>Odstavek<\/strong> naj bo vedno enako podan: ne enkrat samo prehod v novo vrstico, drugi\u010d dodana vrstica med odstavki.\u00a0En odstavek naj vsebuje ve\u010d povedi.<\/p>\n<p><strong>Naslov poglavja<\/strong>, podpoglavja naj ne sameva na koncu strani; vedno naj bosta z njim vsaj dve vrstici teksta.<\/p>\n<p>V poglavju <strong>naj ne bo samo eno podpoglavje<\/strong>; vsaj dve ali ni\u010d.<\/p>\n<p>Poglavje Teoreti\u010dna izhodi\u0161\u010da sodijo osnove, razlage, zakonitosti, ki jih potrebujete pri metodah dela in vrednotenju rezultatov. Poglavje teoreti\u010dna izhodi\u0161\u010da naj ne obsega ve\u010d kot polovico va\u0161ega dela.<\/p>\n<p>Smisel navajanja literature je, da vam navedene trditve ni treba dokazovati, ker je to dokazano v navedeni literaturi. <strong>Literaturo<\/strong> navajajte v tekstu po vrsti, npr. [1], [2]. \u010ce se kasneje ponovi citiranje npr. [1], je to v redu. Vedno navedite najprej vir, nato lo\u010dilo, npr. &#8220;voda je mokra [13].&#8221;. Za vsak odstavek, ki ga povzamete iz literature navedite vir; tudi \u010de si sledi ve\u010d odstavkov iz istega vira.<\/p>\n<p>Preden se lotite pisanja, pazljivo preberite <a href=\"\/\/www.fs.uni-lj.si\/studijska_dejavnost\/studentski_referat\/pravilniki__navodila_in_obrazci_i%20_in_ii%20_stopnja\/navodila_za_zakljucek_studija\/\/\" target=\"\\\\\" _blank=\"\" rel=\"noopener\">navodila za zaklju\u010dek \u0161tudija<\/a>. Pazite, da izberete pravi \u0161tudij (VS I. stopnja, UNI I. stopnja, MAG II. stopnja) in upo\u0161tevajte vse napotke, ki so tam zbrani.<\/p>\n<p>Va\u0161 izdelek je knjiga, ki naj ka\u017ee nivo va\u0161e (univerzitetne) izobrazbe, zato pazite na stil pisanja.<\/p>\n<p>Ko napi\u0161ete 10 strani, preberite zgoraj zgornje napotke in skladno s tem popravite svoj tekst. To vajo ve\u010dkrat ponovite.<\/p>\n<p>Za popravljanje pravopisnih napak priporo\u010damo program\u010dek <a href=\"\/\/besana.amebis.si\/\" target=\"_blank\" rel=\"noopener\">Besana<\/a> oziroma lektorja(-ico).<\/p>\n<p>[\/et_pb_text][et_pb_heading title=&#8221;Literatura&#8221; _builder_version=&#8221;4.27.2&#8243; _module_preset=&#8221;default&#8221; global_colors_info=&#8221;{}&#8221;][\/et_pb_heading][et_pb_text _builder_version=&#8221;4.27.2&#8243; _module_preset=&#8221;default&#8221; min_height=&#8221;48.8px&#8221; custom_padding=&#8221;||0px|||&#8221; global_colors_info=&#8221;{}&#8221;]<\/p>\n<p>Uporabite <a href=\"\/\/www.semanticscholar.org\/\" target=\"_blank\">https:\/\/www.semanticscholar.org<\/a> za iskanje znanstvenih oz. strokovnih \u010dlankov. Do ve\u010dine \u010dlankov lahko dostopate iz prostorov univerze ali CTK-ja. Za dostop do \u010dlakov od drugje, je mogo\u010de uporabiti portal sci-hub (ki redno menja domene).<\/p>\n<p>[\/et_pb_text][et_pb_heading title=&#8221;UDK \u0161tevilka&#8221; _builder_version=&#8221;4.27.4&#8243; _module_preset=&#8221;default&#8221; global_colors_info=&#8221;{}&#8221;][\/et_pb_heading][et_pb_text _builder_version=&#8221;4.27.4&#8243; _module_preset=&#8221;default&#8221; min_height=&#8221;95.8px&#8221; custom_margin=&#8221;||42px||false|false&#8221; custom_padding=&#8221;||0px||false|false&#8221; global_colors_info=&#8221;{}&#8221;]<\/p>\n<p>\u010ce \u017eelite pridobiti UDK \u0161tevilko za va\u0161e zaklju\u010dno delo, pravo\u010dasno (vsaj 3 dni prej) po\u0161ljite na naslov knjiznica@fs.uni-lj.si naslednje podatke v slovenskem jeziku:<\/p>\n<ul>\n<li>naslov naloge;<\/li>\n<li>mentorja in somentorja naloge;<\/li>\n<li>najmanj pet klju\u010dnih besed (v mno\u017eini);<\/li>\n<li>izvle\u010dek oz. povzetek.<\/li>\n<\/ul>\n<p>UDK \u0161tevilko na\u010deloma dobite \u0161e isti dan, \u010de podatke po\u0161ljete po elektronski po\u0161ti v delovnem \u010dasu knji\u017enice oz. naslednji dan, \u010de jih po\u0161ljete izven delovnega \u010dasa.<br \/>Teko\u010do \u0161tevilko dobite v \u0161tudentskem referatu ob prijavi teme zaklju\u010dnega dela<\/p>\n<p>Zgornji tekst je povzet s <a href=\"https:\/\/www.fs.uni-lj.si\/studij\/studiraj-na-fs\/knjiznica\/dodelitev-udk-stevilke\/\">strani knji\u017enice FS<\/a>.<\/p>\n<p>[\/et_pb_text][et_pb_heading title=&#8221;Tiskanje izvodov in hramba datotek&#8221; _builder_version=&#8221;4.27.2&#8243; _module_preset=&#8221;default&#8221; global_colors_info=&#8221;{}&#8221;][\/et_pb_heading][et_pb_text _builder_version=&#8221;4.27.2&#8243; _module_preset=&#8221;default&#8221; min_height=&#8221;95.8px&#8221; custom_margin=&#8221;||146px|||&#8221; custom_padding=&#8221;||0px|||&#8221; global_colors_info=&#8221;{}&#8221;]<\/p>\n<p>Za mentorja in somentorja <strong>ne pripravljajte vezanega izvoda dela! <\/strong> Od vas potrebujemo delo v obliki docx, odt ali latex in vse pomo\u017ene datoteke (xls, sldasm ipd.). Poskrbite, da pred zagovorom vse datoteke shranite v va\u0161 kanal v aplikaciji Teams. Vsi eksperimentalni rezultati morajo biti tako zabele\u017eeni in shranjeni, da vsak razume, kaj pomenijo \u0161tevilke, grafi in preglednice. Izbri\u0161ite stare verzije va\u0161ega dela in obdelave rezultatov.<\/p>\n<p>V osnovni mapi naj bo:<\/p>\n<ul>\n<li>kon\u010dna verzija va\u0161ega dela v obliki, ki omogo\u010da urejanje (docx, odt ipd.) in\n<li>predstavitev (v obliki pptx ali kaj podobnega).\n<li><u>Mi bomo tja shranili<\/u> kon\u010dno verzijo v obliki pdf, ki jo boste nalo\u017eili v VIS za pregled plagiatorstva. Ime te datoteke se pri\u010dne s \u0161tevilko dela, nadaljuje z &#038;&#038; in naslovom dela &#8211; ne bri\u0161ite te datoteke!\n<li>Obvezni sta dve podmapi, &#8220;administracija&#8221;, kamor vsi shranjujemo dokumente, ki so vezani na komunikacijo s \u0161tudentskim referatom (prijava teme oz. dispozicija, zapisnik komisije, ocenjevalni list ipd.) in &#8220;rezultati&#8221;, kjer shranite datoteke xlsx, csv, vse uporabljene skripte (matlab, python). Za ostale datoteke naredite druge podmape, kot najbolj ustreza va\u0161emu delu, npr. &#8220;slike&#8221;, &#8220;modeli&#8221; ipd.<\/ul>\n<p>\u00a0<\/p>\n<p>[\/et_pb_text][\/et_pb_column][\/et_pb_row][et_pb_row _builder_version=&#8221;4.27.2&#8243; _module_preset=&#8221;default&#8221; global_colors_info=&#8221;{}&#8221;][et_pb_column type=&#8221;4_4&#8243; _builder_version=&#8221;4.27.2&#8243; _module_preset=&#8221;default&#8221; global_colors_info=&#8221;{}&#8221;][\/et_pb_column][\/et_pb_row][\/et_pb_section]<\/p>\n","protected":false},"excerpt":{"rendered":"<p>Po\u0161ljite povpra\u0161evanje na e-naslov:\u00a0 . Pri tem predstavite svoje dosedanje delo in izku\u0161nje, navedite podro\u010dje dela, ki vas zanima, in okvirni termin zaklju\u010dka naloge. Ne pozabite napisati, za katero zaklju\u010dno delo gre (diploma PAP, zaklju\u010dna naloga RRP, magistrska naloga).Pi\u0161ite v prvi osebi mno\u017eine. Ohranite naslove glavnih poglavij v predlogi. Pazite, da pi\u0161ete v knji\u017enem jeziku [&hellip;]<\/p>\n","protected":false},"author":4,"featured_media":0,"parent":0,"menu_order":0,"comment_status":"closed","ping_status":"closed","template":"","meta":{"_et_pb_use_builder":"on","_et_pb_old_content":"[et_pb_section fb_built=\"1\" _builder_version=\"4.27.2\" _module_preset=\"default\" global_colors_info=\"{}\"][et_pb_row _builder_version=\"4.27.2\" _module_preset=\"default\" global_colors_info=\"{}\"][et_pb_column type=\"4_4\" _builder_version=\"4.27.2\" _module_preset=\"default\" global_colors_info=\"{}\"][et_pb_heading title=\"Zaklju\u010dna dela\" _builder_version=\"4.27.2\" _module_preset=\"default\" global_colors_info=\"{}\"][\/et_pb_heading][et_pb_heading title=\"Tema\" _builder_version=\"4.27.2\" _module_preset=\"default\" global_colors_info=\"{}\"][\/et_pb_heading][et_pb_text _builder_version=\"4.27.4\" _module_preset=\"default\" global_colors_info=\"{}\"]<p>Po\u0161ljite povpra\u0161evanje na e-naslov:\u00a0 <img src=\"https:\/\/web.fs.uni-lj.si\/lat\/wp-content\/uploads\/2025\/02\/email_jv.png\" width=\"90\" \/>. Pri tem predstavite svoje dosedanje delo in izku\u0161nje. Navedite tudi podro\u010dje dela, ki vas zanima, in okvirni termin zaklju\u010dka naloge. Navedite tudi, za katero zaklju\u010dno delo gre (diploma PAP, zaklju\u010dna naloga RRP, magistrska naloga). <\/p>[\/et_pb_text][et_pb_heading title=\"Navodila za pisanje\" _builder_version=\"4.27.2\" _module_preset=\"default\" global_colors_info=\"{}\"][\/et_pb_heading][et_pb_text _builder_version=\"4.27.2\" _module_preset=\"default\" global_colors_info=\"{}\"]<p>Pi\u0161ite v prvi osebi mno\u017eine.<\/p>\r\n<p>Ohranite naslove glavnih poglavij v predlogi.<\/p>\r\n<p>Pazite, da pi\u0161ete v knji\u017enem jeziku in se izogibate besedam, ki se pogovorno pogosto uporabljajo, npr. <strong>nam<\/strong> (nam prikazuje -> prikazuje), <strong>samem<\/strong> (na samem stroju -> na stroju), <strong>vidimo<\/strong> (na sliki vidimo -> slika prikazuje), <strong>po navadi<\/strong> (-> obi\u010dajno, pogosto, v splo\u0161nem). <strong>Pa<\/strong> in <strong>lahko <\/strong>uporabljajte le v izjemnih primerih. Ne uporabljajte treh pik (<strong>...<\/strong> -> itd. ali itn.). Pred <em>itd. <\/em>oziroma<em> itn. <\/em>ni vejice<em>.<\/em> Ne pi\u0161ite <strong>pritisk<\/strong> ko govorite o tlaku.<em> <\/em>Ne pi\u0161emo npr. Taguchi metoda ampak metoda Taguchi - sledi pravilu, da pi\u0161emo <strong>teta Ana<\/strong> in ne Ana teta. Ko zapisujete priredne stavke, jih praviloma najprej lo\u010dite z \"in\" nato \u0161ele s \"ter\". Nikoli ni v povedi samo \"ter\" brez \"in\".<em><br \/><\/em><\/p>\r\n<p>Uporabljajte <strong>decimalne vejice<\/strong> in ne pike: 3,14 in ne 3.14. Med vrednostjo in enoto je vedno <strong>presledek<\/strong>, izjema so le kotne stopinje: 3 mm, 5 %, 3 \u00b0C, 5\u00b0. Vse <strong>spremenljivke<\/strong> pi\u0161emo <em>po\u0161evno<\/em> (<em>italic)<\/em>, njihove indekse pa pokon\u010dno, \u010de niso spremenljivke (primer: <em>F<\/em><sub><span style=\"font-size: xx-small;\">min<\/span><\/sub>).<\/p>\r\n<p>Vse mora biti zapisano <strong>v slovenskem jeziku<\/strong>, tudi na slikah in v preglednicah. Izogibajte se slikam in preglednicam narejenih s \\\"<strong><em>printscreen<\/em><\/strong>\\\". \u010ce je to potrebno za opis uporabe ra\u010dunalni\u0161kega programa, je treba vse izraze prevesti v sloven\u0161\u010dino in to zapisati v tekstu ali podpisu slike. \u010ce ste v sku\u0161njavi, da uporabite ustaljen <strong>tuj izraz<\/strong>, potem poi\u0161\u010dite po literaturi ali spletu, kako drugi prevejajo ta izraz v sloven\u0161\u010dino, navedite slovenski izraz in v oklepaju in po\u0161evno (<em>italic<\/em>) zapi\u0161ite tuj izraz. Primer: iztiskavanje materiala (angl. <em>material extrusion<\/em> - MEX).<\/p>\r\n<p><strong>Oznake na slikah<\/strong> (\u010drke, \u0161tevilke) naj bodo pribli\u017eno enake velikosti kot \u010drke v tekstu.<\/p>\r\n<p>Na slikah, kjer ni dobro razvidna velikost prikazanega objekta, podajte <strong>merilo<\/strong>.<\/p>\r\n<p><strong>Podpis<\/strong> pod sliko ali <strong>nadpis<\/strong> nad preglednico naj se kon\u010da s piko samo, \u010de je zapisan kot poved, torej vsebuje glagol.<\/p>\r\n<p>Preden podate sliko ali preglednico, se nanjo <strong>sklicujte<\/strong> v tekstu. Sledite pravilom pisanja velikih \u010drk in pravilno sklanjaje <em>slika<\/em> in <em>preglednica. <\/em>Ena od mo\u017enosti: napis \"Slika\", ki je del navzkri\u017enega sklicevanja skrije\u0161 (ozna\u010di\u0161 tekst, desna tipka, font, hidden) in napi\u0161e\u0161 pravilno. Torej najprej napovemo sliko v tekstu, potem sledi slika - ne nujno takoj za odstavkom, kjer je slika napovedana; lahko tudi \u0161ele na eni od naslednjih strani. To omogo\u010da, da vsako stran popolnoma zapolnite s slikami in besedilom. Ne pu\u0161\u010dajte <strong>praznih prostorov<\/strong> na dnu strani, izjema je le prazen prostor pred novim glavnim poglavjem. <\/p>\r\n<p>Za vsako <strong>kratico<\/strong> ali <strong>simbol<\/strong> napi\u0161ite v tekstu, kaj ozna\u010duje. Seveda jih navedete tudi v kazalu kratic in simbolov.<\/p>\r\n<p>Takoj po naslovu ne za\u010dnite z <strong>na\u0161tevanjem<\/strong> v alinejah. Najprej naj bo uvodni stavek ali odstavek, ki napove, kaj bo na\u0161tevano. Ko na\u0161tevate, uporabljajte <strong>lo\u010dila<\/strong> kot da alinej ne bi bilo.<\/p>\r\n<p><strong>Odstavek<\/strong> naj bo vedno enako podan: ne enkrat samo prehod v novo vrstico, drugi\u010d dodana vrstica med odstavki.\u00a0En odstavek naj vsebuje ve\u010d povedi.<\/p>\r\n<p><strong>Naslov poglavja<\/strong>, podpoglavja naj ne sameva na koncu strani; vedno naj bosta z njim vsaj dve vrstici teksta.<\/p>\r\n<p>V poglavju <strong>naj ne bo samo eno podpoglavje<\/strong>; vsaj dve ali ni\u010d.<\/p>\r\n\r\n<p>Poglavje Teoreti\u010dna izhodi\u0161\u010da sodijo osnove, razlage, zakonitosti, ki jih potrebujete pri metodah dela in vrednotenju rezultatov. Poglavje teoreti\u010dna izhodi\u0161\u010da naj ne obsega ve\u010d kot polovico va\u0161ega dela.<\/p>\r\n<p>Smisel navajanja literature je, da vam navedene trditve ni treba dokazovati, ker je to dokazano v navedeni literaturi. <strong>Literaturo<\/strong> navajajte v tekstu po vrsti, npr. [1], [2]. \u010ce se kasneje ponovi citiranje npr. [1], je to v redu. Vedno navedite najprej vir, nato lo\u010dilo, npr. \"voda je mokra [13].\". Za vsak odstavek, ki ga povzamete iz literature navedite vir; tudi \u010de si sledi ve\u010d odstavkov iz istega vira.<\/p>\r\n\r\n<p>Preden se lotite pisanja, pazljivo preberite <a href=\"\/\/www.fs.uni-lj.si\/studijska_dejavnost\/studentski_referat\/pravilniki__navodila_in_obrazci_i%20_in_ii%20_stopnja\/navodila_za_zakljucek_studija\/\/\"\" target=\"\\\"_blank\\\"\" rel=\"noopener\">navodila za zaklju\u010dek \u0161tudija<\/a>. Pazite, da izberete pravi \u0161tudij (VS I. stopnja, UNI I. stopnja, MAG II. stopnja) in upo\u0161tevajte vse napotke, ki so tam zbrani.<\/p>\r\n\r\n<p>Va\u0161 izdelek je knjiga, ki naj ka\u017ee nivo va\u0161e (univerzitetne) izobrazbe, zato pazite na stil pisanja.<\/p>\r\n<p>Ko napi\u0161ete 10 strani, preberite zgoraj zgornje napotke in skladno s tem popravite svoj tekst. To vajo ve\u010dkrat ponovite.<\/p>\r\n\r\n<p>Za popravljanje pravopisnih napak priporo\u010damo program\u010dek <a href=\"\/\/besana.amebis.si\/\" target=\"_blank\">Besana<\/a> oziroma lektorja(-ico).<\/p>\r\n\r\n[\/et_pb_text][et_pb_heading title=\"Literatura\" _builder_version=\"4.27.2\" _module_preset=\"default\" global_colors_info=\"{}\"][\/et_pb_heading][et_pb_text _builder_version=\"4.27.2\" _module_preset=\"default\" min_height=\"48.8px\" custom_padding=\"||0px|||\" global_colors_info=\"{}\"]<p>Uporabite <a href=\"\/\/www.semanticscholar.org\/\" target=\"_blank\">https:\/\/www.semanticscholar.org<\/a> za iskanje znanstvenih oz. strokovnih \u010dlankov. Do ve\u010dine \u010dlankov lahko dostopate iz prostorov univerze ali CTK-ja. Za dostop do \u010dlakov od drugje, je mogo\u010de uporabiti portal sci-hub (ki redno menja domene).<\/p>\r\n\r\n[\/et_pb_text][et_pb_heading title=\"UDK \u0161tevilka\" _builder_version=\"4.27.4\" _module_preset=\"default\" global_colors_info=\"{}\"][\/et_pb_heading][et_pb_text _builder_version=\"4.27.4\" _module_preset=\"default\" min_height=\"95.8px\" custom_margin=\"||42px||false|false\" custom_padding=\"||0px||false|false\" global_colors_info=\"{}\"]<p>\u010ce \u017eelite pridobiti UDK \u0161tevilko za va\u0161e zaklju\u010dno delo, pravo\u010dasno (vsaj 3 dni prej) po\u0161ljite na naslov knjiznica@fs.uni-lj.si naslednje podatke v slovenskem jeziku:<\/p>\r\n<ul>\r\n<li>naslov naloge;<\/li>\r\n<li>mentorja in somentorja naloge;<\/li>\r\n<li>najmanj pet klju\u010dnih besed (v mno\u017eini);<\/li>\r\n<li>izvle\u010dek oz. povzetek.<\/li>\r\n<\/ul>\r\n<p>UDK \u0161tevilko na\u010deloma dobite \u0161e isti dan, \u010de podatke po\u0161ljete po elektronski po\u0161ti v delovnem \u010dasu knji\u017enice oz. naslednji dan, \u010de jih po\u0161ljete izven delovnega \u010dasa.<br \/>Teko\u010do \u0161tevilko dobite v \u0161tudentskem referatu ob prijavi teme zaklju\u010dnega dela<\/p>\r\n\r\n<p>Zgornji tekst je povzet s <a href=\"https:\/\/www.fs.uni-lj.si\/studij\/studiraj-na-fs\/knjiznica\/dodelitev-udk-stevilke\/\">strani knji\u017enice FS<\/a>.<\/p>\r\n\r\n[\/et_pb_text][et_pb_heading title=\"Tiskanje izvodov in hramba datotek\" _builder_version=\"4.27.2\" _module_preset=\"default\" global_colors_info=\"{}\"][\/et_pb_heading][et_pb_text _builder_version=\"4.27.2\" _module_preset=\"default\" min_height=\"95.8px\" custom_margin=\"||146px|||\" custom_padding=\"||0px|||\" global_colors_info=\"{}\"]\r\n\r\n<p>Za mentorja in somentorja <strong>ne pripravljajte vezanega izvoda dela! <\/strong> Od vas potrebujemo delo v obliki docx, odt ali latex in vse pomo\u017ene datoteke (xls, sldasm ipd.). Poskrbite, da pred zagovorom vse datoteke shranite v va\u0161 kanal v aplikaciji Teams. Vsi eksperimentalni rezultati morajo biti tako zabele\u017eeni in shranjeni, da vsak razume, kaj pomenijo \u0161tevilke, grafi in preglednice. Izbri\u0161ite stare verzije va\u0161ega dela in obdelave rezultatov.<\/p>\r\n<p>V osnovni mapi naj bo:<ul>\r\n<li>kon\u010dna verzija va\u0161ega dela v obliki, ki omogo\u010da urejanje (docx, odt ipd.) in \r\n<li>predstavitev (v obliki pptx ali kaj podobnega). \r\n<li><u>Mi bomo tja shranili<\/u> kon\u010dno verzijo v obliki pdf, ki jo boste nalo\u017eili v VIS za pregled plagiatorstva. Ime te datoteke se pri\u010dne s \u0161tevilko dela, nadaljuje z && in naslovom dela - ne bri\u0161ite te datoteke! \r\n<li>Obvezni sta dve podmapi, \"administracija\", kamor vsi shranjujemo dokumente, ki so vezani na komunikacijo s \u0161tudentskim referatom (prijava teme oz. dispozicija, zapisnik komisije, ocenjevalni list ipd.) in \"rezultati\", kjer shranite datoteke xlsx, csv, vse uporabljene skripte (matlab, python). Za ostale datoteke naredite druge podmape, kot najbolj ustreza va\u0161emu delu, npr. \"slike\", \"modeli\" ipd.<\/ul><\/p>\r\n<p>\u00a0<\/p>[\/et_pb_text][\/et_pb_column][\/et_pb_row][et_pb_row _builder_version=\"4.27.2\" _module_preset=\"default\" global_colors_info=\"{}\"][et_pb_column type=\"4_4\" _builder_version=\"4.27.2\" _module_preset=\"default\" global_colors_info=\"{}\"][\/et_pb_column][\/et_pb_row][\/et_pb_section]","_et_gb_content_width":"","footnotes":""},"class_list":["post-618","page","type-page","status-publish","hentry"],"_links":{"self":[{"href":"https:\/\/web.fs.uni-lj.si\/lat\/wp-json\/wp\/v2\/pages\/618","targetHints":{"allow":["GET"]}}],"collection":[{"href":"https:\/\/web.fs.uni-lj.si\/lat\/wp-json\/wp\/v2\/pages"}],"about":[{"href":"https:\/\/web.fs.uni-lj.si\/lat\/wp-json\/wp\/v2\/types\/page"}],"author":[{"embeddable":true,"href":"https:\/\/web.fs.uni-lj.si\/lat\/wp-json\/wp\/v2\/users\/4"}],"replies":[{"embeddable":true,"href":"https:\/\/web.fs.uni-lj.si\/lat\/wp-json\/wp\/v2\/comments?post=618"}],"version-history":[{"count":5,"href":"https:\/\/web.fs.uni-lj.si\/lat\/wp-json\/wp\/v2\/pages\/618\/revisions"}],"predecessor-version":[{"id":862,"href":"https:\/\/web.fs.uni-lj.si\/lat\/wp-json\/wp\/v2\/pages\/618\/revisions\/862"}],"wp:attachment":[{"href":"https:\/\/web.fs.uni-lj.si\/lat\/wp-json\/wp\/v2\/media?parent=618"}],"curies":[{"name":"wp","href":"https:\/\/api.w.org\/{rel}","templated":true}]}}