{"id":579,"date":"2024-04-08T22:24:17","date_gmt":"2024-04-08T20:24:17","guid":{"rendered":"https:\/\/web.fs.uni-lj.si\/lat\/?page_id=579"},"modified":"2024-04-09T10:21:03","modified_gmt":"2024-04-09T08:21:03","slug":"projects_en","status":"publish","type":"page","link":"https:\/\/web.fs.uni-lj.si\/lat\/en\/projects_en\/","title":{"rendered":"Projects list"},"content":{"rendered":"<p>[et_pb_section fb_built=&#8221;1&#8243; _builder_version=&#8221;4.24.3&#8243; _module_preset=&#8221;default&#8221; hover_enabled=&#8221;0&#8243; global_colors_info=&#8221;{}&#8221; custom_margin=&#8221;|||-226px|false|false&#8221; sticky_enabled=&#8221;0&#8243;][et_pb_row _builder_version=&#8221;4.24.3&#8243; _module_preset=&#8221;default&#8221; global_colors_info=&#8221;{}&#8221;][et_pb_column type=&#8221;4_4&#8243; _builder_version=&#8221;4.24.3&#8243; _module_preset=&#8221;default&#8221; hover_enabled=&#8221;0&#8243; global_colors_info=&#8221;{}&#8221; sticky_enabled=&#8221;0&#8243;][et_pb_tabs _builder_version=&#8221;4.24.3&#8243; _module_preset=&#8221;default&#8221; global_colors_info=&#8221;{}&#8221;][et_pb_tab title=&#8221;Research projects and programmes list&#8221; _builder_version=&#8221;4.24.3&#8243; _module_preset=&#8221;default&#8221; global_colors_info=&#8221;{}&#8221;]<\/p>\n<pre>List of ongoing and finished projects and research programmes\n\nInternational projects<\/pre>\n<table style=\"height: 12px; width: 75%; border-collapse: collapse; border-style: solid;\" cellspacing=\"0\" cellpadding=\"0\" border=\"1\">\n<tbody>\n<tr style=\"height: 24px;\">\n<th scope=\"col\" style=\"width: 24.9509%; height: 24px; text-align: left;\">\n<pre><strong>Code<\/strong><\/pre>\n<\/th>\n<th scope=\"col\" class=\"text-left\" style=\"width: 24.9509%; height: 24px; text-align: left;\">\n<pre>Title<\/pre>\n<\/th>\n<th scope=\"col\" class=\"text-left\" style=\"width: 24.9509%; height: 24px; text-align: left;\">\n<pre>Period<\/pre>\n<\/th>\n<td style=\"width: 24.9714%; height: 24px; text-align: left;\" align=\"left\">\n<pre>Head of the group<\/pre>\n<\/td>\n<\/tr>\n<tr style=\"height: 48px;\">\n<td style=\"width: 24.9509%; height: 48px;\" height=\"17\" align=\"left\">\n<pre>HORIZON-SEAMAC-240350<\/pre>\n<\/td>\n<td style=\"width: 24.9509%; height: 48px;\" align=\"left\">\n<pre>Strengthening the Excellence of Additive Manufacturing Capabilities<\/pre>\n<\/td>\n<td style=\"width: 24.9509%; height: 48px;\" align=\"left\">\n<pre>1\/1\/2023 - 12\/31\/2025<\/pre>\n<\/td>\n<td style=\"width: 24.9714%; height: 48px;\" align=\"left\">\n<pre>Jo\u0161ko Valentin\u010di\u010d<\/pre>\n<\/td>\n<\/tr>\n<tr style=\"height: 24px;\">\n<td style=\"width: 24.9509%; height: 24px;\" height=\"17\" align=\"left\">\n<pre>H2020-COMPETE<\/pre>\n<\/td>\n<td style=\"width: 24.9509%; height: 24px;\" align=\"left\">\n<pre>Chair Of Micro Process Engineering and Technology<\/pre>\n<\/td>\n<td style=\"width: 24.9509%; height: 24px;\" align=\"left\">\n<pre>1\/1\/2019 - 10\/3\/2023<\/pre>\n<\/td>\n<td style=\"width: 24.9714%; height: 24px;\" align=\"left\">\n<pre>Jo\u0161ko Valentin\u010di\u010d<\/pre>\n<\/td>\n<\/tr>\n<tr style=\"height: 72px;\">\n<td style=\"width: 24.9509%; height: 72px;\" height=\"17\" align=\"left\">\n<pre>LIFE+-ICE JET<\/pre>\n<\/td>\n<td style=\"width: 24.9509%; height: 72px;\" align=\"left\">\n<pre>ICE JET: Environmenta technology pilot plant for drastically reducing waste produced by abrasive water jet cutting techniques<\/pre>\n<\/td>\n<td style=\"width: 24.9509%; height: 72px;\" align=\"left\">\n<pre>1\/1\/2010 - 12\/31\/2012<\/pre>\n<\/td>\n<td style=\"width: 24.9714%; height: 72px;\" align=\"left\">\n<pre>Andrej Lebar<\/pre>\n<\/td>\n<\/tr>\n<tr style=\"height: 72px;\">\n<td style=\"width: 24.9509%; height: 72px;\" height=\"17\" align=\"left\">\n<pre>ERA NET-AWJcomp<\/pre>\n<\/td>\n<td style=\"width: 24.9509%; height: 72px;\" align=\"left\">\n<pre>AWJcomp - Razvoj Tehnologije obdelave z abrazivnim vodnim curkom za zahtevne izdelke iz aeronavti\u010dnega in navti\u010dnega sektorja<\/pre>\n<\/td>\n<td style=\"width: 24.9509%; height: 72px;\" align=\"left\">\n<pre>1\/1\/2010 - 12\/31\/2011<\/pre>\n<\/td>\n<td style=\"width: 24.9714%; height: 72px;\" align=\"left\">\n<pre>Andrej Lebar<\/pre>\n<\/td>\n<\/tr>\n<tr style=\"height: 48px;\">\n<td style=\"width: 24.9509%; height: 48px;\" height=\"17\" align=\"left\">\n<pre>FP6-NMP-4M-74344<\/pre>\n<\/td>\n<td style=\"width: 24.9509%; height: 48px;\" align=\"left\">\n<pre>Multi-Material Micro Manufacture: Technologies and Applications<\/pre>\n<\/td>\n<td style=\"width: 24.9509%; height: 48px;\" align=\"left\">\n<pre>10\/1\/2004 - 6\/30\/2009<\/pre>\n<\/td>\n<td style=\"width: 24.9714%; height: 48px;\" align=\"left\">\n<pre>Mihael Junkar<\/pre>\n<\/td>\n<\/tr>\n<tr style=\"height: 24px;\">\n<td style=\"width: 24.9509%; height: 24px;\" height=\"17\" align=\"left\">\n<pre>FP4-INCO-47281<\/pre>\n<\/td>\n<td style=\"width: 24.9509%; height: 24px;\" align=\"left\">\n<pre>Abrasive water jet cutting, a clean technology<\/pre>\n<\/td>\n<td style=\"width: 24.9509%; height: 24px;\" align=\"left\">\n<pre>2\/1\/1999 - 1\/31\/2002<\/pre>\n<\/td>\n<td style=\"width: 24.9714%; height: 24px;\" align=\"left\">\n<pre>Mihael Junkar<\/pre>\n<\/td>\n<\/tr>\n<tr style=\"height: 24px;\">\n<td style=\"width: 24.9509%; height: 24px;\"><\/td>\n<td style=\"width: 24.9509%; height: 24px;\"><\/td>\n<td style=\"width: 24.9509%; height: 24px;\"><\/td>\n<td style=\"width: 24.9714%; height: 24px;\"><\/td>\n<\/tr>\n<\/tbody>\n<\/table>\n<pre>ARIS research and infrastructure programmes<\/pre>\n<table style=\"height: 12px; width: 75%; border-collapse: collapse; border-style: solid; float: left;\" cellspacing=\"0\" cellpadding=\"0\" border=\"1\">\n<tbody>\n<tr style=\"height: 24px;\">\n<td style=\"width: 24.9714%; height: 24px;\" height=\"17\" align=\"left\">\n<pre>Code<\/pre>\n<\/td>\n<th scope=\"col\" style=\"width: 24.9509%; height: 24px;\">\n<pre>Title<\/pre>\n<\/th>\n<th scope=\"col\" class=\"text-left\" style=\"width: 24.9509%; height: 24px;\">\n<pre>Period<\/pre>\n<\/th>\n<td style=\"width: 24.9714%; height: 24px;\" align=\"left\">\n<pre>Head of the group<\/pre>\n<\/td>\n<\/tr>\n<tr style=\"height: 24px;\">\n<td style=\"width: 24.9714%; height: 24px;\" height=\"17\" align=\"left\">\n<pre>P2-0248<\/pre>\n<\/td>\n<td style=\"width: 24.9509%; height: 24px;\" align=\"left\">\n<pre>Innovative production systems and processes<\/pre>\n<\/td>\n<td style=\"width: 24.9509%; height: 24px;\" align=\"left\">\n<pre>2022 - 2024<\/pre>\n<\/td>\n<td style=\"width: 24.9714%; height: 24px;\" align=\"left\">\n<pre>Niko Herakovi\u010d<\/pre>\n<\/td>\n<\/tr>\n<tr style=\"height: 24px;\">\n<td style=\"width: 24.9714%; height: 24px;\" height=\"17\" align=\"left\">\n<pre>P2-0248<\/pre>\n<\/td>\n<td style=\"width: 24.9509%; height: 24px;\" align=\"left\">\n<pre>Innovative production systems and processes<\/pre>\n<\/td>\n<td style=\"width: 24.9509%; height: 24px;\" align=\"left\">\n<pre>2017 - 2021<\/pre>\n<\/td>\n<td style=\"width: 24.9714%; height: 24px;\" align=\"left\">\n<pre>Niko Herakovi\u010d<\/pre>\n<\/td>\n<\/tr>\n<tr style=\"height: 24px;\">\n<td style=\"width: 24.9714%; height: 24px;\" height=\"17\" align=\"left\">\n<pre>P2-0248<\/pre>\n<\/td>\n<td style=\"width: 24.9509%; height: 24px;\" align=\"left\">\n<pre>Innovative production systems<\/pre>\n<\/td>\n<td style=\"width: 24.9509%; height: 24px;\" align=\"left\">\n<pre>2014 - 2016<\/pre>\n<\/td>\n<td style=\"width: 24.9714%; height: 24px;\" align=\"left\">\n<pre>Niko Herakovi\u010d<\/pre>\n<\/td>\n<\/tr>\n<tr style=\"height: 24px;\">\n<td style=\"width: 24.9714%; height: 24px;\" height=\"17\" align=\"left\">\n<pre>P2-0248<\/pre>\n<\/td>\n<td style=\"width: 24.9509%; height: 24px;\" align=\"left\">\n<pre>Innovative production systems<\/pre>\n<\/td>\n<td style=\"width: 24.9509%; height: 24px;\" align=\"left\">\n<pre>2009 - 2013<\/pre>\n<\/td>\n<td style=\"width: 24.9714%; height: 24px;\" align=\"left\">\n<pre>Mihael Junkar<\/pre>\n<\/td>\n<\/tr>\n<tr style=\"height: 24px;\">\n<td style=\"width: 24.9714%; height: 24px;\" height=\"17\" align=\"left\">\n<pre>P2-0248<\/pre>\n<\/td>\n<td style=\"width: 24.9509%; height: 24px;\" align=\"left\">\n<pre>Innovative production systems<\/pre>\n<\/td>\n<td style=\"width: 24.9509%; height: 24px;\" align=\"left\">\n<pre>2004 - 2008<\/pre>\n<\/td>\n<td style=\"width: 24.9714%; height: 24px;\" align=\"left\">\n<pre>Karl Kuzman<\/pre>\n<\/td>\n<\/tr>\n<tr style=\"height: 24px;\">\n<td style=\"width: 24.9714%; height: 24px;\" height=\"17\" align=\"left\">\n<pre>P0-0507-0782<\/pre>\n<\/td>\n<td style=\"width: 24.9509%; height: 24px;\" align=\"left\">\n<pre>Production processes, systems and management<\/pre>\n<\/td>\n<td style=\"width: 24.9509%; height: 24px;\" align=\"left\">\n<pre>2001 - 2003<\/pre>\n<\/td>\n<td style=\"width: 24.9714%; height: 24px;\" align=\"left\">\n<pre>Karl Kuzman<\/pre>\n<\/td>\n<\/tr>\n<tr>\n<td style=\"width: 24.9714%;\"><\/td>\n<td style=\"width: 24.9509%;\"><\/td>\n<td style=\"width: 24.9509%;\"><\/td>\n<td style=\"width: 24.9714%;\"><\/td>\n<\/tr>\n<tr>\n<td style=\"width: 24.9714%;\"><\/td>\n<td style=\"width: 24.9509%;\"><\/td>\n<td style=\"width: 24.9509%;\"><\/td>\n<td style=\"width: 24.9714%;\"><\/td>\n<\/tr>\n<tr>\n<td style=\"width: 24.9714%;\"><\/td>\n<td style=\"width: 24.9509%;\"><\/td>\n<td style=\"width: 24.9509%;\"><\/td>\n<td style=\"width: 24.9714%;\"><\/td>\n<\/tr>\n<\/tbody>\n<\/table>\n<pre>\n<p>Research projects<\/pre>\n<table style=\"height: 10px; width: 75%; border-collapse: collapse;\" cellspacing=\"0\" cellpadding=\"0\" border=\"1\">\n<tbody>\n<tr style=\"height: 24px;\">\n<td style=\"width: 24.9714%; height: 24px;\" height=\"17\" align=\"left\">\n<pre><strong>Code<\/strong><\/pre>\n<\/td>\n<th scope=\"col\" style=\"width: 24.9509%; height: 24px;\">\n<pre><strong>Title<\/strong><\/pre>\n<\/th>\n<th scope=\"col\" class=\"text-left\" style=\"width: 24.9509%; height: 24px;\">\n<pre>Period<\/pre>\n<\/th>\n<td style=\"width: 24.9714%; height: 24px;\" align=\"left\">\n<pre>Head of the group<\/pre>\n<\/td>\n<\/tr>\n<tr style=\"height: 24px;\">\n<td style=\"width: 24.9714%; height: 24px;\" height=\"17\" align=\"left\">\n<pre>L2-50045<\/pre>\n<\/td>\n<td style=\"width: 24.9509%; height: 24px;\" align=\"left\">\n<pre>Two-filament 3D printing with concrete and earth<\/pre>\n<\/td>\n<td style=\"width: 24.9509%; height: 24px;\" align=\"left\">\n<pre>2023 - 2024<\/pre>\n<\/td>\n<td style=\"width: 24.9714%; height: 24px;\" align=\"left\">\n<pre>Lucija Han\u017ei\u010d<\/pre>\n<\/td>\n<\/tr>\n<tr style=\"height: 48px;\">\n<td style=\"width: 24.9714%; height: 48px;\" height=\"17\" align=\"left\">\n<pre>J2-2511<\/pre>\n<\/td>\n<td style=\"width: 24.9509%; height: 48px;\" align=\"left\">\n<pre>Adaptable hardening of austenitic steel surfaces by cryogenic forming processes<\/pre>\n<\/td>\n<td style=\"width: 24.9509%; height: 48px;\" align=\"left\">\n<pre>2020 - 2023<\/pre>\n<\/td>\n<td style=\"width: 24.9714%; height: 48px;\" align=\"left\">\n<pre>Toma\u017e Pepelnjak<\/pre>\n<\/td>\n<\/tr>\n<tr style=\"height: 24px;\">\n<td style=\"width: 24.9714%; height: 24px;\" height=\"17\" align=\"left\">\n<pre>L2-1111<\/pre>\n<\/td>\n<td style=\"width: 24.9509%; height: 24px;\" align=\"left\">\n<pre>Robust small-batch forming processes<\/pre>\n<\/td>\n<td style=\"width: 24.9509%; height: 24px;\" align=\"left\">\n<pre>2008 - 2011<\/pre>\n<\/td>\n<td style=\"width: 24.9714%; height: 24px;\" align=\"left\">\n<pre>Karl Kuzman<\/pre>\n<\/td>\n<\/tr>\n<tr style=\"height: 24px;\">\n<td style=\"width: 24.9714%; height: 24px;\" height=\"17\" align=\"left\">\n<pre>L2-2001<\/pre>\n<\/td>\n<td style=\"width: 24.9509%; height: 24px;\" align=\"left\">\n<pre>Avtonomni delovni sistemi (Slovene)<\/pre>\n<\/td>\n<td style=\"width: 24.9509%; height: 24px;\" align=\"left\">\n<pre>2009 - 2010<\/pre>\n<\/td>\n<td style=\"width: 24.9714%; height: 24px;\" align=\"left\">\n<pre>Alojzij Sluga<\/pre>\n<\/td>\n<\/tr>\n<tr style=\"height: 48px;\">\n<td style=\"width: 24.9714%; height: 48px;\" height=\"17\" align=\"left\">\n<pre>L2-9627<\/pre>\n<\/td>\n<td style=\"width: 24.9509%; height: 48px;\" align=\"left\">\n<pre>The optimization of a direct drive system for electric two-wheel vehicles<\/pre>\n<\/td>\n<td style=\"width: 24.9509%; height: 48px;\" align=\"left\">\n<pre>2007 - 2010<\/pre>\n<\/td>\n<td style=\"width: 24.9714%; height: 48px;\" align=\"left\">\n<pre>Jo\u0161ko Valentin\u010di\u010d<\/pre>\n<\/td>\n<\/tr>\n<tr style=\"height: 48px;\">\n<td style=\"width: 24.9714%; height: 48px;\" height=\"17\" align=\"left\">\n<pre>L2-6588<\/pre>\n<\/td>\n<td style=\"width: 24.9509%; height: 48px;\" align=\"left\">\n<pre>Small batch production of sheet metal mezo-sized components<\/pre>\n<\/td>\n<td style=\"width: 24.9509%; height: 48px;\" align=\"left\">\n<pre>2006 - 2007<\/pre>\n<\/td>\n<td style=\"width: 24.9714%; height: 48px;\" align=\"left\">\n<pre>Karl Kuzman<\/pre>\n<\/td>\n<\/tr>\n<tr style=\"height: 24px;\">\n<td style=\"width: 24.9714%; height: 24px;\" height=\"17\" align=\"left\">\n<pre>L2-7186<\/pre>\n<\/td>\n<td style=\"width: 24.9509%; height: 24px;\" align=\"left\">\n<pre>New direct drive electric propulsion systems<\/pre>\n<\/td>\n<td style=\"width: 24.9509%; height: 24px;\" align=\"left\">\n<pre>2005 - 2008<\/pre>\n<\/td>\n<td style=\"width: 24.9714%; height: 24px;\" align=\"left\">\n<pre>Vanja Ambro\u017ei\u010d<\/pre>\n<\/td>\n<\/tr>\n<tr style=\"height: 48px;\">\n<td style=\"width: 24.9714%; height: 48px;\" height=\"17\" align=\"left\">\n<pre>L2-6193<\/pre>\n<\/td>\n<td style=\"width: 24.9509%; height: 48px;\" align=\"left\">\n<pre>A model for on-line selection of roughing parameters of the EDM process<\/pre>\n<\/td>\n<td style=\"width: 24.9509%; height: 48px;\" align=\"left\">\n<pre>2004 - 2006<\/pre>\n<\/td>\n<td style=\"width: 24.9714%; height: 48px;\" align=\"left\">\n<pre>Mihael Junkar<\/pre>\n<\/td>\n<\/tr>\n<tr style=\"height: 24px;\">\n<td style=\"width: 24.9714%; height: 24px;\" height=\"17\" align=\"left\">\n<pre>L2-0717<\/pre>\n<\/td>\n<td style=\"width: 24.9509%; height: 24px;\" align=\"left\">\n<pre>Intelligent systems for non-conventional machining<\/pre>\n<\/td>\n<td style=\"width: 24.9509%; height: 24px;\" align=\"left\">\n<pre>1998 - 2001<\/pre>\n<\/td>\n<td style=\"width: 24.9714%; height: 24px;\" align=\"left\">\n<pre>Mihael Junkar<\/pre>\n<\/td>\n<\/tr>\n<tr style=\"height: 48px;\">\n<td style=\"width: 24.9714%; height: 48px;\" height=\"17\" align=\"left\">\n<pre>L2-9068<\/pre>\n<\/td>\n<td style=\"width: 24.9509%; height: 48px;\" align=\"left\">\n<pre>Modelling and optimising human skill in controlling dynamic systems<\/pre>\n<\/td>\n<td style=\"width: 24.9509%; height: 48px;\" align=\"left\">\n<pre>1998 - 1999<\/pre>\n<\/td>\n<td style=\"width: 24.9714%; height: 48px;\" align=\"left\">\n<pre>Tanja Urban\u010di\u010d<\/pre>\n<\/td>\n<\/tr>\n<tr style=\"height: 48px;\">\n<td style=\"width: 24.9714%; height: 48px;\" height=\"17\" align=\"left\">\n<pre>J2-8550<\/pre>\n<\/td>\n<td style=\"width: 24.9509%; height: 48px;\" align=\"left\">\n<pre>Reengineering of busines and manufacturing processes in small and medium sized enterprises.<\/pre>\n<\/td>\n<td style=\"width: 24.9509%; height: 48px;\" align=\"left\">\n<pre>1997 - 1999<\/pre>\n<\/td>\n<td style=\"width: 24.9714%; height: 48px;\" align=\"left\">\n<pre>Karl Kuzman<\/pre>\n<\/td>\n<\/tr>\n<\/tbody>\n<\/table>\n<pre>.\n<\/pre>\n<p>[\/et_pb_tab][\/et_pb_tabs][\/et_pb_column][\/et_pb_row][\/et_pb_section]<\/p>\n","protected":false},"excerpt":{"rendered":"<p>List of ongoing and finished projects and research programmes International projects Code Title Period Head of the group HORIZON-SEAMAC-240350 Strengthening the Excellence of Additive Manufacturing Capabilities 1\/1\/2023 &#8211; 12\/31\/2025 Jo\u0161ko Valentin\u010di\u010d H2020-COMPETE Chair Of Micro Process Engineering and Technology 1\/1\/2019 &#8211; 10\/3\/2023 Jo\u0161ko Valentin\u010di\u010d LIFE+-ICE JET ICE JET: Environmenta technology pilot plant for drastically reducing [&hellip;]<\/p>\n","protected":false},"author":4,"featured_media":0,"parent":0,"menu_order":0,"comment_status":"closed","ping_status":"closed","template":"","meta":{"_et_pb_use_builder":"on","_et_pb_old_content":"","_et_gb_content_width":"","footnotes":""},"class_list":["post-579","page","type-page","status-publish","hentry"],"_links":{"self":[{"href":"https:\/\/web.fs.uni-lj.si\/lat\/wp-json\/wp\/v2\/pages\/579","targetHints":{"allow":["GET"]}}],"collection":[{"href":"https:\/\/web.fs.uni-lj.si\/lat\/wp-json\/wp\/v2\/pages"}],"about":[{"href":"https:\/\/web.fs.uni-lj.si\/lat\/wp-json\/wp\/v2\/types\/page"}],"author":[{"embeddable":true,"href":"https:\/\/web.fs.uni-lj.si\/lat\/wp-json\/wp\/v2\/users\/4"}],"replies":[{"embeddable":true,"href":"https:\/\/web.fs.uni-lj.si\/lat\/wp-json\/wp\/v2\/comments?post=579"}],"version-history":[{"count":5,"href":"https:\/\/web.fs.uni-lj.si\/lat\/wp-json\/wp\/v2\/pages\/579\/revisions"}],"predecessor-version":[{"id":595,"href":"https:\/\/web.fs.uni-lj.si\/lat\/wp-json\/wp\/v2\/pages\/579\/revisions\/595"}],"wp:attachment":[{"href":"https:\/\/web.fs.uni-lj.si\/lat\/wp-json\/wp\/v2\/media?parent=579"}],"curies":[{"name":"wp","href":"https:\/\/api.w.org\/{rel}","templated":true}]}}