{"id":144,"date":"2024-03-12T19:37:24","date_gmt":"2024-03-12T18:37:24","guid":{"rendered":"https:\/\/web.fs.uni-lj.si\/lat\/?page_id=144"},"modified":"2024-12-03T11:46:07","modified_gmt":"2024-12-03T10:46:07","slug":"members","status":"publish","type":"page","link":"https:\/\/web.fs.uni-lj.si\/lat\/en\/members\/","title":{"rendered":"LAT members"},"content":{"rendered":"<p>[et_pb_section fb_built=&#8221;1&#8243; _builder_version=&#8221;4.27.4&#8243; _module_preset=&#8221;default&#8221; global_colors_info=&#8221;{}&#8221; locked=&#8221;off&#8221;][et_pb_row column_structure=&#8221;1_4,3_4&#8243; _builder_version=&#8221;4.27.4&#8243; _module_preset=&#8221;default&#8221; global_colors_info=&#8221;{}&#8221;][et_pb_column type=&#8221;1_4&#8243; _builder_version=&#8221;4.27.4&#8243; _module_preset=&#8221;default&#8221; global_colors_info=&#8221;{}&#8221;][et_pb_image src=&#8221;https:\/\/web.fs.uni-lj.si\/lat\/wp-content\/uploads\/2024\/03\/jv-823&#215;1024.jpg&#8221; alt=&#8221;Jo\u0161ko Valentin\u010di\u010d&#8221; title_text=&#8221;jv&#8221; _builder_version=&#8221;4.27.4&#8243; _module_preset=&#8221;default&#8221; width=&#8221;100%&#8221; min_height=&#8221;250px&#8221; height=&#8221;250px&#8221; max_height=&#8221;250px&#8221; global_colors_info=&#8221;{}&#8221;][\/et_pb_image][\/et_pb_column][et_pb_column type=&#8221;3_4&#8243; _builder_version=&#8221;4.27.4&#8243; _module_preset=&#8221;default&#8221; global_colors_info=&#8221;{}&#8221;][et_pb_text _builder_version=&#8221;4.27.4&#8243; _module_preset=&#8221;default&#8221; text_text_color=&#8221;#000000&#8243; hover_enabled=&#8221;0&#8243; global_colors_info=&#8221;{}&#8221; sticky_enabled=&#8221;0&#8243;]<\/p>\n<p><strong>Assoc. Prof. Dr. Jo\u0161ko Valentin\u010di\u010d, Uni. Dipl. Ing. Mech.<\/strong><\/p>\n<p>head of laboratory LAT<\/p>\n<p>mailto: <a href=\"mailto:josko.valentincic@fs.uni-lj.si\" class=\"employee-banner__contact-link \" target=\"_blank\" rel=\"noopener\">josko.valentincic@fs.uni-lj.si <\/a><\/p>\n<p>www: <a href=\"https:\/\/www.fs.uni-lj.si\/en\/zaposleni\/josko-valentincic\/\" target=\"_blank\" rel=\"noopener\">https:\/\/www.fs.uni-lj.si\/en\/zaposleni\/josko-valentincic\/<\/a><\/p>\n<p>&nbsp;<\/p>\n<p>[\/et_pb_text][\/et_pb_column][\/et_pb_row][et_pb_row column_structure=&#8221;1_4,3_4&#8243; _builder_version=&#8221;4.27.4&#8243; _module_preset=&#8221;default&#8221; global_colors_info=&#8221;{}&#8221;][et_pb_column type=&#8221;1_4&#8243; _builder_version=&#8221;4.27.4&#8243; _module_preset=&#8221;default&#8221; global_colors_info=&#8221;{}&#8221;][et_pb_image src=&#8221;https:\/\/web.fs.uni-lj.si\/lat\/wp-content\/uploads\/2024\/03\/pavel.jpg&#8221; alt=&#8221;Jo\u0161ko Valentin\u010di\u010d&#8221; title_text=&#8221;pavel&#8221; _builder_version=&#8221;4.27.4&#8243; _module_preset=&#8221;default&#8221; width=&#8221;100%&#8221; min_height=&#8221;250px&#8221; height=&#8221;250px&#8221; max_height=&#8221;250px&#8221; global_colors_info=&#8221;{}&#8221;][\/et_pb_image][\/et_pb_column][et_pb_column type=&#8221;3_4&#8243; _builder_version=&#8221;4.27.4&#8243; _module_preset=&#8221;default&#8221; global_colors_info=&#8221;{}&#8221;][et_pb_text _builder_version=&#8221;4.27.4&#8243; _module_preset=&#8221;default&#8221; text_text_color=&#8221;#000000&#8243; hover_enabled=&#8221;0&#8243; global_colors_info=&#8221;{}&#8221; sticky_enabled=&#8221;0&#8243;]<\/p>\n<p><strong>Pavel Dre\u0161ar, Ing. Mech.<\/strong><\/p>\n<p>laboratory assistant<\/p>\n<p>mailto: <a href=\"mailto:pavel.dresar@fs.uni-lj.si\" target=\"_blank\" rel=\"noopener\">pavel.dresar@fs.uni-lj.si<\/a><\/p>\n<p>www:\u00a0<a href=\"https:\/\/www.fs.uni-lj.si\/en\/zaposleni\/pavel-dresar\/\" target=\"_blank\" rel=\"noopener\">https:\/\/www.fs.uni-lj.si\/en\/zaposleni\/pavel-dresar\/\u00a0<\/a><\/p>\n<p>[\/et_pb_text][\/et_pb_column][\/et_pb_row][et_pb_row column_structure=&#8221;1_4,3_4&#8243; _builder_version=&#8221;4.27.4&#8243; _module_preset=&#8221;default&#8221; custom_padding=&#8221;27px|||||&#8221; global_colors_info=&#8221;{}&#8221;][et_pb_column type=&#8221;1_4&#8243; _builder_version=&#8221;4.27.4&#8243; _module_preset=&#8221;default&#8221; global_colors_info=&#8221;{}&#8221;][et_pb_image src=&#8221;https:\/\/web.fs.uni-lj.si\/lat\/wp-content\/uploads\/2024\/12\/thumbnail_photo_2024-10-17_10-41-102.jpg&#8221; alt=&#8221;Jo\u0161ko Valentin\u010di\u010d&#8221; title_text=&#8221;thumbnail_photo_2024-10-17_10-41-102&#8243; _builder_version=&#8221;4.27.4&#8243; _module_preset=&#8221;default&#8221; width=&#8221;100%&#8221; min_height=&#8221;250px&#8221; height=&#8221;250px&#8221; max_height=&#8221;250px&#8221; global_colors_info=&#8221;{}&#8221;][\/et_pb_image][\/et_pb_column][et_pb_column type=&#8221;3_4&#8243; _builder_version=&#8221;4.27.4&#8243; _module_preset=&#8221;default&#8221; global_colors_info=&#8221;{}&#8221;][et_pb_text _builder_version=&#8221;4.27.4&#8243; _module_preset=&#8221;default&#8221; text_text_color=&#8221;#000000&#8243; hover_enabled=&#8221;0&#8243; global_colors_info=&#8221;{}&#8221; sticky_enabled=&#8221;0&#8243;]<\/p>\n<p><strong>Assist. Ehsan Kiani Harchegani, M.Sc. Mech.<\/strong><\/p>\n<p>researcher<\/p>\n<p>mailto: <a href=\"mailto:ehsan.kiani@fs.uni-lj.si\" class=\"employee-banner__contact-link \" target=\"_blank\" rel=\"noopener\">ehsan.kiani@fs.uni-lj.si <\/a><\/p>\n<p>www: <a href=\"https:\/\/www.fs.uni-lj.si\/zaposleni\/ehsan-kianiharchegani\/\" target=\"_blank\" rel=\"noopener\">https:\/\/www.fs.uni-lj.si\/en\/zaposleni\/ehsan-kianiharchegani\/<\/a><\/p>\n<p>&nbsp;<\/p>\n<p>[\/et_pb_text][\/et_pb_column][\/et_pb_row][et_pb_row column_structure=&#8221;1_4,3_4&#8243; _builder_version=&#8221;4.27.4&#8243; _module_preset=&#8221;default&#8221; custom_padding=&#8221;27px|||||&#8221; global_colors_info=&#8221;{}&#8221;][et_pb_column type=&#8221;1_4&#8243; _builder_version=&#8221;4.27.4&#8243; _module_preset=&#8221;default&#8221; global_colors_info=&#8221;{}&#8221;][et_pb_image src=&#8221;https:\/\/web.fs.uni-lj.si\/lat\/wp-content\/uploads\/2024\/03\/mj-e1733178744163.jpg&#8221; alt=&#8221;Jo\u0161ko Valentin\u010di\u010d&#8221; title_text=&#8221;mj&#8221; _builder_version=&#8221;4.27.4&#8243; _module_preset=&#8221;default&#8221; width=&#8221;100%&#8221; min_height=&#8221;250px&#8221; height=&#8221;250px&#8221; max_height=&#8221;250px&#8221; global_colors_info=&#8221;{}&#8221;][\/et_pb_image][\/et_pb_column][et_pb_column type=&#8221;3_4&#8243; _builder_version=&#8221;4.27.4&#8243; _module_preset=&#8221;default&#8221; global_colors_info=&#8221;{}&#8221;][et_pb_text _builder_version=&#8221;4.27.4&#8243; _module_preset=&#8221;default&#8221; text_text_color=&#8221;#000000&#8243; hover_enabled=&#8221;0&#8243; global_colors_info=&#8221;{}&#8221; sticky_enabled=&#8221;0&#8243;]<\/p>\n<p><strong>Assist. Dr. Marko Jerman, Uni. Dipl. Ing. Mech.<\/strong><\/p>\n<p>assistant, researcher<\/p>\n<p>mailto: <a href=\"mailto: marko.jerman@fs.uni-lj.si\" class=\"employee-banner__contact-link \" target=\"_blank\" rel=\"noopener\">marko.jerman@fs.uni-lj.si<\/a><\/p>\n<p>www: <a href=\"https:\/\/www.fs.uni-lj.si\/en\/zaposleni\/marko-jerman\/\" target=\"_blank\" rel=\"noopener\">https:\/\/www.fs.uni-lj.si\/en\/zaposleni\/marko-jerman\/<\/a><\/p>\n<p>&nbsp;<\/p>\n<p>[\/et_pb_text][\/et_pb_column][\/et_pb_row][et_pb_row column_structure=&#8221;1_4,3_4&#8243; _builder_version=&#8221;4.27.4&#8243; _module_preset=&#8221;default&#8221; custom_padding=&#8221;27px|||||&#8221; hover_enabled=&#8221;0&#8243; global_colors_info=&#8221;{}&#8221; sticky_enabled=&#8221;0&#8243;][et_pb_column type=&#8221;1_4&#8243; _builder_version=&#8221;4.27.4&#8243; _module_preset=&#8221;default&#8221; global_colors_info=&#8221;{}&#8221;][et_pb_image src=&#8221;https:\/\/web.fs.uni-lj.si\/lat\/wp-content\/uploads\/2024\/03\/Jitinraj.jpg&#8221; alt=&#8221;Jo\u0161ko Valentin\u010di\u010d&#8221; title_text=&#8221;Jitinraj&#8221; _builder_version=&#8221;4.27.4&#8243; _module_preset=&#8221;default&#8221; width=&#8221;100%&#8221; min_height=&#8221;250px&#8221; height=&#8221;250px&#8221; max_height=&#8221;250px&#8221; hover_enabled=&#8221;0&#8243; global_colors_info=&#8221;{}&#8221; sticky_enabled=&#8221;0&#8243;][\/et_pb_image][\/et_pb_column][et_pb_column type=&#8221;3_4&#8243; _builder_version=&#8221;4.27.4&#8243; _module_preset=&#8221;default&#8221; global_colors_info=&#8221;{}&#8221;][et_pb_text _builder_version=&#8221;4.27.4&#8243; _module_preset=&#8221;default&#8221; text_text_color=&#8221;#000000&#8243; hover_enabled=&#8221;0&#8243; global_colors_info=&#8221;{}&#8221; sticky_enabled=&#8221;0&#8243;]<\/p>\n<p><strong>Jithinraj Edaklavan Koroth, M.Sc., Mech.<\/strong><\/p>\n<p>researcher<\/p>\n<p>mailto: <a href=\"mailto: jithinraj.edaklavankoroth@fs.uni-lj.si\" class=\"employee-banner__contact-link \" target=\"_blank\" rel=\"noopener\">jithinraj.edaklavankoroth@fs.uni-lj.si<\/a><\/p>\n<p>www: <a href=\"https:\/\/www.fs.uni-lj.si\/en\/zaposleni\/jithinraj-edaklavan-koroth\/\" target=\"_blank\" rel=\"noopener\">https:\/\/www.fs.uni-lj.si\/en\/zaposleni\/jithinraj-edaklavan-koroth\/<\/a><\/p>\n<p>&nbsp;<\/p>\n<p>[\/et_pb_text][\/et_pb_column][\/et_pb_row][et_pb_row column_structure=&#8221;1_4,3_4&#8243; _builder_version=&#8221;4.27.4&#8243; _module_preset=&#8221;default&#8221; custom_padding=&#8221;27px|||||&#8221; hover_enabled=&#8221;0&#8243; global_colors_info=&#8221;{}&#8221; sticky_enabled=&#8221;0&#8243;][et_pb_column type=&#8221;1_4&#8243; _builder_version=&#8221;4.27.4&#8243; _module_preset=&#8221;default&#8221; global_colors_info=&#8221;{}&#8221;][et_pb_image src=&#8221;https:\/\/web.fs.uni-lj.si\/lat\/wp-content\/uploads\/2024\/03\/al-e1733216743747.jpg&#8221; alt=&#8221;Jo\u0161ko Valentin\u010di\u010d&#8221; title_text=&#8221;al&#8221; _builder_version=&#8221;4.27.4&#8243; _module_preset=&#8221;default&#8221; width=&#8221;100%&#8221; min_height=&#8221;250px&#8221; height=&#8221;250px&#8221; max_height=&#8221;250px&#8221; hover_enabled=&#8221;0&#8243; global_colors_info=&#8221;{}&#8221; sticky_enabled=&#8221;0&#8243;][\/et_pb_image][\/et_pb_column][et_pb_column type=&#8221;3_4&#8243; _builder_version=&#8221;4.27.4&#8243; _module_preset=&#8221;default&#8221; global_colors_info=&#8221;{}&#8221;][et_pb_text _builder_version=&#8221;4.27.4&#8243; _module_preset=&#8221;default&#8221; text_text_color=&#8221;#000000&#8243; hover_enabled=&#8221;0&#8243; global_colors_info=&#8221;{}&#8221; sticky_enabled=&#8221;0&#8243;]<\/p>\n<p><strong>Doc. Dr. Andrej Lebar, Uni. Dipl. Ing. Phys.<\/strong><\/p>\n<p>researcher<\/p>\n<p>mailto: <a href=\"mailto: andrej.lebar@fs.uni-lj.si\" class=\"employee-banner__contact-link \" target=\"_blank\" rel=\"noopener\">andrej.lebar@fs.uni-lj.si<\/a><\/p>\n<p>www: <a href=\"https:\/\/www.fs.uni-lj.si\/en\/zaposleni\/doc-dr-andrej-lebar-univ-dipl-fiz\/\" target=\"_blank\" rel=\"noopener\">https:\/\/www.fs.uni-lj.si\/en\/zaposleni\/doc-dr-andrej-lebar-univ-dipl-fiz\/<\/a><\/p>\n<p>&nbsp;<\/p>\n<p>[\/et_pb_text][\/et_pb_column][\/et_pb_row][et_pb_row column_structure=&#8221;1_4,3_4&#8243; _builder_version=&#8221;4.27.4&#8243; _module_preset=&#8221;default&#8221; custom_padding=&#8221;27px|||||&#8221; hover_enabled=&#8221;0&#8243; global_colors_info=&#8221;{}&#8221; sticky_enabled=&#8221;0&#8243;][et_pb_column type=&#8221;1_4&#8243; _builder_version=&#8221;4.27.4&#8243; _module_preset=&#8221;default&#8221; global_colors_info=&#8221;{}&#8221;][et_pb_image src=&#8221;https:\/\/web.fs.uni-lj.si\/lat\/wp-content\/uploads\/2024\/03\/izidor-e1733219890471.png&#8221; alt=&#8221;Jo\u0161ko Valentin\u010di\u010d&#8221; title_text=&#8221;izidor&#8221; _builder_version=&#8221;4.27.4&#8243; _module_preset=&#8221;default&#8221; width=&#8221;100%&#8221; min_height=&#8221;250px&#8221; height=&#8221;250px&#8221; max_height=&#8221;250px&#8221; hover_enabled=&#8221;0&#8243; global_colors_info=&#8221;{}&#8221; sticky_enabled=&#8221;0&#8243;][\/et_pb_image][\/et_pb_column][et_pb_column type=&#8221;3_4&#8243; _builder_version=&#8221;4.27.4&#8243; _module_preset=&#8221;default&#8221; global_colors_info=&#8221;{}&#8221;][et_pb_text _builder_version=&#8221;4.27.4&#8243; _module_preset=&#8221;default&#8221; text_text_color=&#8221;#000000&#8243; hover_enabled=&#8221;0&#8243; global_colors_info=&#8221;{}&#8221; sticky_enabled=&#8221;0&#8243;]<\/p>\n<p><strong>Doc. Dr. Izidor Sabotin, Uni. Dipl. Ing. Electro.<\/strong><\/p>\n<p>asistent, researcher<\/p>\n<p>mailto: <a href=\"mailto: izidor.sabotin@fs.uni-lj.si\" class=\"employee-banner__contact-link \" target=\"_blank\" rel=\"noopener\">izidor.sabotin@fs.uni-lj.si<\/a><\/p>\n<p>www: <a href=\"https:\/\/www.fs.uni-lj.si\/en\/zaposleni\/asist-dr-izidor-sabotin\/\" target=\"_blank\" rel=\"noopener\">https:\/\/www.fs.uni-lj.si\/en\/zaposleni\/asist-dr-izidor-sabotin\/<\/a><\/p>\n<p>&nbsp;<\/p>\n<p>[\/et_pb_text][\/et_pb_column][\/et_pb_row][\/et_pb_section]<\/p>\n","protected":false},"excerpt":{"rendered":"<p>Assoc. Prof. Dr. Jo\u0161ko Valentin\u010di\u010d, Uni. Dipl. Ing. Mech. head of laboratory LAT mailto: josko.valentincic@fs.uni-lj.si www: https:\/\/www.fs.uni-lj.si\/en\/zaposleni\/josko-valentincic\/ &nbsp;Pavel Dre\u0161ar, Ing. Mech. laboratory assistant mailto: pavel.dresar@fs.uni-lj.si www:\u00a0https:\/\/www.fs.uni-lj.si\/en\/zaposleni\/pavel-dresar\/\u00a0Assist. Ehsan Kiani Harchegani, M.Sc. Mech. researcher mailto: ehsan.kiani@fs.uni-lj.si www: https:\/\/www.fs.uni-lj.si\/en\/zaposleni\/ehsan-kianiharchegani\/ &nbsp;Assist. Dr. Marko Jerman, Uni. Dipl. Ing. Mech. assistant, researcher mailto: marko.jerman@fs.uni-lj.si www: https:\/\/www.fs.uni-lj.si\/en\/zaposleni\/marko-jerman\/ &nbsp;Jithinraj Edaklavan Koroth, M.Sc., Mech. [&hellip;]<\/p>\n","protected":false},"author":4,"featured_media":0,"parent":0,"menu_order":0,"comment_status":"closed","ping_status":"closed","template":"","meta":{"_et_pb_use_builder":"on","_et_pb_old_content":"<!-- wp:columns -->\r\n<div class=\"wp-block-columns\"><!-- wp:column -->\r\n<div class=\"wp-block-column\"><!-- wp:paragraph {\"fontSize\":\"small\"} -->\r\n<p class=\"has-small-font-size\"><strong>Head of laboratory<\/strong><\/p>\r\n<!-- \/wp:paragraph --><!-- wp:paragraph {\"fontSize\":\"small\"} -->\r\n<p class=\"has-small-font-size\">Assoc Prof, Dr., Uni. Dipl. Ing. Mech. Eng.<\/p>\r\n<!-- \/wp:paragraph --><!-- wp:paragraph {\"fontSize\":\"small\"} -->\r\n<p class=\"has-small-font-size\"><strong><a href=\"https:\/\/www.fs.uni-lj.si\/zaposleni\/izr-prof-dr-josko-valentincic\/\">Jo\u0161ko Valentin\u010di\u010d<\/a><\/strong><\/p>\r\n<!-- \/wp:paragraph --><!-- wp:image {\"id\":135,\"width\":\"186px\",\"height\":\"auto\",\"sizeSlug\":\"large\",\"linkDestination\":\"none\"} -->\r\n<figure class=\"wp-block-image size-large is-resized\"><img class=\"wp-image-135\" style=\"width: 186px; height: auto;\" src=\"https:\/\/web.fs.uni-lj.si\/lat\/wp-content\/uploads\/2024\/03\/jv-823x1024.jpg\" alt=\"\" \/><\/figure>\r\n<!-- \/wp:image --><\/div>\r\n<!-- \/wp:column --><!-- wp:column -->\r\n<div class=\"wp-block-column\"><!-- wp:group {\"layout\":{\"type\":\"constrained\"}} -->\r\n<div class=\"wp-block-group\"><!-- wp:paragraph -->\r\n<p>Technical staff<\/p>\r\n<!-- \/wp:paragraph --><!-- wp:paragraph -->\r\n<p>Dipl. Ing. Mech. Eng.<\/p>\r\n<!-- \/wp:paragraph --><!-- wp:paragraph -->\r\n<p><strong><a href=\"https:\/\/www.fs.uni-lj.si\/zaposleni\/pavel-dresar\/\">Pavel Dre\u0161ar<\/a><\/strong><\/p>\r\n<!-- \/wp:paragraph --><\/div>\r\n<!-- \/wp:group --><!-- wp:image {\"id\":151,\"sizeSlug\":\"full\",\"linkDestination\":\"none\"} -->\r\n<figure class=\"wp-block-image size-full\"><img class=\"wp-image-151\" src=\"https:\/\/web.fs.uni-lj.si\/lat\/wp-content\/uploads\/2024\/03\/pavel.jpg\" alt=\"\" \/><\/figure>\r\n<!-- \/wp:image --><!-- wp:list -->\r\n<ul><!-- wp:list-item -->\r\n<li>\u00a0<\/li>\r\n<!-- \/wp:list-item --><\/ul>\r\n<!-- \/wp:list --><\/div>\r\n<!-- \/wp:column --><!-- wp:column -->\r\n<div class=\"wp-block-column\"><!-- wp:paragraph -->\r\n<p>Researcher,<\/p>\r\n<!-- \/wp:paragraph --><!-- wp:paragraph -->\r\n<p>Dr. Uni. dipl. ing.<\/p>\r\n<!-- \/wp:paragraph --><!-- wp:paragraph -->\r\n<p><strong><a href=\"https:\/\/www.fs.uni-lj.si\/zaposleni\/asist-dr-marko-jerman\/\">Marko Jerman<\/a><\/strong><\/p>\r\n<!-- \/wp:paragraph --><!-- wp:image {\"id\":139,\"width\":\"272px\",\"height\":\"auto\",\"sizeSlug\":\"full\",\"linkDestination\":\"none\"} -->\r\n<figure class=\"wp-block-image size-full is-resized\"><img class=\"wp-image-139\" style=\"width: 272px; height: auto;\" src=\"https:\/\/web.fs.uni-lj.si\/lat\/wp-content\/uploads\/2024\/03\/mj.jpg\" alt=\"\" \/><\/figure>\r\n<!-- \/wp:image --><\/div>\r\n<!-- \/wp:column --><\/div>\r\n<!-- \/wp:columns --><!-- wp:columns -->\r\n<div class=\"wp-block-columns\"><!-- wp:column -->\r\n<div class=\"wp-block-column\"><!-- wp:paragraph -->\r\n<p>Researcher,<\/p>\r\n<!-- \/wp:paragraph --><!-- wp:paragraph -->\r\n<p>M.S. mech. eng.<\/p>\r\n<!-- \/wp:paragraph --><!-- wp:paragraph -->\r\n<p><strong><a href=\"https:\/\/www.fs.uni-lj.si\/zaposleni\/jithinraj-edaklavan-koroth\/\">Jithinraj Edaklavan Koroth<\/a><\/strong><\/p>\r\n<!-- \/wp:paragraph --><!-- wp:image {\"id\":152,\"width\":\"187px\",\"height\":\"auto\",\"sizeSlug\":\"full\",\"linkDestination\":\"none\"} -->\r\n<figure class=\"wp-block-image size-full is-resized\"><img class=\"wp-image-152\" style=\"width: 187px; height: auto;\" src=\"https:\/\/web.fs.uni-lj.si\/lat\/wp-content\/uploads\/2024\/03\/Jitinraj.jpg\" alt=\"\" \/><\/figure>\r\n<!-- \/wp:image --><\/div>\r\n<!-- \/wp:column --><!-- wp:column -->\r\n<div class=\"wp-block-column\"><!-- wp:paragraph -->\r\n<p>Researcher,<\/p>\r\n<!-- \/wp:paragraph --><!-- wp:paragraph -->\r\n<p>doc. dr. uni. dipl. ing. phys.<\/p>\r\n<!-- \/wp:paragraph --><!-- wp:paragraph -->\r\n<p><a href=\"https:\/\/www.fs.uni-lj.si\/zaposleni\/doc-dr-andrej-lebar-univ-dipl-fiz\/\"><strong>Andrej Lebar<\/strong><\/a><\/p>\r\n<!-- \/wp:paragraph --><!-- wp:image {\"id\":136,\"width\":\"251px\",\"height\":\"auto\",\"sizeSlug\":\"full\",\"linkDestination\":\"none\"} -->\r\n<figure class=\"wp-block-image size-full is-resized\"><img class=\"wp-image-136\" style=\"width: 251px; height: auto;\" src=\"https:\/\/web.fs.uni-lj.si\/lat\/wp-content\/uploads\/2024\/03\/al.jpg\" alt=\"\" \/><\/figure>\r\n<!-- \/wp:image --><\/div>\r\n<!-- \/wp:column --><!-- wp:column -->\r\n<div class=\"wp-block-column\"><!-- wp:paragraph -->\r\n<p>Asistent,<\/p>\r\n<!-- \/wp:paragraph --><!-- wp:paragraph -->\r\n<p>doc. dr. uni. dipl. ing. elektrotech.<\/p>\r\n<!-- \/wp:paragraph --><!-- wp:paragraph -->\r\n<p><a href=\"https:\/\/www.fs.uni-lj.si\/zaposleni\/asist-dr-izidor-sabotin\/\"><strong>Izidor Sabotin<\/strong><\/a><\/p>\r\n<!-- \/wp:paragraph --><!-- wp:image {\"id\":155,\"sizeSlug\":\"full\",\"linkDestination\":\"none\"} -->\r\n<figure class=\"wp-block-image size-full\"><img class=\"wp-image-155\" src=\"https:\/\/web.fs.uni-lj.si\/lat\/wp-content\/uploads\/2024\/03\/izidor.png\" alt=\"\" width=\"395\" height=\"395\" \/><\/figure>\r\n<!-- \/wp:image --><\/div>\r\n<!-- \/wp:column --><\/div>\r\n<!-- \/wp:columns --><!-- wp:paragraph -->\r\n<p>Alumni<\/p>\r\n<!-- \/wp:paragraph --><!-- wp:paragraph -->\r\n<p>\u00a0<\/p>\r\n<!-- \/wp:paragraph --><!-- wp:paragraph -->\r\n<p>\u00a0<\/p>\r\n<!-- \/wp:paragraph -->","_et_gb_content_width":"","footnotes":""},"class_list":["post-144","page","type-page","status-publish","hentry"],"_links":{"self":[{"href":"https:\/\/web.fs.uni-lj.si\/lat\/wp-json\/wp\/v2\/pages\/144","targetHints":{"allow":["GET"]}}],"collection":[{"href":"https:\/\/web.fs.uni-lj.si\/lat\/wp-json\/wp\/v2\/pages"}],"about":[{"href":"https:\/\/web.fs.uni-lj.si\/lat\/wp-json\/wp\/v2\/types\/page"}],"author":[{"embeddable":true,"href":"https:\/\/web.fs.uni-lj.si\/lat\/wp-json\/wp\/v2\/users\/4"}],"replies":[{"embeddable":true,"href":"https:\/\/web.fs.uni-lj.si\/lat\/wp-json\/wp\/v2\/comments?post=144"}],"version-history":[{"count":5,"href":"https:\/\/web.fs.uni-lj.si\/lat\/wp-json\/wp\/v2\/pages\/144\/revisions"}],"predecessor-version":[{"id":745,"href":"https:\/\/web.fs.uni-lj.si\/lat\/wp-json\/wp\/v2\/pages\/144\/revisions\/745"}],"wp:attachment":[{"href":"https:\/\/web.fs.uni-lj.si\/lat\/wp-json\/wp\/v2\/media?parent=144"}],"curies":[{"name":"wp","href":"https:\/\/api.w.org\/{rel}","templated":true}]}}