{"id":65,"date":"2017-02-17T19:17:34","date_gmt":"2017-02-17T19:17:34","guid":{"rendered":"http:\/\/localhost\/LASTEH%20wp\/?page_id=65"},"modified":"2020-05-04T22:06:18","modified_gmt":"2020-05-04T22:06:18","slug":"study","status":"publish","type":"page","link":"https:\/\/web.fs.uni-lj.si\/lasteh\/en\/study\/","title":{"rendered":"Study"},"content":{"rendered":"<h3><strong>Bachelor<\/strong><\/h3>\n<hr \/>\n<h4><a href=\"http:\/\/web.fs.uni-lj.si\/lasteh\/en\/study\/laser-systems\/\">Laser Systems (RDP)<\/a><\/h4>\n<p>prof. dr. Janez Diaci<\/p>\n<h4><a href=\"http:\/\/web.fs.uni-lj.si\/lasteh\/en\/study\/introduction-to-laser-techniques\/\">Introduction to Laser Techniques (PAP)<\/a><\/h4>\n<p>assoc. prof. dr. Matija Jezer\u0161ek<\/p>\n<h3><strong>Master<\/strong><\/h3>\n<hr \/>\n<h4><a href=\"http:\/\/web.fs.uni-lj.si\/lasteh\/en\/study\/laser-processing-technology\/\">Laser Processing Technology<\/a><\/h4>\n<p>assoc. prof. dr. Matija Jezer\u0161ek and assist. prof. dr. Peter Gregor\u010di\u010d<\/p>\n<h4><a href=\"http:\/\/web.fs.uni-lj.si\/lasteh\/en\/study\/laser-measuring-systems\/\">Laser Measurement Systems<\/a><\/h4>\n<p>assoc. prof. dr. Matija Jezer\u0161ek<\/p>\n<h3><strong>Doctoral<\/strong><\/h3>\n<hr \/>\n<h4>Lasers and Laser Applications<\/h4>\n<p>prof. dr. Janez Diaci and assoc. prof. dr. Matija Jezer\u0161ek<\/p>\n<hr \/>\n<p><a href=\"https:\/\/visfs.uni-lj.si\/\" target=\"_blank\" rel=\"noreferrer noopener\" data-rich-text-format-boundary=\"true\">Study materials and information on current events and assessments can be found on the student website of the Faculty of Mechanical Engineering.<\/a><\/p>\n","protected":false},"excerpt":{"rendered":"<p>Bachelor Laser Systems (RDP) prof. dr. Janez Diaci Introduction to Laser Techniques (PAP) assoc. prof. dr. Matija Jezer\u0161ek Master Laser [&hellip;]<\/p>\n","protected":false},"author":1,"featured_media":0,"parent":0,"menu_order":0,"comment_status":"closed","ping_status":"closed","template":"","meta":{"footnotes":""},"class_list":["post-65","page","type-page","status-publish","hentry"],"yoast_head":"<!-- This site is optimized with the Yoast SEO plugin v27.4 - https:\/\/yoast.com\/product\/yoast-seo-wordpress\/ -->\n<title>Study - LASTEH<\/title>\n<meta name=\"robots\" content=\"index, follow, max-snippet:-1, max-image-preview:large, max-video-preview:-1\" \/>\n<link rel=\"canonical\" href=\"https:\/\/web.fs.uni-lj.si\/lasteh\/en\/study\/\" \/>\n<meta property=\"og:locale\" content=\"sl_SI\" \/>\n<meta property=\"og:type\" content=\"article\" \/>\n<meta property=\"og:title\" content=\"Study - LASTEH\" \/>\n<meta property=\"og:description\" content=\"Bachelor Laser Systems (RDP) prof. dr. Janez Diaci Introduction to Laser Techniques (PAP) assoc. prof. dr. Matija Jezer\u0161ek Master Laser [&hellip;]\" \/>\n<meta property=\"og:url\" content=\"https:\/\/web.fs.uni-lj.si\/lasteh\/en\/study\/\" \/>\n<meta property=\"og:site_name\" content=\"LASTEH\" \/>\n<meta property=\"article:modified_time\" content=\"2020-05-04T22:06:18+00:00\" \/>\n<meta name=\"twitter:card\" content=\"summary_large_image\" \/>\n<script type=\"application\/ld+json\" class=\"yoast-schema-graph\">{\"@context\":\"https:\\\/\\\/schema.org\",\"@graph\":[{\"@type\":\"WebPage\",\"@id\":\"https:\\\/\\\/web.fs.uni-lj.si\\\/lasteh\\\/en\\\/study\\\/\",\"url\":\"https:\\\/\\\/web.fs.uni-lj.si\\\/lasteh\\\/en\\\/study\\\/\",\"name\":\"Study - LASTEH\",\"isPartOf\":{\"@id\":\"https:\\\/\\\/web.fs.uni-lj.si\\\/lasteh\\\/#website\"},\"datePublished\":\"2017-02-17T19:17:34+00:00\",\"dateModified\":\"2020-05-04T22:06:18+00:00\",\"breadcrumb\":{\"@id\":\"https:\\\/\\\/web.fs.uni-lj.si\\\/lasteh\\\/en\\\/study\\\/#breadcrumb\"},\"inLanguage\":\"sl-SI\",\"potentialAction\":[{\"@type\":\"ReadAction\",\"target\":[\"https:\\\/\\\/web.fs.uni-lj.si\\\/lasteh\\\/en\\\/study\\\/\"]}]},{\"@type\":\"BreadcrumbList\",\"@id\":\"https:\\\/\\\/web.fs.uni-lj.si\\\/lasteh\\\/en\\\/study\\\/#breadcrumb\",\"itemListElement\":[{\"@type\":\"ListItem\",\"position\":1,\"name\":\"Home\",\"item\":\"https:\\\/\\\/web.fs.uni-lj.si\\\/lasteh\\\/\"},{\"@type\":\"ListItem\",\"position\":2,\"name\":\"Study\"}]},{\"@type\":\"WebSite\",\"@id\":\"https:\\\/\\\/web.fs.uni-lj.si\\\/lasteh\\\/#website\",\"url\":\"https:\\\/\\\/web.fs.uni-lj.si\\\/lasteh\\\/\",\"name\":\"LASTEH\",\"description\":\"Laboratorij za lasersko tehniko\",\"potentialAction\":[{\"@type\":\"SearchAction\",\"target\":{\"@type\":\"EntryPoint\",\"urlTemplate\":\"https:\\\/\\\/web.fs.uni-lj.si\\\/lasteh\\\/?s={search_term_string}\"},\"query-input\":{\"@type\":\"PropertyValueSpecification\",\"valueRequired\":true,\"valueName\":\"search_term_string\"}}],\"inLanguage\":\"sl-SI\"}]}<\/script>\n<!-- \/ Yoast SEO plugin. -->","yoast_head_json":{"title":"Study - LASTEH","robots":{"index":"index","follow":"follow","max-snippet":"max-snippet:-1","max-image-preview":"max-image-preview:large","max-video-preview":"max-video-preview:-1"},"canonical":"https:\/\/web.fs.uni-lj.si\/lasteh\/en\/study\/","og_locale":"sl_SI","og_type":"article","og_title":"Study - LASTEH","og_description":"Bachelor Laser Systems (RDP) prof. dr. Janez Diaci Introduction to Laser Techniques (PAP) assoc. prof. dr. Matija Jezer\u0161ek Master Laser [&hellip;]","og_url":"https:\/\/web.fs.uni-lj.si\/lasteh\/en\/study\/","og_site_name":"LASTEH","article_modified_time":"2020-05-04T22:06:18+00:00","twitter_card":"summary_large_image","schema":{"@context":"https:\/\/schema.org","@graph":[{"@type":"WebPage","@id":"https:\/\/web.fs.uni-lj.si\/lasteh\/en\/study\/","url":"https:\/\/web.fs.uni-lj.si\/lasteh\/en\/study\/","name":"Study - LASTEH","isPartOf":{"@id":"https:\/\/web.fs.uni-lj.si\/lasteh\/#website"},"datePublished":"2017-02-17T19:17:34+00:00","dateModified":"2020-05-04T22:06:18+00:00","breadcrumb":{"@id":"https:\/\/web.fs.uni-lj.si\/lasteh\/en\/study\/#breadcrumb"},"inLanguage":"sl-SI","potentialAction":[{"@type":"ReadAction","target":["https:\/\/web.fs.uni-lj.si\/lasteh\/en\/study\/"]}]},{"@type":"BreadcrumbList","@id":"https:\/\/web.fs.uni-lj.si\/lasteh\/en\/study\/#breadcrumb","itemListElement":[{"@type":"ListItem","position":1,"name":"Home","item":"https:\/\/web.fs.uni-lj.si\/lasteh\/"},{"@type":"ListItem","position":2,"name":"Study"}]},{"@type":"WebSite","@id":"https:\/\/web.fs.uni-lj.si\/lasteh\/#website","url":"https:\/\/web.fs.uni-lj.si\/lasteh\/","name":"LASTEH","description":"Laboratorij za lasersko tehniko","potentialAction":[{"@type":"SearchAction","target":{"@type":"EntryPoint","urlTemplate":"https:\/\/web.fs.uni-lj.si\/lasteh\/?s={search_term_string}"},"query-input":{"@type":"PropertyValueSpecification","valueRequired":true,"valueName":"search_term_string"}}],"inLanguage":"sl-SI"}]}},"_links":{"self":[{"href":"https:\/\/web.fs.uni-lj.si\/lasteh\/wp-json\/wp\/v2\/pages\/65","targetHints":{"allow":["GET"]}}],"collection":[{"href":"https:\/\/web.fs.uni-lj.si\/lasteh\/wp-json\/wp\/v2\/pages"}],"about":[{"href":"https:\/\/web.fs.uni-lj.si\/lasteh\/wp-json\/wp\/v2\/types\/page"}],"author":[{"embeddable":true,"href":"https:\/\/web.fs.uni-lj.si\/lasteh\/wp-json\/wp\/v2\/users\/1"}],"replies":[{"embeddable":true,"href":"https:\/\/web.fs.uni-lj.si\/lasteh\/wp-json\/wp\/v2\/comments?post=65"}],"version-history":[{"count":5,"href":"https:\/\/web.fs.uni-lj.si\/lasteh\/wp-json\/wp\/v2\/pages\/65\/revisions"}],"predecessor-version":[{"id":338,"href":"https:\/\/web.fs.uni-lj.si\/lasteh\/wp-json\/wp\/v2\/pages\/65\/revisions\/338"}],"wp:attachment":[{"href":"https:\/\/web.fs.uni-lj.si\/lasteh\/wp-json\/wp\/v2\/media?parent=65"}],"curies":[{"name":"wp","href":"https:\/\/api.w.org\/{rel}","templated":true}]}}