{"id":286,"date":"2020-05-04T20:29:54","date_gmt":"2020-05-04T20:29:54","guid":{"rendered":"http:\/\/web.fs.uni-lj.si\/lasteh\/?page_id=286"},"modified":"2020-05-04T21:22:37","modified_gmt":"2020-05-04T21:22:37","slug":"osnove-laserske-tehnike-pap","status":"publish","type":"page","link":"https:\/\/web.fs.uni-lj.si\/lasteh\/studijska-dejavnost\/osnove-laserske-tehnike-pap\/","title":{"rendered":"Osnove laserske tehnike (PAP)"},"content":{"rendered":"\n<p>\u0160tudijska gradiva in informiranje o aktualnih dogodkih ter ocenah se nahajajo na <a rel=\"noreferrer noopener\" href=\"https:\/\/visfs.uni-lj.si\/\" target=\"_blank\">straneh \u0161tudentskega interneta Fakultete za strojni\u0161tvo (VIS).<\/a><\/p>\n\n\n\n<h2 class=\"wp-block-heading\">Vsebina<\/h2>\n\n\n\n<ul class=\"wp-block-list\"><li><strong>Uvod:<\/strong> Vloga laserske tehnike v sodobnem strojni\u0161tvu. Predstavitev predmeta.&nbsp;&nbsp;&nbsp;&nbsp;&nbsp;&nbsp;&nbsp;<\/li><li><strong>Osnove in\u017eenirske optike:<\/strong> Geometrijska optika. Valovna optika. Kvantni opis svetlobnih pojavov.&nbsp;&nbsp;&nbsp;&nbsp;&nbsp;&nbsp;&nbsp;&nbsp;&nbsp;<\/li><li><strong>Osnove delovanja laserjev:<\/strong> Zgodovinsko ozadje. Nastanek in zna\u010dilnosti laserske svetlobe.&nbsp;&nbsp;&nbsp;<\/li><li><strong>Vrste laserskih izvorov:<\/strong> Plinski, trdninski in polprevodni\u0161ki laserji: zgradba in njihove karakteristike; najpomembnej\u0161a podro\u010dja uporabe.&nbsp;&nbsp;&nbsp;&nbsp;&nbsp;&nbsp;&nbsp;&nbsp;&nbsp;&nbsp;&nbsp;&nbsp;&nbsp;&nbsp;&nbsp;&nbsp;&nbsp;&nbsp;&nbsp;&nbsp;&nbsp;&nbsp;&nbsp;&nbsp;&nbsp;&nbsp;&nbsp;&nbsp;&nbsp;&nbsp;&nbsp;&nbsp;&nbsp;&nbsp;&nbsp;&nbsp;&nbsp;&nbsp;&nbsp;&nbsp;&nbsp;&nbsp;&nbsp;&nbsp;&nbsp;&nbsp;&nbsp;&nbsp;&nbsp;&nbsp;&nbsp;&nbsp;&nbsp;&nbsp;&nbsp;&nbsp;&nbsp;&nbsp;&nbsp;&nbsp;&nbsp;&nbsp;&nbsp;&nbsp;&nbsp;&nbsp;&nbsp;&nbsp;&nbsp;&nbsp;&nbsp;&nbsp;&nbsp;&nbsp;&nbsp;&nbsp;&nbsp;&nbsp;&nbsp;&nbsp;&nbsp;&nbsp;&nbsp;&nbsp;&nbsp;&nbsp;&nbsp;&nbsp;&nbsp;&nbsp;&nbsp;&nbsp;&nbsp;&nbsp;&nbsp;&nbsp;&nbsp;&nbsp;&nbsp;&nbsp;&nbsp;&nbsp;&nbsp;&nbsp;&nbsp;&nbsp;&nbsp;&nbsp;&nbsp;&nbsp;&nbsp;&nbsp;&nbsp;<\/li><li><strong>Laserska varnost:<\/strong> Vzroki in vrste po\u0161kodb. Predpisi in standardi.<\/li><li><strong>Laserski obdelovalni procesi:<\/strong> Izbrani primeri: fizikalne osnove delovanja, zgradba, klju\u010dne zna\u010dilnice, poslu\u017eevanje, upravljanje, vzdr\u017eevanje, ekonomski vidiki uporabe, prakti\u010dni primeri uporabe.<\/li><li><strong>Merilne laserske naprave: <\/strong>Izbrani primeri: fizikalne osnove delovanja, zgradba, klju\u010dne zna\u010dilnice, poslu\u017eevanje, upravljanje, vzdr\u017eevanje, ekonomski vidiki uporabe, prakti\u010dni primeri uporabe. &nbsp;&nbsp;&nbsp;<\/li><\/ul>\n\n\n\n<h2 class=\"wp-block-heading\">Temeljna literatura in viri<\/h2>\n\n\n\n<p>[1]&nbsp; J. Hecht: <strong>Understanding Lasers: An Entry-Level Guide,<\/strong> 3rd. ed., Wiley-IEEE Press; 2008.<\/p>\n\n\n\n<p>[2]&nbsp; J.Wilson and J.F.B. Hawkes: <strong>Lasers Principles and Applications<\/strong>, Prentice Hall, 1987.<\/p>\n\n\n\n<p>[3]&nbsp; D.Schu\u00f6cker: <strong>High power Lasers in Production Engineering<\/strong>, Imperial College Press, 1999. [4]&nbsp; J.F.Ready: <strong>Industrial Applications of Lasers<\/strong>, 2nd. ed., Academic Press, 1997.<\/p>\n\n\n\n<h2 class=\"wp-block-heading\">Cilji in kompetence<\/h2>\n\n\n\n<p><strong>Cilji:<\/strong> Temeljni cilj predmeta je nau\u010diti \u0161tudente osnov laserske tehnike ter mo\u017enosti njene uporabe na podro\u010djih, ki jih pokriva strojni\u0161tvo.<\/p>\n\n\n\n<p><strong>Kompetence:<\/strong><\/p>\n\n\n\n<p>&#8211; poznavanje osnovnih fizikalnih zakonitosti s podro\u010dja laserske tehnike,<\/p>\n\n\n\n<p>&#8211; pridobivanje znanja o posameznih vrstah laserskih izvorov ter njihovih specifi\u010dnih lastnostih,<\/p>\n\n\n\n<p>&#8211; pridobivanje znanja o najpomembnej\u0161ih podro\u010djih uporabe laserskih obdelovalnih in merilnih sistemov,<\/p>\n\n\n\n<p>&#8211; pridobivanje znanj in ve\u0161\u010din o varni uporabi in delovanju laserskih sistemov, &#8211; prakti\u010dno pridobivanje znanja s podro\u010dja gradnje in upravljanja laserskih obdelovalnih in merilnih sistemov.<\/p>\n\n\n\n<p><\/p>\n","protected":false},"excerpt":{"rendered":"<p>\u0160tudijska gradiva in informiranje o aktualnih dogodkih ter ocenah se nahajajo na straneh \u0161tudentskega interneta Fakultete za strojni\u0161tvo (VIS). Vsebina [&hellip;]<\/p>\n","protected":false},"author":1,"featured_media":0,"parent":20,"menu_order":20,"comment_status":"closed","ping_status":"closed","template":"","meta":{"footnotes":""},"class_list":["post-286","page","type-page","status-publish","hentry"],"yoast_head":"<!-- This site is optimized with the Yoast SEO plugin v27.5 - https:\/\/yoast.com\/product\/yoast-seo-wordpress\/ -->\n<title>Osnove laserske tehnike (PAP) - LASTEH<\/title>\n<meta name=\"robots\" content=\"index, follow, max-snippet:-1, max-image-preview:large, max-video-preview:-1\" \/>\n<link rel=\"canonical\" href=\"https:\/\/web.fs.uni-lj.si\/lasteh\/studijska-dejavnost\/osnove-laserske-tehnike-pap\/\" \/>\n<meta property=\"og:locale\" content=\"sl_SI\" \/>\n<meta property=\"og:type\" content=\"article\" \/>\n<meta property=\"og:title\" content=\"Osnove laserske tehnike (PAP) - LASTEH\" \/>\n<meta property=\"og:description\" content=\"\u0160tudijska gradiva in informiranje o aktualnih dogodkih ter ocenah se nahajajo na straneh \u0161tudentskega interneta Fakultete za strojni\u0161tvo (VIS). Vsebina [&hellip;]\" \/>\n<meta property=\"og:url\" content=\"https:\/\/web.fs.uni-lj.si\/lasteh\/studijska-dejavnost\/osnove-laserske-tehnike-pap\/\" \/>\n<meta property=\"og:site_name\" content=\"LASTEH\" \/>\n<meta property=\"article:modified_time\" content=\"2020-05-04T21:22:37+00:00\" \/>\n<meta name=\"twitter:card\" content=\"summary_large_image\" \/>\n<meta name=\"twitter:label1\" content=\"Est. reading time\" \/>\n\t<meta name=\"twitter:data1\" content=\"2 minuti\" \/>\n<script type=\"application\/ld+json\" class=\"yoast-schema-graph\">{\"@context\":\"https:\\\/\\\/schema.org\",\"@graph\":[{\"@type\":\"WebPage\",\"@id\":\"https:\\\/\\\/web.fs.uni-lj.si\\\/lasteh\\\/studijska-dejavnost\\\/osnove-laserske-tehnike-pap\\\/\",\"url\":\"https:\\\/\\\/web.fs.uni-lj.si\\\/lasteh\\\/studijska-dejavnost\\\/osnove-laserske-tehnike-pap\\\/\",\"name\":\"Osnove laserske tehnike (PAP) - LASTEH\",\"isPartOf\":{\"@id\":\"https:\\\/\\\/web.fs.uni-lj.si\\\/lasteh\\\/#website\"},\"datePublished\":\"2020-05-04T20:29:54+00:00\",\"dateModified\":\"2020-05-04T21:22:37+00:00\",\"breadcrumb\":{\"@id\":\"https:\\\/\\\/web.fs.uni-lj.si\\\/lasteh\\\/studijska-dejavnost\\\/osnove-laserske-tehnike-pap\\\/#breadcrumb\"},\"inLanguage\":\"sl-SI\",\"potentialAction\":[{\"@type\":\"ReadAction\",\"target\":[\"https:\\\/\\\/web.fs.uni-lj.si\\\/lasteh\\\/studijska-dejavnost\\\/osnove-laserske-tehnike-pap\\\/\"]}]},{\"@type\":\"BreadcrumbList\",\"@id\":\"https:\\\/\\\/web.fs.uni-lj.si\\\/lasteh\\\/studijska-dejavnost\\\/osnove-laserske-tehnike-pap\\\/#breadcrumb\",\"itemListElement\":[{\"@type\":\"ListItem\",\"position\":1,\"name\":\"Home\",\"item\":\"https:\\\/\\\/web.fs.uni-lj.si\\\/lasteh\\\/\"},{\"@type\":\"ListItem\",\"position\":2,\"name\":\"\u0160tudijska dejavnost\",\"item\":\"https:\\\/\\\/web.fs.uni-lj.si\\\/lasteh\\\/studijska-dejavnost\\\/\"},{\"@type\":\"ListItem\",\"position\":3,\"name\":\"Osnove laserske tehnike (PAP)\"}]},{\"@type\":\"WebSite\",\"@id\":\"https:\\\/\\\/web.fs.uni-lj.si\\\/lasteh\\\/#website\",\"url\":\"https:\\\/\\\/web.fs.uni-lj.si\\\/lasteh\\\/\",\"name\":\"LASTEH\",\"description\":\"Laboratorij za lasersko tehniko\",\"potentialAction\":[{\"@type\":\"SearchAction\",\"target\":{\"@type\":\"EntryPoint\",\"urlTemplate\":\"https:\\\/\\\/web.fs.uni-lj.si\\\/lasteh\\\/?s={search_term_string}\"},\"query-input\":{\"@type\":\"PropertyValueSpecification\",\"valueRequired\":true,\"valueName\":\"search_term_string\"}}],\"inLanguage\":\"sl-SI\"}]}<\/script>\n<!-- \/ Yoast SEO plugin. -->","yoast_head_json":{"title":"Osnove laserske tehnike (PAP) - LASTEH","robots":{"index":"index","follow":"follow","max-snippet":"max-snippet:-1","max-image-preview":"max-image-preview:large","max-video-preview":"max-video-preview:-1"},"canonical":"https:\/\/web.fs.uni-lj.si\/lasteh\/studijska-dejavnost\/osnove-laserske-tehnike-pap\/","og_locale":"sl_SI","og_type":"article","og_title":"Osnove laserske tehnike (PAP) - LASTEH","og_description":"\u0160tudijska gradiva in informiranje o aktualnih dogodkih ter ocenah se nahajajo na straneh \u0161tudentskega interneta Fakultete za strojni\u0161tvo (VIS). Vsebina [&hellip;]","og_url":"https:\/\/web.fs.uni-lj.si\/lasteh\/studijska-dejavnost\/osnove-laserske-tehnike-pap\/","og_site_name":"LASTEH","article_modified_time":"2020-05-04T21:22:37+00:00","twitter_card":"summary_large_image","twitter_misc":{"Est. reading time":"2 minuti"},"schema":{"@context":"https:\/\/schema.org","@graph":[{"@type":"WebPage","@id":"https:\/\/web.fs.uni-lj.si\/lasteh\/studijska-dejavnost\/osnove-laserske-tehnike-pap\/","url":"https:\/\/web.fs.uni-lj.si\/lasteh\/studijska-dejavnost\/osnove-laserske-tehnike-pap\/","name":"Osnove laserske tehnike (PAP) - LASTEH","isPartOf":{"@id":"https:\/\/web.fs.uni-lj.si\/lasteh\/#website"},"datePublished":"2020-05-04T20:29:54+00:00","dateModified":"2020-05-04T21:22:37+00:00","breadcrumb":{"@id":"https:\/\/web.fs.uni-lj.si\/lasteh\/studijska-dejavnost\/osnove-laserske-tehnike-pap\/#breadcrumb"},"inLanguage":"sl-SI","potentialAction":[{"@type":"ReadAction","target":["https:\/\/web.fs.uni-lj.si\/lasteh\/studijska-dejavnost\/osnove-laserske-tehnike-pap\/"]}]},{"@type":"BreadcrumbList","@id":"https:\/\/web.fs.uni-lj.si\/lasteh\/studijska-dejavnost\/osnove-laserske-tehnike-pap\/#breadcrumb","itemListElement":[{"@type":"ListItem","position":1,"name":"Home","item":"https:\/\/web.fs.uni-lj.si\/lasteh\/"},{"@type":"ListItem","position":2,"name":"\u0160tudijska dejavnost","item":"https:\/\/web.fs.uni-lj.si\/lasteh\/studijska-dejavnost\/"},{"@type":"ListItem","position":3,"name":"Osnove laserske tehnike (PAP)"}]},{"@type":"WebSite","@id":"https:\/\/web.fs.uni-lj.si\/lasteh\/#website","url":"https:\/\/web.fs.uni-lj.si\/lasteh\/","name":"LASTEH","description":"Laboratorij za lasersko tehniko","potentialAction":[{"@type":"SearchAction","target":{"@type":"EntryPoint","urlTemplate":"https:\/\/web.fs.uni-lj.si\/lasteh\/?s={search_term_string}"},"query-input":{"@type":"PropertyValueSpecification","valueRequired":true,"valueName":"search_term_string"}}],"inLanguage":"sl-SI"}]}},"_links":{"self":[{"href":"https:\/\/web.fs.uni-lj.si\/lasteh\/wp-json\/wp\/v2\/pages\/286","targetHints":{"allow":["GET"]}}],"collection":[{"href":"https:\/\/web.fs.uni-lj.si\/lasteh\/wp-json\/wp\/v2\/pages"}],"about":[{"href":"https:\/\/web.fs.uni-lj.si\/lasteh\/wp-json\/wp\/v2\/types\/page"}],"author":[{"embeddable":true,"href":"https:\/\/web.fs.uni-lj.si\/lasteh\/wp-json\/wp\/v2\/users\/1"}],"replies":[{"embeddable":true,"href":"https:\/\/web.fs.uni-lj.si\/lasteh\/wp-json\/wp\/v2\/comments?post=286"}],"version-history":[{"count":3,"href":"https:\/\/web.fs.uni-lj.si\/lasteh\/wp-json\/wp\/v2\/pages\/286\/revisions"}],"predecessor-version":[{"id":308,"href":"https:\/\/web.fs.uni-lj.si\/lasteh\/wp-json\/wp\/v2\/pages\/286\/revisions\/308"}],"up":[{"embeddable":true,"href":"https:\/\/web.fs.uni-lj.si\/lasteh\/wp-json\/wp\/v2\/pages\/20"}],"wp:attachment":[{"href":"https:\/\/web.fs.uni-lj.si\/lasteh\/wp-json\/wp\/v2\/media?parent=286"}],"curies":[{"name":"wp","href":"https:\/\/api.w.org\/{rel}","templated":true}]}}