{"id":284,"date":"2020-05-04T20:28:57","date_gmt":"2020-05-04T20:28:57","guid":{"rendered":"http:\/\/web.fs.uni-lj.si\/lasteh\/?page_id=284"},"modified":"2020-05-04T21:22:23","modified_gmt":"2020-05-04T21:22:23","slug":"laserski-sistemi-rrp","status":"publish","type":"page","link":"https:\/\/web.fs.uni-lj.si\/lasteh\/studijska-dejavnost\/laserski-sistemi-rrp\/","title":{"rendered":"Laserski sistemi (RRP)"},"content":{"rendered":"\n<p>\u0160tudijska gradiva in informiranje o aktualnih dogodkih ter ocenah se nahajajo na <a rel=\"noreferrer noopener\" href=\"https:\/\/visfs.uni-lj.si\/\" target=\"_blank\">straneh \u0161tudentskega interneta Fakultete za strojni\u0161tvo (VIS).<\/a><\/p>\n\n\n\n<h2 class=\"wp-block-heading\">Vsebina<\/h2>\n\n\n\n<p>Uvod in predstavitev predmeta<\/p>\n\n\n\n<p>In\u017eenirska optika: (Geometrijska optika; Valovna optika; Kvantni opis svetlobnih pojavov)<\/p>\n\n\n\n<p>Laserski izvori: (Nastanek in zna\u010dilnosti laserske svetlobe; Laserska optika; Zgradba, delovanje in karakteristike laserskega izvora; Industrijski laserski izvori: plinski, trdninski, polprevodni\u0161ki)<\/p>\n\n\n\n<p>Varnost laserskih sistemov: (Vrste nevarnosti v laserskih sistemih; Predpisi in standardi s podro\u010dja laserske varnosti; Ukrepi za zagotovitev varnosti v laserskih sistemih)<\/p>\n\n\n\n<p>Merilni laserski sistemi:(Sklopi za modulacijo mo\u010di in frekvence laserskega \u017earka, za oblikovanje in vodenje \u017earka ter za detekcijo svetlobe;<\/p>\n\n\n\n<p>Laserski sistemi za merjenje razdalj, pomikov, profilov in 3D oblike teles; Laserska interferometrija; Lasersko dopplersko merjenje hitrosti, Izbrani primeri industrijskih aplikacij) Obdelovalni laserski sistemi: (Sklopi za vodenje, oblikovanje in fokusiranje \u017earka, Sklop za diagnostiko procesa, Pozicionirni podsistem, Sistemski krmilnik, Izbrani primeri laserskih sistemov in procesov)<\/p>\n\n\n\n<h2 class=\"wp-block-heading\">Temeljna literatura in viri<\/h2>\n\n\n\n<p>1. J.T.Luxon, D.E. Parker, <strong>Industrial lasers and their applications<\/strong>, Prentice-Hall Inc., Englewood Cliffs (NJ) USA, 1985. \u2013 Izbrana poglavja.<\/p>\n\n\n\n<p>2. J. Wilson, J.F.B. Hawkes, <strong>Lasers, Principles and Applications<\/strong>, Prentice-Hall Inc., Englewood Cliffs (NJ) USA, 1987. \u2013 Izbrana poglavja.<\/p>\n\n\n\n<p>3. J.C. Ion, <strong>Laser processing of engineering materials<\/strong>, Elsevier, Amsterdam, 2005, pogl. 3 in 4. \u2013 Izbrana poglavja. 4. K. Barat, <strong>Laser safety management<\/strong>, CRC Taylor &amp; Francis Group, Boca Raton (FL) USA, 2006. \u2013 Izbrana poglavja.<\/p>\n\n\n\n<h2 class=\"wp-block-heading\">Cilji in kompetence<\/h2>\n\n\n\n<p>Cilj predmeta je seznanitev \u0161tudentov s teoreti\u010dnimi in prakti\u010dnimi osnovami laserske tehnike ter usposabljanje za prakti\u010dno delo na podro\u010dju uporabe laserske tehnike v laboratorijskih in industrijskih okoljih.<\/p>\n\n\n\n<p>Predmetnospecifi\u010dne <strong>kompetence<\/strong>:<\/p>\n\n\n\n<ul class=\"wp-block-list\"><li>osvajanje temeljnih fizikalnih zakonitosti, ki so pomembne za delo na podro\u010dju laserske tehnike;<\/li><li>pridobivanje sposobnosti za re\u0161evanje konkretnih problemov na podlagi poznavanja zgradbe, delovanja ter prednosti, pomanjkljivosti in uporabnosti razli\u010dnih laserskih izvorov, njihovih najpomembnej\u0161ih sklopov ter laserskih obdelovalnih in merilnih sistemov;<\/li><li>pridobivanje znanj in ve\u0161\u010din, potrebnih za zagotavljanje varnega delovanja laserskih sistemov;<\/li><li>pridobivanje znanj in ve\u0161\u010din, potrebnih za na\u010drtovanje in izvedbo eksperimentalnega razvoja na podro\u010dju in\u017eenirskih laserskih aplikacij.<\/li><\/ul>\n\n\n\n<p><\/p>\n","protected":false},"excerpt":{"rendered":"<p>\u0160tudijska gradiva in informiranje o aktualnih dogodkih ter ocenah se nahajajo na straneh \u0161tudentskega interneta Fakultete za strojni\u0161tvo (VIS). Vsebina [&hellip;]<\/p>\n","protected":false},"author":1,"featured_media":0,"parent":20,"menu_order":10,"comment_status":"closed","ping_status":"closed","template":"","meta":{"footnotes":""},"class_list":["post-284","page","type-page","status-publish","hentry"],"yoast_head":"<!-- This site is optimized with the Yoast SEO plugin v27.4 - https:\/\/yoast.com\/product\/yoast-seo-wordpress\/ -->\n<title>Laserski sistemi (RRP) - LASTEH<\/title>\n<meta name=\"robots\" content=\"index, follow, max-snippet:-1, max-image-preview:large, max-video-preview:-1\" \/>\n<link rel=\"canonical\" href=\"https:\/\/web.fs.uni-lj.si\/lasteh\/studijska-dejavnost\/laserski-sistemi-rrp\/\" \/>\n<meta property=\"og:locale\" content=\"sl_SI\" \/>\n<meta property=\"og:type\" content=\"article\" \/>\n<meta property=\"og:title\" content=\"Laserski sistemi (RRP) - LASTEH\" \/>\n<meta property=\"og:description\" content=\"\u0160tudijska gradiva in informiranje o aktualnih dogodkih ter ocenah se nahajajo na straneh \u0161tudentskega interneta Fakultete za strojni\u0161tvo (VIS). Vsebina [&hellip;]\" \/>\n<meta property=\"og:url\" content=\"https:\/\/web.fs.uni-lj.si\/lasteh\/studijska-dejavnost\/laserski-sistemi-rrp\/\" \/>\n<meta property=\"og:site_name\" content=\"LASTEH\" \/>\n<meta property=\"article:modified_time\" content=\"2020-05-04T21:22:23+00:00\" \/>\n<meta name=\"twitter:card\" content=\"summary_large_image\" \/>\n<meta name=\"twitter:label1\" content=\"Est. reading time\" \/>\n\t<meta name=\"twitter:data1\" content=\"2 minuti\" \/>\n<script type=\"application\/ld+json\" class=\"yoast-schema-graph\">{\"@context\":\"https:\\\/\\\/schema.org\",\"@graph\":[{\"@type\":\"WebPage\",\"@id\":\"https:\\\/\\\/web.fs.uni-lj.si\\\/lasteh\\\/studijska-dejavnost\\\/laserski-sistemi-rrp\\\/\",\"url\":\"https:\\\/\\\/web.fs.uni-lj.si\\\/lasteh\\\/studijska-dejavnost\\\/laserski-sistemi-rrp\\\/\",\"name\":\"Laserski sistemi (RRP) - LASTEH\",\"isPartOf\":{\"@id\":\"https:\\\/\\\/web.fs.uni-lj.si\\\/lasteh\\\/#website\"},\"datePublished\":\"2020-05-04T20:28:57+00:00\",\"dateModified\":\"2020-05-04T21:22:23+00:00\",\"breadcrumb\":{\"@id\":\"https:\\\/\\\/web.fs.uni-lj.si\\\/lasteh\\\/studijska-dejavnost\\\/laserski-sistemi-rrp\\\/#breadcrumb\"},\"inLanguage\":\"sl-SI\",\"potentialAction\":[{\"@type\":\"ReadAction\",\"target\":[\"https:\\\/\\\/web.fs.uni-lj.si\\\/lasteh\\\/studijska-dejavnost\\\/laserski-sistemi-rrp\\\/\"]}]},{\"@type\":\"BreadcrumbList\",\"@id\":\"https:\\\/\\\/web.fs.uni-lj.si\\\/lasteh\\\/studijska-dejavnost\\\/laserski-sistemi-rrp\\\/#breadcrumb\",\"itemListElement\":[{\"@type\":\"ListItem\",\"position\":1,\"name\":\"Home\",\"item\":\"https:\\\/\\\/web.fs.uni-lj.si\\\/lasteh\\\/\"},{\"@type\":\"ListItem\",\"position\":2,\"name\":\"\u0160tudijska dejavnost\",\"item\":\"https:\\\/\\\/web.fs.uni-lj.si\\\/lasteh\\\/studijska-dejavnost\\\/\"},{\"@type\":\"ListItem\",\"position\":3,\"name\":\"Laserski sistemi (RRP)\"}]},{\"@type\":\"WebSite\",\"@id\":\"https:\\\/\\\/web.fs.uni-lj.si\\\/lasteh\\\/#website\",\"url\":\"https:\\\/\\\/web.fs.uni-lj.si\\\/lasteh\\\/\",\"name\":\"LASTEH\",\"description\":\"Laboratorij za lasersko tehniko\",\"potentialAction\":[{\"@type\":\"SearchAction\",\"target\":{\"@type\":\"EntryPoint\",\"urlTemplate\":\"https:\\\/\\\/web.fs.uni-lj.si\\\/lasteh\\\/?s={search_term_string}\"},\"query-input\":{\"@type\":\"PropertyValueSpecification\",\"valueRequired\":true,\"valueName\":\"search_term_string\"}}],\"inLanguage\":\"sl-SI\"}]}<\/script>\n<!-- \/ Yoast SEO plugin. -->","yoast_head_json":{"title":"Laserski sistemi (RRP) - LASTEH","robots":{"index":"index","follow":"follow","max-snippet":"max-snippet:-1","max-image-preview":"max-image-preview:large","max-video-preview":"max-video-preview:-1"},"canonical":"https:\/\/web.fs.uni-lj.si\/lasteh\/studijska-dejavnost\/laserski-sistemi-rrp\/","og_locale":"sl_SI","og_type":"article","og_title":"Laserski sistemi (RRP) - LASTEH","og_description":"\u0160tudijska gradiva in informiranje o aktualnih dogodkih ter ocenah se nahajajo na straneh \u0161tudentskega interneta Fakultete za strojni\u0161tvo (VIS). Vsebina [&hellip;]","og_url":"https:\/\/web.fs.uni-lj.si\/lasteh\/studijska-dejavnost\/laserski-sistemi-rrp\/","og_site_name":"LASTEH","article_modified_time":"2020-05-04T21:22:23+00:00","twitter_card":"summary_large_image","twitter_misc":{"Est. reading time":"2 minuti"},"schema":{"@context":"https:\/\/schema.org","@graph":[{"@type":"WebPage","@id":"https:\/\/web.fs.uni-lj.si\/lasteh\/studijska-dejavnost\/laserski-sistemi-rrp\/","url":"https:\/\/web.fs.uni-lj.si\/lasteh\/studijska-dejavnost\/laserski-sistemi-rrp\/","name":"Laserski sistemi (RRP) - LASTEH","isPartOf":{"@id":"https:\/\/web.fs.uni-lj.si\/lasteh\/#website"},"datePublished":"2020-05-04T20:28:57+00:00","dateModified":"2020-05-04T21:22:23+00:00","breadcrumb":{"@id":"https:\/\/web.fs.uni-lj.si\/lasteh\/studijska-dejavnost\/laserski-sistemi-rrp\/#breadcrumb"},"inLanguage":"sl-SI","potentialAction":[{"@type":"ReadAction","target":["https:\/\/web.fs.uni-lj.si\/lasteh\/studijska-dejavnost\/laserski-sistemi-rrp\/"]}]},{"@type":"BreadcrumbList","@id":"https:\/\/web.fs.uni-lj.si\/lasteh\/studijska-dejavnost\/laserski-sistemi-rrp\/#breadcrumb","itemListElement":[{"@type":"ListItem","position":1,"name":"Home","item":"https:\/\/web.fs.uni-lj.si\/lasteh\/"},{"@type":"ListItem","position":2,"name":"\u0160tudijska dejavnost","item":"https:\/\/web.fs.uni-lj.si\/lasteh\/studijska-dejavnost\/"},{"@type":"ListItem","position":3,"name":"Laserski sistemi (RRP)"}]},{"@type":"WebSite","@id":"https:\/\/web.fs.uni-lj.si\/lasteh\/#website","url":"https:\/\/web.fs.uni-lj.si\/lasteh\/","name":"LASTEH","description":"Laboratorij za lasersko tehniko","potentialAction":[{"@type":"SearchAction","target":{"@type":"EntryPoint","urlTemplate":"https:\/\/web.fs.uni-lj.si\/lasteh\/?s={search_term_string}"},"query-input":{"@type":"PropertyValueSpecification","valueRequired":true,"valueName":"search_term_string"}}],"inLanguage":"sl-SI"}]}},"_links":{"self":[{"href":"https:\/\/web.fs.uni-lj.si\/lasteh\/wp-json\/wp\/v2\/pages\/284","targetHints":{"allow":["GET"]}}],"collection":[{"href":"https:\/\/web.fs.uni-lj.si\/lasteh\/wp-json\/wp\/v2\/pages"}],"about":[{"href":"https:\/\/web.fs.uni-lj.si\/lasteh\/wp-json\/wp\/v2\/types\/page"}],"author":[{"embeddable":true,"href":"https:\/\/web.fs.uni-lj.si\/lasteh\/wp-json\/wp\/v2\/users\/1"}],"replies":[{"embeddable":true,"href":"https:\/\/web.fs.uni-lj.si\/lasteh\/wp-json\/wp\/v2\/comments?post=284"}],"version-history":[{"count":3,"href":"https:\/\/web.fs.uni-lj.si\/lasteh\/wp-json\/wp\/v2\/pages\/284\/revisions"}],"predecessor-version":[{"id":307,"href":"https:\/\/web.fs.uni-lj.si\/lasteh\/wp-json\/wp\/v2\/pages\/284\/revisions\/307"}],"up":[{"embeddable":true,"href":"https:\/\/web.fs.uni-lj.si\/lasteh\/wp-json\/wp\/v2\/pages\/20"}],"wp:attachment":[{"href":"https:\/\/web.fs.uni-lj.si\/lasteh\/wp-json\/wp\/v2\/media?parent=284"}],"curies":[{"name":"wp","href":"https:\/\/api.w.org\/{rel}","templated":true}]}}