{"id":20,"date":"2017-02-15T19:33:14","date_gmt":"2017-02-15T19:33:14","guid":{"rendered":"http:\/\/localhost\/LASTEH%20wp\/?page_id=8"},"modified":"2020-05-04T21:21:42","modified_gmt":"2020-05-04T21:21:42","slug":"studijska-dejavnost","status":"publish","type":"page","link":"https:\/\/web.fs.uni-lj.si\/lasteh\/studijska-dejavnost\/","title":{"rendered":"\u0160tudijska dejavnost"},"content":{"rendered":"<h3><strong><span style=\"font-size: inherit;\">1. Stopnja<\/span><\/strong><\/h3>\n<hr \/>\n<h4><a href=\"http:\/\/web.fs.uni-lj.si\/lasteh\/studijska-dejavnost\/laserski-sistemi-rrp\/\">Laserski sistemi (RRP)<\/a><\/h4>\n<p>prof. dr. Janez Diaci<\/p>\n<h4><a href=\"http:\/\/web.fs.uni-lj.si\/lasteh\/studijska-dejavnost\/osnove-laserske-tehnike-pap\/\">Osnove laserske tehnike (PAP)<\/a><\/h4>\n<p>izr. prof. dr. Matija Jezer\u0161ek<\/p>\n<h3><strong>2. Stopnja<\/strong><\/h3>\n<hr \/>\n<h4><a href=\"http:\/\/web.fs.uni-lj.si\/lasteh\/studijska-dejavnost\/laserska-obdelovalna-tehnologija\/\">Laserska obdelovalna tehnologija<\/a><\/h4>\n<p>izr. prof. dr. Matija Jezer\u0161ek in doc. dr. Peter Gregor\u010di\u010d<\/p>\n<h4><a href=\"http:\/\/web.fs.uni-lj.si\/lasteh\/studijska-dejavnost\/laserski-merilni-sistemi\/\">Laserski merilni sistemi<\/a><\/h4>\n<p>izr. prof. dr. Matija Jezer\u0161ek<\/p>\n<h3><strong>3. Stopnja<\/strong><\/h3>\n<hr \/>\n<h4><a href=\"http:\/\/web.fs.uni-lj.si\/lasteh\/studijska-dejavnost\/laserska-tehnika\/\">Laserska tehnika<\/a><\/h4>\n<p>prof. dr. Janez Diaci in izr. prof. dr. Matija Jezer\u0161ek<\/p>\n<hr \/>\n<p>\u0160tudijska gradiva in informiranje o aktualnih dogodkih ter ocenah se nahajajo na <a href=\"https:\/\/visfs.uni-lj.si\/\" target=\"_blank\" rel=\"noopener noreferrer\">straneh \u0161tudentskega interneta Fakultete za strojni\u0161tvo (VIS).<\/a><\/p>\n","protected":false},"excerpt":{"rendered":"<p>1. Stopnja Laserski sistemi (RRP) prof. dr. Janez Diaci Osnove laserske tehnike (PAP) izr. prof. dr. Matija Jezer\u0161ek 2. Stopnja [&hellip;]<\/p>\n","protected":false},"author":1,"featured_media":0,"parent":0,"menu_order":0,"comment_status":"closed","ping_status":"closed","template":"","meta":{"footnotes":""},"class_list":["post-20","page","type-page","status-publish","hentry"],"yoast_head":"<!-- This site is optimized with the Yoast SEO plugin v27.4 - https:\/\/yoast.com\/product\/yoast-seo-wordpress\/ -->\n<title>\u0160tudijska dejavnost - LASTEH<\/title>\n<meta name=\"robots\" content=\"index, follow, max-snippet:-1, max-image-preview:large, max-video-preview:-1\" \/>\n<link rel=\"canonical\" href=\"https:\/\/web.fs.uni-lj.si\/lasteh\/studijska-dejavnost\/\" \/>\n<meta property=\"og:locale\" content=\"sl_SI\" \/>\n<meta property=\"og:type\" content=\"article\" \/>\n<meta property=\"og:title\" content=\"\u0160tudijska dejavnost - LASTEH\" \/>\n<meta property=\"og:description\" content=\"1. Stopnja Laserski sistemi (RRP) prof. dr. Janez Diaci Osnove laserske tehnike (PAP) izr. prof. dr. Matija Jezer\u0161ek 2. Stopnja [&hellip;]\" \/>\n<meta property=\"og:url\" content=\"https:\/\/web.fs.uni-lj.si\/lasteh\/studijska-dejavnost\/\" \/>\n<meta property=\"og:site_name\" content=\"LASTEH\" \/>\n<meta property=\"article:modified_time\" content=\"2020-05-04T21:21:42+00:00\" \/>\n<meta name=\"twitter:card\" content=\"summary_large_image\" \/>\n<script type=\"application\/ld+json\" class=\"yoast-schema-graph\">{\"@context\":\"https:\\\/\\\/schema.org\",\"@graph\":[{\"@type\":\"WebPage\",\"@id\":\"https:\\\/\\\/web.fs.uni-lj.si\\\/lasteh\\\/studijska-dejavnost\\\/\",\"url\":\"https:\\\/\\\/web.fs.uni-lj.si\\\/lasteh\\\/studijska-dejavnost\\\/\",\"name\":\"\u0160tudijska dejavnost - LASTEH\",\"isPartOf\":{\"@id\":\"https:\\\/\\\/web.fs.uni-lj.si\\\/lasteh\\\/#website\"},\"datePublished\":\"2017-02-15T19:33:14+00:00\",\"dateModified\":\"2020-05-04T21:21:42+00:00\",\"breadcrumb\":{\"@id\":\"https:\\\/\\\/web.fs.uni-lj.si\\\/lasteh\\\/studijska-dejavnost\\\/#breadcrumb\"},\"inLanguage\":\"sl-SI\",\"potentialAction\":[{\"@type\":\"ReadAction\",\"target\":[\"https:\\\/\\\/web.fs.uni-lj.si\\\/lasteh\\\/studijska-dejavnost\\\/\"]}]},{\"@type\":\"BreadcrumbList\",\"@id\":\"https:\\\/\\\/web.fs.uni-lj.si\\\/lasteh\\\/studijska-dejavnost\\\/#breadcrumb\",\"itemListElement\":[{\"@type\":\"ListItem\",\"position\":1,\"name\":\"Home\",\"item\":\"https:\\\/\\\/web.fs.uni-lj.si\\\/lasteh\\\/\"},{\"@type\":\"ListItem\",\"position\":2,\"name\":\"\u0160tudijska dejavnost\"}]},{\"@type\":\"WebSite\",\"@id\":\"https:\\\/\\\/web.fs.uni-lj.si\\\/lasteh\\\/#website\",\"url\":\"https:\\\/\\\/web.fs.uni-lj.si\\\/lasteh\\\/\",\"name\":\"LASTEH\",\"description\":\"Laboratorij za lasersko tehniko\",\"potentialAction\":[{\"@type\":\"SearchAction\",\"target\":{\"@type\":\"EntryPoint\",\"urlTemplate\":\"https:\\\/\\\/web.fs.uni-lj.si\\\/lasteh\\\/?s={search_term_string}\"},\"query-input\":{\"@type\":\"PropertyValueSpecification\",\"valueRequired\":true,\"valueName\":\"search_term_string\"}}],\"inLanguage\":\"sl-SI\"}]}<\/script>\n<!-- \/ Yoast SEO plugin. -->","yoast_head_json":{"title":"\u0160tudijska dejavnost - LASTEH","robots":{"index":"index","follow":"follow","max-snippet":"max-snippet:-1","max-image-preview":"max-image-preview:large","max-video-preview":"max-video-preview:-1"},"canonical":"https:\/\/web.fs.uni-lj.si\/lasteh\/studijska-dejavnost\/","og_locale":"sl_SI","og_type":"article","og_title":"\u0160tudijska dejavnost - LASTEH","og_description":"1. Stopnja Laserski sistemi (RRP) prof. dr. Janez Diaci Osnove laserske tehnike (PAP) izr. prof. dr. Matija Jezer\u0161ek 2. Stopnja [&hellip;]","og_url":"https:\/\/web.fs.uni-lj.si\/lasteh\/studijska-dejavnost\/","og_site_name":"LASTEH","article_modified_time":"2020-05-04T21:21:42+00:00","twitter_card":"summary_large_image","schema":{"@context":"https:\/\/schema.org","@graph":[{"@type":"WebPage","@id":"https:\/\/web.fs.uni-lj.si\/lasteh\/studijska-dejavnost\/","url":"https:\/\/web.fs.uni-lj.si\/lasteh\/studijska-dejavnost\/","name":"\u0160tudijska dejavnost - LASTEH","isPartOf":{"@id":"https:\/\/web.fs.uni-lj.si\/lasteh\/#website"},"datePublished":"2017-02-15T19:33:14+00:00","dateModified":"2020-05-04T21:21:42+00:00","breadcrumb":{"@id":"https:\/\/web.fs.uni-lj.si\/lasteh\/studijska-dejavnost\/#breadcrumb"},"inLanguage":"sl-SI","potentialAction":[{"@type":"ReadAction","target":["https:\/\/web.fs.uni-lj.si\/lasteh\/studijska-dejavnost\/"]}]},{"@type":"BreadcrumbList","@id":"https:\/\/web.fs.uni-lj.si\/lasteh\/studijska-dejavnost\/#breadcrumb","itemListElement":[{"@type":"ListItem","position":1,"name":"Home","item":"https:\/\/web.fs.uni-lj.si\/lasteh\/"},{"@type":"ListItem","position":2,"name":"\u0160tudijska dejavnost"}]},{"@type":"WebSite","@id":"https:\/\/web.fs.uni-lj.si\/lasteh\/#website","url":"https:\/\/web.fs.uni-lj.si\/lasteh\/","name":"LASTEH","description":"Laboratorij za lasersko tehniko","potentialAction":[{"@type":"SearchAction","target":{"@type":"EntryPoint","urlTemplate":"https:\/\/web.fs.uni-lj.si\/lasteh\/?s={search_term_string}"},"query-input":{"@type":"PropertyValueSpecification","valueRequired":true,"valueName":"search_term_string"}}],"inLanguage":"sl-SI"}]}},"_links":{"self":[{"href":"https:\/\/web.fs.uni-lj.si\/lasteh\/wp-json\/wp\/v2\/pages\/20","targetHints":{"allow":["GET"]}}],"collection":[{"href":"https:\/\/web.fs.uni-lj.si\/lasteh\/wp-json\/wp\/v2\/pages"}],"about":[{"href":"https:\/\/web.fs.uni-lj.si\/lasteh\/wp-json\/wp\/v2\/types\/page"}],"author":[{"embeddable":true,"href":"https:\/\/web.fs.uni-lj.si\/lasteh\/wp-json\/wp\/v2\/users\/1"}],"replies":[{"embeddable":true,"href":"https:\/\/web.fs.uni-lj.si\/lasteh\/wp-json\/wp\/v2\/comments?post=20"}],"version-history":[{"count":5,"href":"https:\/\/web.fs.uni-lj.si\/lasteh\/wp-json\/wp\/v2\/pages\/20\/revisions"}],"predecessor-version":[{"id":306,"href":"https:\/\/web.fs.uni-lj.si\/lasteh\/wp-json\/wp\/v2\/pages\/20\/revisions\/306"}],"wp:attachment":[{"href":"https:\/\/web.fs.uni-lj.si\/lasteh\/wp-json\/wp\/v2\/media?parent=20"}],"curies":[{"name":"wp","href":"https:\/\/api.w.org\/{rel}","templated":true}]}}