{"id":18,"date":"2017-02-15T19:30:49","date_gmt":"2017-02-15T19:30:49","guid":{"rendered":"http:\/\/localhost\/LASTEH%20wp\/?page_id=4"},"modified":"2020-05-04T20:11:46","modified_gmt":"2020-05-04T20:11:46","slug":"lasteh-3","status":"publish","type":"page","link":"https:\/\/web.fs.uni-lj.si\/lasteh\/lasteh-3\/","title":{"rendered":"LASTEH"},"content":{"rendered":"<p><strong>Poslanstvo:<\/strong><\/p>\n<p>V laboratoriju za lasersko tehniko ustvarjamo in prena\u0161amo znanje s podro\u010dja laserskih tehnologij, sistemov in procesov v prvi vrsti \u0161tudentom in industrijskim partnerjem, s \u010dimer omogo\u010damo njihovo strokovno rast in zvi\u0161evanje konkuren\u010dnosti.<\/p>\n<p><strong>Vizija:<\/strong><\/p>\n<p>Postati mednarodno prepoznaven laboratorij za podro\u010dja laserskih obdelovalnih procesov in medicinskih posegov.<\/p>\n<p><strong>Strate\u0161ka raziskovalna podro\u010dja:<\/strong><\/p>\n<ol>\n<li><b>Optodinamika<\/b> (interakcija svetloba snov, vzbujevalne in detekcijske metode, \u2026)<\/li>\n<li><b>Laserske merilne metode<\/b> (Laserska triangulacija, Vlakenski senzorji, Hitra fotografija, Interferometrija,\u2026)<\/li>\n<li><b>Laserski obdelovalni procesi<\/b> (varjenje, vrtanje, mikrostrukturiranje, funkcionalizacija povr\u0161in, \u2026)<\/li>\n<li><b>Medicinski laserski posegi<\/b> (endodontija, dermatologija, estetska kirurgija)<\/li>\n<\/ol>\n<p><strong>Prebojne teme, s katerimi dvigujemo state-of-the-art:<\/strong><\/p>\n<ol>\n<li>adaptivno krmiljenje laserskih procesov in posegov,<\/li>\n<li>\u010dasovna modulacija laserske mo\u010di za doseganje u\u010dinkovitej\u0161ih posegov<\/li>\n<li>laserski in\u017eeniring povr\u0161in<\/li>\n<\/ol>\n","protected":false},"excerpt":{"rendered":"<p>Poslanstvo: V laboratoriju za lasersko tehniko ustvarjamo in prena\u0161amo znanje s podro\u010dja laserskih tehnologij, sistemov in procesov v prvi vrsti [&hellip;]<\/p>\n","protected":false},"author":1,"featured_media":0,"parent":0,"menu_order":0,"comment_status":"closed","ping_status":"closed","template":"","meta":{"footnotes":""},"class_list":["post-18","page","type-page","status-publish","hentry"],"yoast_head":"<!-- This site is optimized with the Yoast SEO plugin v27.4 - https:\/\/yoast.com\/product\/yoast-seo-wordpress\/ -->\n<title>LASTEH - LASTEH<\/title>\n<meta name=\"robots\" content=\"index, follow, max-snippet:-1, max-image-preview:large, max-video-preview:-1\" \/>\n<link rel=\"canonical\" href=\"https:\/\/web.fs.uni-lj.si\/lasteh\/lasteh-3\/\" \/>\n<meta property=\"og:locale\" content=\"sl_SI\" \/>\n<meta property=\"og:type\" content=\"article\" \/>\n<meta property=\"og:title\" content=\"LASTEH - LASTEH\" \/>\n<meta property=\"og:description\" content=\"Poslanstvo: V laboratoriju za lasersko tehniko ustvarjamo in prena\u0161amo znanje s podro\u010dja laserskih tehnologij, sistemov in procesov v prvi vrsti [&hellip;]\" \/>\n<meta property=\"og:url\" content=\"https:\/\/web.fs.uni-lj.si\/lasteh\/lasteh-3\/\" \/>\n<meta property=\"og:site_name\" content=\"LASTEH\" \/>\n<meta property=\"article:modified_time\" content=\"2020-05-04T20:11:46+00:00\" \/>\n<meta name=\"twitter:card\" content=\"summary_large_image\" \/>\n<meta name=\"twitter:label1\" content=\"Est. reading time\" \/>\n\t<meta name=\"twitter:data1\" content=\"1 minuta\" \/>\n<script type=\"application\/ld+json\" class=\"yoast-schema-graph\">{\"@context\":\"https:\\\/\\\/schema.org\",\"@graph\":[{\"@type\":\"WebPage\",\"@id\":\"https:\\\/\\\/web.fs.uni-lj.si\\\/lasteh\\\/lasteh-3\\\/\",\"url\":\"https:\\\/\\\/web.fs.uni-lj.si\\\/lasteh\\\/lasteh-3\\\/\",\"name\":\"LASTEH - LASTEH\",\"isPartOf\":{\"@id\":\"https:\\\/\\\/web.fs.uni-lj.si\\\/lasteh\\\/#website\"},\"datePublished\":\"2017-02-15T19:30:49+00:00\",\"dateModified\":\"2020-05-04T20:11:46+00:00\",\"breadcrumb\":{\"@id\":\"https:\\\/\\\/web.fs.uni-lj.si\\\/lasteh\\\/lasteh-3\\\/#breadcrumb\"},\"inLanguage\":\"sl-SI\",\"potentialAction\":[{\"@type\":\"ReadAction\",\"target\":[\"https:\\\/\\\/web.fs.uni-lj.si\\\/lasteh\\\/lasteh-3\\\/\"]}]},{\"@type\":\"BreadcrumbList\",\"@id\":\"https:\\\/\\\/web.fs.uni-lj.si\\\/lasteh\\\/lasteh-3\\\/#breadcrumb\",\"itemListElement\":[{\"@type\":\"ListItem\",\"position\":1,\"name\":\"Home\",\"item\":\"https:\\\/\\\/web.fs.uni-lj.si\\\/lasteh\\\/\"},{\"@type\":\"ListItem\",\"position\":2,\"name\":\"LASTEH\"}]},{\"@type\":\"WebSite\",\"@id\":\"https:\\\/\\\/web.fs.uni-lj.si\\\/lasteh\\\/#website\",\"url\":\"https:\\\/\\\/web.fs.uni-lj.si\\\/lasteh\\\/\",\"name\":\"LASTEH\",\"description\":\"Laboratorij za lasersko tehniko\",\"potentialAction\":[{\"@type\":\"SearchAction\",\"target\":{\"@type\":\"EntryPoint\",\"urlTemplate\":\"https:\\\/\\\/web.fs.uni-lj.si\\\/lasteh\\\/?s={search_term_string}\"},\"query-input\":{\"@type\":\"PropertyValueSpecification\",\"valueRequired\":true,\"valueName\":\"search_term_string\"}}],\"inLanguage\":\"sl-SI\"}]}<\/script>\n<!-- \/ Yoast SEO plugin. -->","yoast_head_json":{"title":"LASTEH - LASTEH","robots":{"index":"index","follow":"follow","max-snippet":"max-snippet:-1","max-image-preview":"max-image-preview:large","max-video-preview":"max-video-preview:-1"},"canonical":"https:\/\/web.fs.uni-lj.si\/lasteh\/lasteh-3\/","og_locale":"sl_SI","og_type":"article","og_title":"LASTEH - LASTEH","og_description":"Poslanstvo: V laboratoriju za lasersko tehniko ustvarjamo in prena\u0161amo znanje s podro\u010dja laserskih tehnologij, sistemov in procesov v prvi vrsti [&hellip;]","og_url":"https:\/\/web.fs.uni-lj.si\/lasteh\/lasteh-3\/","og_site_name":"LASTEH","article_modified_time":"2020-05-04T20:11:46+00:00","twitter_card":"summary_large_image","twitter_misc":{"Est. reading time":"1 minuta"},"schema":{"@context":"https:\/\/schema.org","@graph":[{"@type":"WebPage","@id":"https:\/\/web.fs.uni-lj.si\/lasteh\/lasteh-3\/","url":"https:\/\/web.fs.uni-lj.si\/lasteh\/lasteh-3\/","name":"LASTEH - LASTEH","isPartOf":{"@id":"https:\/\/web.fs.uni-lj.si\/lasteh\/#website"},"datePublished":"2017-02-15T19:30:49+00:00","dateModified":"2020-05-04T20:11:46+00:00","breadcrumb":{"@id":"https:\/\/web.fs.uni-lj.si\/lasteh\/lasteh-3\/#breadcrumb"},"inLanguage":"sl-SI","potentialAction":[{"@type":"ReadAction","target":["https:\/\/web.fs.uni-lj.si\/lasteh\/lasteh-3\/"]}]},{"@type":"BreadcrumbList","@id":"https:\/\/web.fs.uni-lj.si\/lasteh\/lasteh-3\/#breadcrumb","itemListElement":[{"@type":"ListItem","position":1,"name":"Home","item":"https:\/\/web.fs.uni-lj.si\/lasteh\/"},{"@type":"ListItem","position":2,"name":"LASTEH"}]},{"@type":"WebSite","@id":"https:\/\/web.fs.uni-lj.si\/lasteh\/#website","url":"https:\/\/web.fs.uni-lj.si\/lasteh\/","name":"LASTEH","description":"Laboratorij za lasersko tehniko","potentialAction":[{"@type":"SearchAction","target":{"@type":"EntryPoint","urlTemplate":"https:\/\/web.fs.uni-lj.si\/lasteh\/?s={search_term_string}"},"query-input":{"@type":"PropertyValueSpecification","valueRequired":true,"valueName":"search_term_string"}}],"inLanguage":"sl-SI"}]}},"_links":{"self":[{"href":"https:\/\/web.fs.uni-lj.si\/lasteh\/wp-json\/wp\/v2\/pages\/18","targetHints":{"allow":["GET"]}}],"collection":[{"href":"https:\/\/web.fs.uni-lj.si\/lasteh\/wp-json\/wp\/v2\/pages"}],"about":[{"href":"https:\/\/web.fs.uni-lj.si\/lasteh\/wp-json\/wp\/v2\/types\/page"}],"author":[{"embeddable":true,"href":"https:\/\/web.fs.uni-lj.si\/lasteh\/wp-json\/wp\/v2\/users\/1"}],"replies":[{"embeddable":true,"href":"https:\/\/web.fs.uni-lj.si\/lasteh\/wp-json\/wp\/v2\/comments?post=18"}],"version-history":[{"count":5,"href":"https:\/\/web.fs.uni-lj.si\/lasteh\/wp-json\/wp\/v2\/pages\/18\/revisions"}],"predecessor-version":[{"id":277,"href":"https:\/\/web.fs.uni-lj.si\/lasteh\/wp-json\/wp\/v2\/pages\/18\/revisions\/277"}],"wp:attachment":[{"href":"https:\/\/web.fs.uni-lj.si\/lasteh\/wp-json\/wp\/v2\/media?parent=18"}],"curies":[{"name":"wp","href":"https:\/\/api.w.org\/{rel}","templated":true}]}}