{"id":161,"date":"2017-02-19T20:58:27","date_gmt":"2017-02-19T20:58:27","guid":{"rendered":"http:\/\/localhost\/LASTEH%20wp\/?page_id=161"},"modified":"2020-08-12T13:20:41","modified_gmt":"2020-08-12T11:20:41","slug":"laserski-merilni-sistemi","status":"publish","type":"page","link":"https:\/\/web.fs.uni-lj.si\/lasteh\/studijska-dejavnost\/laserski-merilni-sistemi\/","title":{"rendered":"Laserski merilni sistemi (MAG)"},"content":{"rendered":"\n<p>\u0160tudijska gradiva in informiranje o aktualnih dogodkih ter ocenah se nahajajo na <a rel=\"noreferrer noopener\" href=\"https:\/\/visfs.uni-lj.si\/\" target=\"_blank\">straneh \u0161tudentskega interneta Fakultete za strojni\u0161tvo (VIS).<\/a><\/p>\n\n\n\n<h2 class=\"wp-block-heading\">Vsebina<\/h2>\n\n\n\n<p><strong>1. Uvod in pregled laserskih merilnih metod<\/strong><\/p>\n\n\n\n<ul class=\"wp-block-list\"><li><em>Umestitev v \u0161ir\u0161e podro\u010dje merilnih sistemov<\/em><\/li><li><em>Splo\u0161no o lastnostih laserskih merilnih sistemih<\/em><\/li><\/ul>\n\n\n\n<p><strong>2. Gradniki laserskih merilnih sistemov<\/strong><\/p>\n\n\n\n<ul class=\"wp-block-list\"><li><em>Merilni laserski viri<\/em><\/li><li><em>Optomehatronske komponente<\/em><\/li><li><em>Nekateri drugi svetlobni viri<\/em><\/li><\/ul>\n\n\n\n<p><strong>3. Lasersko merjenje razdalj na osnovi \u010dasa preleta svetlobe<\/strong><\/p>\n\n\n\n<ul class=\"wp-block-list\"><li><em>Tehnike merjenja \u010dasa preleta svetlobe<\/em><\/li><li><em>Podro\u010dja uporabe<\/em><\/li><\/ul>\n\n\n\n<p><strong>4. Interferometrija<\/strong><\/p>\n\n\n\n<ul class=\"wp-block-list\"><li><em>Vrste interferometrov<\/em><\/li><li><em>Podro\u010dja uporabe<\/em><\/li><\/ul>\n\n\n\n<p><strong>5. Lasersko merjenje hitrosti in vibracij<\/strong><\/p>\n\n\n\n<ul class=\"wp-block-list\"><li><em>Tehnike merjenja \u010dasa preleta svetlobe<\/em><\/li><li><em>Podro\u010dja uporabe<\/em><\/li><\/ul>\n\n\n\n<p><strong>6. Vlakenski senzorji<\/strong><\/p>\n\n\n\n<ul class=\"wp-block-list\"><li><em>Vodenje svetlobe po opti\u010dnem vlaknu<\/em><\/li><li><em>Vrste vlakenskih senzorjev<\/em><\/li><li><em>Podro\u010dja uporabe<\/em><\/li><\/ul>\n\n\n\n<p><strong>7. Digitalna obdelava slik<\/strong><\/p>\n\n\n\n<ul class=\"wp-block-list\"><li><em>Uvod v digitalno predstavo slike<\/em><\/li><li><em>Operacije nad slikami<\/em><\/li><li><em>Kalibracija triangulacijskih profilomerov<\/em><\/li><\/ul>\n\n\n\n<p><strong>8. Laserska triangulacija<\/strong><\/p>\n\n\n\n<ul class=\"wp-block-list\"><li><em>Princip laserske triangulacije<\/em><\/li><li><em>Vrste triangulacijskih metod<\/em><\/li><li><em>Podro\u010dja uporabe<\/em><\/li><\/ul>\n\n\n\n<p><strong>9. Nekatere druge laserske merilne metode<\/strong><\/p>\n\n\n\n<ul class=\"wp-block-list\"><li><em>Holografija<\/em><\/li><li><em>Metode na osnovi laserskih peg<\/em><\/li><li><em>Meritev hrapavosti povr\u0161ine<\/em><\/li><li><em>Konfokalna mikroskopija ,\u2026<\/em>&nbsp;&nbsp;&nbsp;<\/li><\/ul>\n\n\n\n<h2 class=\"wp-block-heading\">Temeljna literatura in viri<\/h2>\n\n\n\n<ol class=\"wp-block-list\" type=\"1\"><li>Gasvik, K.J<strong>. Optical metrology<\/strong>. 3rd ed. Chichester: John Wiley &amp; Sons, 2002.<\/li><li>Rastogi, P.K. <strong>Optical measurement techniques and applications<\/strong>. Boston: Artech House, 1997.<\/li><li>3. <em>Toru Yoshizawa,<\/em><strong>Handbook of Optical Metrology: Principles and Applications<\/strong>, Taylor &amp; Francis, Inc., 2009.<\/li><\/ol>\n\n\n\n<h2 class=\"wp-block-heading\">Cilji in kompetence<\/h2>\n\n\n\n<p>\u0160tudenti bodo v okviru predmeta <strong>LASERSKI MERILNI SISTEMI <\/strong>pridobili:<\/p>\n\n\n\n<ul class=\"wp-block-list\"><li>zavest o pomenu merilne tehnike,<\/li><li>zmo\u017enost izbire ustreznih merilnih sistemov v delovnem procesu,<\/li><li>razvijanje zavesti o stalnem izbolj\u0161evanju obdelovalnih in diagnosti\u010dnih procesov.<\/li><\/ul>\n\n\n\n<p>\u0160tudenti bodo pridobili naslednje predmetno specifi\u010dne kompetence:<\/p>\n\n\n\n<ul class=\"wp-block-list\"><li>poznavanje temeljnih principov v laserski merilni tehniki,<\/li><li>poznavanje karakteristike, prednosti in omejitev posameznih laserskih merilnih metod,<\/li><li>poznavanje podro\u010dij uporabe laserskih merilnih sistemov,<\/li><li>prakti\u010dna znanja s podro\u010dja razvoja laserskih merilnih sistemov.<\/li><\/ul>\n\n\n\n<p><\/p>\n","protected":false},"excerpt":{"rendered":"<p>\u0160tudijska gradiva in informiranje o aktualnih dogodkih ter ocenah se nahajajo na straneh \u0161tudentskega interneta Fakultete za strojni\u0161tvo (VIS). Vsebina [&hellip;]<\/p>\n","protected":false},"author":1,"featured_media":0,"parent":20,"menu_order":40,"comment_status":"closed","ping_status":"closed","template":"","meta":{"footnotes":""},"class_list":["post-161","page","type-page","status-publish","hentry"],"yoast_head":"<!-- This site is optimized with the Yoast SEO plugin v27.4 - https:\/\/yoast.com\/product\/yoast-seo-wordpress\/ -->\n<title>Laserski merilni sistemi (MAG) - LASTEH<\/title>\n<meta name=\"robots\" content=\"index, follow, max-snippet:-1, max-image-preview:large, max-video-preview:-1\" \/>\n<link rel=\"canonical\" href=\"https:\/\/web.fs.uni-lj.si\/lasteh\/studijska-dejavnost\/laserski-merilni-sistemi\/\" \/>\n<meta property=\"og:locale\" content=\"sl_SI\" \/>\n<meta property=\"og:type\" content=\"article\" \/>\n<meta property=\"og:title\" content=\"Laserski merilni sistemi (MAG) - LASTEH\" \/>\n<meta property=\"og:description\" content=\"\u0160tudijska gradiva in informiranje o aktualnih dogodkih ter ocenah se nahajajo na straneh \u0161tudentskega interneta Fakultete za strojni\u0161tvo (VIS). Vsebina [&hellip;]\" \/>\n<meta property=\"og:url\" content=\"https:\/\/web.fs.uni-lj.si\/lasteh\/studijska-dejavnost\/laserski-merilni-sistemi\/\" \/>\n<meta property=\"og:site_name\" content=\"LASTEH\" \/>\n<meta property=\"article:modified_time\" content=\"2020-08-12T11:20:41+00:00\" \/>\n<meta name=\"twitter:card\" content=\"summary_large_image\" \/>\n<meta name=\"twitter:label1\" content=\"Est. reading time\" \/>\n\t<meta name=\"twitter:data1\" content=\"1 minuta\" \/>\n<script type=\"application\/ld+json\" class=\"yoast-schema-graph\">{\"@context\":\"https:\\\/\\\/schema.org\",\"@graph\":[{\"@type\":\"WebPage\",\"@id\":\"https:\\\/\\\/web.fs.uni-lj.si\\\/lasteh\\\/studijska-dejavnost\\\/laserski-merilni-sistemi\\\/\",\"url\":\"https:\\\/\\\/web.fs.uni-lj.si\\\/lasteh\\\/studijska-dejavnost\\\/laserski-merilni-sistemi\\\/\",\"name\":\"Laserski merilni sistemi (MAG) - LASTEH\",\"isPartOf\":{\"@id\":\"https:\\\/\\\/web.fs.uni-lj.si\\\/lasteh\\\/#website\"},\"datePublished\":\"2017-02-19T20:58:27+00:00\",\"dateModified\":\"2020-08-12T11:20:41+00:00\",\"breadcrumb\":{\"@id\":\"https:\\\/\\\/web.fs.uni-lj.si\\\/lasteh\\\/studijska-dejavnost\\\/laserski-merilni-sistemi\\\/#breadcrumb\"},\"inLanguage\":\"sl-SI\",\"potentialAction\":[{\"@type\":\"ReadAction\",\"target\":[\"https:\\\/\\\/web.fs.uni-lj.si\\\/lasteh\\\/studijska-dejavnost\\\/laserski-merilni-sistemi\\\/\"]}]},{\"@type\":\"BreadcrumbList\",\"@id\":\"https:\\\/\\\/web.fs.uni-lj.si\\\/lasteh\\\/studijska-dejavnost\\\/laserski-merilni-sistemi\\\/#breadcrumb\",\"itemListElement\":[{\"@type\":\"ListItem\",\"position\":1,\"name\":\"Home\",\"item\":\"https:\\\/\\\/web.fs.uni-lj.si\\\/lasteh\\\/\"},{\"@type\":\"ListItem\",\"position\":2,\"name\":\"\u0160tudijska dejavnost\",\"item\":\"https:\\\/\\\/web.fs.uni-lj.si\\\/lasteh\\\/studijska-dejavnost\\\/\"},{\"@type\":\"ListItem\",\"position\":3,\"name\":\"Laserski merilni sistemi (MAG)\"}]},{\"@type\":\"WebSite\",\"@id\":\"https:\\\/\\\/web.fs.uni-lj.si\\\/lasteh\\\/#website\",\"url\":\"https:\\\/\\\/web.fs.uni-lj.si\\\/lasteh\\\/\",\"name\":\"LASTEH\",\"description\":\"Laboratorij za lasersko tehniko\",\"potentialAction\":[{\"@type\":\"SearchAction\",\"target\":{\"@type\":\"EntryPoint\",\"urlTemplate\":\"https:\\\/\\\/web.fs.uni-lj.si\\\/lasteh\\\/?s={search_term_string}\"},\"query-input\":{\"@type\":\"PropertyValueSpecification\",\"valueRequired\":true,\"valueName\":\"search_term_string\"}}],\"inLanguage\":\"sl-SI\"}]}<\/script>\n<!-- \/ Yoast SEO plugin. -->","yoast_head_json":{"title":"Laserski merilni sistemi (MAG) - LASTEH","robots":{"index":"index","follow":"follow","max-snippet":"max-snippet:-1","max-image-preview":"max-image-preview:large","max-video-preview":"max-video-preview:-1"},"canonical":"https:\/\/web.fs.uni-lj.si\/lasteh\/studijska-dejavnost\/laserski-merilni-sistemi\/","og_locale":"sl_SI","og_type":"article","og_title":"Laserski merilni sistemi (MAG) - LASTEH","og_description":"\u0160tudijska gradiva in informiranje o aktualnih dogodkih ter ocenah se nahajajo na straneh \u0161tudentskega interneta Fakultete za strojni\u0161tvo (VIS). Vsebina [&hellip;]","og_url":"https:\/\/web.fs.uni-lj.si\/lasteh\/studijska-dejavnost\/laserski-merilni-sistemi\/","og_site_name":"LASTEH","article_modified_time":"2020-08-12T11:20:41+00:00","twitter_card":"summary_large_image","twitter_misc":{"Est. reading time":"1 minuta"},"schema":{"@context":"https:\/\/schema.org","@graph":[{"@type":"WebPage","@id":"https:\/\/web.fs.uni-lj.si\/lasteh\/studijska-dejavnost\/laserski-merilni-sistemi\/","url":"https:\/\/web.fs.uni-lj.si\/lasteh\/studijska-dejavnost\/laserski-merilni-sistemi\/","name":"Laserski merilni sistemi (MAG) - LASTEH","isPartOf":{"@id":"https:\/\/web.fs.uni-lj.si\/lasteh\/#website"},"datePublished":"2017-02-19T20:58:27+00:00","dateModified":"2020-08-12T11:20:41+00:00","breadcrumb":{"@id":"https:\/\/web.fs.uni-lj.si\/lasteh\/studijska-dejavnost\/laserski-merilni-sistemi\/#breadcrumb"},"inLanguage":"sl-SI","potentialAction":[{"@type":"ReadAction","target":["https:\/\/web.fs.uni-lj.si\/lasteh\/studijska-dejavnost\/laserski-merilni-sistemi\/"]}]},{"@type":"BreadcrumbList","@id":"https:\/\/web.fs.uni-lj.si\/lasteh\/studijska-dejavnost\/laserski-merilni-sistemi\/#breadcrumb","itemListElement":[{"@type":"ListItem","position":1,"name":"Home","item":"https:\/\/web.fs.uni-lj.si\/lasteh\/"},{"@type":"ListItem","position":2,"name":"\u0160tudijska dejavnost","item":"https:\/\/web.fs.uni-lj.si\/lasteh\/studijska-dejavnost\/"},{"@type":"ListItem","position":3,"name":"Laserski merilni sistemi (MAG)"}]},{"@type":"WebSite","@id":"https:\/\/web.fs.uni-lj.si\/lasteh\/#website","url":"https:\/\/web.fs.uni-lj.si\/lasteh\/","name":"LASTEH","description":"Laboratorij za lasersko tehniko","potentialAction":[{"@type":"SearchAction","target":{"@type":"EntryPoint","urlTemplate":"https:\/\/web.fs.uni-lj.si\/lasteh\/?s={search_term_string}"},"query-input":{"@type":"PropertyValueSpecification","valueRequired":true,"valueName":"search_term_string"}}],"inLanguage":"sl-SI"}]}},"_links":{"self":[{"href":"https:\/\/web.fs.uni-lj.si\/lasteh\/wp-json\/wp\/v2\/pages\/161","targetHints":{"allow":["GET"]}}],"collection":[{"href":"https:\/\/web.fs.uni-lj.si\/lasteh\/wp-json\/wp\/v2\/pages"}],"about":[{"href":"https:\/\/web.fs.uni-lj.si\/lasteh\/wp-json\/wp\/v2\/types\/page"}],"author":[{"embeddable":true,"href":"https:\/\/web.fs.uni-lj.si\/lasteh\/wp-json\/wp\/v2\/users\/1"}],"replies":[{"embeddable":true,"href":"https:\/\/web.fs.uni-lj.si\/lasteh\/wp-json\/wp\/v2\/comments?post=161"}],"version-history":[{"count":5,"href":"https:\/\/web.fs.uni-lj.si\/lasteh\/wp-json\/wp\/v2\/pages\/161\/revisions"}],"predecessor-version":[{"id":310,"href":"https:\/\/web.fs.uni-lj.si\/lasteh\/wp-json\/wp\/v2\/pages\/161\/revisions\/310"}],"up":[{"embeddable":true,"href":"https:\/\/web.fs.uni-lj.si\/lasteh\/wp-json\/wp\/v2\/pages\/20"}],"wp:attachment":[{"href":"https:\/\/web.fs.uni-lj.si\/lasteh\/wp-json\/wp\/v2\/media?parent=161"}],"curies":[{"name":"wp","href":"https:\/\/api.w.org\/{rel}","templated":true}]}}