{"id":1014,"date":"2020-07-16T11:08:15","date_gmt":"2020-07-16T09:08:15","guid":{"rendered":"http:\/\/web.fs.uni-lj.si\/lasteh\/?page_id=1014"},"modified":"2020-08-12T13:44:48","modified_gmt":"2020-08-12T11:44:48","slug":"dr-urban-pavlovcic","status":"publish","type":"page","link":"https:\/\/web.fs.uni-lj.si\/lasteh\/dr-urban-pavlovcic\/","title":{"rendered":"Dr. Urban Pavlov\u010di\u010d"},"content":{"rendered":"\t\t<div data-elementor-type=\"wp-page\" data-elementor-id=\"1014\" class=\"elementor elementor-1014\">\n\t\t\t\t\t\t<section class=\"elementor-section elementor-top-section elementor-element elementor-element-a5609e7 elementor-section-boxed elementor-section-height-default elementor-section-height-default\" data-id=\"a5609e7\" data-element_type=\"section\" data-e-type=\"section\">\n\t\t\t\t\t\t<div class=\"elementor-container elementor-column-gap-default\">\n\t\t\t\t\t<div class=\"elementor-column elementor-col-33 elementor-top-column elementor-element elementor-element-0321ebc\" data-id=\"0321ebc\" data-element_type=\"column\" data-e-type=\"column\">\n\t\t\t<div class=\"elementor-widget-wrap elementor-element-populated\">\n\t\t\t\t\t\t<div class=\"elementor-element elementor-element-30b1b01 elementor-widget__width-auto elementor-widget elementor-widget-image\" data-id=\"30b1b01\" data-element_type=\"widget\" data-e-type=\"widget\" data-widget_type=\"image.default\">\n\t\t\t\t<div class=\"elementor-widget-container\">\n\t\t\t\t\t\t\t\t\t\t\t\t\t\t\t<img fetchpriority=\"high\" decoding=\"async\" width=\"227\" height=\"300\" src=\"https:\/\/web.fs.uni-lj.si\/lasteh\/wp-content\/uploads\/2020\/07\/UrbanPavlovcic-227x300.jpg\" class=\"attachment-medium size-medium wp-image-1028\" alt=\"\" srcset=\"https:\/\/web.fs.uni-lj.si\/lasteh\/wp-content\/uploads\/2020\/07\/UrbanPavlovcic-227x300.jpg 227w, https:\/\/web.fs.uni-lj.si\/lasteh\/wp-content\/uploads\/2020\/07\/UrbanPavlovcic.jpg 444w\" sizes=\"(max-width: 227px) 100vw, 227px\" \/>\t\t\t\t\t\t\t\t\t\t\t\t\t\t\t<\/div>\n\t\t\t\t<\/div>\n\t\t\t\t\t<\/div>\n\t\t<\/div>\n\t\t\t\t<div class=\"elementor-column elementor-col-66 elementor-top-column elementor-element elementor-element-3a0b1b3\" data-id=\"3a0b1b3\" data-element_type=\"column\" data-e-type=\"column\">\n\t\t\t<div class=\"elementor-widget-wrap elementor-element-populated\">\n\t\t\t\t\t\t<div class=\"elementor-element elementor-element-89bd04a elementor-widget elementor-widget-text-editor\" data-id=\"89bd04a\" data-element_type=\"widget\" data-e-type=\"widget\" data-widget_type=\"text-editor.default\">\n\t\t\t\t<div class=\"elementor-widget-container\">\n\t\t\t\t\t\t\t\t\t<p style=\"color: #000000; padding: 0px 0px 0px 10px;\"><span style=\"font-size: 22px;\"><b>Raziskovalec<\/b><\/span><\/p>\n<table>\n<tbody>\n<tr style=\"color: #000000; font-size: 14px; padding: 0pt; text-align: left;\" valign=\"top\">\n<td width=\"50px\"><b>Naslov:\u00a0\u00a0<\/b><\/td>\n<td style=\"text-align: left;\" align=\"left\" width=\"25\n0px\"><a href=\"https:\/\/www.uni-lj.si\/\" target=\"_blank\" rel=\"noopener\">Univerza v Ljubljani<\/a><br \/><a href=\"https:\/\/www.fs.uni-lj.si\/\" target=\"_blank\" rel=\"noopener\">Fakulteta za strojni\u0161tvo<\/a><br \/><a href=\"https:\/\/goo.gl\/maps\/tSc8XY7XfUXjUMpn6\" target=\"_blank\" rel=\"noopener\">A\u0161ker\u010deva 6<\/a><br \/>SI-1000 Ljubljana <br \/>Slovenia<\/td>\n<\/tr>\n<tr style=\"color: #000000; font-size: 14px; padding: 0pt;\" valign=\"top\">\n<td width=\"50px\">\u00a0<\/td>\n<td align=\"left\" width=\"50px\">\u00a0<\/td>\n<\/tr>\n<tr style=\"color: #000000; font-size: 14px; padding: 0pt;\" valign=\"top\">\n<td style=\"text-align: left;\" width=\"50px\"><b>E-po\u0161ta:<\/b><\/td>\n<td style=\"text-align: left;\" align=\"left\" width=\"50px\"><a href=\"mailto:urban.pavlovcic@fs.uni-lj.si\">urban.pavlovcic@fs.uni-lj.si<\/a><\/td>\n<\/tr>\n<tr style=\"color: #000000; font-size: 14px; padding: 0pt;\" valign=\"top\">\n<td width=\"50px\"><b>Telefon:<\/b><\/td>\n<td style=\"text-align: left;\" align=\"left\" width=\"70px\">+386 1 477 1 262<\/td>\n<\/tr>\n<tr style=\"color: #000000; font-size: 14px; padding: 0pt;\" valign=\"top\">\n<td width=\"50px\"><b>Soba:<\/b><\/td>\n<td style=\"text-align: left;\" align=\"left\" width=\"270px\">I\/6<\/td>\n<\/tr>\n<tr style=\"color: #000000; font-size: 14px; padding: 0pt;\" valign=\"top\">\n<td width=\"50px\">\u00a0<\/td>\n<td align=\"left\" width=\"270px\">\u00a0<\/td>\n<\/tr>\n<tr style=\"color: #000000; font-size: 14px; padding: 0pt;\" valign=\"top\">\n<td width=\"50px\">\u00a0<\/td>\n<td style=\"text-align: left;\" align=\"left\" width=\"270px\">\u00a0<\/td>\n<\/tr>\n<tr style=\"color: #000000; font-size: 14px; padding: 0pt;\" valign=\"top\">\n<td width=\"50px\">\u00a0<\/td>\n<td style=\"text-align: left;\" align=\"left\" width=\"270px\">\u00a0<\/td>\n<\/tr>\n<\/tbody>\n<\/table>\t\t\t\t\t\t\t\t<\/div>\n\t\t\t\t<\/div>\n\t\t\t\t\t<\/div>\n\t\t<\/div>\n\t\t\t\t\t<\/div>\n\t\t<\/section>\n\t\t\t\t<section class=\"elementor-section elementor-top-section elementor-element elementor-element-edde8e4 elementor-section-boxed elementor-section-height-default elementor-section-height-default\" data-id=\"edde8e4\" data-element_type=\"section\" data-e-type=\"section\">\n\t\t\t\t\t\t<div class=\"elementor-container elementor-column-gap-default\">\n\t\t\t\t\t<div class=\"elementor-column elementor-col-100 elementor-top-column elementor-element elementor-element-1de5dbf\" data-id=\"1de5dbf\" data-element_type=\"column\" data-e-type=\"column\">\n\t\t\t<div class=\"elementor-widget-wrap elementor-element-populated\">\n\t\t\t\t\t\t<div class=\"elementor-element elementor-element-b35a5ae elementor-widget elementor-widget-text-editor\" data-id=\"b35a5ae\" data-element_type=\"widget\" data-e-type=\"widget\" data-widget_type=\"text-editor.default\">\n\t\t\t\t<div class=\"elementor-widget-container\">\n\t\t\t\t\t\t\t\t\t<p style=\"color: #005599; padding: 5px 0px 0px 7px;\"><span style=\"font-size: 22px;\"><b>Podro\u010dja raziskav<\/b><\/span><\/p>\n<table>\n<tbody>\n<tr style=\"color: #000000; font-size: 14px;\" valign=\"top\">\n<td width=\"40px\"><b>+<\/b><\/td>\n<td style=\"text-align: justify; padding-right: 7px; padding-left: 0px;\" width=\"1000 px\">3D merjenje \/ Lasersko skeniranje<\/td>\n<\/tr>\n<tr style=\"color: #000000; font-size: 14px;\" valign=\"top\">\n<td width=\"40px\"><b>+<\/b><\/td>\n<td style=\"text-align: justify; padding-right: 7px; padding-left: 0px;\" width=\"1000 px\">Umerjanje 3D merilnih sistemov<\/td>\n<\/tr>\n<tr style=\"color: #000000; font-size: 14px;\" valign=\"top\">\n<td width=\"40px\"><b>+<\/b><\/td>\n<td style=\"text-align: justify; padding-right: 7px; padding-left: 0px;\" width=\"1000 px\">Strojni vid<\/td>\n<\/tr>\n<tr style=\"color: #000000; font-size: 14px;\" valign=\"top\">\n<td width=\"40px\"><b>+<\/b><\/td>\n<td style=\"text-align: justify; padding-right: 7px; padding-left: 0px;\" width=\"1000 px\">Obdelava slik<\/td>\n<\/tr>\n<tr style=\"color: #000000; font-size: 14px;\" valign=\"top\">\n<td width=\"40px\"><b>+<\/b><\/td>\n<td style=\"text-align: justify; padding-right: 7px; padding-left: 0px;\" width=\"1000 px\">Robotika<\/td>\n<\/tr>\n<tr style=\"color: #000000; font-size: 14px;\" valign=\"top\">\n<td width=\"40px\">\u00a0<\/td>\n<td style=\"text-align: justify; padding-right: 14px; padding-bottom: 5px; padding-left: 0px;\" width=\"1000 px\">\u00a0<\/td>\n<\/tr>\n<\/tbody>\n<\/table>\t\t\t\t\t\t\t\t<\/div>\n\t\t\t\t<\/div>\n\t\t\t\t\t<\/div>\n\t\t<\/div>\n\t\t\t\t\t<\/div>\n\t\t<\/section>\n\t\t\t\t<\/div>\n\t\t","protected":false},"excerpt":{"rendered":"<p>Raziskovalec Naslov:\u00a0\u00a0 Univerza v LjubljaniFakulteta za strojni\u0161tvoA\u0161ker\u010deva 6SI-1000 Ljubljana Slovenia \u00a0 \u00a0 E-po\u0161ta: urban.pavlovcic@fs.uni-lj.si Telefon: +386 1 477 1 262 [&hellip;]<\/p>\n","protected":false},"author":4,"featured_media":0,"parent":0,"menu_order":0,"comment_status":"closed","ping_status":"closed","template":"","meta":{"footnotes":""},"class_list":["post-1014","page","type-page","status-publish","hentry"],"yoast_head":"<!-- This site is optimized with the Yoast SEO plugin v27.4 - https:\/\/yoast.com\/product\/yoast-seo-wordpress\/ -->\n<title>Dr. Urban Pavlov\u010di\u010d - LASTEH<\/title>\n<meta name=\"robots\" content=\"index, follow, max-snippet:-1, max-image-preview:large, max-video-preview:-1\" \/>\n<link rel=\"canonical\" href=\"https:\/\/web.fs.uni-lj.si\/lasteh\/dr-urban-pavlovcic\/\" \/>\n<meta property=\"og:locale\" content=\"sl_SI\" \/>\n<meta property=\"og:type\" content=\"article\" \/>\n<meta property=\"og:title\" content=\"Dr. Urban Pavlov\u010di\u010d - LASTEH\" \/>\n<meta property=\"og:description\" content=\"Raziskovalec Naslov:\u00a0\u00a0 Univerza v LjubljaniFakulteta za strojni\u0161tvoA\u0161ker\u010deva 6SI-1000 Ljubljana Slovenia \u00a0 \u00a0 E-po\u0161ta: urban.pavlovcic@fs.uni-lj.si Telefon: +386 1 477 1 262 [&hellip;]\" \/>\n<meta property=\"og:url\" content=\"https:\/\/web.fs.uni-lj.si\/lasteh\/dr-urban-pavlovcic\/\" \/>\n<meta property=\"og:site_name\" content=\"LASTEH\" \/>\n<meta property=\"article:modified_time\" content=\"2020-08-12T11:44:48+00:00\" \/>\n<meta property=\"og:image\" content=\"http:\/\/web.fs.uni-lj.si\/lasteh\/wp-content\/uploads\/2020\/07\/UrbanPavlovcic-227x300.jpg\" \/>\n<meta name=\"twitter:card\" content=\"summary_large_image\" \/>\n<script type=\"application\/ld+json\" class=\"yoast-schema-graph\">{\"@context\":\"https:\\\/\\\/schema.org\",\"@graph\":[{\"@type\":\"WebPage\",\"@id\":\"https:\\\/\\\/web.fs.uni-lj.si\\\/lasteh\\\/dr-urban-pavlovcic\\\/\",\"url\":\"https:\\\/\\\/web.fs.uni-lj.si\\\/lasteh\\\/dr-urban-pavlovcic\\\/\",\"name\":\"Dr. Urban Pavlov\u010di\u010d - LASTEH\",\"isPartOf\":{\"@id\":\"https:\\\/\\\/web.fs.uni-lj.si\\\/lasteh\\\/#website\"},\"primaryImageOfPage\":{\"@id\":\"https:\\\/\\\/web.fs.uni-lj.si\\\/lasteh\\\/dr-urban-pavlovcic\\\/#primaryimage\"},\"image\":{\"@id\":\"https:\\\/\\\/web.fs.uni-lj.si\\\/lasteh\\\/dr-urban-pavlovcic\\\/#primaryimage\"},\"thumbnailUrl\":\"http:\\\/\\\/web.fs.uni-lj.si\\\/lasteh\\\/wp-content\\\/uploads\\\/2020\\\/07\\\/UrbanPavlovcic-227x300.jpg\",\"datePublished\":\"2020-07-16T09:08:15+00:00\",\"dateModified\":\"2020-08-12T11:44:48+00:00\",\"breadcrumb\":{\"@id\":\"https:\\\/\\\/web.fs.uni-lj.si\\\/lasteh\\\/dr-urban-pavlovcic\\\/#breadcrumb\"},\"inLanguage\":\"sl-SI\",\"potentialAction\":[{\"@type\":\"ReadAction\",\"target\":[\"https:\\\/\\\/web.fs.uni-lj.si\\\/lasteh\\\/dr-urban-pavlovcic\\\/\"]}]},{\"@type\":\"ImageObject\",\"inLanguage\":\"sl-SI\",\"@id\":\"https:\\\/\\\/web.fs.uni-lj.si\\\/lasteh\\\/dr-urban-pavlovcic\\\/#primaryimage\",\"url\":\"http:\\\/\\\/web.fs.uni-lj.si\\\/lasteh\\\/wp-content\\\/uploads\\\/2020\\\/07\\\/UrbanPavlovcic-227x300.jpg\",\"contentUrl\":\"http:\\\/\\\/web.fs.uni-lj.si\\\/lasteh\\\/wp-content\\\/uploads\\\/2020\\\/07\\\/UrbanPavlovcic-227x300.jpg\"},{\"@type\":\"BreadcrumbList\",\"@id\":\"https:\\\/\\\/web.fs.uni-lj.si\\\/lasteh\\\/dr-urban-pavlovcic\\\/#breadcrumb\",\"itemListElement\":[{\"@type\":\"ListItem\",\"position\":1,\"name\":\"Home\",\"item\":\"https:\\\/\\\/web.fs.uni-lj.si\\\/lasteh\\\/\"},{\"@type\":\"ListItem\",\"position\":2,\"name\":\"Dr. Urban Pavlov\u010di\u010d\"}]},{\"@type\":\"WebSite\",\"@id\":\"https:\\\/\\\/web.fs.uni-lj.si\\\/lasteh\\\/#website\",\"url\":\"https:\\\/\\\/web.fs.uni-lj.si\\\/lasteh\\\/\",\"name\":\"LASTEH\",\"description\":\"Laboratorij za lasersko tehniko\",\"potentialAction\":[{\"@type\":\"SearchAction\",\"target\":{\"@type\":\"EntryPoint\",\"urlTemplate\":\"https:\\\/\\\/web.fs.uni-lj.si\\\/lasteh\\\/?s={search_term_string}\"},\"query-input\":{\"@type\":\"PropertyValueSpecification\",\"valueRequired\":true,\"valueName\":\"search_term_string\"}}],\"inLanguage\":\"sl-SI\"}]}<\/script>\n<!-- \/ Yoast SEO plugin. -->","yoast_head_json":{"title":"Dr. Urban Pavlov\u010di\u010d - LASTEH","robots":{"index":"index","follow":"follow","max-snippet":"max-snippet:-1","max-image-preview":"max-image-preview:large","max-video-preview":"max-video-preview:-1"},"canonical":"https:\/\/web.fs.uni-lj.si\/lasteh\/dr-urban-pavlovcic\/","og_locale":"sl_SI","og_type":"article","og_title":"Dr. Urban Pavlov\u010di\u010d - LASTEH","og_description":"Raziskovalec Naslov:\u00a0\u00a0 Univerza v LjubljaniFakulteta za strojni\u0161tvoA\u0161ker\u010deva 6SI-1000 Ljubljana Slovenia \u00a0 \u00a0 E-po\u0161ta: urban.pavlovcic@fs.uni-lj.si Telefon: +386 1 477 1 262 [&hellip;]","og_url":"https:\/\/web.fs.uni-lj.si\/lasteh\/dr-urban-pavlovcic\/","og_site_name":"LASTEH","article_modified_time":"2020-08-12T11:44:48+00:00","og_image":[{"url":"http:\/\/web.fs.uni-lj.si\/lasteh\/wp-content\/uploads\/2020\/07\/UrbanPavlovcic-227x300.jpg","type":"","width":"","height":""}],"twitter_card":"summary_large_image","schema":{"@context":"https:\/\/schema.org","@graph":[{"@type":"WebPage","@id":"https:\/\/web.fs.uni-lj.si\/lasteh\/dr-urban-pavlovcic\/","url":"https:\/\/web.fs.uni-lj.si\/lasteh\/dr-urban-pavlovcic\/","name":"Dr. Urban Pavlov\u010di\u010d - LASTEH","isPartOf":{"@id":"https:\/\/web.fs.uni-lj.si\/lasteh\/#website"},"primaryImageOfPage":{"@id":"https:\/\/web.fs.uni-lj.si\/lasteh\/dr-urban-pavlovcic\/#primaryimage"},"image":{"@id":"https:\/\/web.fs.uni-lj.si\/lasteh\/dr-urban-pavlovcic\/#primaryimage"},"thumbnailUrl":"http:\/\/web.fs.uni-lj.si\/lasteh\/wp-content\/uploads\/2020\/07\/UrbanPavlovcic-227x300.jpg","datePublished":"2020-07-16T09:08:15+00:00","dateModified":"2020-08-12T11:44:48+00:00","breadcrumb":{"@id":"https:\/\/web.fs.uni-lj.si\/lasteh\/dr-urban-pavlovcic\/#breadcrumb"},"inLanguage":"sl-SI","potentialAction":[{"@type":"ReadAction","target":["https:\/\/web.fs.uni-lj.si\/lasteh\/dr-urban-pavlovcic\/"]}]},{"@type":"ImageObject","inLanguage":"sl-SI","@id":"https:\/\/web.fs.uni-lj.si\/lasteh\/dr-urban-pavlovcic\/#primaryimage","url":"http:\/\/web.fs.uni-lj.si\/lasteh\/wp-content\/uploads\/2020\/07\/UrbanPavlovcic-227x300.jpg","contentUrl":"http:\/\/web.fs.uni-lj.si\/lasteh\/wp-content\/uploads\/2020\/07\/UrbanPavlovcic-227x300.jpg"},{"@type":"BreadcrumbList","@id":"https:\/\/web.fs.uni-lj.si\/lasteh\/dr-urban-pavlovcic\/#breadcrumb","itemListElement":[{"@type":"ListItem","position":1,"name":"Home","item":"https:\/\/web.fs.uni-lj.si\/lasteh\/"},{"@type":"ListItem","position":2,"name":"Dr. Urban Pavlov\u010di\u010d"}]},{"@type":"WebSite","@id":"https:\/\/web.fs.uni-lj.si\/lasteh\/#website","url":"https:\/\/web.fs.uni-lj.si\/lasteh\/","name":"LASTEH","description":"Laboratorij za lasersko tehniko","potentialAction":[{"@type":"SearchAction","target":{"@type":"EntryPoint","urlTemplate":"https:\/\/web.fs.uni-lj.si\/lasteh\/?s={search_term_string}"},"query-input":{"@type":"PropertyValueSpecification","valueRequired":true,"valueName":"search_term_string"}}],"inLanguage":"sl-SI"}]}},"_links":{"self":[{"href":"https:\/\/web.fs.uni-lj.si\/lasteh\/wp-json\/wp\/v2\/pages\/1014","targetHints":{"allow":["GET"]}}],"collection":[{"href":"https:\/\/web.fs.uni-lj.si\/lasteh\/wp-json\/wp\/v2\/pages"}],"about":[{"href":"https:\/\/web.fs.uni-lj.si\/lasteh\/wp-json\/wp\/v2\/types\/page"}],"author":[{"embeddable":true,"href":"https:\/\/web.fs.uni-lj.si\/lasteh\/wp-json\/wp\/v2\/users\/4"}],"replies":[{"embeddable":true,"href":"https:\/\/web.fs.uni-lj.si\/lasteh\/wp-json\/wp\/v2\/comments?post=1014"}],"version-history":[{"count":5,"href":"https:\/\/web.fs.uni-lj.si\/lasteh\/wp-json\/wp\/v2\/pages\/1014\/revisions"}],"predecessor-version":[{"id":1077,"href":"https:\/\/web.fs.uni-lj.si\/lasteh\/wp-json\/wp\/v2\/pages\/1014\/revisions\/1077"}],"wp:attachment":[{"href":"https:\/\/web.fs.uni-lj.si\/lasteh\/wp-json\/wp\/v2\/media?parent=1014"}],"curies":[{"name":"wp","href":"https:\/\/api.w.org\/{rel}","templated":true}]}}