{"id":561,"date":"2017-02-22T14:25:10","date_gmt":"2017-02-22T13:25:10","guid":{"rendered":"https:\/\/web.fs.uni-lj.si\/lasin\/?page_id=561"},"modified":"2024-04-26T14:49:59","modified_gmt":"2024-04-26T12:49:59","slug":"razpis-nalog","status":"publish","type":"page","link":"https:\/\/web.fs.uni-lj.si\/lasin\/pedagoski-proces\/razpis-nalog\/","title":{"rendered":"Razpis nalog za \u0161tudente"},"content":{"rendered":"<p>V Laboratoriju za sinergetiko imamo trenutno razpisane seminarske, diplomske, magistrske in doktorske naloge iz naslednjih podro\u010dij:<\/p>\n<p><strong>Aditivne tehnologije in 3D tisk kovinskih materialov<\/strong><\/p>\n<ul>\n<li>Samoregulacija debeline plasti pri laserskem usmerjenem nana\u0161anju [<a href=\"https:\/\/web.fs.uni-lj.si\/lasin\/Naloge\/TEMA-samoregulacijaDebelinePlasti.pdf\">PDF opis naloge<\/a>]<\/li>\n<li>Sistem za hitro meritev porazdelitve intenzitete anularnega laserskega \u017earka s pomo\u010djo CMOS zaznavala [<a href=\"https:\/\/web.fs.uni-lj.si\/lasin\/Naloge\/TEMA-CMOSmeritevPILZ.pdf\">PDF opis naloge<\/a>]<\/li>\n<li>Topolo\u0161ka optimizacija kovinskih izdelkov za 3D tiskanje [<a href=\"https:\/\/web.fs.uni-lj.si\/lasin\/Naloge\/TEMA-topoloskaOptimizacija.pdf\">PDF opis naloge<\/a>]<\/li>\n<li>Eksperimentalno mesto za raziskave strategije poti nana\u0161anja pri direktni laserski depoziciji [<a href=\"https:\/\/web.fs.uni-lj.si\/lasin\/Naloge\/TEMA-strategijaPotiNana\u0161anjaEksperimentalnoMesto.pdf\">PDF opis naloge<\/a>]<\/li>\n<li>Raziskave strategije poti nana\u0161anja pri direktni laserski depoziciji z metodami strojnega u\u010denja [<a href=\"https:\/\/web.fs.uni-lj.si\/lasin\/Naloge\/TEMA-strategijaPotiNana\u0161anjaStrojnoU\u010denje.pdf\">PDF opis naloge<\/a>]<\/li>\n<li>Zasnova sistema za hkratno direktno lasersko depozicijo \u017eice in prahu\u00a0[<a href=\"https:\/\/web.fs.uni-lj.si\/lasin\/Naloge\/TEMA-\u017eicaInPrah.pdf\">PDF opis naloge<\/a>]<\/li>\n<li>Vpliv velikosti delcev na podajanje prahu pri direktni laserski depoziciji\u00a0 ve\u010dkomponentnega prahu\u00a0[<a href=\"https:\/\/web.fs.uni-lj.si\/lasin\/Naloge\/TEMA-vplivVelikostiDelcev.pdf\">PDF opis naloge<\/a>]<\/li>\n<\/ul>\n<p><strong>Nevronske mre\u017ee, strojno u\u010denje, napovedovanje, industrijska diagnostika<\/strong><\/p>\n<ul>\n<li>Uporaba nevronskih mre\u017e za karakterizacijo tehni\u0161kih in industrijskih procesov<\/li>\n<li>Uporaba metod globokega u\u010denja (deep learning) za karakterizacijo tehni\u0161kih in industrijskih procesov<\/li>\n<li>Razvoj predikcijskega sistema na osnovi strojnega u\u010denja za napovedovanje v sistemu daljinskega ogrevanja<\/li>\n<li>Adaptivno kratkoro\u010dno napovedovanje prihodnjega odjema v omre\u017eju daljinskega ogrevanja<\/li>\n<\/ul>\n<p>&nbsp;<\/p>\n<p>Za dodatne informacije nas <a title=\"kontaktirajte\" href=\"https:\/\/web.fs.uni-lj.si\/lasin\/?page_id=48\">kontaktirajte<\/a><\/p>","protected":false},"excerpt":{"rendered":"<p>V Laboratoriju za sinergetiko imamo trenutno razpisane seminarske, diplomske, magistrske in doktorske naloge iz naslednjih podro\u010dij: Aditivne tehnologije in 3D tisk kovinskih materialov Samoregulacija debeline plasti pri laserskem usmerjenem nana\u0161anju [PDF opis naloge] Sistem za hitro meritev porazdelitve intenzitete anularnega laserskega \u017earka s pomo\u010djo CMOS zaznavala [PDF opis naloge] Topolo\u0161ka optimizacija kovinskih izdelkov za 3D [&hellip;]<\/p>\n","protected":false},"author":1,"featured_media":0,"parent":9,"menu_order":10,"comment_status":"closed","ping_status":"closed","template":"","meta":{"footnotes":""},"class_list":["post-561","page","type-page","status-publish","hentry"],"_links":{"self":[{"href":"https:\/\/web.fs.uni-lj.si\/lasin\/wp-json\/wp\/v2\/pages\/561","targetHints":{"allow":["GET"]}}],"collection":[{"href":"https:\/\/web.fs.uni-lj.si\/lasin\/wp-json\/wp\/v2\/pages"}],"about":[{"href":"https:\/\/web.fs.uni-lj.si\/lasin\/wp-json\/wp\/v2\/types\/page"}],"author":[{"embeddable":true,"href":"https:\/\/web.fs.uni-lj.si\/lasin\/wp-json\/wp\/v2\/users\/1"}],"replies":[{"embeddable":true,"href":"https:\/\/web.fs.uni-lj.si\/lasin\/wp-json\/wp\/v2\/comments?post=561"}],"version-history":[{"count":5,"href":"https:\/\/web.fs.uni-lj.si\/lasin\/wp-json\/wp\/v2\/pages\/561\/revisions"}],"predecessor-version":[{"id":1133,"href":"https:\/\/web.fs.uni-lj.si\/lasin\/wp-json\/wp\/v2\/pages\/561\/revisions\/1133"}],"up":[{"embeddable":true,"href":"https:\/\/web.fs.uni-lj.si\/lasin\/wp-json\/wp\/v2\/pages\/9"}],"wp:attachment":[{"href":"https:\/\/web.fs.uni-lj.si\/lasin\/wp-json\/wp\/v2\/media?parent=561"}],"curies":[{"name":"wp","href":"https:\/\/api.w.org\/{rel}","templated":true}]}}