{"id":48,"date":"2012-04-03T15:28:38","date_gmt":"2012-04-03T13:28:38","guid":{"rendered":"https:\/\/web.fs.uni-lj.si\/lasin\/?page_id=48"},"modified":"2022-10-20T08:54:30","modified_gmt":"2022-10-20T06:54:30","slug":"kontakt","status":"publish","type":"page","link":"https:\/\/web.fs.uni-lj.si\/lasin\/kontakt\/","title":{"rendered":"Kontakt"},"content":{"rendered":"<p><\/p>\n<table border=\"0\" cellspacing=\"25\" cellpadding=\"0\">\n<tbody>\n<tr>\n<td valign=\"top\">Naslov:<\/td>\n<td valign=\"top\">Prof. Edvard Govekar [br]Fakulteta za strojni\u0161tvo [br]Laboratorij za sinergetiko [br]A\u0161ker\u010deva 6, 1000 Ljubljana<\/td>\n<\/tr>\n<tr>\n<td>Telefon:<\/td>\n<td>+386 1 4771 606<\/td>\n<\/tr>\n<tr>\n<td>Faks:<\/td>\n<td>+386 1 4771 651<\/td>\n<\/tr>\n<tr>\n<td>E-po\u0161ta:<\/td>\n<td><a href=\"mailto:edvard.govekar@fs.uni-lj.si\">edvard.govekar@fs.uni-lj.si<\/a><\/td>\n<\/tr>\n<tr>\n<td valign=\"top\">Lokacija:<\/td>\n<td valign=\"top\"><a href=\"https:\/\/goo.gl\/maps\/2cizvxFSpnp\">Google zemljevid<\/a><\/td>\n<\/tr>\n<\/tbody>\n<\/table>\n<p>&nbsp;<\/p>","protected":false},"excerpt":{"rendered":"<p>Naslov: Prof. Edvard Govekar [br]Fakulteta za strojni\u0161tvo [br]Laboratorij za sinergetiko [br]A\u0161ker\u010deva 6, 1000 Ljubljana Telefon: +386 1 4771 606 Faks: +386 1 4771 651 E-po\u0161ta: edvard.govekar@fs.uni-lj.si Lokacija: Google zemljevid &nbsp;<\/p>\n","protected":false},"author":1,"featured_media":0,"parent":0,"menu_order":8,"comment_status":"closed","ping_status":"open","template":"","meta":{"footnotes":""},"class_list":["post-48","page","type-page","status-publish","hentry"],"_links":{"self":[{"href":"https:\/\/web.fs.uni-lj.si\/lasin\/wp-json\/wp\/v2\/pages\/48","targetHints":{"allow":["GET"]}}],"collection":[{"href":"https:\/\/web.fs.uni-lj.si\/lasin\/wp-json\/wp\/v2\/pages"}],"about":[{"href":"https:\/\/web.fs.uni-lj.si\/lasin\/wp-json\/wp\/v2\/types\/page"}],"author":[{"embeddable":true,"href":"https:\/\/web.fs.uni-lj.si\/lasin\/wp-json\/wp\/v2\/users\/1"}],"replies":[{"embeddable":true,"href":"https:\/\/web.fs.uni-lj.si\/lasin\/wp-json\/wp\/v2\/comments?post=48"}],"version-history":[{"count":5,"href":"https:\/\/web.fs.uni-lj.si\/lasin\/wp-json\/wp\/v2\/pages\/48\/revisions"}],"predecessor-version":[{"id":1055,"href":"https:\/\/web.fs.uni-lj.si\/lasin\/wp-json\/wp\/v2\/pages\/48\/revisions\/1055"}],"wp:attachment":[{"href":"https:\/\/web.fs.uni-lj.si\/lasin\/wp-json\/wp\/v2\/media?parent=48"}],"curies":[{"name":"wp","href":"https:\/\/api.w.org\/{rel}","templated":true}]}}