{"id":31,"date":"2012-04-03T15:13:49","date_gmt":"2012-04-03T13:13:49","guid":{"rendered":"https:\/\/web.fs.uni-lj.si\/lasin\/?page_id=31"},"modified":"2021-09-10T09:25:12","modified_gmt":"2021-09-10T07:25:12","slug":"znanstvene-raziskave","status":"publish","type":"page","link":"https:\/\/web.fs.uni-lj.si\/lasin\/znanstvene-raziskave\/","title":{"rendered":"Znanstvene raziskave"},"content":{"rendered":"<p>Znanstvene raziskave Laboratorija za sinergetiko potekajo v okviru programske skupine <a href=\"http:\/\/sicris.izum.si\/search\/prg.aspx?lang=slv&amp;id=18074\">P2-0241 Sinergetika kompleksnih sistemov in procesov<\/a> na naslednjih podro\u010djih:<\/p>\n<ul>\n<li>Aditivne tehnologije in 3D tisk kovinskih materialov<\/li>\n<li>Laserska direktna depozicija kovinskega prahu<\/li>\n<li>Direktna laserska depozicija kovinske \u017eice<\/li>\n<li>Optimizacija \u0161obe za dodajanje kovinskega prahu<\/li>\n<li>Nelinearna analiza \u010dasovnih vrst in karakterizacija procesov<\/li>\n<li>Napovedovanje \u010dasovnih vrst<\/li>\n<li>Ve\u010d-senzorsaka karakterizacija in optimizacija proizvodnih procesov<\/li>\n<li>Uporaba samoorganizacije za optimizacijo proizvodnih procesov<\/li>\n<\/ul>\n<p>Razpis seminarskih, diplomskih, magistrskih in doktorskih nalog:\u00a0<a href=\"https:\/\/web.fs.uni-lj.si\/lasin\/?page_id=561\">Razpis nalog<\/a><\/p>\n<p>Pregled znanstvenih publikacij skupine je razviden iz <a href=\"http:\/\/splet02.izum.si\/cobiss\/bibliography?code=08782&amp;langbib=slo\" target=\"_top\" rel=\"noopener\">COBISS bibliografije vodje laboratorija<\/a><\/p>","protected":false},"excerpt":{"rendered":"<p>Znanstvene raziskave Laboratorija za sinergetiko potekajo v okviru programske skupine P2-0241 Sinergetika kompleksnih sistemov in procesov na naslednjih podro\u010djih: Aditivne tehnologije in 3D tisk kovinskih materialov Laserska direktna depozicija kovinskega prahu Direktna laserska depozicija kovinske \u017eice Optimizacija \u0161obe za dodajanje kovinskega prahu Nelinearna analiza \u010dasovnih vrst in karakterizacija procesov Napovedovanje \u010dasovnih vrst Ve\u010d-senzorsaka karakterizacija in [&hellip;]<\/p>\n","protected":false},"author":1,"featured_media":0,"parent":0,"menu_order":4,"comment_status":"closed","ping_status":"closed","template":"","meta":{"footnotes":""},"class_list":["post-31","page","type-page","status-publish","hentry"],"_links":{"self":[{"href":"https:\/\/web.fs.uni-lj.si\/lasin\/wp-json\/wp\/v2\/pages\/31","targetHints":{"allow":["GET"]}}],"collection":[{"href":"https:\/\/web.fs.uni-lj.si\/lasin\/wp-json\/wp\/v2\/pages"}],"about":[{"href":"https:\/\/web.fs.uni-lj.si\/lasin\/wp-json\/wp\/v2\/types\/page"}],"author":[{"embeddable":true,"href":"https:\/\/web.fs.uni-lj.si\/lasin\/wp-json\/wp\/v2\/users\/1"}],"replies":[{"embeddable":true,"href":"https:\/\/web.fs.uni-lj.si\/lasin\/wp-json\/wp\/v2\/comments?post=31"}],"version-history":[{"count":5,"href":"https:\/\/web.fs.uni-lj.si\/lasin\/wp-json\/wp\/v2\/pages\/31\/revisions"}],"predecessor-version":[{"id":1032,"href":"https:\/\/web.fs.uni-lj.si\/lasin\/wp-json\/wp\/v2\/pages\/31\/revisions\/1032"}],"wp:attachment":[{"href":"https:\/\/web.fs.uni-lj.si\/lasin\/wp-json\/wp\/v2\/media?parent=31"}],"curies":[{"name":"wp","href":"https:\/\/api.w.org\/{rel}","templated":true}]}}