{"id":193,"date":"2012-05-24T15:57:46","date_gmt":"2012-05-24T13:57:46","guid":{"rendered":"https:\/\/web.fs.uni-lj.si\/lasin\/?page_id=193"},"modified":"2026-02-05T19:15:31","modified_gmt":"2026-02-05T18:15:31","slug":"primoz-potocnik","status":"publish","type":"page","link":"https:\/\/web.fs.uni-lj.si\/lasin\/clani-laboratorija\/primoz-potocnik\/","title":{"rendered":"Primo\u017e Poto\u010dnik"},"content":{"rendered":"<p><a href=\"https:\/\/web.fs.uni-lj.si\/lasin\/wp-content\/uploads\/potocnik2021.png\"><img loading=\"lazy\" decoding=\"async\" class=\"wp-image-1043 size-full alignright\" title=\"potocnik\" src=\"https:\/\/web.fs.uni-lj.si\/lasin\/wp-content\/uploads\/potocnik2021.png\" alt=\"\" width=\"100\" height=\"120\" srcset=\"https:\/\/web.fs.uni-lj.si\/lasin\/wp-content\/uploads\/potocnik2021.png 100w, https:\/\/web.fs.uni-lj.si\/lasin\/wp-content\/uploads\/potocnik2021-1x1.png 1w\" sizes=\"auto, (max-width: 100px) 100vw, 100px\" \/><\/a>Docent, znanstveni sodelavec<br \/>\nE: <a href=\"mailto:primoz.potocnik@fs.uni-lj.si\">primoz.potocnik@fs.uni-lj.si<\/a><br \/>\nT: +386 1 4771-605<\/p>\n<p><strong>Pedago\u0161ka dejavnost<\/strong><\/p>\n<ul>\n<li><a href=\"https:\/\/web.fs.uni-lj.si\/lasin\/en\/pedagoski-proces\/nevronske-mreze\/\">Nevronske mre\u017ee<\/a> (Fakulteta za strojni\u0161tvo)<\/li>\n<li><a href=\"https:\/\/www.fpp.uni-lj.si\/studij\/2-stopnja\/pomorstvo\/2023\/20220920090277\/\">Avtonomna plovila<\/a> (Fakulteta za pomorstvo in promet)<\/li>\n<\/ul>\n<p><strong>Raziskovalna podro\u010dja<\/strong><\/p>\n<ul>\n<li>strojno u\u010denje<\/li>\n<li>nevronske mre\u017ee<\/li>\n<li>napovedovanje \u010dasovnih vrst<\/li>\n<li>obdelava signalov<\/li>\n<li>nelinearno prediktivno vodenje<\/li>\n<li>aditivne tehnologije<\/li>\n<li>avtonomni pomorski sistemi<\/li>\n<li>spremljanje in diagnostika procesov<\/li>\n<li>industrijske aplikacije<\/li>\n<\/ul>\n<p><strong>Novej\u0161e raziskave<\/strong><\/p>\n<ul>\n<li>Poto\u010dnik, P. (2025). Model Predictive Control for Autonomous Ship Navigation with COLREG Compliance and Chart-Based Path Planning.\u00a0<em>Journal of Marine Science and Engineering<\/em>,\u00a0<em>13<\/em>(7), 1246. <a href=\"https:\/\/doi.org\/10.3390\/jmse13071246\">https:\/\/doi.org\/10.3390\/jmse13071246<\/a><\/li>\n<li>Poto\u010dnik, P., Jeromen, A., &amp; Govekar, E. (2024). Genetic Algorithm-Based Framework for Optimization of Laser Beam Path in Additive Manufacturing.\u00a0<em>Metals<\/em>,\u00a0<em>14<\/em>(4), 410. <a href=\"https:\/\/doi.org\/10.3390\/met14040410\">https:\/\/doi.org\/10.3390\/met14040410<\/a><\/li>\n<\/ul>\n<p><strong>Odprtokodna programska oprema<\/strong><\/p>\n<ul>\n<li><a href=\"https:\/\/github.com\/ppotoc\/MPC-Autonomous-Ship-Navigation\">MPC Autonomous Ship Navigation<\/a> (2025)<\/li>\n<li><a href=\"https:\/\/github.com\/ppotoc\/Fundamentals-of-Neural-Networks\">Fundamentals of Neural Networks<\/a> (2022)<\/li>\n<li><a href=\"https:\/\/github.com\/ppotoc\/Detection-of-ships-on-satellite-images-using-YOLO-v2-deep-learning\">Detection of ships on satellite images using YOLO v2 deep learning<\/a> (2022)<\/li>\n<\/ul>\n<p><strong>Bibliografija <\/strong><\/p>\n<ul>\n<li><a href=\"https:\/\/bib.cobiss.net\/biblioweb\/direct\/si\/slv\/cris\/15107\" target=\"_top\" rel=\"noopener\">Osebna raziskovalna\u00a0 bibliografija v sistemu COBISS<\/a><\/li>\n<li><a href=\"https:\/\/potop.si\/books\/dreaming\/\">Dreaming, waking up and falling into Being. A scientist\u2018s adventures and explorations of consciousness<\/a> (2022)<\/li>\n<\/ul>\n<p><strong>Profili<\/strong><\/p>\n<ul>\n<li><a href=\"https:\/\/cris.cobiss.net\/ecris\/si\/sl\/researcher\/8647\">SICRISS<\/a><\/li>\n<li><a href=\"https:\/\/www.linkedin.com\/in\/potopri\/\">LinkedIn<\/a><\/li>\n<li><a href=\"https:\/\/orcid.org\/0000-0003-1758-2214\">ORCID<\/a><\/li>\n<li><a href=\"https:\/\/www.researchgate.net\/profile\/Primoz-Potocnik-2\">ResearchGate<\/a><\/li>\n<li><a href=\"https:\/\/sciprofiles.com\/profile\/3429532\">SciProfiles<\/a><\/li>\n<\/ul>\n<p>&nbsp;<\/p>","protected":false},"excerpt":{"rendered":"<p>Docent, znanstveni sodelavec E: primoz.potocnik@fs.uni-lj.si T: +386 1 4771-605 Pedago\u0161ka dejavnost Nevronske mre\u017ee (Fakulteta za strojni\u0161tvo) Avtonomna plovila (Fakulteta za pomorstvo in promet) Raziskovalna podro\u010dja strojno u\u010denje nevronske mre\u017ee napovedovanje \u010dasovnih vrst obdelava signalov nelinearno prediktivno vodenje aditivne tehnologije avtonomni pomorski sistemi spremljanje in diagnostika procesov industrijske aplikacije Novej\u0161e raziskave Poto\u010dnik, P. (2025). Model Predictive [&hellip;]<\/p>\n","protected":false},"author":1,"featured_media":0,"parent":39,"menu_order":4,"comment_status":"closed","ping_status":"closed","template":"","meta":{"footnotes":""},"class_list":["post-193","page","type-page","status-publish","hentry"],"_links":{"self":[{"href":"https:\/\/web.fs.uni-lj.si\/lasin\/wp-json\/wp\/v2\/pages\/193","targetHints":{"allow":["GET"]}}],"collection":[{"href":"https:\/\/web.fs.uni-lj.si\/lasin\/wp-json\/wp\/v2\/pages"}],"about":[{"href":"https:\/\/web.fs.uni-lj.si\/lasin\/wp-json\/wp\/v2\/types\/page"}],"author":[{"embeddable":true,"href":"https:\/\/web.fs.uni-lj.si\/lasin\/wp-json\/wp\/v2\/users\/1"}],"replies":[{"embeddable":true,"href":"https:\/\/web.fs.uni-lj.si\/lasin\/wp-json\/wp\/v2\/comments?post=193"}],"version-history":[{"count":6,"href":"https:\/\/web.fs.uni-lj.si\/lasin\/wp-json\/wp\/v2\/pages\/193\/revisions"}],"predecessor-version":[{"id":1189,"href":"https:\/\/web.fs.uni-lj.si\/lasin\/wp-json\/wp\/v2\/pages\/193\/revisions\/1189"}],"up":[{"embeddable":true,"href":"https:\/\/web.fs.uni-lj.si\/lasin\/wp-json\/wp\/v2\/pages\/39"}],"wp:attachment":[{"href":"https:\/\/web.fs.uni-lj.si\/lasin\/wp-json\/wp\/v2\/media?parent=193"}],"curies":[{"name":"wp","href":"https:\/\/api.w.org\/{rel}","templated":true}]}}