{"id":14,"date":"2012-04-03T14:48:25","date_gmt":"2012-04-03T12:48:25","guid":{"rendered":"https:\/\/web.fs.uni-lj.si\/lasin\/?page_id=14"},"modified":"2013-05-15T09:36:06","modified_gmt":"2013-05-15T07:36:06","slug":"o-sinergetiki","status":"publish","type":"page","link":"https:\/\/web.fs.uni-lj.si\/lasin\/o-sinergetiki\/","title":{"rendered":"O sinergetiki"},"content":{"rendered":"<p><a href=\"https:\/\/web.fs.uni-lj.si\/lasin\/wp-content\/uploads\/sinergetika_sl.png\"><img loading=\"lazy\" decoding=\"async\" class=\"alignnone size-full wp-image-150\" title=\"sinergetika_sl\" alt=\"\" src=\"https:\/\/web.fs.uni-lj.si\/lasin\/wp-content\/uploads\/sinergetika_sl.png\" width=\"672\" height=\"340\" srcset=\"https:\/\/web.fs.uni-lj.si\/lasin\/wp-content\/uploads\/sinergetika_sl.png 672w, https:\/\/web.fs.uni-lj.si\/lasin\/wp-content\/uploads\/sinergetika_sl-300x151.png 300w, https:\/\/web.fs.uni-lj.si\/lasin\/wp-content\/uploads\/sinergetika_sl-500x252.png 500w\" sizes=\"auto, (max-width: 672px) 100vw, 672px\" \/><\/a><\/p>\n<p>Za razvoj novih tehnologij, sistemov in materialov je poleg obvladovanja in razumevaja posameznih izoliranih enot in fizikalnih pojavov je potrebno razumevanje lastnosti, ki so posledica vzajemnih interakcij. Nelinearne interakcije lahko povzro\u010dijo dinamsko nestabilnost procesa, kar je poleg visoke dimenzionalnosti in neavtonomnosti\u00a0 pogost\u00a0 vzrok za visoko kompleksnost, ki se odra\u017ea v neregularnem ter kaoti\u010dnem vedenju oziroma v kompleksni \u010dasovno prostorski strukturiranosti. Slednje je te\u017eko opisati s standardnimi fizikalnimi in in\u017eenirskimi metodami, ki najve\u010dkrat izhajajo iz predpostavk o linearnosti.\u00a0 Zato se na tem podro\u010dju uveljavlja sinergetska obravnava procesov, ki je zasnovana\u00a0 na metodah verjetnosti in statistike, teorije informacije, nelinearne in kaoti\u010dne dinamike, adaptivnih sistemov, ter izbranih metod umetne inteligence.<\/p>\n<p>Cilji raziskav skupine laboratorija za sinergetiko so doprinos k opisu in razumevanju fizikalnih lastnosti in vzrokov kompleksnosti obravnavanih tehnolo\u0161kih procesov, razvoj novih izdelovalnih tehnologij ter informacijskih in adaptronskih sistemov, izdelava metod za modeliranje, avtomatsko sprotno spremljanje, diagnostiko, identifikacijo, vodenje in optimizacijo stanj kompleksnih tehnolo\u0161kih sistemov in procesov, obremenjenih materialov, izdelkov, strojev in konstrukcij na osnovi procesiranja ve\u010d senzorskih podatkov.<\/p>","protected":false},"excerpt":{"rendered":"<p>Za razvoj novih tehnologij, sistemov in materialov je poleg obvladovanja in razumevaja posameznih izoliranih enot in fizikalnih pojavov je potrebno razumevanje lastnosti, ki so posledica vzajemnih interakcij. Nelinearne interakcije lahko povzro\u010dijo dinamsko nestabilnost procesa, kar je poleg visoke dimenzionalnosti in neavtonomnosti\u00a0 pogost\u00a0 vzrok za visoko kompleksnost, ki se odra\u017ea v neregularnem ter kaoti\u010dnem vedenju oziroma [&hellip;]<\/p>\n","protected":false},"author":1,"featured_media":0,"parent":0,"menu_order":1,"comment_status":"closed","ping_status":"closed","template":"","meta":{"footnotes":""},"class_list":["post-14","page","type-page","status-publish","hentry"],"_links":{"self":[{"href":"https:\/\/web.fs.uni-lj.si\/lasin\/wp-json\/wp\/v2\/pages\/14","targetHints":{"allow":["GET"]}}],"collection":[{"href":"https:\/\/web.fs.uni-lj.si\/lasin\/wp-json\/wp\/v2\/pages"}],"about":[{"href":"https:\/\/web.fs.uni-lj.si\/lasin\/wp-json\/wp\/v2\/types\/page"}],"author":[{"embeddable":true,"href":"https:\/\/web.fs.uni-lj.si\/lasin\/wp-json\/wp\/v2\/users\/1"}],"replies":[{"embeddable":true,"href":"https:\/\/web.fs.uni-lj.si\/lasin\/wp-json\/wp\/v2\/comments?post=14"}],"version-history":[{"count":5,"href":"https:\/\/web.fs.uni-lj.si\/lasin\/wp-json\/wp\/v2\/pages\/14\/revisions"}],"predecessor-version":[{"id":66,"href":"https:\/\/web.fs.uni-lj.si\/lasin\/wp-json\/wp\/v2\/pages\/14\/revisions\/66"}],"wp:attachment":[{"href":"https:\/\/web.fs.uni-lj.si\/lasin\/wp-json\/wp\/v2\/media?parent=14"}],"curies":[{"name":"wp","href":"https:\/\/api.w.org\/{rel}","templated":true}]}}