{"id":39,"date":"2012-04-03T15:19:40","date_gmt":"2012-04-03T13:19:40","guid":{"rendered":"https:\/\/web.fs.uni-lj.si\/lasin\/?page_id=39"},"modified":"2022-10-20T08:56:51","modified_gmt":"2022-10-20T06:56:51","slug":"clani-laboratorija","status":"publish","type":"page","link":"https:\/\/web.fs.uni-lj.si\/lasin\/en\/clani-laboratorija\/","title":{"rendered":"Staff members"},"content":{"rendered":"<p><\/p>\n<table border=\"1\" cellspacing=\"0\" cellpadding=\"0\">\n<tbody>\n<tr>\n<td valign=\"top\" width=\"269\"><a href=\"https:\/\/web.fs.uni-lj.si\/lasin\/?page_id=43&amp;lang=en\">Edvard Govekar<\/a>, prof.<\/td>\n<td valign=\"top\" width=\"208\">[head of department]<\/td>\n<\/tr>\n<tr>\n<td valign=\"top\" width=\"269\"><a title=\"Igor Grabec\" href=\"https:\/\/web.fs.uni-lj.si\/lasin\/?page_id=455&amp;lang=en\">Igor Grabec<\/a>, acad. prof.<\/td>\n<td valign=\"top\" width=\"208\">[acad. professor]<\/td>\n<\/tr>\n<tr>\n<td valign=\"top\" width=\"269\"><a href=\"https:\/\/web.fs.uni-lj.si\/lasin\/?page_id=193&amp;lang=en\">Primo\u017e Poto\u010dnik<\/a>, asst. prof.<\/td>\n<td valign=\"top\" width=\"208\">[assistant professor]<\/td>\n<\/tr>\n<tr>\n<td valign=\"top\" width=\"269\"><a href=\"https:\/\/web.fs.uni-lj.si\/lasin\/?page_id=379&amp;lang=en\">Andrej Jeromen<\/a>, dr.<\/td>\n<td valign=\"top\" width=\"208\">[assistant]<\/td>\n<\/tr>\n<tr>\n<td valign=\"top\" width=\"269\"><a href=\"https:\/\/web.fs.uni-lj.si\/lasin\/clani-laboratorija\/jaka-peternel\/\">Jaka Peternel<\/a><\/td>\n<td valign=\"top\" width=\"208\">[PhD student]<\/td>\n<\/tr>\n<tr>\n<td valign=\"top\" width=\"269\"><a href=\"https:\/\/web.fs.uni-lj.si\/lasin\/?page_id=662&amp;lang=en\">Jaka SImon\u010di\u010d<\/a><\/td>\n<td valign=\"top\" width=\"208\">[PhD student]<\/td>\n<\/tr>\n<\/tbody>\n<\/table>\n<p><\/p>","protected":false},"excerpt":{"rendered":"<p>Edvard Govekar, prof. [head of department] Igor Grabec, acad. prof. [acad. professor] Primo\u017e Poto\u010dnik, asst. prof. [assistant professor] Andrej Jeromen, dr. [assistant] Jaka Peternel [PhD student] Jaka SImon\u010di\u010d [PhD student]<\/p>\n","protected":false},"author":1,"featured_media":0,"parent":0,"menu_order":7,"comment_status":"closed","ping_status":"open","template":"","meta":{"footnotes":""},"class_list":["post-39","page","type-page","status-publish","hentry"],"_links":{"self":[{"href":"https:\/\/web.fs.uni-lj.si\/lasin\/en\/wp-json\/wp\/v2\/pages\/39","targetHints":{"allow":["GET"]}}],"collection":[{"href":"https:\/\/web.fs.uni-lj.si\/lasin\/en\/wp-json\/wp\/v2\/pages"}],"about":[{"href":"https:\/\/web.fs.uni-lj.si\/lasin\/en\/wp-json\/wp\/v2\/types\/page"}],"author":[{"embeddable":true,"href":"https:\/\/web.fs.uni-lj.si\/lasin\/en\/wp-json\/wp\/v2\/users\/1"}],"replies":[{"embeddable":true,"href":"https:\/\/web.fs.uni-lj.si\/lasin\/en\/wp-json\/wp\/v2\/comments?post=39"}],"version-history":[{"count":5,"href":"https:\/\/web.fs.uni-lj.si\/lasin\/en\/wp-json\/wp\/v2\/pages\/39\/revisions"}],"predecessor-version":[{"id":1057,"href":"https:\/\/web.fs.uni-lj.si\/lasin\/en\/wp-json\/wp\/v2\/pages\/39\/revisions\/1057"}],"wp:attachment":[{"href":"https:\/\/web.fs.uni-lj.si\/lasin\/en\/wp-json\/wp\/v2\/media?parent=39"}],"curies":[{"name":"wp","href":"https:\/\/api.w.org\/{rel}","templated":true}]}}