{"id":4223,"date":"2021-09-02T15:04:52","date_gmt":"2021-09-02T13:04:52","guid":{"rendered":"https:\/\/web.fs.uni-lj.si\/lampa\/?page_id=4223"},"modified":"2025-04-24T12:00:06","modified_gmt":"2025-04-24T10:00:06","slug":"team","status":"publish","type":"page","link":"https:\/\/web.fs.uni-lj.si\/lampa\/en\/team\/","title":{"rendered":"Team"},"content":{"rendered":"<style type=\"text\/css\"><\/style>\n<section class=\"kc-elm kc-css-2332564 kc_row\">\n<div class=\"kc-row-container  kc-container\">\n<div class=\"kc-wrap-columns\">\n<div class=\"kc-elm kc-css-3036560 kc_col-sm-12 kc_column kc_col-sm-12\">\n<div class=\"kc-col-container\">\n<div class=\"kc-elm kc-css-1860565 kc_text_block\">\n<h1>Head of laboratory<\/h1>\n<\/div>\n<div class=\"col-sm-6 col-md-3\">\n<div class=\"profile-card profile-card-meta_classic kc-elm kc-css-2287948\">\n<figure><img loading=\"lazy\" decoding=\"async\" class=\"img-responsive\" src=\"https:\/\/web.fs.uni-lj.si\/lampa\/wp-content\/uploads\/2021\/09\/Primoz-Podrzaj-300x228.jpg\" sizes=\"auto, (max-width: 300px) 100vw, 300px\" srcset=\"https:\/\/web.fs.uni-lj.si\/lampa\/wp-content\/uploads\/2021\/09\/Primoz-Podrzaj-300x228.jpg 300w, https:\/\/web.fs.uni-lj.si\/lampa\/wp-content\/uploads\/2021\/09\/Primoz-Podrzaj.jpg 360w\" alt=\"\" width=\"300\" height=\"228\" \/><figcaption>\n<h3 class=\"fig-title\">Primo\u017e Podr\u017eaj<\/h3>\n<div class=\"fig-title-des\">Professor<\/div>\n<div class=\"fig-meta\"><\/div>\n<\/figcaption><\/figure>\n<\/div>\n<\/div>\n<\/div>\n<\/div>\n<\/div>\n<\/div>\n<\/section>\n<section class=\"kc-elm kc-css-900960 kc_row\">\n<div class=\"kc-row-container  kc-container\">\n<div class=\"kc-wrap-columns\">\n<div class=\"kc-elm kc-css-1490704 kc_col-sm-12 kc_column kc_col-sm-12\">\n<div class=\"kc-col-container\">\n<div class=\"kc-elm kc-css-707738 kc_text_block\">\n<h1>Lecturers<\/h1>\n<\/div>\n<div class=\"col-sm-6 col-md-3\">\n<div class=\"profile-card profile-card-meta_classic kc-elm kc-css-3524852\">\n<figure><img loading=\"lazy\" decoding=\"async\" class=\"img-responsive\" src=\"https:\/\/web.fs.uni-lj.si\/lampa\/wp-content\/uploads\/2021\/05\/temp-lampa-e1695983451387-300x225.png\" sizes=\"auto, (max-width: 300px) 100vw, 300px\" srcset=\"https:\/\/web.fs.uni-lj.si\/lampa\/wp-content\/uploads\/2021\/05\/temp-lampa-e1695983451387-300x225.png 300w, https:\/\/web.fs.uni-lj.si\/lampa\/wp-content\/uploads\/2021\/05\/temp-lampa-e1695983451387.png 360w\" alt=\"\" width=\"300\" height=\"225\" \/><figcaption>\n<h3 class=\"fig-title\">Janez Diaci<\/h3>\n<div class=\"fig-title-des\">Professor<\/div>\n<div class=\"fig-meta\"><\/div>\n<\/figcaption><\/figure>\n<\/div>\n<\/div>\n<div class=\"col-sm-6 col-md-3\">\n<div class=\"profile-card profile-card-meta_classic kc-elm kc-css-3524852\">\n<figure><img loading=\"lazy\" decoding=\"async\" class=\"img-responsive\" src=\"https:\/\/web.fs.uni-lj.si\/lampa\/wp-content\/uploads\/2021\/06\/image1-300x225.jpg\" sizes=\"auto, (max-width: 300px) 100vw, 300px\" srcset=\"https:\/\/web.fs.uni-lj.si\/lampa\/wp-content\/uploads\/2021\/06\/image1-300x225.jpg 300w, https:\/\/web.fs.uni-lj.si\/lampa\/wp-content\/uploads\/2021\/06\/image1.jpg 360w\" alt=\"\" width=\"300\" height=\"225\" \/><figcaption>\n<h3 class=\"fig-title\">Marjan Jenko<\/h3>\n<div class=\"fig-title-des\">Assistant professor<\/div>\n<div class=\"fig-meta\"><\/div>\n<\/figcaption><\/figure>\n<\/div>\n<\/div>\n<div class=\"team-clearfix\"><\/div>\n<div class=\"col-sm-6 col-md-3\">\n<div class=\"profile-card profile-card-meta_classic kc-elm kc-css-3524852\">\n<figure><img loading=\"lazy\" decoding=\"async\" class=\"img-responsive\" src=\"https:\/\/web.fs.uni-lj.si\/lampa\/wp-content\/uploads\/2021\/05\/Janez-Kusar-300x225.jpg\" sizes=\"auto, (max-width: 300px) 100vw, 300px\" srcset=\"https:\/\/web.fs.uni-lj.si\/lampa\/wp-content\/uploads\/2021\/05\/Janez-Kusar-300x225.jpg 300w, https:\/\/web.fs.uni-lj.si\/lampa\/wp-content\/uploads\/2021\/05\/Janez-Kusar.jpg 360w\" alt=\"\" width=\"300\" height=\"225\" \/><figcaption>\n<h3 class=\"fig-title\">Janez Ku\u0161ar<\/h3>\n<div class=\"fig-title-des\">Associate professor<\/div>\n<div class=\"fig-meta\"><\/div>\n<\/figcaption><\/figure>\n<\/div>\n<\/div>\n<div class=\"col-sm-6 col-md-3\">\n<div class=\"profile-card profile-card-meta_classic kc-elm kc-css-3524852\">\n<figure><img loading=\"lazy\" decoding=\"async\" class=\"img-responsive\" src=\"https:\/\/web.fs.uni-lj.si\/lampa\/wp-content\/uploads\/2021\/05\/berlec-e1621933398877-300x225.jpg\" sizes=\"auto, (max-width: 300px) 100vw, 300px\" srcset=\"https:\/\/web.fs.uni-lj.si\/lampa\/wp-content\/uploads\/2021\/05\/berlec-e1621933398877-300x225.jpg 300w, https:\/\/web.fs.uni-lj.si\/lampa\/wp-content\/uploads\/2021\/05\/berlec-e1621933398877-360x270.jpg 360w, https:\/\/web.fs.uni-lj.si\/lampa\/wp-content\/uploads\/2021\/05\/berlec-e1621933398877.jpg 490w\" alt=\"\" width=\"300\" height=\"225\" \/><figcaption>\n<h3 class=\"fig-title\">Toma\u017e Berlec<\/h3>\n<div class=\"fig-title-des\">Assistant professor<\/div>\n<div class=\"fig-meta\"><\/div>\n<\/figcaption><\/figure>\n<\/div>\n<\/div>\n<div class=\"team-clearfix\"><\/div>\n<div class=\"col-sm-6 col-md-3\">\n<div class=\"profile-card profile-card-meta_classic kc-elm kc-css-3524852\">\n<figure><img loading=\"lazy\" decoding=\"async\" class=\"img-responsive\" src=\"https:\/\/web.fs.uni-lj.si\/lampa\/wp-content\/uploads\/2021\/04\/vrabic-scaled-e1618902658217-300x224.jpg\" sizes=\"auto, (max-width: 300px) 100vw, 300px\" srcset=\"https:\/\/web.fs.uni-lj.si\/lampa\/wp-content\/uploads\/2021\/04\/vrabic-scaled-e1618902658217-300x224.jpg 300w, https:\/\/web.fs.uni-lj.si\/lampa\/wp-content\/uploads\/2021\/04\/vrabic-scaled-e1618902658217-227x168.jpg 227w, https:\/\/web.fs.uni-lj.si\/lampa\/wp-content\/uploads\/2021\/04\/vrabic-scaled-e1618902658217.jpg 360w\" alt=\"\" width=\"300\" height=\"224\" \/><figcaption>\n<h3 class=\"fig-title\">Rok Vrabi\u010d<\/h3>\n<div class=\"fig-title-des\">Assistant professor<\/div>\n<div class=\"fig-meta\"><\/div>\n<\/figcaption><\/figure>\n<\/div>\n<\/div>\n<div class=\"col-sm-6 col-md-3\">\n<div class=\"profile-card profile-card-meta_classic kc-elm kc-css-3524852\">\n<figure><img loading=\"lazy\" decoding=\"async\" class=\"img-responsive\" src=\"https:\/\/web.fs.uni-lj.si\/lampa\/wp-content\/uploads\/2020\/05\/Drago.png\" alt=\"\" width=\"282\" height=\"213\" \/><figcaption>\n<h3 class=\"fig-title\">Drago Bra\u010dun<\/h3>\n<div class=\"fig-title-des\">Assistant professor<\/div>\n<div class=\"fig-meta\"><\/div>\n<\/figcaption><\/figure>\n<\/div>\n<\/div>\n<div class=\"team-clearfix\"><\/div>\n<\/div>\n<\/div>\n<\/div>\n<\/div>\n<\/section>\n<section class=\"kc-elm kc-css-503306 kc_row\">\n<div class=\"kc-row-container  kc-container\">\n<div class=\"kc-wrap-columns\">\n<div class=\"kc-elm kc-css-4022194 kc_col-sm-12 kc_column kc_col-sm-12\">\n<div class=\"kc-col-container\">\n<div class=\"kc-elm kc-css-3247491 kc_text_block\">\n<h1>Teaching assistant<\/h1>\n<\/div>\n<div class=\"col-sm-6 col-md-3\">\n<div class=\"profile-card profile-card-meta_classic kc-elm kc-css-1626972\">\n<figure><img loading=\"lazy\" decoding=\"async\" class=\"img-responsive\" src=\"https:\/\/web.fs.uni-lj.si\/lampa\/wp-content\/uploads\/2021\/09\/Lidja_Rihar-300x225.jpg\" sizes=\"auto, (max-width: 300px) 100vw, 300px\" srcset=\"https:\/\/web.fs.uni-lj.si\/lampa\/wp-content\/uploads\/2021\/09\/Lidja_Rihar-300x225.jpg 300w, https:\/\/web.fs.uni-lj.si\/lampa\/wp-content\/uploads\/2021\/09\/Lidja_Rihar.jpg 360w\" alt=\"\" width=\"300\" height=\"225\" \/><figcaption>\n<h3 class=\"fig-title\">Lidija Rihar<\/h3>\n<div class=\"fig-title-des\">Assistant<\/div>\n<div class=\"fig-meta\"><\/div>\n<\/figcaption><\/figure>\n<\/div>\n<\/div>\n<div class=\"col-sm-6 col-md-3\">\n<div class=\"profile-card profile-card-meta_classic kc-elm kc-css-1626972\">\n<figure><img loading=\"lazy\" decoding=\"async\" class=\"img-responsive\" src=\"https:\/\/web.fs.uni-lj.si\/lampa\/wp-content\/uploads\/2021\/07\/FS-profil-\u2013-resize-225x300.jpg\" alt=\"\" width=\"225\" height=\"300\" \/><figcaption>\n<h3 class=\"fig-title\">Toma\u017e Po\u017erl<\/h3>\n<div class=\"fig-title-des\">Teaching Assistant<\/div>\n<div class=\"fig-meta\"><\/div>\n<\/figcaption><\/figure>\n<\/div>\n<\/div>\n<div class=\"team-clearfix\"><\/div>\n<div class=\"col-sm-6 col-md-3\">\n<div class=\"profile-card profile-card-meta_classic kc-elm kc-css-1626972\">\n<figure><img loading=\"lazy\" decoding=\"async\" class=\"img-responsive\" src=\"https:\/\/web.fs.uni-lj.si\/lampa\/wp-content\/uploads\/2021\/06\/Luka-Selak-e1669728902289-300x225.jpg\" sizes=\"auto, (max-width: 300px) 100vw, 300px\" srcset=\"https:\/\/web.fs.uni-lj.si\/lampa\/wp-content\/uploads\/2021\/06\/Luka-Selak-e1669728902289-300x225.jpg 300w, https:\/\/web.fs.uni-lj.si\/lampa\/wp-content\/uploads\/2021\/06\/Luka-Selak-e1669728902289.jpg 360w\" alt=\"\" width=\"300\" height=\"225\" \/><figcaption>\n<h3 class=\"fig-title\">Luka Selak<\/h3>\n<div class=\"fig-title-des\">Teaching assistant<\/div>\n<div class=\"fig-meta\"><\/div>\n<\/figcaption><\/figure>\n<\/div>\n<\/div>\n<div class=\"col-sm-6 col-md-3\">\n<div class=\"profile-card profile-card-meta_classic kc-elm kc-css-1626972\">\n<figure><img loading=\"lazy\" decoding=\"async\" class=\"img-responsive\" src=\"https:\/\/web.fs.uni-lj.si\/lampa\/wp-content\/uploads\/2021\/05\/DSC5075-3-scaled-1-e1630588927494-300x225.jpg\" sizes=\"auto, (max-width: 300px) 100vw, 300px\" srcset=\"https:\/\/web.fs.uni-lj.si\/lampa\/wp-content\/uploads\/2021\/05\/DSC5075-3-scaled-1-e1630588927494-300x225.jpg 300w, https:\/\/web.fs.uni-lj.si\/lampa\/wp-content\/uploads\/2021\/05\/DSC5075-3-scaled-1-e1630588927494-1024x769.jpg 1024w, https:\/\/web.fs.uni-lj.si\/lampa\/wp-content\/uploads\/2021\/05\/DSC5075-3-scaled-1-e1630588927494-768x577.jpg 768w, https:\/\/web.fs.uni-lj.si\/lampa\/wp-content\/uploads\/2021\/05\/DSC5075-3-scaled-1-e1630588927494-1536x1154.jpg 1536w, https:\/\/web.fs.uni-lj.si\/lampa\/wp-content\/uploads\/2021\/05\/DSC5075-3-scaled-1-e1630588927494-2048x1539.jpg 2048w, https:\/\/web.fs.uni-lj.si\/lampa\/wp-content\/uploads\/2021\/05\/DSC5075-3-scaled-1-e1630588927494-360x270.jpg 360w\" alt=\"\" width=\"300\" height=\"225\" \/><figcaption>\n<h3 class=\"fig-title\">Marko Corn<\/h3>\n<div class=\"fig-title-des\">Assistant\/Researcher<\/div>\n<div class=\"fig-meta\"><\/div>\n<\/figcaption><\/figure>\n<\/div>\n<\/div>\n<div class=\"team-clearfix\"><\/div>\n<div class=\"col-sm-6 col-md-3\">\n<div class=\"profile-card profile-card-meta_classic kc-elm kc-css-1626972\">\n<figure><img loading=\"lazy\" decoding=\"async\" class=\"img-responsive\" src=\"https:\/\/web.fs.uni-lj.si\/lampa\/wp-content\/uploads\/2020\/04\/Profil-slika-Dominik-K-2-e1630588720843-300x225.png\" sizes=\"auto, (max-width: 300px) 100vw, 300px\" srcset=\"https:\/\/web.fs.uni-lj.si\/lampa\/wp-content\/uploads\/2020\/04\/Profil-slika-Dominik-K-2-e1630588720843-300x225.png 300w, https:\/\/web.fs.uni-lj.si\/lampa\/wp-content\/uploads\/2020\/04\/Profil-slika-Dominik-K-2-e1630588720843-768x576.png 768w, https:\/\/web.fs.uni-lj.si\/lampa\/wp-content\/uploads\/2020\/04\/Profil-slika-Dominik-K-2-e1630588720843-360x270.png 360w, https:\/\/web.fs.uni-lj.si\/lampa\/wp-content\/uploads\/2020\/04\/Profil-slika-Dominik-K-2-e1630588720843.png 912w\" alt=\"\" width=\"300\" height=\"225\" \/><figcaption>\n<h3 class=\"fig-title\">Dominik Kozjek<\/h3>\n<div class=\"fig-title-des\">Teaching assistant<\/div>\n<div class=\"fig-meta\"><\/div>\n<\/figcaption><\/figure>\n<\/div>\n<\/div>\n<div class=\"col-sm-6 col-md-3\">\n<div class=\"profile-card profile-card-meta_classic kc-elm kc-css-1626972\">\n<figure><img loading=\"lazy\" decoding=\"async\" class=\"img-responsive\" src=\"https:\/\/web.fs.uni-lj.si\/lampa\/wp-content\/plugins\/kingcomposer\/assets\/images\/get_start.jpg\" alt=\"\" width=\"2000\" height=\"1000\" \/><figcaption>\n<h3 class=\"fig-title\">Ga\u0161per \u0160kulj<\/h3>\n<div class=\"fig-title-des\">Teaching assistant<\/div>\n<div class=\"fig-meta\"><\/div>\n<\/figcaption><\/figure>\n<\/div>\n<\/div>\n<div class=\"team-clearfix\"><\/div>\n<\/div>\n<\/div>\n<\/div>\n<\/div>\n<\/section>\n<section class=\"kc-elm kc-css-3346512 kc_row\">\n<div class=\"kc-row-container  kc-container\">\n<div class=\"kc-wrap-columns\">\n<div class=\"kc-elm kc-css-1470096 kc_col-sm-12 kc_column kc_col-sm-12\">\n<div class=\"kc-col-container\">\n<div class=\"kc-elm kc-css-930876 kc_text_block\">\n<h1>Researchers<\/h1>\n<\/div>\n<div class=\"col-sm-6 col-md-3\">\n<div class=\"profile-card profile-card-meta_classic kc-elm kc-css-1835440\">\n<figure><img loading=\"lazy\" decoding=\"async\" class=\"img-responsive\" src=\"https:\/\/web.fs.uni-lj.si\/lampa\/wp-content\/uploads\/2022\/01\/rsz_slika_lampa_nk1-300x225.jpg\" sizes=\"auto, (max-width: 300px) 100vw, 300px\" srcset=\"https:\/\/web.fs.uni-lj.si\/lampa\/wp-content\/uploads\/2022\/01\/rsz_slika_lampa_nk1-300x225.jpg 300w, https:\/\/web.fs.uni-lj.si\/lampa\/wp-content\/uploads\/2022\/01\/rsz_slika_lampa_nk1.jpg 360w\" alt=\"\" width=\"300\" height=\"225\" \/><figcaption>\n<h3 class=\"fig-title\">Nejc Kozamernik<\/h3>\n<div class=\"fig-title-des\">Young Researcher<\/div>\n<div class=\"fig-meta\"><\/div>\n<\/figcaption><\/figure>\n<\/div>\n<\/div>\n<div class=\"col-sm-6 col-md-3\">\n<div class=\"profile-card profile-card-meta_classic kc-elm kc-css-1835440\">\n<figure><img loading=\"lazy\" decoding=\"async\" class=\"img-responsive\" src=\"https:\/\/web.fs.uni-lj.si\/lampa\/wp-content\/uploads\/2021\/05\/Zuzek-e1621931275522-300x225.jpg\" sizes=\"auto, (max-width: 300px) 100vw, 300px\" srcset=\"https:\/\/web.fs.uni-lj.si\/lampa\/wp-content\/uploads\/2021\/05\/Zuzek-e1621931275522-300x225.jpg 300w, https:\/\/web.fs.uni-lj.si\/lampa\/wp-content\/uploads\/2021\/05\/Zuzek-e1621931275522-360x270.jpg 360w, https:\/\/web.fs.uni-lj.si\/lampa\/wp-content\/uploads\/2021\/05\/Zuzek-e1621931275522.jpg 434w\" alt=\"\" width=\"300\" height=\"225\" \/><figcaption>\n<h3 class=\"fig-title\">Tena \u017du\u017eek<\/h3>\n<div class=\"fig-title-des\">Researcher<\/div>\n<div class=\"fig-meta\"><\/div>\n<\/figcaption><\/figure>\n<\/div>\n<\/div>\n<div class=\"team-clearfix\"><\/div>\n<div class=\"col-sm-6 col-md-3\">\n<div class=\"profile-card profile-card-meta_classic kc-elm kc-css-1835440\">\n<figure><img loading=\"lazy\" decoding=\"async\" class=\"img-responsive\" src=\"https:\/\/web.fs.uni-lj.si\/lampa\/wp-content\/uploads\/2022\/01\/rsz_slikanejcrozman1-300x225.jpg\" sizes=\"auto, (max-width: 300px) 100vw, 300px\" srcset=\"https:\/\/web.fs.uni-lj.si\/lampa\/wp-content\/uploads\/2022\/01\/rsz_slikanejcrozman1-300x225.jpg 300w, https:\/\/web.fs.uni-lj.si\/lampa\/wp-content\/uploads\/2022\/01\/rsz_slikanejcrozman1.jpg 360w\" alt=\"\" width=\"300\" height=\"225\" \/><figcaption>\n<h3 class=\"fig-title\">Nejc Ro\u017eman<\/h3>\n<div class=\"fig-title-des\">Researcher<\/div>\n<div class=\"fig-meta\"><\/div>\n<\/figcaption><\/figure>\n<\/div>\n<\/div>\n<div class=\"col-sm-6 col-md-3\">\n<div class=\"profile-card profile-card-meta_classic kc-elm kc-css-1835440\">\n<figure><img loading=\"lazy\" decoding=\"async\" class=\"img-responsive\" src=\"https:\/\/web.fs.uni-lj.si\/lampa\/wp-content\/uploads\/2020\/04\/IMG_20170429_162637-e1630589797309-300x225.png\" sizes=\"auto, (max-width: 300px) 100vw, 300px\" srcset=\"https:\/\/web.fs.uni-lj.si\/lampa\/wp-content\/uploads\/2020\/04\/IMG_20170429_162637-e1630589797309-300x225.png 300w, https:\/\/web.fs.uni-lj.si\/lampa\/wp-content\/uploads\/2020\/04\/IMG_20170429_162637-e1630589797309-768x576.png 768w, https:\/\/web.fs.uni-lj.si\/lampa\/wp-content\/uploads\/2020\/04\/IMG_20170429_162637-e1630589797309-360x270.png 360w, https:\/\/web.fs.uni-lj.si\/lampa\/wp-content\/uploads\/2020\/04\/IMG_20170429_162637-e1630589797309.png 924w\" alt=\"AM\" width=\"300\" height=\"225\" \/><figcaption>\n<h3 class=\"fig-title\">Andreja Malus<\/h3>\n<div class=\"fig-title-des\">Researcher<\/div>\n<div class=\"fig-meta\"><\/div>\n<\/figcaption><\/figure>\n<\/div>\n<\/div>\n<div class=\"team-clearfix\"><\/div>\n<div class=\"col-sm-6 col-md-3\">\n<div class=\"profile-card profile-card-meta_classic kc-elm kc-css-1835440\">\n<figure><img loading=\"lazy\" decoding=\"async\" class=\"img-responsive\" src=\"https:\/\/web.fs.uni-lj.si\/lampa\/wp-content\/uploads\/2021\/10\/f_JernejPuc3-300x225.jpg\" sizes=\"auto, (max-width: 300px) 100vw, 300px\" srcset=\"https:\/\/web.fs.uni-lj.si\/lampa\/wp-content\/uploads\/2021\/10\/f_JernejPuc3-300x225.jpg 300w, https:\/\/web.fs.uni-lj.si\/lampa\/wp-content\/uploads\/2021\/10\/f_JernejPuc3.jpg 360w\" alt=\"Profile picture\" width=\"300\" height=\"225\" \/><figcaption>\n<h3 class=\"fig-title\">Jernej Puc<\/h3>\n<div class=\"fig-title-des\">Young researcher<\/div>\n<div class=\"fig-meta\"><\/div>\n<\/figcaption><\/figure>\n<\/div>\n<\/div>\n<div class=\"col-sm-6 col-md-3\">\n<div class=\"profile-card profile-card-meta_classic kc-elm kc-css-1835440\">\n<figure><img loading=\"lazy\" decoding=\"async\" class=\"img-responsive\" src=\"https:\/\/web.fs.uni-lj.si\/lampa\/wp-content\/uploads\/2021\/05\/temp-lampa-e1695983451387-300x225.png\" sizes=\"auto, (max-width: 300px) 100vw, 300px\" srcset=\"https:\/\/web.fs.uni-lj.si\/lampa\/wp-content\/uploads\/2021\/05\/temp-lampa-e1695983451387-300x225.png 300w, https:\/\/web.fs.uni-lj.si\/lampa\/wp-content\/uploads\/2021\/05\/temp-lampa-e1695983451387.png 360w\" alt=\"\" width=\"300\" height=\"225\" \/><figcaption>\n<h3 class=\"fig-title\">Jan Pleterski<\/h3>\n<div class=\"fig-title-des\">Young researcher<\/div>\n<div class=\"fig-meta\"><\/div>\n<\/figcaption><\/figure>\n<\/div>\n<\/div>\n<div class=\"team-clearfix\"><\/div>\n<div class=\"col-sm-6 col-md-3\">\n<div class=\"profile-card profile-card-meta_classic kc-elm kc-css-1835440\">\n<figure><img loading=\"lazy\" decoding=\"async\" class=\"img-responsive\" src=\"https:\/\/web.fs.uni-lj.si\/lampa\/wp-content\/uploads\/2021\/05\/temp-lampa-e1695983451387-300x225.png\" sizes=\"auto, (max-width: 300px) 100vw, 300px\" srcset=\"https:\/\/web.fs.uni-lj.si\/lampa\/wp-content\/uploads\/2021\/05\/temp-lampa-e1695983451387-300x225.png 300w, https:\/\/web.fs.uni-lj.si\/lampa\/wp-content\/uploads\/2021\/05\/temp-lampa-e1695983451387.png 360w\" alt=\"\" width=\"300\" height=\"225\" \/><figcaption>\n<h3 class=\"fig-title\">Martina Benko Loknar<\/h3>\n<div class=\"fig-title-des\">Researcher<\/div>\n<div class=\"fig-meta\"><\/div>\n<\/figcaption><\/figure>\n<\/div>\n<\/div>\n<\/div>\n<\/div>\n<\/div>\n<\/div>\n<\/section>\n<section class=\"kc-elm kc-css-3826388 kc_row\">\n<div class=\"kc-row-container  kc-container\">\n<div class=\"kc-wrap-columns\">\n<div class=\"kc-elm kc-css-3597462 kc_col-sm-12 kc_column kc_col-sm-12\">\n<div class=\"kc-col-container\">\n<div class=\"kc-elm kc-css-451666 kc_text_block\">\n<h1>Technical staff<\/h1>\n<\/div>\n<div class=\"col-sm-6 col-md-3\">\n<div class=\"profile-card profile-card-meta_classic kc-elm kc-css-673944\">\n<figure><img loading=\"lazy\" decoding=\"async\" class=\"img-responsive\" src=\"https:\/\/web.fs.uni-lj.si\/lampa\/wp-content\/uploads\/2022\/01\/Slika_MaticKelvisar-300x225.png\" sizes=\"auto, (max-width: 300px) 100vw, 300px\" srcset=\"https:\/\/web.fs.uni-lj.si\/lampa\/wp-content\/uploads\/2022\/01\/Slika_MaticKelvisar-300x225.png 300w, https:\/\/web.fs.uni-lj.si\/lampa\/wp-content\/uploads\/2022\/01\/Slika_MaticKelvisar.png 360w\" alt=\"\" width=\"300\" height=\"225\" \/><figcaption>\n<h3 class=\"fig-title\">Matic Kelvi\u0161ar<\/h3>\n<div class=\"fig-title-des\">Technical staff<\/div>\n<div class=\"fig-meta\"><\/div>\n<\/figcaption><\/figure>\n<\/div>\n<\/div>\n<div class=\"col-sm-6 col-md-3\">\n<div class=\"profile-card profile-card-meta_classic kc-elm kc-css-673944\">\n<figure><img loading=\"lazy\" decoding=\"async\" class=\"img-responsive\" src=\"https:\/\/web.fs.uni-lj.si\/lampa\/wp-content\/uploads\/2021\/05\/temp-lampa-e1695983451387-300x225.png\" sizes=\"auto, (max-width: 300px) 100vw, 300px\" srcset=\"https:\/\/web.fs.uni-lj.si\/lampa\/wp-content\/uploads\/2021\/05\/temp-lampa-e1695983451387-300x225.png 300w, https:\/\/web.fs.uni-lj.si\/lampa\/wp-content\/uploads\/2021\/05\/temp-lampa-e1695983451387.png 360w\" alt=\"\" width=\"300\" height=\"225\" \/><figcaption>\n<h3 class=\"fig-title\">Tadeja Kav\u010di\u010d<\/h3>\n<div class=\"fig-title-des\">Technical staff<\/div>\n<div class=\"fig-meta\"><\/div>\n<\/figcaption><\/figure>\n<\/div>\n<\/div>\n<div class=\"team-clearfix\"><\/div>\n<div class=\"col-sm-6 col-md-3\">\n<div class=\"profile-card profile-card-meta_classic kc-elm kc-css-673944\">\n<figure><img loading=\"lazy\" decoding=\"async\" class=\"img-responsive\" src=\"https:\/\/web.fs.uni-lj.si\/lampa\/wp-content\/uploads\/2021\/05\/temp-lampa-e1695983451387-300x225.png\" sizes=\"auto, (max-width: 300px) 100vw, 300px\" srcset=\"https:\/\/web.fs.uni-lj.si\/lampa\/wp-content\/uploads\/2021\/05\/temp-lampa-e1695983451387-300x225.png 300w, https:\/\/web.fs.uni-lj.si\/lampa\/wp-content\/uploads\/2021\/05\/temp-lampa-e1695983451387.png 360w\" alt=\"\" width=\"300\" height=\"225\" \/><figcaption>\n<div class=\"fig-meta\"><\/div>\n<\/figcaption><\/figure>\n<\/div>\n<\/div>\n<div class=\"col-sm-6 col-md-3\">\n<div class=\"profile-card profile-card-meta_classic kc-elm kc-css-673944\">\n<figure><img loading=\"lazy\" decoding=\"async\" class=\"img-responsive\" src=\"https:\/\/web.fs.uni-lj.si\/lampa\/wp-content\/uploads\/2021\/05\/temp-lampa-e1695983451387-300x225.png\" sizes=\"auto, (max-width: 300px) 100vw, 300px\" srcset=\"https:\/\/web.fs.uni-lj.si\/lampa\/wp-content\/uploads\/2021\/05\/temp-lampa-e1695983451387-300x225.png 300w, https:\/\/web.fs.uni-lj.si\/lampa\/wp-content\/uploads\/2021\/05\/temp-lampa-e1695983451387.png 360w\" alt=\"\" width=\"300\" height=\"225\" \/><figcaption>\n<h3 class=\"fig-title\">Dominik Rupert<\/h3>\n<div class=\"fig-title-des\">Technical staff<\/div>\n<div class=\"fig-meta\"><\/div>\n<\/figcaption><\/figure>\n<\/div>\n<\/div>\n<div class=\"team-clearfix\"><\/div>\n<\/div>\n<\/div>\n<\/div>\n<\/div>\n<\/section>\n","protected":false},"excerpt":{"rendered":"<p>Head of laboratory Primo\u017e Podr\u017eaj Professor Lecturers Janez Diaci Professor Marjan Jenko Assistant professor Janez Ku\u0161ar Associate professor Toma\u017e Berlec Assistant professor Rok Vrabi\u010d Assistant professor Drago Bra\u010dun Assistant professor Teaching assistant Lidija Rihar Assistant Toma\u017e Po\u017erl Teaching Assistant Luka Selak Teaching assistant Marko Corn Assistant\/Researcher Dominik Kozjek Teaching assistant Ga\u0161per \u0160kulj Teaching assistant Researchers [&hellip;]<\/p>\n","protected":false},"author":2,"featured_media":0,"parent":0,"menu_order":0,"comment_status":"closed","ping_status":"closed","template":"","meta":{"footnotes":""},"folder":[465],"class_list":["post-4223","page","type-page","status-publish","hentry"],"_links":{"self":[{"href":"https:\/\/web.fs.uni-lj.si\/lampa\/wp-json\/wp\/v2\/pages\/4223","targetHints":{"allow":["GET"]}}],"collection":[{"href":"https:\/\/web.fs.uni-lj.si\/lampa\/wp-json\/wp\/v2\/pages"}],"about":[{"href":"https:\/\/web.fs.uni-lj.si\/lampa\/wp-json\/wp\/v2\/types\/page"}],"author":[{"embeddable":true,"href":"https:\/\/web.fs.uni-lj.si\/lampa\/wp-json\/wp\/v2\/users\/2"}],"replies":[{"embeddable":true,"href":"https:\/\/web.fs.uni-lj.si\/lampa\/wp-json\/wp\/v2\/comments?post=4223"}],"version-history":[{"count":5,"href":"https:\/\/web.fs.uni-lj.si\/lampa\/wp-json\/wp\/v2\/pages\/4223\/revisions"}],"predecessor-version":[{"id":5189,"href":"https:\/\/web.fs.uni-lj.si\/lampa\/wp-json\/wp\/v2\/pages\/4223\/revisions\/5189"}],"wp:attachment":[{"href":"https:\/\/web.fs.uni-lj.si\/lampa\/wp-json\/wp\/v2\/media?parent=4223"}],"wp:term":[{"taxonomy":"folder","embeddable":true,"href":"https:\/\/web.fs.uni-lj.si\/lampa\/wp-json\/wp\/v2\/folder?post=4223"}],"curies":[{"name":"wp","href":"https:\/\/api.w.org\/{rel}","templated":true}]}}