{"id":3241,"date":"2020-05-21T19:06:43","date_gmt":"2020-05-21T17:06:43","guid":{"rendered":"http:\/\/web.fs.uni-lj.si\/lakos\/?page_id=3241"},"modified":"2020-06-04T12:23:01","modified_gmt":"2020-06-04T10:23:01","slug":"ros-poletna-sola","status":"publish","type":"page","link":"https:\/\/web.fs.uni-lj.si\/lampa\/ros-poletna-sola\/","title":{"rendered":"ROS poletna \u0161ola"},"content":{"rendered":"<style type=\"text\/css\">@media only screen and (min-width: 1000px) and (max-width: 5000px){body.kc-css-system .kc-css-1860325{width: 39.62%;}body.kc-css-system .kc-css-3445474{width: 60.36%;}}.kc-css-3641296 .kc_column{padding-left: 30px;padding-right: 30px;}.kc-css-3641296>.kc-wrap-columns{margin-left: -30px;margin-right: -30px;width: calc(100% + 60px);}body.kc-css-system .kc-css-444117 ,body.kc-css-system .kc-css-444117 p{color: #d30015;font-family: Montserrat;font-size: 28px;}body.kc-css-system .kc-css-3746553 ,body.kc-css-system .kc-css-3746553 p{font-size: 34px;line-height: 120%;}body.kc-css-system .kc-css-667058 ,body.kc-css-system .kc-css-667058 p{color: #d30015;font-family: Montserrat;font-size: 28px;}body.kc-css-system .kc-css-2450830 ,body.kc-css-system .kc-css-2450830 p{font-size: 24px;line-height: 120%;}<\/style>\n<section class=\"kc-elm kc-css-3641296 kc_row\">\n<div class=\"kc-row-container  kc-container\">\n<div class=\"kc-wrap-columns\">\n<div class=\"kc-elm kc-css-1860325 kc_col-sm-5 kc_column kc_col-sm-5\">\n<div class=\"kc-col-container\">\n<div class=\"kc-elm kc-css-3632428 kc_shortcode kc_single_image\">\n<p>        <img decoding=\"async\" src=\"http:\/\/web.fs.uni-lj.si\/lakos\/wp-content\/uploads\/2020\/05\/rosinljlogo_1.png\" class=\"\" alt=\"\" \/>    <\/div>\n<div class=\"kc-elm kc-css-444117 kc_text_block\">\n<p style=\"text-align: center;\">Kdaj?<\/p>\n<\/div>\n<div class=\"kc-elm kc-css-3746553 kc_text_block\">\n<p style=\"text-align: center;\"><strong>14. &#8211; 18. september 2020<\/strong><\/p>\n<\/div>\n<div class=\"kc-elm kc-css-4323808 divider_line\">\n<div class=\"divider_inner divider_line1\">\n\t\t\t<\/div>\n<\/div>\n<div class=\"kc-elm kc-css-667058 kc_text_block\">\n<p style=\"text-align: center;\">Kje?<\/p>\n<\/div>\n<div class=\"kc-elm kc-css-2450830 kc_text_block\">\n<p style=\"text-align: center;\"><strong>Fakulteta za strojni\u0161tvo<\/strong>, Univerza v Ljubljani<\/p>\n<p style=\"text-align: center;\">ali<\/p>\n<p style=\"text-align: center;\"><strong>prek spleta<\/strong><\/p>\n<\/div>\n<\/div>\n<\/div>\n<div class=\"kc-elm kc-css-3445474 kc_col-sm-7 kc_column kc_col-sm-7\">\n<div class=\"kc-col-container\">\n<div class=\"kc-elm kc-css-2053670\" style=\"height: 20px; clear: both; width:100%;\"><\/div>\n<div class=\"kc-elm kc-css-1782179 kc-title-wrap \">\n<h3 class=\"kc_title\">ROS poletna \u0161ola<\/h3>\n<\/div>\n<div class=\"kc-elm kc-css-1716348 kc_text_block\">\n<p>Vstopite v svet robotike z ROS (Robot Operating System) in za\u010dnite z gradnjo kompleksnih robotskih aplikacij.<\/p>\n<h3>Kaj je ROS?<\/h3>\n<p><a href=\"https:\/\/www.ros.org\">ROS<\/a> je strojno-programska oprema za robotiko, ki omogo\u010da gradnjo robotskih aplikacij, neodvisnih od robotovega proizvajalca. Podpira tako mobilne, kot industrijske robote. ROS olaj\u0161uje integracijo robotov z drugimi sistemi in omogo\u010da enostavno uporabo najzmogljivej\u0161ih algoritmov iz podro\u010dja robotike.<\/p>\n<h3>Zakaj spoznati ROS?<\/h3>\n<p>Roboti danes ve\u010dinoma opravljajo ponavljajo\u010da dela, za katera so vnaprej sprogramirani. V prihodnosti pa bo robote mo\u017eno uporabiti pri bolj zahtevnih aplikacijah, v katerih se bodo odzivali na okolico. Pri tem bodo s senzorji zaznavali stanje okolja in se z algoritmi umetne inteligence u\u010dili vse bolj u\u010dinkovitega opravljanja nalog. ROS omogo\u010da razvoj najkompleksnej\u0161ih aplikacij, ponovno uporabo kode in prenosljivost na vse vrste robotov, neodvisno od proizvajalca.<\/p>\n<h3>Kako bo potekala delavnica?<\/h3>\n<p>Na enotedenski poletni \u0161oli boste spoznali osnove ROS-a in jih uporabili na primerih mobilne in industrijske robotike.\u00a0Poletna \u0161ola bo potekala z mednarodno udele\u017ebo. Vse vsebine bodo v angle\u0161\u010dini.<\/p>\n<p>Za ve\u010d informacij in predprijave obi\u0161\u010dite\u00a0<a href=\"http:\/\/web.fs.uni-lj.si\/lakos\/en\/ros-summer-school-in-ljubljana\/\">angle\u0161ko podstran<\/a>.<\/p>\n<h3>Sponzor<\/h3>\n<p>Izvedbo operacije podpira EU projekt <a href=\"https:\/\/www.rosin-project.eu\">ROSin<\/a>.<\/p>\n<\/div>\n<\/div>\n<\/div>\n<\/div>\n<\/div>\n<\/section>\n","protected":false},"excerpt":{"rendered":"<p>Kdaj? 14. &#8211; 18. september 2020 Kje? Fakulteta za strojni\u0161tvo, Univerza v Ljubljani ali prek spleta ROS poletna \u0161ola Vstopite v svet robotike z ROS (Robot Operating System) in za\u010dnite z gradnjo kompleksnih robotskih aplikacij. Kaj je ROS? ROS je strojno-programska oprema za robotiko, ki omogo\u010da gradnjo robotskih aplikacij, neodvisnih od robotovega proizvajalca. Podpira tako [&hellip;]<\/p>\n","protected":false},"author":1,"featured_media":3049,"parent":0,"menu_order":0,"comment_status":"closed","ping_status":"closed","template":"","meta":{"footnotes":""},"folder":[],"class_list":["post-3241","page","type-page","status-publish","has-post-thumbnail","hentry"],"_links":{"self":[{"href":"https:\/\/web.fs.uni-lj.si\/lampa\/wp-json\/wp\/v2\/pages\/3241","targetHints":{"allow":["GET"]}}],"collection":[{"href":"https:\/\/web.fs.uni-lj.si\/lampa\/wp-json\/wp\/v2\/pages"}],"about":[{"href":"https:\/\/web.fs.uni-lj.si\/lampa\/wp-json\/wp\/v2\/types\/page"}],"author":[{"embeddable":true,"href":"https:\/\/web.fs.uni-lj.si\/lampa\/wp-json\/wp\/v2\/users\/1"}],"replies":[{"embeddable":true,"href":"https:\/\/web.fs.uni-lj.si\/lampa\/wp-json\/wp\/v2\/comments?post=3241"}],"version-history":[{"count":5,"href":"https:\/\/web.fs.uni-lj.si\/lampa\/wp-json\/wp\/v2\/pages\/3241\/revisions"}],"predecessor-version":[{"id":3530,"href":"https:\/\/web.fs.uni-lj.si\/lampa\/wp-json\/wp\/v2\/pages\/3241\/revisions\/3530"}],"wp:featuredmedia":[{"embeddable":true,"href":"https:\/\/web.fs.uni-lj.si\/lampa\/wp-json\/wp\/v2\/media\/3049"}],"wp:attachment":[{"href":"https:\/\/web.fs.uni-lj.si\/lampa\/wp-json\/wp\/v2\/media?parent=3241"}],"wp:term":[{"taxonomy":"folder","embeddable":true,"href":"https:\/\/web.fs.uni-lj.si\/lampa\/wp-json\/wp\/v2\/folder?post=3241"}],"curies":[{"name":"wp","href":"https:\/\/api.w.org\/{rel}","templated":true}]}}