{"id":3174,"date":"2020-05-21T17:26:25","date_gmt":"2020-05-21T15:26:25","guid":{"rendered":"http:\/\/web.fs.uni-lj.si\/lakos\/?page_id=3174"},"modified":"2020-05-25T12:39:16","modified_gmt":"2020-05-25T10:39:16","slug":"machine-tool-calibrator-si","status":"publish","type":"page","link":"https:\/\/web.fs.uni-lj.si\/lampa\/machine-tool-calibrator-si\/","title":{"rendered":"Kalibrator za stroje"},"content":{"rendered":"<style type=\"text\/css\">@media only screen and (min-width: 1000px) and (max-width: 5000px){body.kc-css-system .kc-css-2103359{width: 30.32%;}body.kc-css-system .kc-css-385638{width: 69.67%;}}<\/style>\n<section class=\"kc-elm kc-css-3715045 kc_row\">\n<div class=\"kc-row-container  kc-container\">\n<div class=\"kc-wrap-columns\">\n<div class=\"kc-elm kc-css-2103359 kc_col-sm-4 kc_column kc_col-sm-4\">\n<div class=\"kc-col-container\">\n<div class=\"kc-elm kc-css-3203652\" style=\"height: 30px; clear: both; width:100%;\"><\/div>\n<div class=\"kc-elm kc-css-1940069 kc_shortcode kc_single_image\">\n<p>        <img decoding=\"async\" src=\"http:\/\/web.fs.uni-lj.si\/lakos\/wp-content\/uploads\/2020\/04\/Agilent_5519A.jpg\" class=\"\" alt=\"\" \/>    <\/div>\n<\/div>\n<\/div>\n<div class=\"kc-elm kc-css-385638 kc_col-sm-8 kc_column kc_col-sm-8\">\n<div class=\"kc-col-container\">\n<div class=\"kc-elm kc-css-3381171 kc-title-wrap \">\n<h2 class=\"kc_title\">HP\/Agilent 5529A kalibrator<\/h2>\n<\/div>\n<div class=\"kc-elm kc-css-1664315 kc_text_block\">\n<p class=\"has-text-align-left\">HP\/Agilent 5529A kalibrator temelji na laserski interferometriji in omogo\u010da meritve pozicije in to\u010dnosti obdelovalnih strojev. Uporablja se za odpravo napak pri pozicioniranju, diagnozi geometri\u010dnih problemov in dokumentaciji zmogljivosti obdelovalnih strojev. Kalibrator ima integriran sistem za okoljsko in temperaturno kompenzacijo. Za linerane razdalje do 40m in hitrosti do 0.7m\/s je merilna natan\u010dnost 10nm. Merjenje kotov znotraj obmo\u010dja \u00b120\u00b0 je mogo\u010de z natan\u010dnostjo \u00b10.2% in lo\u010dljivostjo 0.05 kotne-sekunde.<\/p>\n<p><strong>Meritve<\/strong><br \/>\u2022 linearne meritve<br \/>\u2022 meritve kotov in kotnih pozicij<br \/>\u2022 \u010dasovno odvisne linearne in kotne meritve<br \/>\u2022 ravnost, pravokotnost in vzporednost<\/p>\n<p><strong>Standardi<\/strong><br \/>\u2022 NMTBA, VDI 3441\/2617,<br \/>\u2022 ANSI B5.54\/B5.57,<br \/>\u2022 BSI 3800, ISO 230-2 1997,<br \/>\u2022 JIS 136192, and GB 10931-89<\/p>\n<\/div>\n<\/div>\n<\/div>\n<\/div>\n<\/div>\n<\/section>\n","protected":false},"excerpt":{"rendered":"<p>HP\/Agilent 5529A kalibrator HP\/Agilent 5529A kalibrator temelji na laserski interferometriji in omogo\u010da meritve pozicije in to\u010dnosti obdelovalnih strojev. Uporablja se za odpravo napak pri pozicioniranju, diagnozi geometri\u010dnih problemov in dokumentaciji zmogljivosti obdelovalnih strojev. Kalibrator ima integriran sistem za okoljsko in temperaturno kompenzacijo. Za linerane razdalje do 40m in hitrosti do 0.7m\/s je merilna natan\u010dnost 10nm. [&hellip;]<\/p>\n","protected":false},"author":1,"featured_media":0,"parent":0,"menu_order":0,"comment_status":"closed","ping_status":"closed","template":"","meta":{"footnotes":""},"folder":[464],"class_list":["post-3174","page","type-page","status-publish","hentry"],"_links":{"self":[{"href":"https:\/\/web.fs.uni-lj.si\/lampa\/wp-json\/wp\/v2\/pages\/3174","targetHints":{"allow":["GET"]}}],"collection":[{"href":"https:\/\/web.fs.uni-lj.si\/lampa\/wp-json\/wp\/v2\/pages"}],"about":[{"href":"https:\/\/web.fs.uni-lj.si\/lampa\/wp-json\/wp\/v2\/types\/page"}],"author":[{"embeddable":true,"href":"https:\/\/web.fs.uni-lj.si\/lampa\/wp-json\/wp\/v2\/users\/1"}],"replies":[{"embeddable":true,"href":"https:\/\/web.fs.uni-lj.si\/lampa\/wp-json\/wp\/v2\/comments?post=3174"}],"version-history":[{"count":5,"href":"https:\/\/web.fs.uni-lj.si\/lampa\/wp-json\/wp\/v2\/pages\/3174\/revisions"}],"predecessor-version":[{"id":3403,"href":"https:\/\/web.fs.uni-lj.si\/lampa\/wp-json\/wp\/v2\/pages\/3174\/revisions\/3403"}],"wp:attachment":[{"href":"https:\/\/web.fs.uni-lj.si\/lampa\/wp-json\/wp\/v2\/media?parent=3174"}],"wp:term":[{"taxonomy":"folder","embeddable":true,"href":"https:\/\/web.fs.uni-lj.si\/lampa\/wp-json\/wp\/v2\/folder?post=3174"}],"curies":[{"name":"wp","href":"https:\/\/api.w.org\/{rel}","templated":true}]}}