{"id":3153,"date":"2020-05-21T17:12:49","date_gmt":"2020-05-21T15:12:49","guid":{"rendered":"http:\/\/web.fs.uni-lj.si\/lakos\/?page_id=3153"},"modified":"2020-05-25T12:36:26","modified_gmt":"2020-05-25T10:36:26","slug":"comos-demonstrator-si","status":"publish","type":"page","link":"https:\/\/web.fs.uni-lj.si\/lampa\/comos-demonstrator-si\/","title":{"rendered":"COMOS demonstrator"},"content":{"rendered":"<style type=\"text\/css\">@media only screen and (min-width: 1000px) and (max-width: 5000px){body.kc-css-system .kc-css-55376{width: 29.81%;}body.kc-css-system .kc-css-822328{width: 70.17%;}}<\/style>\n<section class=\"kc-elm kc-css-472122 kc_row\">\n<div class=\"kc-row-container  kc-container\">\n<div class=\"kc-wrap-columns\">\n<div class=\"kc-elm kc-css-55376 kc_col-sm-4 kc_column kc_col-sm-4\">\n<div class=\"kc-col-container\">\n<div class=\"kc-elm kc-css-892435\" style=\"height: 20px; clear: both; width:100%;\"><\/div>\n<div class=\"kc-elm kc-css-644545 kc_shortcode kc_single_image\">\n<p>        <img decoding=\"async\" src=\"https:\/\/web.fs.uni-lj.si\/lakos\/wp-content\/uploads\/2020\/04\/comos_demonstrator.jpg\" class=\"\" alt=\"\" \/>    <\/div>\n<\/div>\n<\/div>\n<div class=\"kc-elm kc-css-822328 kc_col-sm-8 kc_column kc_col-sm-8\">\n<div class=\"kc-col-container\">\n<div class=\"kc-elm kc-css-248929 kc-title-wrap \">\n<h2 class=\"kc_title\">Demonstrator za razvoj monitoring, diagnosti\u010dnih in prognosti\u010dnih sistemov za podporo obratovanju in vzdr\u017eevanju malih hidroelektrarn. <\/h2>\n<\/div>\n<div class=\"kc-elm kc-css-225256 kc_text_block\">\n<p>&#8211; Dve mali hidroelektrarni, ki obratujeta na v istem vodotoku.<\/p>\n<p>&#8211; Na osnovi lastnega APN in radiust stre\u017enika vzpostavljeno mobilno omre\u017eje za nadzor MHE.<\/p>\n<p>&#8211; Vgrajene tehnologije: PLK Unitronics za vodenje MHE, stre\u017eniki OPC za dostop do podatkov, analizator elektri\u010dnih veli\u010din MC330, baze podatkov MySQL, SCADA na osnovi Labview, prilagojeni telemetri\u010dni sistemi.<\/p>\n<p>&#8211; Sistem za monitoring vibracij, hrupa in opletov na osnovi opreme National instruments \u2013 cDAQ in cRIO.<\/p>\n<p>&#8211; Napovedovanje obratovalnih in vzdr\u017eevalnih dejavnosti v MHE.<\/p>\n<p>&#8211; Razvoj in testiranje novih poslovnih modelov obratovanja in vzdr\u017eevanja.<\/p>\n<p>&#8211; Demonstracija spremljanja ekolo\u0161ko sprejemljivo pretoka vode v MHE.<\/p>\n<p>&#8211; Demonstrator za raziskave povezanih OVE energetskih proizvodnih sistemov.<\/p>\n<\/div>\n<\/div>\n<\/div>\n<\/div>\n<\/div>\n<\/section>\n<section class=\"kc-elm kc-css-972896 kc_row\">\n<div class=\"kc-row-container  kc-container\">\n<div class=\"kc-wrap-columns\">\n<div class=\"kc-elm kc-css-869527 kc_col-sm-12 kc_column kc_col-sm-12\">\n<div class=\"kc-col-container\">\n<div class=\"kc-elm kc-css-283618\" style=\"height: 20px; clear: both; width:100%;\"><\/div>\n<div class=\"kc-image-gallery kc-elm kc-css-345565\">\n<div class=\"kc_image_gallery kc-carousel-image kc-grid \">\n<div class=\"item-grid grid-4\"><img decoding=\"async\" src=\"https:\/\/web.fs.uni-lj.si\/lakos\/wp-content\/uploads\/2020\/04\/comos1.jpg\" alt=\"\"\/><\/div>\n<div class=\"item-grid grid-4\"><img decoding=\"async\" src=\"https:\/\/web.fs.uni-lj.si\/lakos\/wp-content\/uploads\/2020\/04\/comos2.jpg\" alt=\"\"\/><\/div>\n<div class=\"item-grid grid-4\"><img decoding=\"async\" src=\"https:\/\/web.fs.uni-lj.si\/lakos\/wp-content\/uploads\/2020\/04\/comos3.jpg\" alt=\"\"\/><\/div>\n<\/div>\n<\/div>\n<\/div>\n<\/div>\n<\/div>\n<\/div>\n<\/section>\n","protected":false},"excerpt":{"rendered":"<p>Demonstrator za razvoj monitoring, diagnosti\u010dnih in prognosti\u010dnih sistemov za podporo obratovanju in vzdr\u017eevanju malih hidroelektrarn. &#8211; Dve mali hidroelektrarni, ki obratujeta na v istem vodotoku. &#8211; Na osnovi lastnega APN in radiust stre\u017enika vzpostavljeno mobilno omre\u017eje za nadzor MHE. &#8211; Vgrajene tehnologije: PLK Unitronics za vodenje MHE, stre\u017eniki OPC za dostop do podatkov, analizator elektri\u010dnih [&hellip;]<\/p>\n","protected":false},"author":1,"featured_media":0,"parent":0,"menu_order":0,"comment_status":"closed","ping_status":"closed","template":"","meta":{"footnotes":""},"folder":[464],"class_list":["post-3153","page","type-page","status-publish","hentry"],"_links":{"self":[{"href":"https:\/\/web.fs.uni-lj.si\/lampa\/wp-json\/wp\/v2\/pages\/3153","targetHints":{"allow":["GET"]}}],"collection":[{"href":"https:\/\/web.fs.uni-lj.si\/lampa\/wp-json\/wp\/v2\/pages"}],"about":[{"href":"https:\/\/web.fs.uni-lj.si\/lampa\/wp-json\/wp\/v2\/types\/page"}],"author":[{"embeddable":true,"href":"https:\/\/web.fs.uni-lj.si\/lampa\/wp-json\/wp\/v2\/users\/1"}],"replies":[{"embeddable":true,"href":"https:\/\/web.fs.uni-lj.si\/lampa\/wp-json\/wp\/v2\/comments?post=3153"}],"version-history":[{"count":4,"href":"https:\/\/web.fs.uni-lj.si\/lampa\/wp-json\/wp\/v2\/pages\/3153\/revisions"}],"predecessor-version":[{"id":3264,"href":"https:\/\/web.fs.uni-lj.si\/lampa\/wp-json\/wp\/v2\/pages\/3153\/revisions\/3264"}],"wp:attachment":[{"href":"https:\/\/web.fs.uni-lj.si\/lampa\/wp-json\/wp\/v2\/media?parent=3153"}],"wp:term":[{"taxonomy":"folder","embeddable":true,"href":"https:\/\/web.fs.uni-lj.si\/lampa\/wp-json\/wp\/v2\/folder?post=3153"}],"curies":[{"name":"wp","href":"https:\/\/api.w.org\/{rel}","templated":true}]}}