{"id":3121,"date":"2020-05-21T14:39:30","date_gmt":"2020-05-21T12:39:30","guid":{"rendered":"http:\/\/web.fs.uni-lj.si\/lakos\/?page_id=3121"},"modified":"2022-03-31T16:56:11","modified_gmt":"2022-03-31T14:56:11","slug":"dogodki","status":"publish","type":"page","link":"https:\/\/web.fs.uni-lj.si\/lampa\/dogodki\/","title":{"rendered":"Dogodki"},"content":{"rendered":"<style type=\"text\/css\">@media only screen and (min-width: 1000px) and (max-width: 5000px){body.kc-css-system .kc-css-2988011{width: 33.33%;}body.kc-css-system .kc-css-690686{width: 33.33%;}body.kc-css-system .kc-css-773086{width: 33.33%;}}body.kc-css-system .kc-css-3532640 ,body.kc-css-system .kc-css-3532640 p{color: #3b3b3b;font-size: 12px;line-height: 14px;font-weight: 600;text-transform: none;}body.kc-css-system .kc-css-2663595{color: #bfbfbf;font-size: 12px;font-weight: 600;}<\/style>\n<section class=\"kc-elm kc-css-1730993 kc_row\">\n<div class=\"kc-row-container  kc-container\">\n<div class=\"kc-wrap-columns\">\n<div class=\"rushmore-content-area page-events stage_events_post\">\n<div class=\"container\">\n<div class=\"events_post-sagment\">\n<div class=\"row\">\n<div class=\"col-sm-6\">\n<article class=\"sabbi-events-item kc-elm kc-css-991693\">\n                            <a href=\"https:\/\/web.fs.uni-lj.si\/lampa\/events\/poletna-sola-o-industrijskem-medmrezju-stvari-in-blocno-veriznih-tehnologijah-2022\/\" class=\"sabbi-events-link\"><\/p>\n<figure>\n                                    <img decoding=\"async\" src=\"https:\/\/web.fs.uni-lj.si\/lampa\/wp-content\/uploads\/2022\/03\/20210924_114855-scaled.jpg\" class=\"sabbi-events-img img-responsive\" alt=\"\" loading=\"lazy\" \/><figcaption>\n<h2 class=\"sabbi-events-title font-md__x\">Poletna \u0161ola o industrijskem medmre\u017eju stvari in blo\u010dno veri\u017enih tehnologijah 2022<\/h2>\n<\/figcaption><\/figure>\n<p>                            <\/a><\/p>\n<div class=\"events-item-meta\">\n<div class=\"events-loc\"><i class=\"ion-location\"><\/i><span class=\"text\">Laboratorij za mehatroniko, proizvodne sisteme in avtomatizacijo, Fakulteta za strojni\u0161tvo, Univerza v Ljubljani<\/span><\/div>\n<div class=\"events-date\"><i class=\"ion-calendar\"><\/i><span class=\"text\"><br \/>\n                                19 Sep 2022                                <\/span><\/div>\n<\/p><\/div>\n<\/article>\n<p><!-- \/.sabbi-events-item -->\n                    <\/div>\n<div class=\"col-sm-6\">\n<article class=\"sabbi-events-item kc-elm kc-css-991693\">\n                            <a href=\"https:\/\/web.fs.uni-lj.si\/lampa\/events\/virtualno-robotsko-tekmovanje-renesas-virtual-mcu-rally\/\" class=\"sabbi-events-link\"><\/p>\n<figure>\n                                    <img decoding=\"async\" src=\"https:\/\/web.fs.uni-lj.si\/lampa\/wp-content\/uploads\/2021\/09\/renesas_events-1-e1631954385541.jpg\" class=\"sabbi-events-img img-responsive\" alt=\"\" loading=\"lazy\" \/><figcaption>\n<h2 class=\"sabbi-events-title font-md__x\">Virtualno robotsko tekmovanje: Renesas Virtual MCU Rally<\/h2>\n<\/figcaption><\/figure>\n<p>                            <\/a><\/p>\n<div class=\"events-item-meta\">\n<div class=\"events-loc\"><i class=\"ion-location\"><\/i><span class=\"text\">Virtualno tekmovanje<\/span><\/div>\n<div class=\"events-date\"><i class=\"ion-calendar\"><\/i><span class=\"text\"><br \/>\n                                27 Jan 2022                                <\/span><\/div>\n<\/p><\/div>\n<\/article>\n<p><!-- \/.sabbi-events-item -->\n                    <\/div>\n<div class=\"event-clearfix\"><\/div>\n<div class=\"col-sm-6\">\n<article class=\"sabbi-events-item kc-elm kc-css-991693\">\n                            <a href=\"https:\/\/web.fs.uni-lj.si\/lampa\/events\/poletna-sola-strojnistva\/\" class=\"sabbi-events-link\"><\/p>\n<figure>\n                                    <img decoding=\"async\" src=\"https:\/\/web.fs.uni-lj.si\/lampa\/wp-content\/uploads\/2021\/09\/20210819_FS_poletna_sola_ifp_zs_342-scaled-e1631952524527.jpg\" class=\"sabbi-events-img img-responsive\" alt=\"\" loading=\"lazy\" \/><figcaption>\n<h2 class=\"sabbi-events-title font-md__x\">Poletna \u0161ola strojni\u0161tva<\/h2>\n<\/figcaption><\/figure>\n<p>                            <\/a><\/p>\n<div class=\"events-item-meta\">\n<div class=\"events-loc\"><i class=\"ion-location\"><\/i><span class=\"text\">Fakulteta za strojni\u0161tvo<\/span><\/div>\n<div class=\"events-date\"><i class=\"ion-calendar\"><\/i><span class=\"text\"><br \/>\n                                17 Aug 2021                                <\/span><\/div>\n<\/p><\/div>\n<\/article>\n<p><!-- \/.sabbi-events-item -->\n                    <\/div>\n<div class=\"col-sm-6\">\n<article class=\"sabbi-events-item kc-elm kc-css-991693\">\n                            <a href=\"https:\/\/web.fs.uni-lj.si\/lampa\/events\/poletna-sola-o-industrijskem-medmrezju-stvari-in-blocno-veriznih-tehnologijah\/\" class=\"sabbi-events-link\"><\/p>\n<figure>\n                                    <img decoding=\"async\" src=\"https:\/\/web.fs.uni-lj.si\/lampa\/wp-content\/uploads\/2021\/07\/poletna-sola-2020-scaled.jpg\" class=\"sabbi-events-img img-responsive\" alt=\"\" loading=\"lazy\" \/><figcaption>\n<h2 class=\"sabbi-events-title font-md__x\">Poletna \u0161ola o industrijskem medmre\u017eju stvari in blo\u010dno veri\u017enih tehnologijah 2021<\/h2>\n<\/figcaption><\/figure>\n<p>                            <\/a><\/p>\n<div class=\"events-item-meta\">\n<div class=\"events-loc\"><i class=\"ion-location\"><\/i><span class=\"text\">Laboratorij za mehatroniko, proizvodne sisteme in avtomatizacijo, Fakulteta za strojni\u0161tvo, Univerza v Ljubljani<\/span><\/div>\n<div class=\"events-date\"><i class=\"ion-calendar\"><\/i><span class=\"text\"><br \/>\n                                20 Sep 2021                                <\/span><\/div>\n<\/p><\/div>\n<\/article>\n<p><!-- \/.sabbi-events-item -->\n                    <\/div>\n<div class=\"event-clearfix\"><\/div>\n<\/p><\/div>\n<\/p><\/div>\n<p><!-- \/.events_post-sagment --><\/p>\n<nav aria-label=\"Page navigation\" class=\"pagination_wraper\">\n                        <\/nav>\n<\/p><\/div>\n<\/p><\/div>\n<p><!-- #primary --><\/p>\n<div class=\"kc-elm kc-css-1238195 kc_col-sm-12 kc_column kc_col-sm-12\">\n<div class=\"kc-col-container\"><\/div>\n<\/div>\n<\/div>\n<\/div>\n<\/section>\n<section class=\"kc-elm kc-css-2754679 kc_row\">\n<div class=\"kc-row-container  kc-container\">\n<div class=\"kc-wrap-columns\">\n<div class=\"kc-elm kc-css-2321748 kc_col-sm-12 kc_column kc_col-sm-12\">\n<div class=\"kc-col-container\">\n<div class=\"kc-elm kc-css-2521370\" style=\"height: 90px; clear: both; width:100%;\"><\/div>\n<\/div>\n<\/div>\n<\/div>\n<\/div>\n<\/section>\n<section class=\"kc-elm kc-css-1572657 kc_row\">\n<div class=\"kc-row-container  kc-container\">\n<div class=\"kc-wrap-columns\">\n<div class=\"kc-elm kc-css-2988011 kc_col-sm-4 kc_column kc_col-sm-4\">\n<div class=\"kc-col-container\">\n<div class=\"kc-elm kc-css-3532640 kc_text_block\">\n<h4>LAMPA<\/h4>\n<p>Laboratorij za mehatroniko, proizvodne sisteme in avtomatizacijo<\/p>\n<p>Fakulteta za strojni\u0161tvo, Univerza v Ljubljani<\/p>\n<p>A\u0161ker\u010deva 6<\/p>\n<p>1000 Ljubljana<\/p>\n<p>Slovenija<\/p>\n<\/div>\n<\/div>\n<\/div>\n<div class=\"kc-elm kc-css-690686 kc_col-sm-4 kc_column kc_col-sm-4\">\n<div class=\"kc-col-container\">\n<div class=\"widget widget_nav_menu kc-elm kc-css-2663595\">\n<div class=\"menu-menu-footer-si-container\">\n<ul id=\"menu-menu-footer-si-1\" class=\"menu\">\n<li class=\"menu-item menu-item-type-post_type menu-item-object-page menu-item-4599\"><a href=\"https:\/\/web.fs.uni-lj.si\/lampa\/ekipa\/\">Ekipa<\/a><\/li>\n<li class=\"menu-item menu-item-type-post_type menu-item-object-page menu-item-4600\"><a href=\"https:\/\/web.fs.uni-lj.si\/lampa\/raziskave\/\">Raziskave<\/a><\/li>\n<li class=\"menu-item menu-item-type-post_type menu-item-object-page menu-item-4601\"><a href=\"https:\/\/web.fs.uni-lj.si\/lampa\/clanki\/\">\u010clanki<\/a><\/li>\n<li class=\"menu-item menu-item-type-post_type menu-item-object-page menu-item-4602\"><a href=\"https:\/\/web.fs.uni-lj.si\/lampa\/dogodki\/\">Dogodki<\/a><\/li>\n<li class=\"menu-item menu-item-type-post_type menu-item-object-page menu-item-4603\"><a href=\"https:\/\/web.fs.uni-lj.si\/lampa\/projekti\/\">Projekti<\/a><\/li>\n<li class=\"menu-item menu-item-type-post_type menu-item-object-page menu-item-4604\"><a href=\"https:\/\/web.fs.uni-lj.si\/lampa\/studenti\/\">\u0160tudenti<\/a><\/li>\n<\/ul>\n<\/div>\n<\/div>\n<\/div>\n<\/div>\n<div class=\"kc-elm kc-css-773086 kc_col-sm-4 kc_column kc_col-sm-4\">\n<div class=\"kc-col-container\"><\/div>\n<\/div>\n<\/div>\n<\/div>\n<\/section>\n<section class=\"kc-elm kc-css-3730557 kc_row\">\n<div class=\"kc-row-container  kc-container\">\n<div class=\"kc-wrap-columns\">\n<div class=\"kc-elm kc-css-1507992 kc_col-sm-12 kc_column kc_col-sm-12\">\n<div class=\"kc-col-container\">\n<div class=\"kc-elm kc-css-2212872\" style=\"height: 30px; clear: both; width:100%;\"><\/div>\n<\/div>\n<\/div>\n<\/div>\n<\/div>\n<\/section>\n","protected":false},"excerpt":{"rendered":"<p>Poletna \u0161ola o industrijskem medmre\u017eju stvari in blo\u010dno veri\u017enih tehnologijah 2022 Laboratorij za mehatroniko, proizvodne sisteme in avtomatizacijo, Fakulteta za strojni\u0161tvo, Univerza v Ljubljani 19 Sep 2022 Virtualno robotsko tekmovanje: Renesas Virtual MCU Rally Virtualno tekmovanje 27 Jan 2022 Poletna \u0161ola strojni\u0161tva Fakulteta za strojni\u0161tvo 17 Aug 2021 Poletna \u0161ola o industrijskem medmre\u017eju stvari in [&hellip;]<\/p>\n","protected":false},"author":1,"featured_media":251,"parent":0,"menu_order":0,"comment_status":"closed","ping_status":"closed","template":"","meta":{"footnotes":""},"folder":[465],"class_list":["post-3121","page","type-page","status-publish","has-post-thumbnail","hentry"],"_links":{"self":[{"href":"https:\/\/web.fs.uni-lj.si\/lampa\/wp-json\/wp\/v2\/pages\/3121","targetHints":{"allow":["GET"]}}],"collection":[{"href":"https:\/\/web.fs.uni-lj.si\/lampa\/wp-json\/wp\/v2\/pages"}],"about":[{"href":"https:\/\/web.fs.uni-lj.si\/lampa\/wp-json\/wp\/v2\/types\/page"}],"author":[{"embeddable":true,"href":"https:\/\/web.fs.uni-lj.si\/lampa\/wp-json\/wp\/v2\/users\/1"}],"replies":[{"embeddable":true,"href":"https:\/\/web.fs.uni-lj.si\/lampa\/wp-json\/wp\/v2\/comments?post=3121"}],"version-history":[{"count":5,"href":"https:\/\/web.fs.uni-lj.si\/lampa\/wp-json\/wp\/v2\/pages\/3121\/revisions"}],"predecessor-version":[{"id":4768,"href":"https:\/\/web.fs.uni-lj.si\/lampa\/wp-json\/wp\/v2\/pages\/3121\/revisions\/4768"}],"wp:featuredmedia":[{"embeddable":true,"href":"https:\/\/web.fs.uni-lj.si\/lampa\/wp-json\/wp\/v2\/media\/251"}],"wp:attachment":[{"href":"https:\/\/web.fs.uni-lj.si\/lampa\/wp-json\/wp\/v2\/media?parent=3121"}],"wp:term":[{"taxonomy":"folder","embeddable":true,"href":"https:\/\/web.fs.uni-lj.si\/lampa\/wp-json\/wp\/v2\/folder?post=3121"}],"curies":[{"name":"wp","href":"https:\/\/api.w.org\/{rel}","templated":true}]}}