{"id":3102,"date":"2020-05-21T14:09:57","date_gmt":"2020-05-21T12:09:57","guid":{"rendered":"http:\/\/web.fs.uni-lj.si\/lakos\/?page_id=3102"},"modified":"2024-06-18T12:15:16","modified_gmt":"2024-06-18T10:15:16","slug":"home-page","status":"publish","type":"page","link":"https:\/\/web.fs.uni-lj.si\/lampa\/","title":{"rendered":"Home Page"},"content":{"rendered":"<style type=\"text\/css\">@media only screen and (min-width: 1000px) and (max-width: 5000px){body.kc-css-system .kc-css-2083271{width: 25%;}body.kc-css-system .kc-css-2308398{width: 25%;}body.kc-css-system .kc-css-1769251{width: 25%;}body.kc-css-system .kc-css-1280180{width: 25%;}body.kc-css-system .kc-css-2385898{width: 100%;}}body.kc-css-system .kc-css-2869825{padding-right: 0px;padding-left: 0px;}body.kc-css-system .kc-css-2296160 .seq--kawsa.seq-active .seq-content .seq-title{color: #ffffff;}body.kc-css-system .kc-css-2296160:hover .seq--kawsa.seq-active .seq-content .seq-title{color: #ffffff;}body.kc-css-system .kc-css-2296160 .seq--kawsa{max-height: 100px;}body.kc-css-system .kc-css-261493.kc_title,body.kc-css-system .kc-css-261493 .kc_title,body.kc-css-system .kc-css-261493 .kc_title a.kc_title_link{color: #000000;font-weight: 600;text-align: center;margin-top: 25px;}body.kc-css-system .kc-css-4296021{margin-top: 40px;}body.kc-css-system .kc-css-3157983{font-weight: 400;font-family: Open Sans;}body.kc-css-system .kc-css-2466995 ,body.kc-css-system .kc-css-2466995 p{color: #3b3b3b;font-family: Open Sans;font-size: 12px;line-height: 14px;font-weight: 600;text-transform: none;}@media only screen and (max-width: 999px){body.kc-css-system .kc-css-2083271{margin-left: 0%;width: 50%;}body.kc-css-system .kc-css-2308398{margin-left: 0%;width: 50%;}body.kc-css-system .kc-css-1769251{margin-left: 0%;width: 50%;padding-top: 30px;}body.kc-css-system .kc-css-1280180{margin-left: 0%;width: 50%;padding-top: 30px;}}@media only screen and (max-width: 479px){body.kc-css-system .kc-css-2083271{margin-left: 0%;width: 100%;}body.kc-css-system .kc-css-2308398{margin-left: 0%;width: 100%;}body.kc-css-system .kc-css-1769251{margin-left: 0%;width: 100%;padding-top: 10px;}body.kc-css-system .kc-css-1280180{margin-left: 0%;width: 100%;padding-top: 10px;}}<\/style>\n<section data-kc-fullwidth=\"content\" class=\"kc-elm kc-css-3917424 kc_row\">\n<div class=\"kc-row-container\">\n<div class=\"kc-wrap-columns\">\n<div class=\"kc-elm kc-css-2869825 kc_col-sm-12 kc_column kc_col-sm-12\">\n<div class=\"kc-col-container\">\n<div class=\"sabbi-site-head\">\n<div class=\"sabbi-site-header-meta kc-elm kc-css-2296160 kc-animated kc-animate-eff-fadeIn kc-animate-delay-200\" >\n<div class=\"site-hmsl-content text-center pt_60\">\n<div class=\"seq seq--kawsa\" id=\"sequence\" data-slideautoPlay=\"true\" data-slideautoPlayInterval=\"5000\">\n<div class=\"seq-screen\">\n<ul class=\"seq-canvas\">\n<li class=\"seq-step1\" id=\"step1\" style=\"background-image:url(https:\/\/web.fs.uni-lj.si\/lampa\/wp-content\/uploads\/2021\/08\/ss2021-graphics.jpg)\">\n<div class=\"bg-blend\"><\/div>\n<div class=\"seq-content\" >\n<h2 class=\"seq-title tt_up\" data-seq=\"\">Poletna \u0161ola<\/h2>\n<div class=\"seq-meta\" data-seq=\"\">\n<p class=\"seq-meta-text\">Poletna \u0161ola o Industrijskem medmre\u017eju stvari in blo\u010dno veri\u017enih tehnologijah 2024<\/p>\n<\/p><\/div>\n<p><a href=\"https:\/\/web.fs.uni-lj.si\/lampa\/dogodki\/poletna-sola-o-industrijskem-medmrezju-stvari-iiot-in-blocno-veriznih-tehnologijah-2024\/\" title=\"Poletna \u0161ola o industrijskem medmre\u017eju stvari (IIoT) in blo\u010dno veri\u017enih tehnologijah\" target=\"_self\" class=\"btn-link btn-more\">Preberi ve\u010d<\/a><\/div>\n<\/li>\n<\/ul>\n<div class=\"sec-navigate-wrap pos-y_center\">\n                            <button type=\"button\" class=\"seq-next\"><\/button><br \/>\n                            <button type=\"button\" class=\"seq-prev\"><\/button>\n                        <\/div>\n<\/p><\/div>\n<\/p><\/div>\n<\/p><\/div>\n<\/p><\/div>\n<\/p><\/div>\n<div class=\"kc-elm kc-css-261493 kc-animated kc-animate-eff-fadeInDown kc-title-wrap \">\n<h1 class=\"kc_title\">Laboratorij za mehatroniko, proizvodne sisteme in avtomatizacijo<\/h1>\n<\/div>\n<\/div>\n<\/div>\n<\/div>\n<\/div>\n<\/section>\n<section class=\"kc-elm kc-css-4296021 kc_row\">\n<div class=\"kc-row-container  kc-container\">\n<div class=\"kc-wrap-columns\">\n<div class=\"kc-elm kc-css-2083271 kc_col-sm-3 kc_column kc_col-sm-3\">\n<div class=\"kc-col-container\">\n<article class=\"sabbi-thumlinepost-card solitude-bg__x kc-elm kc-css-2464992\">\n<figure class=\"sabbi-thumlinepost-card-figure\">\n                           <img width=\"1646\" height=\"1248\" src=\"https:\/\/web.fs.uni-lj.si\/lampa\/wp-content\/uploads\/2020\/04\/gostop_43.jpg\" class=\"img-responsive img-thumpost\" alt=\"\" decoding=\"async\" loading=\"lazy\" srcset=\"https:\/\/web.fs.uni-lj.si\/lampa\/wp-content\/uploads\/2020\/04\/gostop_43.jpg 1646w, https:\/\/web.fs.uni-lj.si\/lampa\/wp-content\/uploads\/2020\/04\/gostop_43-300x227.jpg 300w, https:\/\/web.fs.uni-lj.si\/lampa\/wp-content\/uploads\/2020\/04\/gostop_43-1024x776.jpg 1024w, https:\/\/web.fs.uni-lj.si\/lampa\/wp-content\/uploads\/2020\/04\/gostop_43-768x582.jpg 768w, https:\/\/web.fs.uni-lj.si\/lampa\/wp-content\/uploads\/2020\/04\/gostop_43-1536x1165.jpg 1536w\" sizes=\"auto, (max-width: 1646px) 100vw, 1646px\" \/><br \/>\n                          <\/figure>\n<div class=\"sabbi-thumlinepost-card-meta\">\n<h2 class=\"info-box-title ht-5\">Proizvodni sistemi<\/h2>\n<p>Proizvodnja v kontekstu Industrije 4.0: modeliranje, optimizacija in krmiljenje, s poudarkom na vzdr\u017enih in \u010dloveku-prijaznih sistemih.<\/p>\n<\/div>\n<\/article>\n<\/div>\n<\/div>\n<div class=\"kc-elm kc-css-2308398 kc_col-sm-3 kc_column kc_col-sm-3\">\n<div class=\"kc-col-container\">\n<article class=\"sabbi-thumlinepost-card solitude-bg__x kc-elm kc-css-1094985\">\n<figure class=\"sabbi-thumlinepost-card-figure\">\n                           <img width=\"1920\" height=\"1440\" src=\"https:\/\/web.fs.uni-lj.si\/lampa\/wp-content\/uploads\/2020\/04\/fanuc_blur.jpg\" class=\"img-responsive img-thumpost\" alt=\"\" decoding=\"async\" loading=\"lazy\" srcset=\"https:\/\/web.fs.uni-lj.si\/lampa\/wp-content\/uploads\/2020\/04\/fanuc_blur.jpg 1920w, https:\/\/web.fs.uni-lj.si\/lampa\/wp-content\/uploads\/2020\/04\/fanuc_blur-300x225.jpg 300w, https:\/\/web.fs.uni-lj.si\/lampa\/wp-content\/uploads\/2020\/04\/fanuc_blur-1024x768.jpg 1024w, https:\/\/web.fs.uni-lj.si\/lampa\/wp-content\/uploads\/2020\/04\/fanuc_blur-768x576.jpg 768w, https:\/\/web.fs.uni-lj.si\/lampa\/wp-content\/uploads\/2020\/04\/fanuc_blur-1536x1152.jpg 1536w, https:\/\/web.fs.uni-lj.si\/lampa\/wp-content\/uploads\/2020\/04\/fanuc_blur-360x270.jpg 360w\" sizes=\"auto, (max-width: 1920px) 100vw, 1920px\" \/><br \/>\n                          <\/figure>\n<div class=\"sabbi-thumlinepost-card-meta\">\n<h2 class=\"info-box-title ht-5\">Robotika<\/h2>\n<p>Proti pametnim industrijskim, kolaborativnim in mobilnim robotom, ki se u\u010dijo in ki imajo \u010dloveku prijazne intuitivne vmesnike.<\/p>\n<\/div>\n<\/article>\n<\/div>\n<\/div>\n<div class=\"kc-elm kc-css-1769251 kc_col-sm-3 kc_column kc_col-sm-3\">\n<div class=\"kc-col-container\">\n<article class=\"sabbi-thumlinepost-card solitude-bg__x kc-elm kc-css-101459\">\n<figure class=\"sabbi-thumlinepost-card-figure\">\n                           <img width=\"400\" height=\"299\" src=\"https:\/\/web.fs.uni-lj.si\/lampa\/wp-content\/uploads\/2020\/04\/elan-cnc_43.jpg\" class=\"img-responsive img-thumpost\" alt=\"\" decoding=\"async\" loading=\"lazy\" srcset=\"https:\/\/web.fs.uni-lj.si\/lampa\/wp-content\/uploads\/2020\/04\/elan-cnc_43.jpg 400w, https:\/\/web.fs.uni-lj.si\/lampa\/wp-content\/uploads\/2020\/04\/elan-cnc_43-300x224.jpg 300w, https:\/\/web.fs.uni-lj.si\/lampa\/wp-content\/uploads\/2020\/04\/elan-cnc_43-360x270.jpg 360w\" sizes=\"auto, (max-width: 400px) 100vw, 400px\" \/><br \/>\n                          <\/figure>\n<div class=\"sabbi-thumlinepost-card-meta\">\n<h2 class=\"info-box-title ht-5\">Slikovni sistemi<\/h2>\n<p>Sistemi strojnega vida, ki temeljijo na najmodernej\u0161ih metodah umetne inteligence za potrebe obvladovanja kakovosti in avtomatizacije procesov<\/p>\n<\/div>\n<\/article>\n<\/div>\n<\/div>\n<div class=\"kc-elm kc-css-1280180 kc_col-sm-3 kc_column kc_col-sm-3\">\n<div class=\"kc-col-container\">\n<article class=\"sabbi-thumlinepost-card solitude-bg__x kc-elm kc-css-3197793\">\n<figure class=\"sabbi-thumlinepost-card-figure\">\n                           <img width=\"1022\" height=\"768\" src=\"https:\/\/web.fs.uni-lj.si\/lampa\/wp-content\/uploads\/2020\/04\/pcb_robot-e1586255220107.jpg\" class=\"img-responsive img-thumpost\" alt=\"\" decoding=\"async\" loading=\"lazy\" srcset=\"https:\/\/web.fs.uni-lj.si\/lampa\/wp-content\/uploads\/2020\/04\/pcb_robot-e1586255220107.jpg 1022w, https:\/\/web.fs.uni-lj.si\/lampa\/wp-content\/uploads\/2020\/04\/pcb_robot-e1586255220107-300x225.jpg 300w, https:\/\/web.fs.uni-lj.si\/lampa\/wp-content\/uploads\/2020\/04\/pcb_robot-e1586255220107-768x577.jpg 768w, https:\/\/web.fs.uni-lj.si\/lampa\/wp-content\/uploads\/2020\/04\/pcb_robot-e1586255220107-360x270.jpg 360w\" sizes=\"auto, (max-width: 1022px) 100vw, 1022px\" \/><br \/>\n                          <\/figure>\n<div class=\"sabbi-thumlinepost-card-meta\">\n<h2 class=\"info-box-title ht-5\">Mehatronika in krmiljenje<\/h2>\n<p>Razvoj mehatronskih sistemov, senzorjev in aktuatorjev po naro\u010dilu, in razvoj krmilnikov na osnovi najmodernej\u0161ih algoritmov.<\/p>\n<\/div>\n<\/article>\n<\/div>\n<\/div>\n<\/div>\n<\/div>\n<\/section>\n<section class=\"kc-elm kc-css-51184 kc_row\">\n<div class=\"kc-row-container  kc-container\">\n<div class=\"kc-wrap-columns\">\n<div class=\"kc-elm kc-css-256124 kc_col-sm-12 kc_column kc_col-sm-12\">\n<div class=\"kc-col-container\">\n<div class=\"kc-elm kc-css-1802452\" style=\"height: 90px; clear: both; width:100%;\"><\/div>\n<\/div>\n<\/div>\n<\/div>\n<\/div>\n<\/section>\n<section class=\"kc-elm kc-css-3157983 kc_row\">\n<div class=\"kc-row-container  kc-container\">\n<div class=\"kc-wrap-columns\">\n<div class=\"kc-elm kc-css-2385898 kc_col-sm-12 kc_column kc_col-sm-12\">\n<div class=\"kc-col-container\">\n<div class=\"kc-elm kc-css-2466995 kc_text_block\">\n<h4>LAMPA<\/h4>\n<p>Laboratorij za mehatroniko, proizvodne sisteme in avtomatizacijo<\/p>\n<p>Fakulteta za strojni\u0161tvo, Univerza v Ljubljani<\/p>\n<p>A\u0161ker\u010deva 6<\/p>\n<p>1000 Ljubljana<\/p>\n<p>Slovenija<\/p>\n<\/div>\n<\/div>\n<\/div>\n<\/div>\n<\/div>\n<\/section>\n<section class=\"kc-elm kc-css-800298 kc_row\">\n<div class=\"kc-row-container  kc-container\">\n<div class=\"kc-wrap-columns\">\n<div class=\"kc-elm kc-css-2501268 kc_col-sm-12 kc_column kc_col-sm-12\">\n<div class=\"kc-col-container\">\n<div class=\"kc-elm kc-css-1894907\" style=\"height: 30px; clear: both; width:100%;\"><\/div>\n<\/div>\n<\/div>\n<\/div>\n<\/div>\n<\/section>\n","protected":false},"excerpt":{"rendered":"<p>Poletna \u0161ola Poletna \u0161ola o Industrijskem medmre\u017eju stvari in blo\u010dno veri\u017enih tehnologijah 2024 Preberi ve\u010d Laboratorij za mehatroniko, proizvodne sisteme in avtomatizacijo Proizvodni sistemi Proizvodnja v kontekstu Industrije 4.0: modeliranje, optimizacija in krmiljenje, s poudarkom na vzdr\u017enih in \u010dloveku-prijaznih sistemih. Robotika Proti pametnim industrijskim, kolaborativnim in mobilnim robotom, ki se u\u010dijo in ki imajo \u010dloveku [&hellip;]<\/p>\n","protected":false},"author":1,"featured_media":0,"parent":0,"menu_order":0,"comment_status":"closed","ping_status":"closed","template":"","meta":{"footnotes":""},"folder":[465],"class_list":["post-3102","page","type-page","status-publish","hentry"],"_links":{"self":[{"href":"https:\/\/web.fs.uni-lj.si\/lampa\/wp-json\/wp\/v2\/pages\/3102","targetHints":{"allow":["GET"]}}],"collection":[{"href":"https:\/\/web.fs.uni-lj.si\/lampa\/wp-json\/wp\/v2\/pages"}],"about":[{"href":"https:\/\/web.fs.uni-lj.si\/lampa\/wp-json\/wp\/v2\/types\/page"}],"author":[{"embeddable":true,"href":"https:\/\/web.fs.uni-lj.si\/lampa\/wp-json\/wp\/v2\/users\/1"}],"replies":[{"embeddable":true,"href":"https:\/\/web.fs.uni-lj.si\/lampa\/wp-json\/wp\/v2\/comments?post=3102"}],"version-history":[{"count":5,"href":"https:\/\/web.fs.uni-lj.si\/lampa\/wp-json\/wp\/v2\/pages\/3102\/revisions"}],"predecessor-version":[{"id":5151,"href":"https:\/\/web.fs.uni-lj.si\/lampa\/wp-json\/wp\/v2\/pages\/3102\/revisions\/5151"}],"wp:attachment":[{"href":"https:\/\/web.fs.uni-lj.si\/lampa\/wp-json\/wp\/v2\/media?parent=3102"}],"wp:term":[{"taxonomy":"folder","embeddable":true,"href":"https:\/\/web.fs.uni-lj.si\/lampa\/wp-json\/wp\/v2\/folder?post=3102"}],"curies":[{"name":"wp","href":"https:\/\/api.w.org\/{rel}","templated":true}]}}