{"id":257,"date":"2017-08-02T09:22:17","date_gmt":"2017-08-02T09:22:17","guid":{"rendered":"http:\/\/rushmore.wpcolorlab.com\/?page_id=257"},"modified":"2021-07-27T23:57:15","modified_gmt":"2021-07-27T21:57:15","slug":"events","status":"publish","type":"page","link":"https:\/\/web.fs.uni-lj.si\/lampa\/en\/events\/","title":{"rendered":"Events"},"content":{"rendered":"<style type=\"text\/css\"><\/style>\n<section class=\"kc-elm kc-css-4186384 kc_row\">\n<div class=\"kc-row-container  kc-container\">\n<div class=\"kc-wrap-columns\">\n<div class=\"rushmore-content-area page-events stage_events_post\">\n<div class=\"container\">\n<div class=\"events_post-sagment\">\n<div class=\"row\">\n<div class=\"col-sm-6\">\n<article class=\"sabbi-events-item kc-elm kc-css-2907930\">\n                            <a href=\"https:\/\/web.fs.uni-lj.si\/lampa\/en\/events\/industrial-internet-of-things-and-blockchain-technology-summer-school\/\" class=\"sabbi-events-link\"><\/p>\n<figure>\n                                    <img decoding=\"async\" src=\"https:\/\/web.fs.uni-lj.si\/lampa\/wp-content\/uploads\/2021\/07\/poletna-sola-2020-scaled.jpg\" class=\"sabbi-events-img img-responsive\" alt=\"\" loading=\"lazy\" \/><figcaption>\n<h2 class=\"sabbi-events-title font-md__x\">Industrial Internet of Things and Blockchain Technology Summer School<\/h2>\n<\/figcaption><\/figure>\n<p>                            <\/a><\/p>\n<div class=\"events-item-meta\">\n<div class=\"events-loc\"><i class=\"ion-location\"><\/i><span class=\"text\">Laboratory for Mechatronics, Production Systems and Automation, Faculty of Mechanical Engineering, University of Ljubljana<\/span><\/div>\n<div class=\"events-date\"><i class=\"ion-calendar\"><\/i><span class=\"text\"><br \/>\n                                20 Sep 2021                                <\/span><\/div>\n<\/p><\/div>\n<\/article>\n<p><!-- \/.sabbi-events-item -->\n                    <\/div>\n<div class=\"col-sm-6\">\n<article class=\"sabbi-events-item kc-elm kc-css-2907930\">\n                            <a href=\"https:\/\/web.fs.uni-lj.si\/lampa\/events\/poletna-sola-o-industrijskem-medmrezju-stvari-in-blocno-veriznih-tehnologijah\/\" class=\"sabbi-events-link\"><\/p>\n<figure>\n                                    <img decoding=\"async\" src=\"https:\/\/web.fs.uni-lj.si\/lampa\/wp-content\/uploads\/2021\/07\/poletna-sola-2020-scaled.jpg\" class=\"sabbi-events-img img-responsive\" alt=\"\" loading=\"lazy\" \/><figcaption>\n<h2 class=\"sabbi-events-title font-md__x\">Poletna \u0161ola o industrijskem medmre\u017eju stvari in blo\u010dno veri\u017enih tehnologijah<\/h2>\n<\/figcaption><\/figure>\n<p>                            <\/a><\/p>\n<div class=\"events-item-meta\">\n<div class=\"events-loc\"><i class=\"ion-location\"><\/i><span class=\"text\">Laboratorij za mehatroniko, proizvodne sisteme in avtomatizacijo, Fakulteta za strojni\u0161tvo, Univerza v Ljubljani<\/span><\/div>\n<div class=\"events-date\"><i class=\"ion-calendar\"><\/i><span class=\"text\"><br \/>\n                                20 Sep 2021                                <\/span><\/div>\n<\/p><\/div>\n<\/article>\n<p><!-- \/.sabbi-events-item -->\n                    <\/div>\n<div class=\"event-clearfix\"><\/div>\n<\/p><\/div>\n<\/p><\/div>\n<p><!-- \/.events_post-sagment --><\/p>\n<nav aria-label=\"Page navigation\" class=\"pagination_wraper\">\n                        <\/nav>\n<\/p><\/div>\n<\/p><\/div>\n<p><!-- #primary --><\/p>\n<div class=\"kc-elm kc-css-4226414 kc_col-sm-12 kc_column kc_col-sm-12\">\n<div class=\"kc-col-container\"><\/div>\n<\/div>\n<\/div>\n<\/div>\n<\/section>\n","protected":false},"excerpt":{"rendered":"<p>Industrial Internet of Things and Blockchain Technology Summer School Laboratory for Mechatronics, Production Systems and Automation, Faculty of Mechanical Engineering, University of Ljubljana 20 Sep 2021 Poletna \u0161ola o industrijskem medmre\u017eju stvari in blo\u010dno veri\u017enih tehnologijah Laboratorij za mehatroniko, proizvodne sisteme in avtomatizacijo, Fakulteta za strojni\u0161tvo, Univerza v Ljubljani 20 Sep 2021<\/p>\n","protected":false},"author":1,"featured_media":251,"parent":0,"menu_order":0,"comment_status":"closed","ping_status":"closed","template":"","meta":{"footnotes":""},"folder":[465],"class_list":["post-257","page","type-page","status-publish","has-post-thumbnail","hentry"],"_links":{"self":[{"href":"https:\/\/web.fs.uni-lj.si\/lampa\/wp-json\/wp\/v2\/pages\/257","targetHints":{"allow":["GET"]}}],"collection":[{"href":"https:\/\/web.fs.uni-lj.si\/lampa\/wp-json\/wp\/v2\/pages"}],"about":[{"href":"https:\/\/web.fs.uni-lj.si\/lampa\/wp-json\/wp\/v2\/types\/page"}],"author":[{"embeddable":true,"href":"https:\/\/web.fs.uni-lj.si\/lampa\/wp-json\/wp\/v2\/users\/1"}],"replies":[{"embeddable":true,"href":"https:\/\/web.fs.uni-lj.si\/lampa\/wp-json\/wp\/v2\/comments?post=257"}],"version-history":[{"count":4,"href":"https:\/\/web.fs.uni-lj.si\/lampa\/wp-json\/wp\/v2\/pages\/257\/revisions"}],"predecessor-version":[{"id":4159,"href":"https:\/\/web.fs.uni-lj.si\/lampa\/wp-json\/wp\/v2\/pages\/257\/revisions\/4159"}],"wp:featuredmedia":[{"embeddable":true,"href":"https:\/\/web.fs.uni-lj.si\/lampa\/wp-json\/wp\/v2\/media\/251"}],"wp:attachment":[{"href":"https:\/\/web.fs.uni-lj.si\/lampa\/wp-json\/wp\/v2\/media?parent=257"}],"wp:term":[{"taxonomy":"folder","embeddable":true,"href":"https:\/\/web.fs.uni-lj.si\/lampa\/wp-json\/wp\/v2\/folder?post=257"}],"curies":[{"name":"wp","href":"https:\/\/api.w.org\/{rel}","templated":true}]}}