{"id":2674,"date":"2024-02-29T14:14:38","date_gmt":"2024-02-29T13:14:38","guid":{"rendered":"https:\/\/web.fs.uni-lj.si\/cem\/?page_id=2674"},"modified":"2024-02-29T14:14:38","modified_gmt":"2024-02-29T13:14:38","slug":"2022-2","status":"publish","type":"page","link":"https:\/\/web.fs.uni-lj.si\/cem\/?page_id=2674&lang=en","title":{"rendered":"2022"},"content":{"rendered":"\r\n<p class=\"has-text-align-center\"><strong>Articles:<\/strong><\/p>\r\n\r\n\r\n\r\n<ul class=\"wp-block-list\">\r\n<li>GRADI\u0160AR CENTA, Ur\u0161ka, MIHEL\u010cI\u010c, Mohor, BOBNAR, Vid, REM\u0160KAR, Maja, SLEMENIK PER\u0160E, Lidija. The effect of PVP on thermal, mechanical, and dielectric properties in PVDF-HFP\/PVP thin film.&nbsp;<em>Coatings,<\/em> 2022, <a href=\"https:\/\/www.mdpi.com\/2079-6412\/12\/9\/1241\">https:\/\/www.mdpi.com\/2079-6412\/12\/9\/1241<\/a><\/li>\r\n\r\n\r\n\r\n<li>MIHEL\u010cI\u010c, Mohor, KLANJ\u0160EK GUNDE, Marta, SLEMENIK PER\u0160E, Lidija. Rheological behavior of spectrally selective coatings for polymeric solar absorbers.&nbsp;<em>Coatings, <\/em>2022, <a href=\"https:\/\/www.mdpi.com\/2079-6412\/12\/3\/388\">https:\/\/www.mdpi.com\/2079-6412\/12\/3\/388<\/a><\/li>\r\n\r\n\r\n\r\n<li>OPARA KRA\u0160OVEC, Ur\u0161a, VIDMAR, Tja\u0161a, KLANJ\u0160EK GUNDE, Marta, CERC KORO\u0160EC, Romana, SLEMENIK PER\u0160E, Lidija. In-depth rheological characterization of tungsten sol-gel inks for inkjet printing.&nbsp;<em>Coatings,<\/em> 2022, <a href=\"https:\/\/www.mdpi.com\/2079-6412\/12\/2\/112\">https:\/\/www.mdpi.com\/2079-6412\/12\/2\/112<\/a><\/li>\r\n\r\n\r\n\r\n<li>R\u017dEK, Lidija, TU\u0160AR, Marjan, SLEMENIK PER\u0160E, Lidija. Modelling rheological characteristics of rejuvenated aged bitumen.&nbsp;<em>The International journal of pavement engineering,<\/em> 2022, <a href=\"https:\/\/www.tandfonline.com\/doi\/full\/10.1080\/10298436.2020.1799205?scroll=top&amp;needAccess=true\">https:\/\/www.tandfonline.com\/doi\/full\/10.1080\/10298436.2020.1799205?scroll=top&amp;needAccess=true<\/a>,<\/li>\r\n\r\n\r\n\r\n<li>BEK, Marko, AULOVA, Alexandra, PU\u0160NIK \u010cRE\u0160NAR, Klementina, MATKOVI\u010c, Sebastjan, KALIN, Mitjan, SLEMENIK PER\u0160E, Lidija. Long-term creep compliance of wood polymer composites: using untreated wood fibers as a filler in recycled and neat polypropylene matrix.&nbsp;<em>Polymers, <\/em>2022, <a href=\"https:\/\/doi.org\/10.3390\/polym14132539\">https:\/\/doi.org\/10.3390\/polym14132539<\/a><\/li>\r\n\r\n\r\n\r\n<li>\u0160TIRN, \u017diga, \u010cOLOVI\u0106, Marija, VASILJEVI\u0106, Jelena, \u0160OBAK, Matic, \u017dITKO, Gregor, \u010cELAN KORO\u0160IN, Nata\u0161a, SIMON\u010cI\u010c, Barbara, JERMAN, Ivan. Effect of bridged DOPO\/polyurethane nanocomposites on solar absorber coatings with reduced flammability.&nbsp;<em>Solar energy, <\/em>2022, <a href=\"https:\/\/www.sciencedirect.com\/science\/article\/abs\/pii\/S0038092X21010069?via%3Dihub\">https:\/\/www.sciencedirect.com\/science\/article\/abs\/pii\/S0038092X21010069?via%3Dihub<\/a><\/li>\r\n\r\n\r\n\r\n<li>SADAF, Mahrukh, CANO, Santiago, GONZALEZ-GUTIERREZ, Joamin, BRAGAGLIA, Mario, SCHUSCHNIGG, Stephan, KUKLA, Christian, HOLZER, Clemens, V\u00c1LY, Lilla, KITZMANTEL, Michael, NANNI, Francesca. Influence of Binder Composition and aterial Extrusion (MEX) Parameters on the 3D Printing of Highly Filled Copper Feedstocks. <em>Polymers, <\/em>2022,&nbsp; <a href=\"https:\/\/doi.org\/10.3390\/polym14224962\">https:\/\/doi.org\/10.3390\/polym14224962<\/a><\/li>\r\n<\/ul>\r\n\r\n\r\n\r\n<p class=\"has-text-align-center\"><strong>Conference submissions:<\/strong><\/p>\r\n\r\n\r\n\r\n<ul class=\"wp-block-list\">\r\n<li>GRADI\u0160AR CENTA, Ur\u0161ka, KRALJ, Ale\u0161, HALILOVI\u010c, Miroslav, \u017dNIDAR\u0160I\u010c, Matja\u017e, SLEMENIK PER\u0160E, Lidija. Reolo\u0161ke in termi\u010dne lastnosti poliizobutilena-PIB, <em>Kuhljevi dnevi 2022,<\/em> <a href=\"https:\/\/www.drustvozamehaniko.si\/zbornik\/ZbornikKD2022.pdf\">https:\/\/www.drustvozamehaniko.si\/zbornik\/ZbornikKD2022.pdf<\/a><\/li>\r\n\r\n\r\n\r\n<li>MIHEL\u010cI\u010c, Mohor, GRADI\u0160AR CENTA, Ur\u0161ka, SLEMENIK PER\u0160E, Lidija. Vpliv temperaturnega gradienta ohlajanja na kristalizacijo HDPE in LDPE polimera<em>, Kuhljevi dnevi 2022, <\/em><a href=\"https:\/\/www.drustvozamehaniko.si\/zbornik\/ZbornikKD2022.pdf\">https:\/\/www.drustvozamehaniko.si\/zbornik\/ZbornikKD2022.pdf<\/a><\/li>\r\n\r\n\r\n\r\n<li>OSELI, Alen, SLEMENIK PER\u0160E, Lidija. Posreden in neposreden vpliv omre\u017eja iz enostenskih-ogljikovih nanocevk v politelienu visoke gostote na \u010dasovno odvisno mehansko vedenje<em>, Kuhljevi dnevi 2022,<\/em> <a href=\"https:\/\/www.drustvozamehaniko.si\/zbornik\/ZbornikKD2022.pdf\">https:\/\/www.drustvozamehaniko.si\/zbornik\/ZbornikKD2022.pdf<\/a><\/li>\r\n\r\n\r\n\r\n<li>GRADI\u0160AR CENTA, Ur\u0161ka, STERNI\u0160A, Meta, SMOLE MO\u017dINA, Sonja, REM\u0160KAR, Maja. Polimerno nanokompozitna prevleka na dotikalnih povr\u0161inah s \u0161irokospektralnim protimikrobnim delovanjem<em>, Dneva biofizike 2022,<\/em> <a href=\"http:\/\/www.drustvo-biofizikov.si\/40let\/\">http:\/\/www.drustvo-biofizikov.si\/40let\/<\/a><\/li>\r\n\r\n\r\n\r\n<li>OSELI, Alen, TOMKOVIC, Tanja, MIHEL\u010cI\u010c, Mohor, HATZIKIRIAKOS, Savvas G., VESEL, Alenka, SLEMENIK PER\u0160E, Lidija. Network formation in carbon nanotube polymer-based nanocomposites during injection and compression molding<em>, 10th International Conference of the Hellenic Society of Rheology, 2022<\/em><\/li>\r\n\r\n\r\n\r\n<li>OSELI, Alen, MIHEL\u010cI\u010c, Mohor, SLEMENIK PER\u0160E, Lidija. Understanding carbon-nanotube network formation in polymer-based nanocomposites. <em>AERC 2022<\/em><\/li>\r\n<\/ul>\r\n","protected":false},"excerpt":{"rendered":"<p>Articles: Conference submissions:<\/p>\n","protected":false},"author":1,"featured_media":0,"parent":0,"menu_order":0,"comment_status":"closed","ping_status":"closed","template":"","meta":{"_et_pb_use_builder":"","_et_pb_old_content":"","_et_gb_content_width":"","footnotes":""},"class_list":["post-2674","page","type-page","status-publish","hentry"],"aioseo_notices":[],"_links":{"self":[{"href":"https:\/\/web.fs.uni-lj.si\/cem\/index.php?rest_route=\/wp\/v2\/pages\/2674","targetHints":{"allow":["GET"]}}],"collection":[{"href":"https:\/\/web.fs.uni-lj.si\/cem\/index.php?rest_route=\/wp\/v2\/pages"}],"about":[{"href":"https:\/\/web.fs.uni-lj.si\/cem\/index.php?rest_route=\/wp\/v2\/types\/page"}],"author":[{"embeddable":true,"href":"https:\/\/web.fs.uni-lj.si\/cem\/index.php?rest_route=\/wp\/v2\/users\/1"}],"replies":[{"embeddable":true,"href":"https:\/\/web.fs.uni-lj.si\/cem\/index.php?rest_route=%2Fwp%2Fv2%2Fcomments&post=2674"}],"version-history":[{"count":1,"href":"https:\/\/web.fs.uni-lj.si\/cem\/index.php?rest_route=\/wp\/v2\/pages\/2674\/revisions"}],"predecessor-version":[{"id":2676,"href":"https:\/\/web.fs.uni-lj.si\/cem\/index.php?rest_route=\/wp\/v2\/pages\/2674\/revisions\/2676"}],"wp:attachment":[{"href":"https:\/\/web.fs.uni-lj.si\/cem\/index.php?rest_route=%2Fwp%2Fv2%2Fmedia&parent=2674"}],"curies":[{"name":"wp","href":"https:\/\/api.w.org\/{rel}","templated":true}]}}