{"id":2668,"date":"2024-02-29T14:00:23","date_gmt":"2024-02-29T13:00:23","guid":{"rendered":"https:\/\/web.fs.uni-lj.si\/cem\/?page_id=2668"},"modified":"2024-02-29T14:00:23","modified_gmt":"2024-02-29T13:00:23","slug":"2023-2","status":"publish","type":"page","link":"https:\/\/web.fs.uni-lj.si\/cem\/?page_id=2668&lang=en","title":{"rendered":"2023"},"content":{"rendered":"\r\n<p><\/p>\r\n\r\n\r\n\r\n<p class=\"has-text-align-center\"><strong>Articles:<\/strong><\/p>\r\n\r\n\r\n\r\n<ul class=\"wp-block-list\">\r\n<li>OSELI, Alen, TOMKOVI\u0106, Tanja, HATZIKIRIAKOS, Savvas G., VESEL, Alenka, ARZEN\u0160EK, Matija, ROJAC, Tadej, MIHEL\u010cI\u010c, Mohor, SLEMENIK PER\u0160E, Lidija. Carbon nanotube network formation and configuration\/morphology on reinforcing and conductive performance of polymer-based nanocomposites, <em>Composites science and technology, <\/em>2023, <a href=\"https:\/\/www.sciencedirect.com\/science\/article\/abs\/pii\/S0266353823001033\">https:\/\/www.sciencedirect.com\/science\/article\/abs\/pii\/S0266353823001033<\/a><\/li>\r\n\r\n\r\n\r\n<li>JAN, Petra, MATKOVI\u010c, Sebastjan, BEK, Marko, SLEMENIK PER\u0160E, Lidija, KALIN, Mitjan. Tribological behaviour of green wood-based unrecycled and recycled polypropylene composites. <em>Wear<\/em>, 2023, <a href=\"https:\/\/www.sciencedirect.com\/science\/article\/pii\/S0043164823002090\" target=\"_blank\" rel=\"noreferrer noopener\">https:\/\/www.sciencedirect.com\/science\/article\/pii\/S0043164823002090<\/a><\/li>\r\n\r\n\r\n\r\n<li>STERNI\u0160A, Meta, GRADI\u0160AR CENTA, Ur\u0161ka, DRNOV\u0160EK, Alja\u017e, REM\u0160KAR, Maja, SMOLE MO\u017dINA, Sonja. <em>Pseudomonas fragi<\/em> biofilm on stainless steel (at low temperatures) affects the survival of <em>Campylobacter jejuni<\/em> and <em>Listeria monocytogenes<\/em> and their control by a polymer molybdenum oxide nanocomposite coating. <em>International journal of food microbiology,<\/em> 2023, <a href=\"https:\/\/www.sciencedirect.com\/science\/article\/pii\/S0168160523000752\" target=\"_blank\" rel=\"noreferrer noopener\">https:\/\/www.sciencedirect.com\/science\/article\/pii\/S0168160523000752<\/a><\/li>\r\n\r\n\r\n\r\n<li>\u017dIGON, Jure, GRADI\u0160AR CENTA, Ur\u0161ka, REM\u0160KAR, Maja, HUMAR, Miha. Application and characterization of a novel PVDF-HFP\/PVP polymer composite with MoO3 nanowires as a protective coating for wood. <em>Scientific reports,<\/em> 2023, <a href=\"https:\/\/www.nature.com\/articles\/s41598-023-30622-y\" target=\"_blank\" rel=\"noreferrer noopener\">https:\/\/www.nature.com\/articles\/s41598-023-30622-y<\/a><\/li>\r\n<\/ul>\r\n\r\n\r\n\r\n<p class=\"has-text-align-center\"><strong>Conference submissions:<\/strong><\/p>\r\n\r\n\r\n\r\n<ul class=\"wp-block-list\">\r\n<li>GRADI\u0160AR CENTA, Ur\u0161ka, KREFT, Klemen, SLEMENIK PER\u0160E, Lidija. Rheological properties of polymeric composites with ketoprofen. <em>Akademija strojni\u0161tva 2023, <\/em><a href=\"https:\/\/web.fs.uni-lj.si\/cem\/wp-admin\/_wp_link_placeholder\"><em>https:\/\/www.zveza-zsis.si\/2023\/11\/22\/akademija-strojnistva-2023-november-2023\/#dflip-df_11488\/39\/<\/em><\/a><\/li>\r\n\r\n\r\n\r\n<li>GRADI\u0160AR CENTA, Ur\u0161ka, KREFT, Klemen, SLEMENIK PER\u0160E, Lidija. Reolo\u0161ke lastnosti polimernih zmesi s farmacevtsko u\u010dinkovino za pripravo filamentov in izdelavo 3D tiskanih tablet. <em>Kuhljevi dnevi 2023,<\/em> <a href=\"http:\/\/www.drustvozamehaniko.si\/zbornik\/ZbornikKD2023.pdf\" target=\"_blank\" rel=\"noreferrer noopener\">http:\/\/www.drustvozamehaniko.si\/zbornik\/ZbornikKD2023.pdf<\/a>.<\/li>\r\n\r\n\r\n\r\n<li>MIHEL\u010cI\u010c, Mohor, HUSKI\u0106, Miroslav, SLEMENIK PER\u0160E, Lidija. Influence of additives on structural and morphological characterisation of calendered isotactic polypropylene foils. <em>Akademija strojni\u0161tva 2023,<\/em><\/li>\r\n\r\n\r\n\r\n<li>MIHEL\u010cI\u010c, Mohor, SLEMENIK PER\u0160E, Lidija. Vpliv dodatka za obnovitev mehanskih lastnosti recikliranega polipropilena.<em> Kuhljevi dnevi 2023,<\/em><a href=\"http:\/\/www.drustvozamehaniko.si\/zbornik\/ZbornikKD2023.pdf\" target=\"_blank\" rel=\"noreferrer noopener\"> http:\/\/www.drustvozamehaniko.si\/zbornik\/ZbornikKD2023.pdf<\/a>.<\/li>\r\n\r\n\r\n\r\n<li>SERAFIMOSKI, Stefan, MIHEL\u010cI\u010c, Mohor, SADAF, Mahrukh, SLEMENIK PER\u0160E, Lidija. Vpliv razli\u010dnih aditivov na reologijo talin LDPE\/PP me\u0161anic.&nbsp; <em>Kuhljevi dnevi 2023,<\/em> <a href=\"http:\/\/www.drustvozamehaniko.si\/zbornik\/ZbornikKD2023.pdf\" target=\"_blank\" rel=\"noreferrer noopener\">http:\/\/www.drustvozamehaniko.si\/zbornik\/ZbornikKD2023.pdf<\/a>.<\/li>\r\n<\/ul>\r\n","protected":false},"excerpt":{"rendered":"<p>Articles: Conference submissions:<\/p>\n","protected":false},"author":1,"featured_media":0,"parent":0,"menu_order":0,"comment_status":"closed","ping_status":"closed","template":"","meta":{"_et_pb_use_builder":"","_et_pb_old_content":"","_et_gb_content_width":"","footnotes":""},"class_list":["post-2668","page","type-page","status-publish","hentry"],"aioseo_notices":[],"_links":{"self":[{"href":"https:\/\/web.fs.uni-lj.si\/cem\/index.php?rest_route=\/wp\/v2\/pages\/2668","targetHints":{"allow":["GET"]}}],"collection":[{"href":"https:\/\/web.fs.uni-lj.si\/cem\/index.php?rest_route=\/wp\/v2\/pages"}],"about":[{"href":"https:\/\/web.fs.uni-lj.si\/cem\/index.php?rest_route=\/wp\/v2\/types\/page"}],"author":[{"embeddable":true,"href":"https:\/\/web.fs.uni-lj.si\/cem\/index.php?rest_route=\/wp\/v2\/users\/1"}],"replies":[{"embeddable":true,"href":"https:\/\/web.fs.uni-lj.si\/cem\/index.php?rest_route=%2Fwp%2Fv2%2Fcomments&post=2668"}],"version-history":[{"count":1,"href":"https:\/\/web.fs.uni-lj.si\/cem\/index.php?rest_route=\/wp\/v2\/pages\/2668\/revisions"}],"predecessor-version":[{"id":2670,"href":"https:\/\/web.fs.uni-lj.si\/cem\/index.php?rest_route=\/wp\/v2\/pages\/2668\/revisions\/2670"}],"wp:attachment":[{"href":"https:\/\/web.fs.uni-lj.si\/cem\/index.php?rest_route=%2Fwp%2Fv2%2Fmedia&parent=2668"}],"curies":[{"name":"wp","href":"https:\/\/api.w.org\/{rel}","templated":true}]}}