{"id":2528,"date":"2023-11-27T22:53:41","date_gmt":"2023-11-27T21:53:41","guid":{"rendered":"https:\/\/web.fs.uni-lj.si\/cem\/?page_id=2528"},"modified":"2023-11-27T23:20:13","modified_gmt":"2023-11-27T22:20:13","slug":"razvoj-veckomponentnih-trajnih-magnetov-kompleksnih-oblik-z-uporabo-napredne-tehnologije-3d-tiskanja","status":"publish","type":"page","link":"https:\/\/web.fs.uni-lj.si\/cem\/?page_id=2528&lang=en","title":{"rendered":"Razvoj ve\u010dkomponentnih trajnih magnetov kompleksnih oblik z uporabo napredne tehnologije 3D tiskanja"},"content":{"rendered":"\n<p>S prehodom na obnovljivo energijo in elektri\u010dno mobilnost, zlasti za motorje hibridnih elektri\u010dnih vozil (HEV) in elektri\u010dnih vozil (EV), so trajni magneti (TM), zlasti Nd-Fe-B magneti, ena izmed najbolj nujnih surovin, ki jih potrebuje moderna Evropa, saj so sestavni del pretvorbe energije v elektromotorje in generatorje. Zaradi povpra\u0161evanja po ve\u010dji u\u010dinkovitosti, ni\u017ejih stro\u0161kih in razvrstitvi surovin kot kriti\u010dnih za EU, se vedno bolj pove\u010dujejo industrijska in znanstvena prizadevanja za oblikovanje nove generacije Nd-Fe-B magnetov tako po obliki kot sestavi.<\/p>\n\n\n\n<p>Cilj predlaganega projekta je razvoj novega tipa magneta, ki bo imel manj\u0161o vsebnost te\u017ekih redkih zemelj in pove\u010dano u\u010dinkovitost z uporabo sprememb pri obliki magneta, kot je zamenjava magnetov tipa &#8220;V&#8221; z enim magnetnim telesom ukrivljene oblike, ali z uvajanjem hladilnih struktur in majhnih laminacij \/ segmentov, da se tako zmanj\u0161ajo izgube zaradi vrtin\u010dnih tokov. To bo dose\u017eeno z uporabo napredne tehnologije 3D tiskanja, ki je vro\u010da tema v dana\u0161njem proizvodnem procesu, vendar v proizvodnji magnetov \u0161e ni bila uporabljena. Razvili bomo simulacije, da bi dosegli najbolj\u0161e zasnove za magnete v pogonskem motorju. Ti novi oblikovni koncepti bodo v nadaljevanju natisnjeni v modificiranem tiskalniku po principu ciljnega nalaganja materiala po plasteh (FDM).<\/p>\n\n\n\n<p>Razli\u010dni filamenti bodo pripravljeni z razli\u010dno vsebnostjo te\u017ekih redkih zemelj. Ti bodo hkrati natisnjeni v postopku razvoja ve\u010dkomponentnih magnetov z visokimi magnetnimi lastnostmi le v obmo\u010djih, kjer je magnet izpostavljen najve\u010dji demagnetizacijski obremenitvi. Da bomo dosegli dobre magnetne lastnosti po tiskanju, bomo polimer odstranili in tako dobljeni zelenec sintrali, tako da bomo dobili magnet visoke gostote. Ker to na ve\u010dkomponentnih magnetih nikoli \u0161e ni bilo izvedeno, je potrebno posebno pozornost posvetiti odstranjevanju polimera in sintranju zaradi razli\u010dnih temperatur sintranja materialov. Za oceno gospodarskega in okoljskega vidika predlaganega proizvodnega procesa bomo izvedli temeljita analize kot so: LCA (Life Cycle Analysis) in LCC (Life Cost Cycle) ter rezultate primerjali s klasi\u010dnim sintranjem s naknadno termi\u010dno in\/ali mehansko obdelavo.<\/p>\n","protected":false},"excerpt":{"rendered":"<p>S prehodom na obnovljivo energijo in elektri\u010dno mobilnost, zlasti za motorje hibridnih elektri\u010dnih vozil (HEV) in elektri\u010dnih vozil (EV), so trajni magneti (TM), zlasti Nd-Fe-B magneti, ena izmed najbolj nujnih surovin, ki jih potrebuje moderna Evropa, saj so sestavni del pretvorbe energije v elektromotorje in generatorje. Zaradi povpra\u0161evanja po ve\u010dji u\u010dinkovitosti, ni\u017ejih stro\u0161kih in razvrstitvi [&hellip;]<\/p>\n","protected":false},"author":1,"featured_media":0,"parent":0,"menu_order":0,"comment_status":"closed","ping_status":"closed","template":"","meta":{"_et_pb_use_builder":"","_et_pb_old_content":"","_et_gb_content_width":"","footnotes":""},"class_list":["post-2528","page","type-page","status-publish","hentry"],"aioseo_notices":[],"_links":{"self":[{"href":"https:\/\/web.fs.uni-lj.si\/cem\/index.php?rest_route=\/wp\/v2\/pages\/2528","targetHints":{"allow":["GET"]}}],"collection":[{"href":"https:\/\/web.fs.uni-lj.si\/cem\/index.php?rest_route=\/wp\/v2\/pages"}],"about":[{"href":"https:\/\/web.fs.uni-lj.si\/cem\/index.php?rest_route=\/wp\/v2\/types\/page"}],"author":[{"embeddable":true,"href":"https:\/\/web.fs.uni-lj.si\/cem\/index.php?rest_route=\/wp\/v2\/users\/1"}],"replies":[{"embeddable":true,"href":"https:\/\/web.fs.uni-lj.si\/cem\/index.php?rest_route=%2Fwp%2Fv2%2Fcomments&post=2528"}],"version-history":[{"count":2,"href":"https:\/\/web.fs.uni-lj.si\/cem\/index.php?rest_route=\/wp\/v2\/pages\/2528\/revisions"}],"predecessor-version":[{"id":2541,"href":"https:\/\/web.fs.uni-lj.si\/cem\/index.php?rest_route=\/wp\/v2\/pages\/2528\/revisions\/2541"}],"wp:attachment":[{"href":"https:\/\/web.fs.uni-lj.si\/cem\/index.php?rest_route=%2Fwp%2Fv2%2Fmedia&parent=2528"}],"curies":[{"name":"wp","href":"https:\/\/api.w.org\/{rel}","templated":true}]}}