{"id":2526,"date":"2023-11-27T22:53:41","date_gmt":"2023-11-27T21:53:41","guid":{"rendered":"https:\/\/web.fs.uni-lj.si\/cem\/?page_id=2526"},"modified":"2023-11-28T11:05:44","modified_gmt":"2023-11-28T10:05:44","slug":"trajnostna-uporaba-polimerov-v-gospodinjskih-aparatih","status":"publish","type":"page","link":"https:\/\/web.fs.uni-lj.si\/cem\/?page_id=2526&lang=en","title":{"rendered":"Trajnostna uporaba polimerov v gospodinjskih aparatih"},"content":{"rendered":"\n<p>Ena glavnih zna\u010dilnosti polimernih materialov je, da se njihove mehanske lastnosti (lastnosti, ki dolo\u010dajo strukturno trdnost izdelka) s \u010dasom, obremenitvijo in okoljskimi pogoji lahko mo\u010dno spremenijo. V praksi to pomeni, da se lahko funkcionalnost in trajnost izdelkov, ki so narejeni iz polimerov, v njihovem \u017eivljenjskem ciklu, bistveno spremeni, kar vodi do prezgodnje funkcionalne ali strukturne okvare polimernih izdelkov.<\/p>\n\n\n\n<p>O\u010ditno je, da bo potrebno prednosti uporabe polimerov v gospodinjskih aparatih uravnote\u017eiti z zahtevami po ve\u010dji trajnosti, kar je povezano s sposobnostjo zanesljive napovedi dolgoro\u010dnega vedenja polimernih izdelkov, ki so med uporabo izpostavljeni razli\u010dnim okoljskim pogojem. V skladu s tem je glavni cilj predlaganega aplikativnega projekta razviti metodologijo za napovedovanje \u010dasovno odvisnega napetostno-deformacijskega vedenja polimernih izdelkov pri nizkih do srednjih napetostih, pri razli\u010dnih temperaturah in vla\u017enosti. Metodologija bo omogo\u010dila proizvodnjo gospodinjskih aparatov z novimi oblikovalskimi re\u0161itvami z dalj\u0161o \u017eivljenjsko dobo in manj\u0161im vplivom na okolje. Metodologija bo temeljila na natan\u010dni karakterizaciji \u010dasovno odvisnih lastnosti materiala in napovedovanju dolgoro\u010dnega vedenja materiala, skupaj z validiranim FEM materialnim modelom.<\/p>\n\n\n\n<p>Metodologija bo vklju\u010devala popis nelinearnih \u010dasovno odvisnih procesov in bo omejena na obremenitve s konstantno napetostjo, ter bo veljavna tudi do obmo\u010dja izrazitih nelinearnosti materiala oziroma do odpovedi materiala. \u010ceprav je podro\u010dje nelinearnega viskoelasti\u010dnega vedenja polimerov razmeroma znano, pa nelinearni modeli \u0161e niso bili uporabljeni za napovedovanje dolgoro\u010dnega vedenja materiala, kar je eden glavnih ciljev tega projekta.<\/p>\n","protected":false},"excerpt":{"rendered":"<p>Ena glavnih zna\u010dilnosti polimernih materialov je, da se njihove mehanske lastnosti (lastnosti, ki dolo\u010dajo strukturno trdnost izdelka) s \u010dasom, obremenitvijo in okoljskimi pogoji lahko mo\u010dno spremenijo. V praksi to pomeni, da se lahko funkcionalnost in trajnost izdelkov, ki so narejeni iz polimerov, v njihovem \u017eivljenjskem ciklu, bistveno spremeni, kar vodi do prezgodnje funkcionalne ali strukturne [&hellip;]<\/p>\n","protected":false},"author":1,"featured_media":0,"parent":0,"menu_order":0,"comment_status":"closed","ping_status":"closed","template":"","meta":{"_et_pb_use_builder":"","_et_pb_old_content":"","_et_gb_content_width":"","footnotes":""},"class_list":["post-2526","page","type-page","status-publish","hentry"],"aioseo_notices":[],"_links":{"self":[{"href":"https:\/\/web.fs.uni-lj.si\/cem\/index.php?rest_route=\/wp\/v2\/pages\/2526","targetHints":{"allow":["GET"]}}],"collection":[{"href":"https:\/\/web.fs.uni-lj.si\/cem\/index.php?rest_route=\/wp\/v2\/pages"}],"about":[{"href":"https:\/\/web.fs.uni-lj.si\/cem\/index.php?rest_route=\/wp\/v2\/types\/page"}],"author":[{"embeddable":true,"href":"https:\/\/web.fs.uni-lj.si\/cem\/index.php?rest_route=\/wp\/v2\/users\/1"}],"replies":[{"embeddable":true,"href":"https:\/\/web.fs.uni-lj.si\/cem\/index.php?rest_route=%2Fwp%2Fv2%2Fcomments&post=2526"}],"version-history":[{"count":4,"href":"https:\/\/web.fs.uni-lj.si\/cem\/index.php?rest_route=\/wp\/v2\/pages\/2526\/revisions"}],"predecessor-version":[{"id":2605,"href":"https:\/\/web.fs.uni-lj.si\/cem\/index.php?rest_route=\/wp\/v2\/pages\/2526\/revisions\/2605"}],"wp:attachment":[{"href":"https:\/\/web.fs.uni-lj.si\/cem\/index.php?rest_route=%2Fwp%2Fv2%2Fmedia&parent=2526"}],"curies":[{"name":"wp","href":"https:\/\/api.w.org\/{rel}","templated":true}]}}