{"id":2522,"date":"2023-11-27T22:51:31","date_gmt":"2023-11-27T21:51:31","guid":{"rendered":"https:\/\/web.fs.uni-lj.si\/cem\/?page_id=2522"},"modified":"2023-11-27T23:13:44","modified_gmt":"2023-11-27T22:13:44","slug":"razvoj-tehnicnih-smernic-za-stirislojne-zasteklitve","status":"publish","type":"page","link":"https:\/\/web.fs.uni-lj.si\/cem\/?page_id=2522&lang=en","title":{"rendered":"Razvoj tehni\u010dnih smernic za \u0161tirislojne zasteklitve"},"content":{"rendered":"\n<p class=\"has-text-align-left\">\u0160tirislojna zasteklitev nudi do 50% zni\u017eanje toplotne prehodnosti oken v primerjavi s trojno zasteklitvijo, omogo\u010da opustitev zunanjih sen\u010dil, opustitev konvencionalnega ogrevanja, pripomore k ve\u010d udobja in omogo\u010da ve\u010d arhitekturne svobode. Uporaba \u0161tirislojne zasteklitve omogo\u010da tudi zmanj\u0161anje potrebe po sezonski hrambi energije. \u010ceprav morda izgleda nadgraditev izdelka z dodatno komoro in stekleno plo\u0161\u010do trivialno, temu \u0161e zdale\u010d ni tako. Pri ve\u010djem \u0161tevilu komor je temperatura plina v komorah na sredini izdelka bistveno ve\u010dja kot pri manj\u0161em, ker so sredinske komore izolirane z ostalimi in te\u017eko oddajo toploto, ki jo dobijo z absorpcijo son\u010dnega sevanja. Posledi\u010dno pove\u010devanje tlaka povzro\u010da upogibanje steklenih plo\u0161\u010d in deformacijo tesnil s \u010dasovno odvisnimi snovnimi lastnostmi, kar predstavlja zahteven termomehanski problem, predvsem z vidika trajnosti izdelka.<\/p>\n\n\n\n<p>Osrednji cilj projekta je zato izdelati in objaviti in\u017eenirska orodja &#8211; smernice za dimenzioniranje, kvalifikacijsko preizku\u0161anje in gradbeno fiziko gradnje z uporabo \u0161tirislojnih zasteklitev tako za okna kot za zastekljene fasade. Cilj bomo dosegli s preu\u010ditvijo u\u010dinkov vgradnje \u0161tirislojne zasteklitve na stavbo ter z nadgradnjo dveh obstoje\u010dih standardov za dimenzioniranje in kvalifikacijo zasteklitev z raz\u0161iritvijo na veljavnost za \u0161tirislojne zasteklitve.<\/p>\n\n\n\n<p>Projekt predvideva izdelavo smernic za konstruiranje v obliki modelnih ena\u010db, ki ob znanih vhodnih podatkih dajo klju\u010dne karakteristike glede zdr\u017eljivosti strukture, npr. napetosti v steklih in tesnilih, deformiranost tesnil ipd., kar omogo\u010da razvojnemu in\u017eenirju hitro pridobivanje rezultatov ob variacijah zunanjih dimenzij, debeline in tipov stekel in nanosov za stekla, vrste distan\u010dnikov in tesnil, s tem pa iskanje optimalne re\u0161itve.<\/p>\n\n\n\n<p><\/p>\n","protected":false},"excerpt":{"rendered":"<p>\u0160tirislojna zasteklitev nudi do 50% zni\u017eanje toplotne prehodnosti oken v primerjavi s trojno zasteklitvijo, omogo\u010da opustitev zunanjih sen\u010dil, opustitev konvencionalnega ogrevanja, pripomore k ve\u010d udobja in omogo\u010da ve\u010d arhitekturne svobode. Uporaba \u0161tirislojne zasteklitve omogo\u010da tudi zmanj\u0161anje potrebe po sezonski hrambi energije. \u010ceprav morda izgleda nadgraditev izdelka z dodatno komoro in stekleno plo\u0161\u010do trivialno, temu \u0161e [&hellip;]<\/p>\n","protected":false},"author":1,"featured_media":0,"parent":0,"menu_order":0,"comment_status":"closed","ping_status":"closed","template":"","meta":{"_et_pb_use_builder":"","_et_pb_old_content":"","_et_gb_content_width":"","footnotes":""},"class_list":["post-2522","page","type-page","status-publish","hentry"],"aioseo_notices":[],"_links":{"self":[{"href":"https:\/\/web.fs.uni-lj.si\/cem\/index.php?rest_route=\/wp\/v2\/pages\/2522","targetHints":{"allow":["GET"]}}],"collection":[{"href":"https:\/\/web.fs.uni-lj.si\/cem\/index.php?rest_route=\/wp\/v2\/pages"}],"about":[{"href":"https:\/\/web.fs.uni-lj.si\/cem\/index.php?rest_route=\/wp\/v2\/types\/page"}],"author":[{"embeddable":true,"href":"https:\/\/web.fs.uni-lj.si\/cem\/index.php?rest_route=\/wp\/v2\/users\/1"}],"replies":[{"embeddable":true,"href":"https:\/\/web.fs.uni-lj.si\/cem\/index.php?rest_route=%2Fwp%2Fv2%2Fcomments&post=2522"}],"version-history":[{"count":3,"href":"https:\/\/web.fs.uni-lj.si\/cem\/index.php?rest_route=\/wp\/v2\/pages\/2522\/revisions"}],"predecessor-version":[{"id":2537,"href":"https:\/\/web.fs.uni-lj.si\/cem\/index.php?rest_route=\/wp\/v2\/pages\/2522\/revisions\/2537"}],"wp:attachment":[{"href":"https:\/\/web.fs.uni-lj.si\/cem\/index.php?rest_route=%2Fwp%2Fv2%2Fmedia&parent=2522"}],"curies":[{"name":"wp","href":"https:\/\/api.w.org\/{rel}","templated":true}]}}