{"id":1697,"date":"2018-03-06T16:23:46","date_gmt":"2018-03-06T15:23:46","guid":{"rendered":"http:\/\/web.fs.uni-lj.si\/cem\/?page_id=1697"},"modified":"2020-03-23T14:51:50","modified_gmt":"2020-03-23T13:51:50","slug":"nanopim","status":"publish","type":"page","link":"https:\/\/web.fs.uni-lj.si\/cem\/?page_id=1697&lang=sl","title":{"rendered":"Kompoziti z visoko koncentracijo delcev"},"content":{"rendered":"<p style=\"text-align: center;\"><strong>\u00bbReolo\u0161ko obna\u0161anje in mehanske lastnosti pri procesiranju polimernih sistemov z visoko koncentracijo trdnih delcev\u00ab<\/strong><\/p>\n<p style=\"text-align: center;\"><strong>J2-9443 (D) (1.11.2018 &#8211; 31.10.2021)<\/strong><br \/>\n<strong>Vodja: Lidija Slemenik Per\u0161e<\/strong><\/p>\n<p><em>Sodelujo\u010di partnerji:\u00a0 <\/em>Lotri\u010d d.o.o., Fakulteta za strojni\u0161tvo UL (TINT in CEM)<\/p>\n<p><em>Preko bilateralnega projekta:<\/em> Leoben<\/p>\n<p>Kompoziti z visoko koncentracijo trdnih delcev (\u00bbhighly filled\u00ab, v nadaljevanju VK kompoziti) ali koncentrirane suspenzije so po navadi polimeri z velikim volumskim dele\u017eem polnila ali delcev (anorganskih ali organskih), ki so lahko makro-, mikro- ali nano velikosti. Ti delci lahko imajo raznovrstno kemijsko sestavo, obliko, velikosti in porazdelitve velikosti. V splo\u0161nem so namenjeni izbolj\u0161anju specifi\u010dnih lastnosti polimernega kompozita, kar lahko vklju\u010duje reolo\u0161ke, mehanske, dielektri\u010dne, prevodne, opti\u010dne, luminiscen\u010dne in druge lastnosti. Zaradi svoje vsestranskosti se VK kompoziti nahajajo v \u0161tevilnih panogah, kot so avtomobilska industrija, proizvodnja aditivov, biomedicina, podro\u010dje baterij, keramike, kompozitov, magnetizma, elektronska embala\u017ea, trdna goriva, beton in druge.<br \/>\nPredelava VK kompozitov je lahko te\u017eavna, saj so za obdelavo teh materialov in pridobivanje \u017eelene strukture v splo\u0161nem potrebne visoke temperature in stri\u017ene hitrosti. Visoko-koncentrirani polimeri v talini izkazujejo nelinearno reolo\u0161ko vedenje, kot so: zdrs ob stenah, lo\u010devanje delcev od polimernega veziva, nabrekanje in povr\u0161inske nestabilnosti. Na podro\u010dju visoko-koncentriranih polimerov je bilo opravljenih ve\u010d \u0161tudij, zlasti za polimere z nizko viskoznostjo (suspenzije). Pri polimerih z visoko viskoznostjo pa najdemo ugotovitve, ki so pogosto protislovne, mehanizmi za njihovo vedenje pa niso dobro razumljeni. Trenutno tudi \u0161e ni na voljo matemati\u010dnih modelov, ki bi lahko natan\u010dno napovedali tok VK kompozitov v talini, saj obstoje\u010di modeli ne upo\u0161tevajo vpliva stri\u017ene hitrosti in koncentracije delcev na reolo\u0161ko vedenje taline.<br \/>\nZato je vsebina tega projekta namenjena sistemati\u010dnemu eksperimentalnemu prou\u010devanju posameznih komponent VK kompozitov in njihovega vpliva na reolo\u0161ke in predelovalne lastnosti, ter na lastnosti trdnih VK kompozitov. Poleg tega bodo pridobljeni eksperimentalni podatki uporabljeni za razvoj izbolj\u0161anih tokovnih modelov.<br \/>\nNatan\u010dneje, cilj predstavljenega projekta je dolo\u010diti glavne mehanizme, ki so odgovorni za reolo\u0161ko vedenje VK kompozitov, na osnovi lastnosti posameznih komponent. Identifikacija glavnih mehanizmov bi omogo\u010dila pravilno izbiro posameznih komponent in procesnih pogojev za bolj\u0161o predelavo VK kompozitov, kar bi vodilo k bolj homogeni porazdelitvi delcev znotraj polimerne matrice in s tem ve\u010dji u\u010dinkovitosti kon\u010dnih (mehanskih in morebitnih funkcionalnih) lastnosti tak\u0161nih materialov.<br \/>\nLastnosti posameznih komponent in pogoji predelave vplivajo tudi na mehanske lastnosti trdnih VK kompozitov. Tako drugi cilj predlaganega projekta vklju\u010duje prou\u010devanje u\u010dinka posameznih komponent in njihovih reolo\u0161kih lastnosti (npr. tokovno obna\u0161anje) med predelavo na mehanske lastnosti trdnih kompozitov.<br \/>\nTretji del projekta vklju\u010duje modeliranje tokovnega vedenja, saj le-to omogo\u010da vpogled na vpliv posameznih komponent na celotno vedenje VK kompozitov. Cilj tega dela projekta je izbolj\u0161ati obstoje\u010de tokovne modele z vklju\u010ditvijo ne samo volumskega dele\u017ea, ki ga zasedajo trdni delci in maksimalne koncentracije trdnih delcev, temve\u010d tudi procesnih parametrov, kot so stri\u017ena hitrost, temperatura in tlak. Izbolj\u0161ani model bo upo\u0161teval tudi interakcije delec-delec in matrica-delec, kot posledica razli\u010dnih povr\u0161inskih lastnosti trdnih delcev.<br \/>\n\u010ce povzamemo, rezultati projekta bodo pomagali razumeti, kako posamezne komponente VK kompozitov vplivajo na reolo\u0161ko (tokovno) vedenje in hkrati na mehanske lastnosti trdnih kompozitov. Izbolj\u0161ani tokovni modeli bodo omogo\u010dili natan\u010dnej\u0161e napovedovanje vedenja VK polimerov, zato bo razvoj novih ali izbolj\u0161anih kompozitnih materialov in proizvodnih procesov bolj zanesljiv in hitrej\u0161i.<\/p>\n<p>&nbsp;<\/p>\n","protected":false},"excerpt":{"rendered":"<p>\u00bbReolo\u0161ko obna\u0161anje in mehanske lastnosti pri procesiranju polimernih sistemov z visoko koncentracijo trdnih delcev\u00ab J2-9443 (D) (1.11.2018 &#8211; 31.10.2021) Vodja: Lidija Slemenik Per\u0161e Sodelujo\u010di partnerji:\u00a0 Lotri\u010d d.o.o., Fakulteta za strojni\u0161tvo UL (TINT in CEM) Preko bilateralnega projekta: Leoben Kompoziti z visoko koncentracijo trdnih delcev (\u00bbhighly filled\u00ab, v nadaljevanju VK kompoziti) ali koncentrirane suspenzije so po [&hellip;]<\/p>\n","protected":false},"author":1,"featured_media":0,"parent":1489,"menu_order":0,"comment_status":"closed","ping_status":"closed","template":"","meta":{"_et_pb_use_builder":"","_et_pb_old_content":"","_et_gb_content_width":"","footnotes":""},"class_list":["post-1697","page","type-page","status-publish","hentry"],"aioseo_notices":[],"_links":{"self":[{"href":"https:\/\/web.fs.uni-lj.si\/cem\/index.php?rest_route=\/wp\/v2\/pages\/1697","targetHints":{"allow":["GET"]}}],"collection":[{"href":"https:\/\/web.fs.uni-lj.si\/cem\/index.php?rest_route=\/wp\/v2\/pages"}],"about":[{"href":"https:\/\/web.fs.uni-lj.si\/cem\/index.php?rest_route=\/wp\/v2\/types\/page"}],"author":[{"embeddable":true,"href":"https:\/\/web.fs.uni-lj.si\/cem\/index.php?rest_route=\/wp\/v2\/users\/1"}],"replies":[{"embeddable":true,"href":"https:\/\/web.fs.uni-lj.si\/cem\/index.php?rest_route=%2Fwp%2Fv2%2Fcomments&post=1697"}],"version-history":[{"count":5,"href":"https:\/\/web.fs.uni-lj.si\/cem\/index.php?rest_route=\/wp\/v2\/pages\/1697\/revisions"}],"predecessor-version":[{"id":1856,"href":"https:\/\/web.fs.uni-lj.si\/cem\/index.php?rest_route=\/wp\/v2\/pages\/1697\/revisions\/1856"}],"up":[{"embeddable":true,"href":"https:\/\/web.fs.uni-lj.si\/cem\/index.php?rest_route=\/wp\/v2\/pages\/1489"}],"wp:attachment":[{"href":"https:\/\/web.fs.uni-lj.si\/cem\/index.php?rest_route=%2Fwp%2Fv2%2Fmedia&parent=1697"}],"curies":[{"name":"wp","href":"https:\/\/api.w.org\/{rel}","templated":true}]}}